{"id":3531,"date":"2022-06-12T11:59:12","date_gmt":"2022-06-12T09:59:12","guid":{"rendered":"https:\/\/an-carstvoprirode.com\/?page_id=3531"},"modified":"2022-09-16T19:35:00","modified_gmt":"2022-09-16T17:35:00","slug":"for-the-most-serious-cancers-and-all-diseases-in-the-human-organism","status":"publish","type":"page","link":"https:\/\/an-carstvoprirode.com\/tr\/for-the-most-serious-cancers-and-all-diseases-in-the-human-organism\/","title":{"rendered":"\u00c7OCUKLARDA VE YET\u0130\u015eK\u0130N \u0130NSAN ORGAN\u0130ZMALARINDAK\u0130 KARS\u0130NOMLAR VE EN C\u0130DD\u0130 HASTALIKLAR \u0130\u00c7\u0130N"},"content":{"rendered":"<p>Uzun s\u00fcreli kullan\u0131c\u0131 testleri, \u00fcr\u00fcnlerimizin en ciddi hastal\u0131klar\u0131 tedavi etmede etkili oldu\u011funu g\u00f6stermi\u015ftir:<\/p>\n\n\n\n<p>\u2022 BAKTER\u0130<\/p>\n\n\n\n<p>\u2022 BRON\u015e \u2013 ASTIM<\/p>\n\n\n\n<p>\u2022 D\u0130YABET<\/p>\n\n\n\n<p>\u2022 Sindirim<\/p>\n\n\n\n<p>\u2022 EP\u0130LEPS\u0130<\/p>\n\n\n\n<p>\u2022 GASTR\u0130T<\/p>\n\n\n\n<p>\u2022 G\u00dc\u00c7LEND\u0130RME<\/p>\n\n\n\n<p>\u2022 KALP KR\u0130Z\u0130<\/p>\n\n\n\n<p>\u2022 hemoroid<\/p>\n\n\n\n<p>\u2022 B\u00d6BREK ATROF\u0130Z\u0130S\u0130<\/p>\n\n\n\n<p>\u2022 KARAC\u0130\u011eER<\/p>\n\n\n\n<p>\u2022 MULT\u0130PL SKLEROZ<\/p>\n\n\n\n<p>\u2022 S\u0130N\u0130RL\u0130K \u2013 S\u0130N\u0130RLER<\/p>\n\n\n\n<p>\u2022 GECE \u0130\u00c7ERME<\/p>\n\n\n\n<p>\u2022 PROSTAT<\/p>\n\n\n\n<p>\u2022 G\u00f6\u011f\u00fcs Hastal\u0131klar\u0131<\/p>\n\n\n\n<p>\u2022 S\u0130N\u00dcS, M\u0130GREN, BA\u015e A\u011eRISI<\/p>\n\n\n\n<p>\u2022 C\u0130LT HASTALIKLARI<\/p>\n\n\n\n<p>\u2022 KADIN HASTALIKLARI<\/p>\n\n\n\n<p>\u2022KAN SAYIMI<\/p>\n\n\n\n<p>\u2022TANS\u0130YON<\/p>\n\n\n\n<p>\u2022FEL\u00c7<\/p>\n\n\n\n<p>\u2022T\u0130RO\u0130D BEZ\u0130<\/p>\n\n\n\n<p class=\" translation-block\">Kullan\u0131c\u0131lar\u0131m\u0131z\u0131n deneyimlerini <a href=\"https:\/\/an-carstvoprirode.com\/video-category\/\" target=\"_blank\" rel=\"noreferrer noopener\">burada<\/a> ve <a href=\"https:\/\/an-carstvoprirode.com\/what-users-say-all-interviews\/\" target=\"_blank\" rel=\"noreferrer noopener\">burada<\/a> g\u00f6r\u00fcn<\/p>","protected":false},"excerpt":{"rendered":"<p>Long-term user tests have shown that our products are effective for curing the most serious diseases: \u2022 BACTERIA \u2022 BRONCHI &#8211; ASTHMA \u2022 DIABETES \u2022 DIGESTION \u2022 EPILEPSY \u2022 GASTRITIS \u2022 GUTTING \u2022 HEART ATTACK \u2022 HEMORRHOIDS \u2022 KIDNEY ATROPHYSIS \u2022 LIVER \u2022 MULTIPLE SCLEROSIS \u2022 NERVOUSNESS &#8211; NERVES \u2022 NIGHT URINATION \u2022 PROSTATE \u2022 [&hellip;]<\/p>","protected":false},"author":1,"featured_media":2539,"parent":0,"menu_order":0,"comment_status":"closed","ping_status":"closed","template":"","meta":{"footnotes":""},"class_list":["post-3531","page","type-page","status-publish","has-post-thumbnail","hentry"],"_links":{"self":[{"href":"https:\/\/an-carstvoprirode.com\/tr\/wp-json\/wp\/v2\/pages\/3531","targetHints":{"allow":["GET"]}}],"collection":[{"href":"https:\/\/an-carstvoprirode.com\/tr\/wp-json\/wp\/v2\/pages"}],"about":[{"href":"https:\/\/an-carstvoprirode.com\/tr\/wp-json\/wp\/v2\/types\/page"}],"author":[{"embeddable":true,"href":"https:\/\/an-carstvoprirode.com\/tr\/wp-json\/wp\/v2\/users\/1"}],"replies":[{"embeddable":true,"href":"https:\/\/an-carstvoprirode.com\/tr\/wp-json\/wp\/v2\/comments?post=3531"}],"version-history":[{"count":8,"href":"https:\/\/an-carstvoprirode.com\/tr\/wp-json\/wp\/v2\/pages\/3531\/revisions"}],"predecessor-version":[{"id":3906,"href":"https:\/\/an-carstvoprirode.com\/tr\/wp-json\/wp\/v2\/pages\/3531\/revisions\/3906"}],"wp:featuredmedia":[{"embeddable":true,"href":"https:\/\/an-carstvoprirode.com\/tr\/wp-json\/wp\/v2\/media\/2539"}],"wp:attachment":[{"href":"https:\/\/an-carstvoprirode.com\/tr\/wp-json\/wp\/v2\/media?parent=3531"}],"curies":[{"name":"wp","href":"https:\/\/api.w.org\/{rel}","templated":true}]}}