{"id":48,"date":"2018-11-13T13:45:18","date_gmt":"2018-11-13T12:45:18","guid":{"rendered":"https:\/\/themes.getmotopress.com\/palmeria\/?page_id=48"},"modified":"2023-12-26T16:20:38","modified_gmt":"2023-12-26T15:20:38","slug":"the-story-of-an-carstvo-prirode","status":"publish","type":"page","link":"https:\/\/an-carstvoprirode.com\/sv\/welcome-to-carstvo-prirode\/the-story-of-an-carstvo-prirode\/","title":{"rendered":"Historien om &quot;AN Carstvo Prirode&quot;"},"content":{"rendered":"<div data-elementor-type=\"wp-page\" data-elementor-id=\"48\" class=\"elementor elementor-48\">\n\t\t\t\t\t\t<section class=\"elementor-section elementor-top-section elementor-element elementor-element-7ab4b4a3 elementor-section-boxed elementor-section-height-default elementor-section-height-default\" data-id=\"7ab4b4a3\" data-element_type=\"section\">\n\t\t\t\t\t\t<div class=\"elementor-container elementor-column-gap-default\">\n\t\t\t\t\t<div class=\"elementor-column elementor-col-100 elementor-top-column elementor-element elementor-element-1d242939\" data-id=\"1d242939\" data-element_type=\"column\">\n\t\t\t<div class=\"elementor-widget-wrap elementor-element-populated\">\n\t\t\t\t\t\t<div class=\"elementor-element elementor-element-289fb65c elementor-widget elementor-widget-text-editor\" data-id=\"289fb65c\" data-element_type=\"widget\" data-widget_type=\"text-editor.default\">\n\t\t\t\t<div class=\"elementor-widget-container\">\n\t\t\t<style>\/*! elementor - v3.21.0 - 08-05-2024 *\/\n.elementor-widget-text-editor.elementor-drop-cap-view-stacked .elementor-drop-cap{background-color:#69727d;color:#fff}.elementor-widget-text-editor.elementor-drop-cap-view-framed .elementor-drop-cap{color:#69727d;border:3px solid;background-color:transparent}.elementor-widget-text-editor:not(.elementor-drop-cap-view-default) .elementor-drop-cap{margin-top:8px}.elementor-widget-text-editor:not(.elementor-drop-cap-view-default) .elementor-drop-cap-letter{width:1em;height:1em}.elementor-widget-text-editor .elementor-drop-cap{float:left;text-align:center;line-height:1;font-size:50px}.elementor-widget-text-editor .elementor-drop-cap-letter{display:inline-block}<\/style>\t\t\t\t<!-- wp:paragraph -->\n<p><strong>VILKA \u00c4R VI? <\/strong>.<\/p>\n<!-- \/wp:paragraph --><!-- wp:paragraph -->\n<p>AN Carstvo Prirode grundades 2009. p\u00e5 en familjeg\u00e5rd i \u00f6stra Bosnien, <strong>med en yta p\u00e5 500 000 m2<\/strong>, varav <strong>300 000 m2 \u00e5kermark,<\/strong> indelade efter typer av plantager i flera plantager.<\/p>\n<!-- \/wp:paragraph --><!-- wp:paragraph -->\n<p>Fastigheten \u00e4r berikad <strong>med SJU K\u00c4LLOR dricksvatten (<a href=\"https:\/\/an-carstvoprirode.com\/sv\/water-springs\/\" target=\"_blank\" rel=\"noopener\">se video<\/a>)<\/strong> och a <strong><a href=\"https:\/\/an-carstvoprirode.com\/sv\/river-lim\/\" target=\"_blank\" rel=\"noreferrer noopener\">flod som rinner genom terr\u00e4ngen<\/a><\/strong>. Kapaciteten hos en av fj\u00e4drarna \u00e4r <strong>7\u00a0000\u00a0000 liter dricksvatten p\u00e5 24 timmar, eller 81,4 l\/sek.<\/strong>. Den utf\u00f6rde <strong>kemisk-bakteriologisk analys best\u00e4mde vattnets h\u00f6gsta kvalitet<\/strong> (<strong><a href=\"https:\/\/an-carstvoprirode.com\/wp-content\/uploads\/2022\/05\/01.pdf\" target=\"_blank\" rel=\"noreferrer noopener\">se PDF<\/a><\/strong>), som vi anv\u00e4nder f\u00f6r v\u00e5ra juicer och elixir. Den st\u00f6rsta delen av plantagen, <strong>60 000 plantor, ockuperas av sibiriska aronia<\/strong> &#8211;<strong> Nero<\/strong>, som \u00e4r huvudingrediensen (basen) i alla v\u00e5ra produkter och som i kombination med v\u00e5r honung (150 bikupor) g\u00f6r en idealisk AN CARSTVO PRIRODE!<\/p>\n<!-- \/wp:paragraph --><!-- wp:button -->\n<div class=\"wp-block-button\"><a class=\"wp-block-button__link\" href=\"https:\/\/an-carstvoprirode.com\/sv\/about-carstvo-prirode\/\" target=\"_blank\" rel=\"noreferrer noopener\">Mer information<br \/><\/a><\/div>\n<!-- \/wp:button --><!-- wp:paragraph -->\n<p>\u00a0<\/p>\n<!-- \/wp:paragraph -->\t\t\t\t\t\t<\/div>\n\t\t\t\t<\/div>\n\t\t\t\t\t<\/div>\n\t\t<\/div>\n\t\t\t\t\t<\/div>\n\t\t<\/section>\n\t\t\t\t<\/div>","protected":false},"excerpt":{"rendered":"<p>WHO ARE WE? . AN Carstvo Prirode was founded in 2009. on a family farm in Eastern Bosnia, with an area of \u200b\u200b500,000 m2, of which 300,000 m2 of arable land, divided by types of plantations into several plantations. The property is enriched with SEVEN SOURCES drinking water (see video) and a river that flows [&hellip;]<\/p>","protected":false},"author":1,"featured_media":2579,"parent":42,"menu_order":0,"comment_status":"closed","ping_status":"closed","template":"","meta":{"footnotes":""},"class_list":["post-48","page","type-page","status-publish","has-post-thumbnail","hentry"],"_links":{"self":[{"href":"https:\/\/an-carstvoprirode.com\/sv\/wp-json\/wp\/v2\/pages\/48","targetHints":{"allow":["GET"]}}],"collection":[{"href":"https:\/\/an-carstvoprirode.com\/sv\/wp-json\/wp\/v2\/pages"}],"about":[{"href":"https:\/\/an-carstvoprirode.com\/sv\/wp-json\/wp\/v2\/types\/page"}],"author":[{"embeddable":true,"href":"https:\/\/an-carstvoprirode.com\/sv\/wp-json\/wp\/v2\/users\/1"}],"replies":[{"embeddable":true,"href":"https:\/\/an-carstvoprirode.com\/sv\/wp-json\/wp\/v2\/comments?post=48"}],"version-history":[{"count":17,"href":"https:\/\/an-carstvoprirode.com\/sv\/wp-json\/wp\/v2\/pages\/48\/revisions"}],"predecessor-version":[{"id":4336,"href":"https:\/\/an-carstvoprirode.com\/sv\/wp-json\/wp\/v2\/pages\/48\/revisions\/4336"}],"up":[{"embeddable":true,"href":"https:\/\/an-carstvoprirode.com\/sv\/wp-json\/wp\/v2\/pages\/42"}],"wp:featuredmedia":[{"embeddable":true,"href":"https:\/\/an-carstvoprirode.com\/sv\/wp-json\/wp\/v2\/media\/2579"}],"wp:attachment":[{"href":"https:\/\/an-carstvoprirode.com\/sv\/wp-json\/wp\/v2\/media?parent=48"}],"curies":[{"name":"wp","href":"https:\/\/api.w.org\/{rel}","templated":true}]}}