{"id":2726,"date":"2022-05-09T11:29:39","date_gmt":"2022-05-09T09:29:39","guid":{"rendered":"https:\/\/an-carstvoprirode.com\/?page_id=2726"},"modified":"2022-05-28T17:54:23","modified_gmt":"2022-05-28T15:54:23","slug":"our-products","status":"publish","type":"page","link":"https:\/\/an-carstvoprirode.com\/sv\/our-products\/","title":{"rendered":"V\u00c5RA PRODUKTER"},"content":{"rendered":"<div data-elementor-type=\"wp-page\" data-elementor-id=\"2726\" class=\"elementor elementor-2726\">\n\t\t\t\t\t\t<section class=\"elementor-section elementor-top-section elementor-element elementor-element-d19c718 elementor-section-boxed elementor-section-height-default elementor-section-height-default\" data-id=\"d19c718\" data-element_type=\"section\">\n\t\t\t\t\t\t<div class=\"elementor-container elementor-column-gap-default\">\n\t\t\t\t\t<div class=\"elementor-column elementor-col-100 elementor-top-column elementor-element elementor-element-230121e\" data-id=\"230121e\" data-element_type=\"column\">\n\t\t\t<div class=\"elementor-widget-wrap elementor-element-populated\">\n\t\t\t\t\t\t<div class=\"elementor-element elementor-element-c90e678 elementor-widget elementor-widget-text-editor\" data-id=\"c90e678\" data-element_type=\"widget\" data-widget_type=\"text-editor.default\">\n\t\t\t\t<div class=\"elementor-widget-container\">\n\t\t\t<style>\/*! elementor - v3.21.0 - 08-05-2024 *\/\n.elementor-widget-text-editor.elementor-drop-cap-view-stacked .elementor-drop-cap{background-color:#69727d;color:#fff}.elementor-widget-text-editor.elementor-drop-cap-view-framed .elementor-drop-cap{color:#69727d;border:3px solid;background-color:transparent}.elementor-widget-text-editor:not(.elementor-drop-cap-view-default) .elementor-drop-cap{margin-top:8px}.elementor-widget-text-editor:not(.elementor-drop-cap-view-default) .elementor-drop-cap-letter{width:1em;height:1em}.elementor-widget-text-editor .elementor-drop-cap{float:left;text-align:center;line-height:1;font-size:50px}.elementor-widget-text-editor .elementor-drop-cap-letter{display:inline-block}<\/style>\t\t\t\t<p>Rena <strong>of\u00f6rorenad luft<\/strong>, rent och <strong>friskt k\u00e4llvatten<\/strong>, en enorm m\u00e4ngd<strong> organisk<\/strong> frukt och gr\u00f6nt fr\u00e5n egna odlingar, produktion enl <strong>hundratals \u00e5r gamla recept<\/strong>, \u00e4r grunden och utm\u00e4rkt f\u00f6ruts\u00e4ttning f\u00f6r att erh\u00e5lla <strong>l\u00e4kemedel av otrolig kvalitet och effekt<\/strong>.<\/p><p>I produkterna fr\u00e5n &quot;AN Carstvo prirode&quot;, f\u00f6rutom <strong>egen<\/strong> <strong>aronia och honung<\/strong>, som huvudprodukten av v\u00e5ra produkter, finns det ocks\u00e5 <strong>adaptogena v\u00e4xter som \u00e4r de mest kraftfulla v\u00e4xterna f\u00f6r att stimulera kroppens naturliga f\u00f6rsvar<\/strong>.<\/p><p><span class=\"VIiyi\" lang=\"en\"><span class=\"JLqJ4b ChMk0b\" data-language-for-alternatives=\"en\" data-language-to-translate-into=\"hr\" data-phrase-index=\"0\" data-number-of-phrases=\"1\"><span class=\"Q4iAWc\">Du kan se n\u00e5gra bilder p\u00e5 v\u00e5ra produkter <strong><a href=\"https:\/\/an-carstvoprirode.com\/sv\/welcome-to-carstvo-prirode\/improving-your-health\/\" target=\"_blank\" rel=\"noopener\">h\u00e4r<\/a><\/strong>och en kort video <span style=\"text-decoration: underline;\"><strong><a href=\"https:\/\/an-carstvoprirode.com\/sv\/our-products-short-video\/\" target=\"_blank\" rel=\"noopener\">h\u00e4r<\/a><\/strong><\/span>.<\/span><\/span><\/span><\/p><p>\u00c5tta s\u00e5dana v\u00e4xter kommer fr\u00e5n omr\u00e5det Sibirien, Altaibergen, Iran och Indien.<\/p>\t\t\t\t\t\t<\/div>\n\t\t\t\t<\/div>\n\t\t\t\t\t<\/div>\n\t\t<\/div>\n\t\t\t\t\t<\/div>\n\t\t<\/section>\n\t\t\t\t<section class=\"elementor-section elementor-top-section elementor-element elementor-element-e35e3e8 elementor-section-boxed elementor-section-height-default elementor-section-height-default\" data-id=\"e35e3e8\" data-element_type=\"section\">\n\t\t\t\t\t\t<div class=\"elementor-container elementor-column-gap-default\">\n\t\t\t\t\t<div class=\"elementor-column elementor-col-100 elementor-top-column elementor-element elementor-element-8fcfcad\" data-id=\"8fcfcad\" data-element_type=\"column\">\n\t\t\t<div class=\"elementor-widget-wrap elementor-element-populated\">\n\t\t\t\t\t\t<div class=\"elementor-element elementor-element-6f523ca elementor-position-top elementor-widget elementor-widget-image-box\" data-id=\"6f523ca\" data-element_type=\"widget\" data-widget_type=\"image-box.default\">\n\t\t\t\t<div class=\"elementor-widget-container\">\n\t\t\t<style>\/*! elementor - v3.21.0 - 08-05-2024 *\/\n.elementor-widget-image-box .elementor-image-box-content{width:100%}@media (min-width:768px){.elementor-widget-image-box.elementor-position-left .elementor-image-box-wrapper,.elementor-widget-image-box.elementor-position-right .elementor-image-box-wrapper{display:flex}.elementor-widget-image-box.elementor-position-right .elementor-image-box-wrapper{text-align:end;flex-direction:row-reverse}.elementor-widget-image-box.elementor-position-left .elementor-image-box-wrapper{text-align:start;flex-direction:row}.elementor-widget-image-box.elementor-position-top .elementor-image-box-img{margin:auto}.elementor-widget-image-box.elementor-vertical-align-top .elementor-image-box-wrapper{align-items:flex-start}.elementor-widget-image-box.elementor-vertical-align-middle .elementor-image-box-wrapper{align-items:center}.elementor-widget-image-box.elementor-vertical-align-bottom .elementor-image-box-wrapper{align-items:flex-end}}@media (max-width:767px){.elementor-widget-image-box .elementor-image-box-img{margin-left:auto!important;margin-right:auto!important;margin-bottom:15px}}.elementor-widget-image-box .elementor-image-box-img{display:inline-block}.elementor-widget-image-box .elementor-image-box-title a{color:inherit}.elementor-widget-image-box .elementor-image-box-wrapper{text-align:center}.elementor-widget-image-box .elementor-image-box-description{margin:0}<\/style><div class=\"elementor-image-box-wrapper\"><figure class=\"elementor-image-box-img\"><img fetchpriority=\"high\" decoding=\"async\" width=\"1024\" height=\"768\" src=\"https:\/\/an-carstvoprirode.com\/wp-content\/uploads\/2022\/05\/01.Caga-Sibir.jpg\" class=\"attachment-full size-full wp-image-2620\" alt=\"\" srcset=\"https:\/\/an-carstvoprirode.com\/wp-content\/uploads\/2022\/05\/01.Caga-Sibir.jpg 1024w, https:\/\/an-carstvoprirode.com\/wp-content\/uploads\/2022\/05\/01.Caga-Sibir-300x225.jpg 300w, https:\/\/an-carstvoprirode.com\/wp-content\/uploads\/2022\/05\/01.Caga-Sibir-768x576.jpg 768w, https:\/\/an-carstvoprirode.com\/wp-content\/uploads\/2022\/05\/01.Caga-Sibir-892x669.jpg 892w\" sizes=\"(max-width: 1024px) 100vw, 1024px\" \/><\/figure><div class=\"elementor-image-box-content\"><h4 class=\"elementor-image-box-title\">1. Chaga svamp (Inonotus obliquus)<\/h4><p class=\"elementor-image-box-description\">\u00e4r en typ av svamp som huvudsakligen v\u00e4xer p\u00e5 barken av bj\u00f6rktr\u00e4d i kalla klimat, s\u00e5som Nordeuropa, Sibirien. H\u00f6g i antioxidanter har chaga-svampar visat sig hj\u00e4lpa till att bek\u00e4mpa inflammation. M\u00e5nga studier visar potentialen f\u00f6r chaga-svampar att bromsa tillv\u00e4xten av cancerceller. F\u00f6r dem med insulinresistens, polycystiskt ovariesyndrom eller typ 2-diabetes kan chaga-svamp hj\u00e4lpa till att minska blodsockerniv\u00e5n och f\u00f6rb\u00e4ttra insulinresistensen. Med sina h\u00f6ga m\u00e4ngder antioxidanter kan chaga-svampar ocks\u00e5 hj\u00e4lpa till att s\u00e4nka kolesterolet, vilket kan minska risken f\u00f6r hj\u00e4rtsjukdomar.<\/p><\/div><\/div>\t\t<\/div>\n\t\t\t\t<\/div>\n\t\t\t\t\t<\/div>\n\t\t<\/div>\n\t\t\t\t\t<\/div>\n\t\t<\/section>\n\t\t\t\t<section class=\"elementor-section elementor-top-section elementor-element elementor-element-962f4ba elementor-section-boxed elementor-section-height-default elementor-section-height-default\" data-id=\"962f4ba\" data-element_type=\"section\">\n\t\t\t\t\t\t<div class=\"elementor-container elementor-column-gap-default\">\n\t\t\t\t\t<div class=\"elementor-column elementor-col-100 elementor-top-column elementor-element elementor-element-b81f8d1\" data-id=\"b81f8d1\" data-element_type=\"column\">\n\t\t\t<div class=\"elementor-widget-wrap elementor-element-populated\">\n\t\t\t\t\t\t<div class=\"elementor-element elementor-element-bab8437 elementor-position-top elementor-widget elementor-widget-image-box\" data-id=\"bab8437\" data-element_type=\"widget\" data-widget_type=\"image-box.default\">\n\t\t\t\t<div class=\"elementor-widget-container\">\n\t\t\t<div class=\"elementor-image-box-wrapper\"><figure class=\"elementor-image-box-img\"><img decoding=\"async\" width=\"1024\" height=\"768\" src=\"https:\/\/an-carstvoprirode.com\/wp-content\/uploads\/2022\/05\/02.Shiitake-gljiva-Japan.jpg\" class=\"attachment-full size-full wp-image-2624\" alt=\"\" srcset=\"https:\/\/an-carstvoprirode.com\/wp-content\/uploads\/2022\/05\/02.Shiitake-gljiva-Japan.jpg 1024w, https:\/\/an-carstvoprirode.com\/wp-content\/uploads\/2022\/05\/02.Shiitake-gljiva-Japan-300x225.jpg 300w, https:\/\/an-carstvoprirode.com\/wp-content\/uploads\/2022\/05\/02.Shiitake-gljiva-Japan-768x576.jpg 768w, https:\/\/an-carstvoprirode.com\/wp-content\/uploads\/2022\/05\/02.Shiitake-gljiva-Japan-892x669.jpg 892w\" sizes=\"(max-width: 1024px) 100vw, 1024px\" \/><\/figure><div class=\"elementor-image-box-content\"><h4 class=\"elementor-image-box-title\">2. Shiitakesvamp (Lentinus edodes)<\/h4><p class=\"elementor-image-box-description\">\u00e4r en typ av matsvamp. Den \u00e4r hemma i Japan och Kina och inneh\u00e5ller en kemikalie som kallas lentinan. Shiitakesvampar \u00e4r den n\u00e4st vanligaste svampen i v\u00e4rlden. Lentinan och andra kemikalier i shiitakesvamp kan stimulera immunsystemet. M\u00e4nniskor anv\u00e4nder shiitakesvamp f\u00f6r att f\u00f6rb\u00e4ttra immuniteten, hiv\/aids, f\u00f6rkylning, influensa och m\u00e5nga andra tillst\u00e5nd.<\/p><\/div><\/div>\t\t<\/div>\n\t\t\t\t<\/div>\n\t\t\t\t\t<\/div>\n\t\t<\/div>\n\t\t\t\t\t<\/div>\n\t\t<\/section>\n\t\t\t\t<section class=\"elementor-section elementor-top-section elementor-element elementor-element-6e3af32 elementor-section-boxed elementor-section-height-default elementor-section-height-default\" data-id=\"6e3af32\" data-element_type=\"section\">\n\t\t\t\t\t\t<div class=\"elementor-container elementor-column-gap-default\">\n\t\t\t\t\t<div class=\"elementor-column elementor-col-100 elementor-top-column elementor-element elementor-element-a5c1f9f\" data-id=\"a5c1f9f\" data-element_type=\"column\">\n\t\t\t<div class=\"elementor-widget-wrap elementor-element-populated\">\n\t\t\t\t\t\t<div class=\"elementor-element elementor-element-057d819 elementor-position-top elementor-widget elementor-widget-image-box\" data-id=\"057d819\" data-element_type=\"widget\" data-widget_type=\"image-box.default\">\n\t\t\t\t<div class=\"elementor-widget-container\">\n\t\t\t<div class=\"elementor-image-box-wrapper\"><figure class=\"elementor-image-box-img\"><img decoding=\"async\" width=\"1024\" height=\"768\" src=\"https:\/\/an-carstvoprirode.com\/wp-content\/uploads\/2022\/05\/03.Zlatni-korijen-iz-Sibira.jpg\" class=\"attachment-full size-full wp-image-2623\" alt=\"\" srcset=\"https:\/\/an-carstvoprirode.com\/wp-content\/uploads\/2022\/05\/03.Zlatni-korijen-iz-Sibira.jpg 1024w, https:\/\/an-carstvoprirode.com\/wp-content\/uploads\/2022\/05\/03.Zlatni-korijen-iz-Sibira-300x225.jpg 300w, https:\/\/an-carstvoprirode.com\/wp-content\/uploads\/2022\/05\/03.Zlatni-korijen-iz-Sibira-768x576.jpg 768w, https:\/\/an-carstvoprirode.com\/wp-content\/uploads\/2022\/05\/03.Zlatni-korijen-iz-Sibira-892x669.jpg 892w\" sizes=\"(max-width: 1024px) 100vw, 1024px\" \/><\/figure><div class=\"elementor-image-box-content\"><h4 class=\"elementor-image-box-title\">3. Den gyllene roten (Rhodiola rosea)<\/h4><p class=\"elementor-image-box-description\">\u00e4r en hum\u00f6rh\u00f6jande blommande v\u00e4xt som har anv\u00e4nts inom traditionell medicin i m\u00e5nga \u00e5r. Ryssar, skandinaver och andra kalla, bergiga platser har anv\u00e4nt denna \u00f6rt i generationer f\u00f6r att klara av extrema kall v\u00e4derlek. Enligt vetenskapliga bevis \u00e4r Golden Root en adaptogen som hj\u00e4lper till att minska stress hos m\u00e4nniskor. Den inneh\u00e5ller flera aktiva komponenter som har potential att p\u00e5verka signalsubstansniv\u00e5er och aktiviteter, s\u00e5v\u00e4l som de hormoner som reglerar en persons k\u00e4nslor och k\u00e4nslor. \u00c5ngest, sorg, utmattning, anemi och huvudv\u00e4rk \u00e4r bland de \u00e5kommor som vissa m\u00e4nniskor tror att v\u00e4xten kan hj\u00e4lp.<\/p><\/div><\/div>\t\t<\/div>\n\t\t\t\t<\/div>\n\t\t\t\t\t<\/div>\n\t\t<\/div>\n\t\t\t\t\t<\/div>\n\t\t<\/section>\n\t\t\t\t<section class=\"elementor-section elementor-top-section elementor-element elementor-element-b50f970 elementor-section-boxed elementor-section-height-default elementor-section-height-default\" data-id=\"b50f970\" data-element_type=\"section\">\n\t\t\t\t\t\t<div class=\"elementor-container elementor-column-gap-default\">\n\t\t\t\t\t<div class=\"elementor-column elementor-col-100 elementor-top-column elementor-element elementor-element-8aece1c\" data-id=\"8aece1c\" data-element_type=\"column\">\n\t\t\t<div class=\"elementor-widget-wrap elementor-element-populated\">\n\t\t\t\t\t\t<div class=\"elementor-element elementor-element-6990f3f elementor-position-top elementor-widget elementor-widget-image-box\" data-id=\"6990f3f\" data-element_type=\"widget\" data-widget_type=\"image-box.default\">\n\t\t\t\t<div class=\"elementor-widget-container\">\n\t\t\t<div class=\"elementor-image-box-wrapper\"><figure class=\"elementor-image-box-img\"><img loading=\"lazy\" decoding=\"async\" width=\"1024\" height=\"768\" src=\"https:\/\/an-carstvoprirode.com\/wp-content\/uploads\/2022\/05\/04.Cordyceps-gljiva-iz-Tibeta.jpg\" class=\"attachment-full size-full wp-image-2621\" alt=\"\" srcset=\"https:\/\/an-carstvoprirode.com\/wp-content\/uploads\/2022\/05\/04.Cordyceps-gljiva-iz-Tibeta.jpg 1024w, https:\/\/an-carstvoprirode.com\/wp-content\/uploads\/2022\/05\/04.Cordyceps-gljiva-iz-Tibeta-300x225.jpg 300w, https:\/\/an-carstvoprirode.com\/wp-content\/uploads\/2022\/05\/04.Cordyceps-gljiva-iz-Tibeta-768x576.jpg 768w, https:\/\/an-carstvoprirode.com\/wp-content\/uploads\/2022\/05\/04.Cordyceps-gljiva-iz-Tibeta-892x669.jpg 892w\" sizes=\"(max-width: 1024px) 100vw, 1024px\" \/><\/figure><div class=\"elementor-image-box-content\"><h4 class=\"elementor-image-box-title\">4. Cordyceps (Cordyceps militaris) <\/h4><p class=\"elementor-image-box-description\">anv\u00e4nds i alternativ medicin, som en naturlig energif\u00f6rst\u00e4rkare. F\u00f6respr\u00e5karna h\u00e4vdar ocks\u00e5 att cordyceps kan skydda mot h\u00e4lsoproblem som astma, depression, diabetes, tr\u00f6tthet, h\u00f6gt kolesterol och \u00f6vre luftv\u00e4gsinfektioner. Cordyceps p\u00e5st\u00e5s ocks\u00e5 \u00f6ka atletisk prestation.<\/p><\/div><\/div>\t\t<\/div>\n\t\t\t\t<\/div>\n\t\t\t\t\t<\/div>\n\t\t<\/div>\n\t\t\t\t\t<\/div>\n\t\t<\/section>\n\t\t\t\t<section class=\"elementor-section elementor-top-section elementor-element elementor-element-5a50fc8 elementor-section-boxed elementor-section-height-default elementor-section-height-default\" data-id=\"5a50fc8\" data-element_type=\"section\">\n\t\t\t\t\t\t<div class=\"elementor-container elementor-column-gap-default\">\n\t\t\t\t\t<div class=\"elementor-column elementor-col-100 elementor-top-column elementor-element elementor-element-48d71f1\" data-id=\"48d71f1\" data-element_type=\"column\">\n\t\t\t<div class=\"elementor-widget-wrap elementor-element-populated\">\n\t\t\t\t\t\t<div class=\"elementor-element elementor-element-2b7be15 elementor-position-top elementor-widget elementor-widget-image-box\" data-id=\"2b7be15\" data-element_type=\"widget\" data-widget_type=\"image-box.default\">\n\t\t\t\t<div class=\"elementor-widget-container\">\n\t\t\t<div class=\"elementor-image-box-wrapper\"><figure class=\"elementor-image-box-img\"><img loading=\"lazy\" decoding=\"async\" width=\"1024\" height=\"768\" src=\"https:\/\/an-carstvoprirode.com\/wp-content\/uploads\/2022\/05\/05.Mumio-iz-Sibira-Altajska-suza.jpg\" class=\"attachment-full size-full wp-image-2625\" alt=\"\" srcset=\"https:\/\/an-carstvoprirode.com\/wp-content\/uploads\/2022\/05\/05.Mumio-iz-Sibira-Altajska-suza.jpg 1024w, https:\/\/an-carstvoprirode.com\/wp-content\/uploads\/2022\/05\/05.Mumio-iz-Sibira-Altajska-suza-300x225.jpg 300w, https:\/\/an-carstvoprirode.com\/wp-content\/uploads\/2022\/05\/05.Mumio-iz-Sibira-Altajska-suza-768x576.jpg 768w, https:\/\/an-carstvoprirode.com\/wp-content\/uploads\/2022\/05\/05.Mumio-iz-Sibira-Altajska-suza-892x669.jpg 892w\" sizes=\"(max-width: 1024px) 100vw, 1024px\" \/><\/figure><div class=\"elementor-image-box-content\"><h4 class=\"elementor-image-box-title\">5. Moomiyo (Shilajit) <\/h4><p class=\"elementor-image-box-description\">\u00e4r det b\u00e4sta adaptogena materialet som naturen erbjuder. Dessa adaptogena egenskaper hj\u00e4lper kroppen att \u00e5terh\u00e4mta sig snabbare fr\u00e5n b\u00e5de mentala (emotionella) och fysiska p\u00e5frestningar och tr\u00f6tthet.<\/p><\/div><\/div>\t\t<\/div>\n\t\t\t\t<\/div>\n\t\t\t\t\t<\/div>\n\t\t<\/div>\n\t\t\t\t\t<\/div>\n\t\t<\/section>\n\t\t\t\t<section class=\"elementor-section elementor-top-section elementor-element elementor-element-d48a6b0 elementor-section-boxed elementor-section-height-default elementor-section-height-default\" data-id=\"d48a6b0\" data-element_type=\"section\">\n\t\t\t\t\t\t<div class=\"elementor-container elementor-column-gap-default\">\n\t\t\t\t\t<div class=\"elementor-column elementor-col-100 elementor-top-column elementor-element elementor-element-f525da0\" data-id=\"f525da0\" data-element_type=\"column\">\n\t\t\t<div class=\"elementor-widget-wrap elementor-element-populated\">\n\t\t\t\t\t\t<div class=\"elementor-element elementor-element-9f2bb0b elementor-position-top elementor-widget elementor-widget-image-box\" data-id=\"9f2bb0b\" data-element_type=\"widget\" data-widget_type=\"image-box.default\">\n\t\t\t\t<div class=\"elementor-widget-container\">\n\t\t\t<div class=\"elementor-image-box-wrapper\"><figure class=\"elementor-image-box-img\"><img loading=\"lazy\" decoding=\"async\" width=\"1024\" height=\"768\" src=\"https:\/\/an-carstvoprirode.com\/wp-content\/uploads\/2022\/05\/06.Reishi_gljiva-kina_1.jpg\" class=\"attachment-full size-full wp-image-2622\" alt=\"\" srcset=\"https:\/\/an-carstvoprirode.com\/wp-content\/uploads\/2022\/05\/06.Reishi_gljiva-kina_1.jpg 1024w, https:\/\/an-carstvoprirode.com\/wp-content\/uploads\/2022\/05\/06.Reishi_gljiva-kina_1-300x225.jpg 300w, https:\/\/an-carstvoprirode.com\/wp-content\/uploads\/2022\/05\/06.Reishi_gljiva-kina_1-768x576.jpg 768w, https:\/\/an-carstvoprirode.com\/wp-content\/uploads\/2022\/05\/06.Reishi_gljiva-kina_1-892x669.jpg 892w\" sizes=\"(max-width: 1024px) 100vw, 1024px\" \/><\/figure><div class=\"elementor-image-box-content\"><h4 class=\"elementor-image-box-title\">6. Reishi-svamp (Ganoderma lucidum) <\/h4><p class=\"elementor-image-box-description\">\u00e4r en bittersmakande svamp som har n\u00e5gra viktiga h\u00e4lsoeffekter p\u00e5 immunsystemet. Reishi-svamp anv\u00e4nds f\u00f6r Alzheimers sjukdom, cancer, diabetes, muns\u00e5r och m\u00e5nga andra tillst\u00e5nd. P\u00e5 senare tid har de ocks\u00e5 anv\u00e4nts vid behandling av lungsjukdomar och cancer. Medicinska svampar har godk\u00e4nts som komplement till standardcancerbehandlingar i Japan och Kina i mer \u00e4n 30 \u00e5r och har en omfattande klinisk historia av s\u00e4ker anv\u00e4ndning som enstaka medel eller i kombination med kemoterapi.<\/p><\/div><\/div>\t\t<\/div>\n\t\t\t\t<\/div>\n\t\t\t\t\t<\/div>\n\t\t<\/div>\n\t\t\t\t\t<\/div>\n\t\t<\/section>\n\t\t\t\t<section class=\"elementor-section elementor-top-section elementor-element elementor-element-b042f85 elementor-section-boxed elementor-section-height-default elementor-section-height-default\" data-id=\"b042f85\" data-element_type=\"section\">\n\t\t\t\t\t\t<div class=\"elementor-container elementor-column-gap-default\">\n\t\t\t\t\t<div class=\"elementor-column elementor-col-100 elementor-top-column elementor-element elementor-element-ef337fe\" data-id=\"ef337fe\" data-element_type=\"column\">\n\t\t\t<div class=\"elementor-widget-wrap elementor-element-populated\">\n\t\t\t\t\t\t<div class=\"elementor-element elementor-element-f293722 elementor-position-top elementor-widget elementor-widget-image-box\" data-id=\"f293722\" data-element_type=\"widget\" data-widget_type=\"image-box.default\">\n\t\t\t\t<div class=\"elementor-widget-container\">\n\t\t\t<div class=\"elementor-image-box-wrapper\"><figure class=\"elementor-image-box-img\"><img loading=\"lazy\" decoding=\"async\" width=\"1024\" height=\"768\" src=\"https:\/\/an-carstvoprirode.com\/wp-content\/uploads\/2022\/05\/07.Schisandra-plant.jpg\" class=\"attachment-full size-full wp-image-2626\" alt=\"\" srcset=\"https:\/\/an-carstvoprirode.com\/wp-content\/uploads\/2022\/05\/07.Schisandra-plant.jpg 1024w, https:\/\/an-carstvoprirode.com\/wp-content\/uploads\/2022\/05\/07.Schisandra-plant-300x225.jpg 300w, https:\/\/an-carstvoprirode.com\/wp-content\/uploads\/2022\/05\/07.Schisandra-plant-768x576.jpg 768w, https:\/\/an-carstvoprirode.com\/wp-content\/uploads\/2022\/05\/07.Schisandra-plant-892x669.jpg 892w\" sizes=\"(max-width: 1024px) 100vw, 1024px\" \/><\/figure><div class=\"elementor-image-box-content\"><h4 class=\"elementor-image-box-title\">7. Schisandrav\u00e4xt (Schisandra chinensis) <\/h4><p class=\"elementor-image-box-description\">\u00e4r en kl\u00e4ttrande vinstock. Den producerar de r\u00f6da b\u00e4ren som har varit en av m\u00e5nga viktiga traditionella kinesiska mediciner i \u00e5rhundraden. Schisandra st\u00f6der binjurarnas h\u00e4lsa, bek\u00e4mpar stress och sjukdomsutveckling, kan skydda mot leverskador, ger en lugnande effekt, fr\u00e4mjar s\u00f6mn, kan s\u00e4nka blodtryck och kolesterol, kan hj\u00e4lpa till att minska tum\u00f6rtillv\u00e4xt.<\/p><\/div><\/div>\t\t<\/div>\n\t\t\t\t<\/div>\n\t\t\t\t\t<\/div>\n\t\t<\/div>\n\t\t\t\t\t<\/div>\n\t\t<\/section>\n\t\t\t\t<section class=\"elementor-section elementor-top-section elementor-element elementor-element-0fb0dd1 elementor-section-boxed elementor-section-height-default elementor-section-height-default\" data-id=\"0fb0dd1\" data-element_type=\"section\">\n\t\t\t\t\t\t<div class=\"elementor-container elementor-column-gap-default\">\n\t\t\t\t\t<div class=\"elementor-column elementor-col-100 elementor-top-column elementor-element elementor-element-4c63764\" data-id=\"4c63764\" data-element_type=\"column\">\n\t\t\t<div class=\"elementor-widget-wrap elementor-element-populated\">\n\t\t\t\t\t\t<div class=\"elementor-element elementor-element-582ff75 elementor-position-top elementor-widget elementor-widget-image-box\" data-id=\"582ff75\" data-element_type=\"widget\" data-widget_type=\"image-box.default\">\n\t\t\t\t<div class=\"elementor-widget-container\">\n\t\t\t<div class=\"elementor-image-box-wrapper\"><figure class=\"elementor-image-box-img\"><img loading=\"lazy\" decoding=\"async\" width=\"1024\" height=\"768\" src=\"https:\/\/an-carstvoprirode.com\/wp-content\/uploads\/2022\/05\/8.Ashwagandha.jpg\" class=\"attachment-full size-full wp-image-2627\" alt=\"\" srcset=\"https:\/\/an-carstvoprirode.com\/wp-content\/uploads\/2022\/05\/8.Ashwagandha.jpg 1024w, https:\/\/an-carstvoprirode.com\/wp-content\/uploads\/2022\/05\/8.Ashwagandha-300x225.jpg 300w, https:\/\/an-carstvoprirode.com\/wp-content\/uploads\/2022\/05\/8.Ashwagandha-768x576.jpg 768w, https:\/\/an-carstvoprirode.com\/wp-content\/uploads\/2022\/05\/8.Ashwagandha-892x669.jpg 892w\" sizes=\"(max-width: 1024px) 100vw, 1024px\" \/><\/figure><div class=\"elementor-image-box-content\"><h4 class=\"elementor-image-box-title\">8. Ashwagandha (Withania somnifera)<\/h4><p class=\"elementor-image-box-description\">Den har anv\u00e4nts i mer \u00e4n 2 500 \u00e5r. Det \u00e4r faktiskt den vanligaste och mest unders\u00f6kta adaptogen\u00f6rten. Ashwagandha v\u00e4rderas f\u00f6r sina sk\u00f6ldk\u00f6rtelmodulerande, neuroprotektiva, \u00e5ngestd\u00e4mpande, antidepressiva och antiinflammatoriska egenskaper, vilket bara \u00e4r n\u00e5gra av dess m\u00e5nga f\u00f6rdelar.<\/p><\/div><\/div>\t\t<\/div>\n\t\t\t\t<\/div>\n\t\t\t\t\t<\/div>\n\t\t<\/div>\n\t\t\t\t\t<\/div>\n\t\t<\/section>\n\t\t\t\t<\/div>","protected":false},"excerpt":{"rendered":"<p>Clean unpolluted air, clean and healthy spring water, a huge amount of organic fruits and vegetables from our own plantations, production according to recipes hundreds of years old, are the basis and excellent prerequisite for obtaining medicinal products of incredible quality and effect. In the products of \u201cAN Carstvo prirode\u201d, in addition to own chokeberry [&hellip;]<\/p>","protected":false},"author":1,"featured_media":3344,"parent":0,"menu_order":0,"comment_status":"closed","ping_status":"closed","template":"","meta":{"footnotes":""},"class_list":["post-2726","page","type-page","status-publish","has-post-thumbnail","hentry"],"_links":{"self":[{"href":"https:\/\/an-carstvoprirode.com\/sv\/wp-json\/wp\/v2\/pages\/2726","targetHints":{"allow":["GET"]}}],"collection":[{"href":"https:\/\/an-carstvoprirode.com\/sv\/wp-json\/wp\/v2\/pages"}],"about":[{"href":"https:\/\/an-carstvoprirode.com\/sv\/wp-json\/wp\/v2\/types\/page"}],"author":[{"embeddable":true,"href":"https:\/\/an-carstvoprirode.com\/sv\/wp-json\/wp\/v2\/users\/1"}],"replies":[{"embeddable":true,"href":"https:\/\/an-carstvoprirode.com\/sv\/wp-json\/wp\/v2\/comments?post=2726"}],"version-history":[{"count":58,"href":"https:\/\/an-carstvoprirode.com\/sv\/wp-json\/wp\/v2\/pages\/2726\/revisions"}],"predecessor-version":[{"id":3345,"href":"https:\/\/an-carstvoprirode.com\/sv\/wp-json\/wp\/v2\/pages\/2726\/revisions\/3345"}],"wp:featuredmedia":[{"embeddable":true,"href":"https:\/\/an-carstvoprirode.com\/sv\/wp-json\/wp\/v2\/media\/3344"}],"wp:attachment":[{"href":"https:\/\/an-carstvoprirode.com\/sv\/wp-json\/wp\/v2\/media?parent=2726"}],"curies":[{"name":"wp","href":"https:\/\/api.w.org\/{rel}","templated":true}]}}