{"id":3626,"date":"2022-07-12T20:45:24","date_gmt":"2022-07-12T18:45:24","guid":{"rendered":"https:\/\/an-carstvoprirode.com\/?page_id=3626"},"modified":"2022-07-17T22:49:06","modified_gmt":"2022-07-17T20:49:06","slug":"about-call-center","status":"publish","type":"page","link":"https:\/\/an-carstvoprirode.com\/sq\/about-call-center\/","title":{"rendered":"Rreth Qendr\u00ebs s\u00eb Kontaktit"},"content":{"rendered":"<div data-elementor-type=\"wp-page\" data-elementor-id=\"3626\" class=\"elementor elementor-3626\">\n\t\t\t\t\t\t<section class=\"elementor-section elementor-top-section elementor-element elementor-element-033183f elementor-section-boxed elementor-section-height-default elementor-section-height-default\" data-id=\"033183f\" data-element_type=\"section\">\n\t\t\t\t\t\t<div class=\"elementor-container elementor-column-gap-default\">\n\t\t\t\t\t<div class=\"elementor-column elementor-col-100 elementor-top-column elementor-element elementor-element-d3aa158\" data-id=\"d3aa158\" data-element_type=\"column\">\n\t\t\t<div class=\"elementor-widget-wrap elementor-element-populated\">\n\t\t\t\t\t\t<div class=\"elementor-element elementor-element-b87f943 elementor-widget elementor-widget-text-editor\" data-id=\"b87f943\" data-element_type=\"widget\" data-widget_type=\"text-editor.default\">\n\t\t\t\t<div class=\"elementor-widget-container\">\n\t\t\t<style>\/*! elementor - v3.21.0 - 08-05-2024 *\/\n.elementor-widget-text-editor.elementor-drop-cap-view-stacked .elementor-drop-cap{background-color:#69727d;color:#fff}.elementor-widget-text-editor.elementor-drop-cap-view-framed .elementor-drop-cap{color:#69727d;border:3px solid;background-color:transparent}.elementor-widget-text-editor:not(.elementor-drop-cap-view-default) .elementor-drop-cap{margin-top:8px}.elementor-widget-text-editor:not(.elementor-drop-cap-view-default) .elementor-drop-cap-letter{width:1em;height:1em}.elementor-widget-text-editor .elementor-drop-cap{float:left;text-align:center;line-height:1;font-size:50px}.elementor-widget-text-editor .elementor-drop-cap-letter{display:inline-block}<\/style>\t\t\t\t<p><span class=\"VIiyi\" lang=\"en\"><span class=\"JLqJ4b ChMk0b\" data-language-for-alternatives=\"en\" data-language-to-translate-into=\"hr\" data-phrase-index=\"0\" data-number-of-phrases=\"1\"><span class=\"Q4iAWc\">P\u00ebr t\u00eb hyr\u00eb n\u00eb kanalet e komunikimit p\u00ebrmes t\u00eb cilave mund t\u00eb kontaktoni mb\u00ebshtetjen ton\u00eb, klikoni n\u00eb ikon\u00ebn n\u00eb k\u00ebndin e posht\u00ebm djathtas.<\/span><\/span><\/span><\/p>\t\t\t\t\t\t<\/div>\n\t\t\t\t<\/div>\n\t\t\t\t\t<\/div>\n\t\t<\/div>\n\t\t\t\t\t<\/div>\n\t\t<\/section>\n\t\t\t\t<section class=\"elementor-section elementor-top-section elementor-element elementor-element-94ed5dd elementor-section-boxed elementor-section-height-default elementor-section-height-default\" data-id=\"94ed5dd\" data-element_type=\"section\">\n\t\t\t\t\t\t<div class=\"elementor-container elementor-column-gap-default\">\n\t\t\t\t\t<div class=\"elementor-column elementor-col-100 elementor-top-column elementor-element elementor-element-c4de9d2\" data-id=\"c4de9d2\" data-element_type=\"column\">\n\t\t\t<div class=\"elementor-widget-wrap elementor-element-populated\">\n\t\t\t\t\t\t<div class=\"elementor-element elementor-element-ed2b928 elementor-widget elementor-widget-image\" data-id=\"ed2b928\" data-element_type=\"widget\" data-widget_type=\"image.default\">\n\t\t\t\t<div class=\"elementor-widget-container\">\n\t\t\t<style>\/*! elementor - v3.21.0 - 08-05-2024 *\/\n.elementor-widget-image{text-align:center}.elementor-widget-image a{display:inline-block}.elementor-widget-image a img[src$=\".svg\"]{width:48px}.elementor-widget-image img{vertical-align:middle;display:inline-block}<\/style>\t\t\t\t\t\t\t\t\t\t<img fetchpriority=\"high\" decoding=\"async\" width=\"287\" height=\"502\" src=\"https:\/\/an-carstvoprirode.com\/wp-content\/uploads\/2022\/07\/01Eng.jpg\" class=\"attachment-full size-full wp-image-3634\" alt=\"\" srcset=\"https:\/\/an-carstvoprirode.com\/wp-content\/uploads\/2022\/07\/01Eng.jpg 287w, https:\/\/an-carstvoprirode.com\/wp-content\/uploads\/2022\/07\/01Eng-172x300.jpg 172w, https:\/\/an-carstvoprirode.com\/wp-content\/uploads\/2022\/07\/01Eng-7x12.jpg 7w\" sizes=\"(max-width: 287px) 100vw, 287px\" \/>\t\t\t\t\t\t\t\t\t\t\t\t\t<\/div>\n\t\t\t\t<\/div>\n\t\t\t\t\t<\/div>\n\t\t<\/div>\n\t\t\t\t\t<\/div>\n\t\t<\/section>\n\t\t\t\t<section class=\"elementor-section elementor-top-section elementor-element elementor-element-a1969c8 elementor-section-boxed elementor-section-height-default elementor-section-height-default\" data-id=\"a1969c8\" data-element_type=\"section\">\n\t\t\t\t\t\t<div class=\"elementor-container elementor-column-gap-default\">\n\t\t\t\t\t<div class=\"elementor-column elementor-col-100 elementor-top-column elementor-element elementor-element-9bbe774\" data-id=\"9bbe774\" data-element_type=\"column\">\n\t\t\t<div class=\"elementor-widget-wrap elementor-element-populated\">\n\t\t\t\t\t\t<div class=\"elementor-element elementor-element-05d00a0 elementor-widget elementor-widget-text-editor\" data-id=\"05d00a0\" data-element_type=\"widget\" data-widget_type=\"text-editor.default\">\n\t\t\t\t<div class=\"elementor-widget-container\">\n\t\t\t\t\t\t\t<p><span class=\"VIiyi\" lang=\"en\"><span class=\"JLqJ4b ChMk0b\" data-language-for-alternatives=\"en\" data-language-to-translate-into=\"hr\" data-phrase-index=\"0\" data-number-of-phrases=\"1\"><span class=\"Q4iAWc\">Do t\u00eb hapen shtat\u00eb ikona p\u00ebr shtat\u00eb kanale komunikimi:<\/span><\/span><\/span><\/p>\t\t\t\t\t\t<\/div>\n\t\t\t\t<\/div>\n\t\t\t\t\t<\/div>\n\t\t<\/div>\n\t\t\t\t\t<\/div>\n\t\t<\/section>\n\t\t\t\t<section class=\"elementor-section elementor-top-section elementor-element elementor-element-a1946df elementor-section-boxed elementor-section-height-default elementor-section-height-default\" data-id=\"a1946df\" data-element_type=\"section\">\n\t\t\t\t\t\t<div class=\"elementor-container elementor-column-gap-default\">\n\t\t\t\t\t<div class=\"elementor-column elementor-col-100 elementor-top-column elementor-element elementor-element-c1b35d2\" data-id=\"c1b35d2\" data-element_type=\"column\">\n\t\t\t<div class=\"elementor-widget-wrap elementor-element-populated\">\n\t\t\t\t\t\t<div class=\"elementor-element elementor-element-09a80ca elementor-widget elementor-widget-image\" data-id=\"09a80ca\" data-element_type=\"widget\" data-widget_type=\"image.default\">\n\t\t\t\t<div class=\"elementor-widget-container\">\n\t\t\t\t\t\t\t\t\t\t\t\t\t<img decoding=\"async\" width=\"287\" height=\"502\" src=\"https:\/\/an-carstvoprirode.com\/wp-content\/uploads\/2022\/07\/02Eng.jpg\" class=\"attachment-full size-full wp-image-3639\" alt=\"\" srcset=\"https:\/\/an-carstvoprirode.com\/wp-content\/uploads\/2022\/07\/02Eng.jpg 287w, https:\/\/an-carstvoprirode.com\/wp-content\/uploads\/2022\/07\/02Eng-172x300.jpg 172w, https:\/\/an-carstvoprirode.com\/wp-content\/uploads\/2022\/07\/02Eng-7x12.jpg 7w\" sizes=\"(max-width: 287px) 100vw, 287px\" \/>\t\t\t\t\t\t\t\t\t\t\t\t\t<\/div>\n\t\t\t\t<\/div>\n\t\t\t\t\t<\/div>\n\t\t<\/div>\n\t\t\t\t\t<\/div>\n\t\t<\/section>\n\t\t\t\t<section class=\"elementor-section elementor-top-section elementor-element elementor-element-8f00625 elementor-section-boxed elementor-section-height-default elementor-section-height-default\" data-id=\"8f00625\" data-element_type=\"section\">\n\t\t\t\t\t\t<div class=\"elementor-container elementor-column-gap-default\">\n\t\t\t\t\t<div class=\"elementor-column elementor-col-100 elementor-top-column elementor-element elementor-element-e72e946\" data-id=\"e72e946\" data-element_type=\"column\">\n\t\t\t<div class=\"elementor-widget-wrap elementor-element-populated\">\n\t\t\t\t\t\t<div class=\"elementor-element elementor-element-d8f1505 elementor-widget elementor-widget-text-editor\" data-id=\"d8f1505\" data-element_type=\"widget\" data-widget_type=\"text-editor.default\">\n\t\t\t\t<div class=\"elementor-widget-container\">\n\t\t\t\t\t\t\t<p><span class=\"VIiyi\" lang=\"en\"><span class=\"JLqJ4b ChMk0b\" data-language-for-alternatives=\"en\" data-language-to-translate-into=\"hr\" data-phrase-index=\"0\" data-number-of-phrases=\"1\"><span class=\"Q4iAWc\">K\u00ebto jan\u00eb, nga posht\u00eb lart: Viber, WhatsApp, Linja telefonike, Formulari i kontaktit, D\u00ebrgimi i mesazheve SMS, Vendndodhja e objektit n\u00eb Google Maps dhe lidhja me Instagram.<\/span><\/span><\/span><\/p>\t\t\t\t\t\t<\/div>\n\t\t\t\t<\/div>\n\t\t\t\t\t<\/div>\n\t\t<\/div>\n\t\t\t\t\t<\/div>\n\t\t<\/section>\n\t\t\t\t<section class=\"elementor-section elementor-top-section elementor-element elementor-element-db7c356 elementor-section-boxed elementor-section-height-default elementor-section-height-default\" data-id=\"db7c356\" data-element_type=\"section\">\n\t\t\t\t\t\t<div class=\"elementor-container elementor-column-gap-default\">\n\t\t\t\t\t<div class=\"elementor-column elementor-col-100 elementor-top-column elementor-element elementor-element-c042223\" data-id=\"c042223\" data-element_type=\"column\">\n\t\t\t<div class=\"elementor-widget-wrap elementor-element-populated\">\n\t\t\t\t\t\t<div class=\"elementor-element elementor-element-ff7660b elementor-widget elementor-widget-image\" data-id=\"ff7660b\" data-element_type=\"widget\" data-widget_type=\"image.default\">\n\t\t\t\t<div class=\"elementor-widget-container\">\n\t\t\t\t\t\t\t\t\t\t\t\t\t<img decoding=\"async\" width=\"247\" height=\"502\" src=\"https:\/\/an-carstvoprirode.com\/wp-content\/uploads\/2022\/07\/04-Eng-kanali.jpg\" class=\"attachment-full size-full wp-image-3646\" alt=\"\" srcset=\"https:\/\/an-carstvoprirode.com\/wp-content\/uploads\/2022\/07\/04-Eng-kanali.jpg 247w, https:\/\/an-carstvoprirode.com\/wp-content\/uploads\/2022\/07\/04-Eng-kanali-148x300.jpg 148w, https:\/\/an-carstvoprirode.com\/wp-content\/uploads\/2022\/07\/04-Eng-kanali-6x12.jpg 6w\" sizes=\"(max-width: 247px) 100vw, 247px\" \/>\t\t\t\t\t\t\t\t\t\t\t\t\t<\/div>\n\t\t\t\t<\/div>\n\t\t\t\t\t<\/div>\n\t\t<\/div>\n\t\t\t\t\t<\/div>\n\t\t<\/section>\n\t\t\t\t<section class=\"elementor-section elementor-top-section elementor-element elementor-element-83514f1 elementor-section-boxed elementor-section-height-default elementor-section-height-default\" data-id=\"83514f1\" data-element_type=\"section\">\n\t\t\t\t\t\t<div class=\"elementor-container elementor-column-gap-default\">\n\t\t\t\t\t<div class=\"elementor-column elementor-col-100 elementor-top-column elementor-element elementor-element-a36cd96\" data-id=\"a36cd96\" data-element_type=\"column\">\n\t\t\t<div class=\"elementor-widget-wrap elementor-element-populated\">\n\t\t\t\t\t\t<div class=\"elementor-element elementor-element-d978eba elementor-widget elementor-widget-text-editor\" data-id=\"d978eba\" data-element_type=\"widget\" data-widget_type=\"text-editor.default\">\n\t\t\t\t<div class=\"elementor-widget-container\">\n\t\t\t\t\t\t\t<p><span class=\"VIiyi\" lang=\"en\"><span class=\"JLqJ4b ChMk0b\" data-language-for-alternatives=\"en\" data-language-to-translate-into=\"hr\" data-phrase-index=\"0\" data-number-of-phrases=\"1\"><span class=\"Q4iAWc\">N\u00ebp\u00ebrmjet Viber, WhatsApp dhe Telefon mund t\u00eb b\u00ebni kontakt zanor, p\u00ebrmes D\u00ebrgoni mesazh SMS d\u00ebrgoni nj\u00eb mesazh SMS.<\/span><\/span><\/span><\/p><p><span class=\"VIiyi\" lang=\"en\"><span class=\"JLqJ4b ChMk0b C1N51c\" data-language-for-alternatives=\"en\" data-language-to-translate-into=\"hr\" data-phrase-index=\"0\" data-number-of-phrases=\"1\"><span class=\"Q4iAWc\">Komunikimi p\u00ebrmes dy kanaleve t\u00eb para \u00ebsht\u00eb falas, nd\u00ebrsa p\u00ebr dy kanalet e ardhshme zbatohen tarifat standarde.<\/span><\/span><\/span><\/p><p><span class=\"VIiyi\" lang=\"en\"><span class=\"JLqJ4b ChMk0b\" data-language-for-alternatives=\"en\" data-language-to-translate-into=\"hr\" data-phrase-index=\"0\" data-number-of-phrases=\"3\"><span class=\"Q4iAWc\">Specifikimi i k\u00ebsaj Qendre Kontakti \u00ebsht\u00eb se kur klikoni n\u00eb nj\u00eb nga k\u00ebto kanale komunikimi, <span style=\"text-decoration: underline;\"><strong>ju merrni nj\u00eb list\u00eb t\u00eb agjent\u00ebve<\/strong><\/span>.<\/span><\/span> <span class=\"JLqJ4b ChMk0b\" data-language-for-alternatives=\"en\" data-language-to-translate-into=\"hr\" data-phrase-index=\"1\" data-number-of-phrases=\"3\"><span class=\"Q4iAWc\">Ju zgjidhni nga ajo list\u00eb se cilin agjent d\u00ebshironi t\u00eb kontaktoni.<\/span><\/span> <span class=\"JLqJ4b ChMk0b\" data-language-for-alternatives=\"en\" data-language-to-translate-into=\"hr\" data-phrase-index=\"2\" data-number-of-phrases=\"3\"><span class=\"Q4iAWc\">N\u00eb k\u00ebt\u00eb rast, ju keni nj\u00eb zgjedhje midis dy agjent\u00ebve p\u00ebr gjuh\u00ebn boshnjake\/kroate\/serbe dhe dy agjent\u00eb p\u00ebr gjuh\u00ebn boshnjake, angleze dhe gjermane.<\/span><\/span><\/span><\/p><p><span class=\"VIiyi\" lang=\"en\"><span class=\"JLqJ4b ChMk0b\" data-language-for-alternatives=\"en\" data-language-to-translate-into=\"hr\" data-phrase-index=\"0\" data-number-of-phrases=\"2\"><span class=\"Q4iAWc\">Le t\u00eb shohim se si duket n\u00eb shembullin e Viber.<\/span><\/span> <span class=\"JLqJ4b ChMk0b\" data-language-for-alternatives=\"en\" data-language-to-translate-into=\"hr\" data-phrase-index=\"1\" data-number-of-phrases=\"2\"><span class=\"Q4iAWc\">N\u00ebse klikoni n\u00eb ikon\u00ebn p\u00ebr Viber, do t\u00eb merrni paraqitjen e m\u00ebposhtme t\u00eb ekranit:<\/span><\/span><\/span><\/p>\t\t\t\t\t\t<\/div>\n\t\t\t\t<\/div>\n\t\t\t\t\t<\/div>\n\t\t<\/div>\n\t\t\t\t\t<\/div>\n\t\t<\/section>\n\t\t\t\t<section class=\"elementor-section elementor-top-section elementor-element elementor-element-768b484 elementor-section-boxed elementor-section-height-default elementor-section-height-default\" data-id=\"768b484\" data-element_type=\"section\">\n\t\t\t\t\t\t<div class=\"elementor-container elementor-column-gap-default\">\n\t\t\t\t\t<div class=\"elementor-column elementor-col-100 elementor-top-column elementor-element elementor-element-43fcddc\" data-id=\"43fcddc\" data-element_type=\"column\">\n\t\t\t<div class=\"elementor-widget-wrap elementor-element-populated\">\n\t\t\t\t\t\t<div class=\"elementor-element elementor-element-f096739 elementor-widget elementor-widget-image\" data-id=\"f096739\" data-element_type=\"widget\" data-widget_type=\"image.default\">\n\t\t\t\t<div class=\"elementor-widget-container\">\n\t\t\t\t\t\t\t\t\t\t\t\t\t<img loading=\"lazy\" decoding=\"async\" width=\"288\" height=\"502\" src=\"https:\/\/an-carstvoprirode.com\/wp-content\/uploads\/2022\/07\/002.jpg\" class=\"attachment-full size-full wp-image-3721\" alt=\"\" srcset=\"https:\/\/an-carstvoprirode.com\/wp-content\/uploads\/2022\/07\/002.jpg 288w, https:\/\/an-carstvoprirode.com\/wp-content\/uploads\/2022\/07\/002-172x300.jpg 172w, https:\/\/an-carstvoprirode.com\/wp-content\/uploads\/2022\/07\/002-7x12.jpg 7w\" sizes=\"(max-width: 288px) 100vw, 288px\" \/>\t\t\t\t\t\t\t\t\t\t\t\t\t<\/div>\n\t\t\t\t<\/div>\n\t\t\t\t\t<\/div>\n\t\t<\/div>\n\t\t\t\t\t<\/div>\n\t\t<\/section>\n\t\t\t\t<section class=\"elementor-section elementor-top-section elementor-element elementor-element-78a4859 elementor-section-boxed elementor-section-height-default elementor-section-height-default\" data-id=\"78a4859\" data-element_type=\"section\">\n\t\t\t\t\t\t<div class=\"elementor-container elementor-column-gap-default\">\n\t\t\t\t\t<div class=\"elementor-column elementor-col-100 elementor-top-column elementor-element elementor-element-00eee83\" data-id=\"00eee83\" data-element_type=\"column\">\n\t\t\t<div class=\"elementor-widget-wrap elementor-element-populated\">\n\t\t\t\t\t\t<div class=\"elementor-element elementor-element-7683097 elementor-widget elementor-widget-text-editor\" data-id=\"7683097\" data-element_type=\"widget\" data-widget_type=\"text-editor.default\">\n\t\t\t\t<div class=\"elementor-widget-container\">\n\t\t\t\t\t\t\t<p><span class=\"VIiyi\" lang=\"en\"><span class=\"JLqJ4b ChMk0b\" data-language-for-alternatives=\"en\" data-language-to-translate-into=\"hr\" data-phrase-index=\"0\" data-number-of-phrases=\"3\"><span class=\"Q4iAWc\">Klikoni n\u00eb lidhjen q\u00eb d\u00ebshironi t\u00eb kontaktoni.<\/span><\/span> <span class=\"JLqJ4b ChMk0b\" data-language-for-alternatives=\"en\" data-language-to-translate-into=\"hr\" data-phrase-index=\"2\" data-number-of-phrases=\"3\"><span class=\"Q4iAWc\">N\u00eb rast se agjenti \u00ebsht\u00eb i z\u00ebn\u00eb, mund t\u00eb d\u00ebrgoni nj\u00eb mesazh me tekst ose me z\u00eb (p\u00ebr Viber dhe WA) ose t\u00eb prisni q\u00eb agjenti t&#039;ju telefonoj\u00eb kur t\u00eb jet\u00eb i lir\u00eb.<\/span><\/span><\/span><\/p><p><span class=\"VIiyi\" lang=\"en\"><span class=\"JLqJ4b ChMk0b\" data-language-for-alternatives=\"en\" data-language-to-translate-into=\"hr\" data-phrase-index=\"0\" data-number-of-phrases=\"8\"><span class=\"Q4iAWc\"><strong>SH\u00cbNIM I R\u00cbND\u00cbSISH\u00cbM<\/strong>:N\u00ebse d\u00ebshironi t\u00eb b\u00ebni nj\u00eb telefonat\u00eb zanore me telefon ose t\u00eb d\u00ebrgoni nj\u00eb mesazh SMS, do t\u00eb merrni menj\u00ebher\u00eb numrin e agjentit t\u00eb zgjedhur dhe mund t\u00eb krijoni kontakt, pavar\u00ebsisht n\u00ebse e keni at\u00eb num\u00ebr n\u00eb drejtorin\u00eb tuaj.<\/span><\/span> <\/span><\/p><p><span class=\"VIiyi\" lang=\"en\"><span class=\"JLqJ4b ChMk0b C1N51c\" data-language-for-alternatives=\"en\" data-language-to-translate-into=\"hr\" data-phrase-index=\"0\" data-number-of-phrases=\"5\"><span class=\"Q4iAWc\">N\u00ebse jeni duke p\u00ebrdorur Viber, dhe nuk e keni numrin e agjentit t\u00eb thirrur n\u00eb drejtorin\u00eb tuaj, n\u00eb k\u00ebt\u00eb rast do t&#039;ju ofrohet t\u00eb shtoni numrin n\u00eb list\u00ebn tuaj t\u00eb kontakteve dhe m\u00eb pas mund t\u00eb krijoni nj\u00eb lidhje.<\/span><\/span>\u00a0<span class=\"JLqJ4b ChMk0b\" data-language-for-alternatives=\"en\" data-language-to-translate-into=\"hr\" data-phrase-index=\"3\" data-number-of-phrases=\"8\"><span class=\"Q4iAWc\">Sigurisht, ky num\u00ebr mbetet n\u00eb drejtorin\u00eb e Viber dhe her\u00ebn tjet\u00ebr ky num\u00ebr shfaqet automatikisht.<\/span><\/span> <\/span><\/p><p><span class=\"VIiyi\" lang=\"en\"><span class=\"JLqJ4b ChMk0b\" data-language-for-alternatives=\"en\" data-language-to-translate-into=\"hr\" data-phrase-index=\"5\" data-number-of-phrases=\"8\"><span class=\"Q4iAWc\">N\u00eb shum\u00eb raste i nj\u00ebjti \u00ebsht\u00eb rasti me WA, ku gjithashtu keni nj\u00eb buton tjet\u00ebr p\u00ebr t\u00eb refuzuar p\u00ebrdorimin e numrit. Megjithat\u00eb, n\u00eb disa modele telefoni, fillimisht duhet t\u00eb futni n\u00eb librin e telefonave numrin prirode AN Carstvo q\u00eb d\u00ebshironi t\u00eb telefononi, n\u00eb m\u00ebnyr\u00eb q\u00eb ai num\u00ebr t\u00eb shfaqet n\u00eb WA.<\/span><\/span> <\/span><\/p><p><span class=\"VIiyi\" lang=\"en\"><span class=\"JLqJ4b ChMk0b\" data-language-for-alternatives=\"en\" data-language-to-translate-into=\"hr\" data-phrase-index=\"7\" data-number-of-phrases=\"8\"><span class=\"Q4iAWc\">K\u00ebto jan\u00eb m\u00ebnyrat e funksionimit t\u00eb aplikacioneve t\u00eb p\u00ebrmendura dhe nuk mund t\u00eb ndikohen.<\/span><\/span><\/span><\/p>\t\t\t\t\t\t<\/div>\n\t\t\t\t<\/div>\n\t\t\t\t\t<\/div>\n\t\t<\/div>\n\t\t\t\t\t<\/div>\n\t\t<\/section>\n\t\t\t\t<section class=\"elementor-section elementor-top-section elementor-element elementor-element-2927ae8 elementor-section-boxed elementor-section-height-default elementor-section-height-default\" data-id=\"2927ae8\" data-element_type=\"section\">\n\t\t\t\t\t\t<div class=\"elementor-container elementor-column-gap-default\">\n\t\t\t\t\t<div class=\"elementor-column elementor-col-100 elementor-top-column elementor-element elementor-element-f10ad6d\" data-id=\"f10ad6d\" data-element_type=\"column\">\n\t\t\t<div class=\"elementor-widget-wrap elementor-element-populated\">\n\t\t\t\t\t\t<div class=\"elementor-element elementor-element-1c3a6fc elementor-widget elementor-widget-text-editor\" data-id=\"1c3a6fc\" data-element_type=\"widget\" data-widget_type=\"text-editor.default\">\n\t\t\t\t<div class=\"elementor-widget-container\">\n\t\t\t\t\t\t\t<p><span class=\"VIiyi\" lang=\"en\"><span class=\"JLqJ4b ChMk0b C1N51c\" data-language-for-alternatives=\"en\" data-language-to-translate-into=\"hr\" data-phrase-index=\"0\" data-number-of-phrases=\"5\"><span class=\"Q4iAWc\">N\u00ebse d\u00ebshironi t\u00eb d\u00ebrgoni nj\u00eb k\u00ebrkes\u00eb p\u00ebrmes formularit t\u00eb Kontaktit, ose d\u00ebshironi t\u00eb shihni se ku ndodhet objekti i Carstvo prirode dhe t\u00eb merrni navigimin n\u00eb t\u00eb, ose d\u00ebshironi t\u00eb vizitoni faqen ton\u00eb n\u00eb Instagram, p\u00ebrdorni nj\u00eb nga tre butonat e mbetur t\u00eb nxeht\u00eb.<\/span><\/span><\/span><\/p>\t\t\t\t\t\t<\/div>\n\t\t\t\t<\/div>\n\t\t\t\t\t<\/div>\n\t\t<\/div>\n\t\t\t\t\t<\/div>\n\t\t<\/section>\n\t\t\t\t<\/div>","protected":false},"excerpt":{"rendered":"<p>To access the communication channels through which you can contact our support, click on the icon in the lower right corner. Seven icons for seven communication channels will open: These are, from the bottom to the top: Viber, WhatsApp, Telephone line, Contact form, Sending SMS messages, Location of the object on Google Maps and connection [&hellip;]<\/p>","protected":false},"author":1,"featured_media":3325,"parent":0,"menu_order":0,"comment_status":"closed","ping_status":"closed","template":"","meta":{"footnotes":""},"class_list":["post-3626","page","type-page","status-publish","has-post-thumbnail","hentry"],"_links":{"self":[{"href":"https:\/\/an-carstvoprirode.com\/sq\/wp-json\/wp\/v2\/pages\/3626","targetHints":{"allow":["GET"]}}],"collection":[{"href":"https:\/\/an-carstvoprirode.com\/sq\/wp-json\/wp\/v2\/pages"}],"about":[{"href":"https:\/\/an-carstvoprirode.com\/sq\/wp-json\/wp\/v2\/types\/page"}],"author":[{"embeddable":true,"href":"https:\/\/an-carstvoprirode.com\/sq\/wp-json\/wp\/v2\/users\/1"}],"replies":[{"embeddable":true,"href":"https:\/\/an-carstvoprirode.com\/sq\/wp-json\/wp\/v2\/comments?post=3626"}],"version-history":[{"count":72,"href":"https:\/\/an-carstvoprirode.com\/sq\/wp-json\/wp\/v2\/pages\/3626\/revisions"}],"predecessor-version":[{"id":3724,"href":"https:\/\/an-carstvoprirode.com\/sq\/wp-json\/wp\/v2\/pages\/3626\/revisions\/3724"}],"wp:featuredmedia":[{"embeddable":true,"href":"https:\/\/an-carstvoprirode.com\/sq\/wp-json\/wp\/v2\/media\/3325"}],"wp:attachment":[{"href":"https:\/\/an-carstvoprirode.com\/sq\/wp-json\/wp\/v2\/media?parent=3626"}],"curies":[{"name":"wp","href":"https:\/\/api.w.org\/{rel}","templated":true}]}}