{"id":2992,"date":"2022-05-11T22:01:33","date_gmt":"2022-05-11T20:01:33","guid":{"rendered":"https:\/\/an-carstvoprirode.com\/?page_id=2992"},"modified":"2022-05-28T17:28:42","modified_gmt":"2022-05-28T15:28:42","slug":"4-%ef%bf%bclocation","status":"publish","type":"page","link":"https:\/\/an-carstvoprirode.com\/sq\/description-of-business-idea\/4-%ef%bf%bclocation\/","title":{"rendered":"Vendndodhja"},"content":{"rendered":"<p>P\u00ebr mikrolokacionin e funksionimit t\u00eb Qendr\u00ebs \u00ebsht\u00eb p\u00ebrzgjedhur zona e komun\u00ebs s\u00eb Rudos, gjegj\u00ebsisht rezervati natyror n\u00eb lindjen e larg\u00ebt t\u00eb Bosnj\u00ebs dhe Hercegovin\u00ebs, af\u00ebr kufirit me Serbin\u00eb, nd\u00ebrsa p\u00ebr makro lokacionin zona e zgjidhet e gjith\u00eb Evropa Juglindore. <\/p>\n\n\n\n<p>Jo vet\u00ebm n\u00eb k\u00ebt\u00eb qark, por n\u00eb t\u00eb gjith\u00eb qarkun nuk ekziston nj\u00eb qend\u00ebr e till\u00eb q\u00eb ofron sh\u00ebrbime nga p\u00ebrshkrimi i aktivitetit t\u00eb saj. Nj\u00eb avantazh shtes\u00eb i k\u00ebtij lokacioni \u00ebsht\u00eb qasja e leht\u00eb, hyrja e leht\u00eb n\u00eb vend (pa viza, procedur\u00eb e shpejt\u00eb), pastaj karakteri dhe koncepti zhvillimor i destinacionit (rregullimi, infrastruktura komunale, zonat e k\u00ebmb\u00ebsor\u00ebve, aktivitetet pa konflikt).<\/p>","protected":false},"excerpt":{"rendered":"<p>For the micro location of the operations of the Center, the area of the municipality of Rudo is selected, that is, the natural reserve in the far east of Bosnia and Herzegovina, near the border with Serbia, while for the macro location the area of the whole South-Eastern Europe is selected. Not only in this [&hellip;]<\/p>","protected":false},"author":1,"featured_media":3331,"parent":2966,"menu_order":0,"comment_status":"closed","ping_status":"closed","template":"","meta":{"footnotes":""},"class_list":["post-2992","page","type-page","status-publish","has-post-thumbnail","hentry"],"_links":{"self":[{"href":"https:\/\/an-carstvoprirode.com\/sq\/wp-json\/wp\/v2\/pages\/2992","targetHints":{"allow":["GET"]}}],"collection":[{"href":"https:\/\/an-carstvoprirode.com\/sq\/wp-json\/wp\/v2\/pages"}],"about":[{"href":"https:\/\/an-carstvoprirode.com\/sq\/wp-json\/wp\/v2\/types\/page"}],"author":[{"embeddable":true,"href":"https:\/\/an-carstvoprirode.com\/sq\/wp-json\/wp\/v2\/users\/1"}],"replies":[{"embeddable":true,"href":"https:\/\/an-carstvoprirode.com\/sq\/wp-json\/wp\/v2\/comments?post=2992"}],"version-history":[{"count":3,"href":"https:\/\/an-carstvoprirode.com\/sq\/wp-json\/wp\/v2\/pages\/2992\/revisions"}],"predecessor-version":[{"id":3338,"href":"https:\/\/an-carstvoprirode.com\/sq\/wp-json\/wp\/v2\/pages\/2992\/revisions\/3338"}],"up":[{"embeddable":true,"href":"https:\/\/an-carstvoprirode.com\/sq\/wp-json\/wp\/v2\/pages\/2966"}],"wp:featuredmedia":[{"embeddable":true,"href":"https:\/\/an-carstvoprirode.com\/sq\/wp-json\/wp\/v2\/media\/3331"}],"wp:attachment":[{"href":"https:\/\/an-carstvoprirode.com\/sq\/wp-json\/wp\/v2\/media?parent=2992"}],"curies":[{"name":"wp","href":"https:\/\/api.w.org\/{rel}","templated":true}]}}