{"id":2975,"date":"2022-05-11T21:30:39","date_gmt":"2022-05-11T19:30:39","guid":{"rendered":"https:\/\/an-carstvoprirode.com\/?page_id=2975"},"modified":"2022-05-28T17:15:34","modified_gmt":"2022-05-28T15:15:34","slug":"legal-form","status":"publish","type":"page","link":"https:\/\/an-carstvoprirode.com\/sq\/description-of-business-idea\/legal-form\/","title":{"rendered":"Forma juridike"},"content":{"rendered":"<p class=\" translation-block\">Projekti i planifikuar \u00ebsht\u00eb <strong><em>\u201cQendra e rehabilitimit klinik dhe spitalor p\u00ebr<\/em><\/strong> <strong><em>f\u00ebmij\u00ebt dhe pacient\u00ebt e rritur pas Chemo\u201d Rudo<\/em><\/strong> <em>,<\/em> qyteti i Setihovo-Grivin, n\u00eb cil\u00ebsin\u00eb e nj\u00eb shoq\u00ebrie me p\u00ebrgjegj\u00ebsi t\u00eb kufizuar p\u00ebr sh\u00ebrbimet e vendbanimit me seli n\u00eb Rudo, Republika Srpska, Bosnje dhe Hercegovina.<\/p>\n\n\n\n<p class=\" translation-block\">Kompania do t\u00eb themelonte subjektet juridike Kooperativa Bujq\u00ebsore <em>\u201c <strong>Ecological Lims Pearl\u201d po Rudo dhe OD AN \u201cPerandoria e Natyr\u00ebs\u201d Ilixha<\/strong><\/em> me kapital themelues n\u00eb vler\u00ebn 6,250,000.00 KM. Numri fillestar i punonj\u00ebsve do t\u00eb ishte 35 (tridhjet\u00eb e pes\u00eb) punonj\u00ebs.<\/p>\n\n\n\n<p>Qarkullimi vjetor n\u00eb vitin e par\u00eb t\u00eb funksionimit do t\u00eb ishte rreth 2.300.000,00 KM, me tendenc\u00eb rritjeje n\u00eb periudh\u00ebn n\u00eb vijim.<\/p>","protected":false},"excerpt":{"rendered":"<p>The planned project is &#8220;Clinical and Hospitalization Rehabilitation Center for Children and Adult Patients after Chemo&#8221; Rudo, the town of Setihovo-\u00adGrivin, in the capacity of a limited liability company for services of residence with headquarters in Rudo, Republic of Srpska, Bosnia and Herzegovina. The company would establish legal entities Agricultural Cooperative &#8220;Ecological Lims Pearl&#8221; p.o. [&hellip;]<\/p>","protected":false},"author":1,"featured_media":3334,"parent":2966,"menu_order":0,"comment_status":"closed","ping_status":"closed","template":"","meta":{"footnotes":""},"class_list":["post-2975","page","type-page","status-publish","has-post-thumbnail","hentry"],"_links":{"self":[{"href":"https:\/\/an-carstvoprirode.com\/sq\/wp-json\/wp\/v2\/pages\/2975","targetHints":{"allow":["GET"]}}],"collection":[{"href":"https:\/\/an-carstvoprirode.com\/sq\/wp-json\/wp\/v2\/pages"}],"about":[{"href":"https:\/\/an-carstvoprirode.com\/sq\/wp-json\/wp\/v2\/types\/page"}],"author":[{"embeddable":true,"href":"https:\/\/an-carstvoprirode.com\/sq\/wp-json\/wp\/v2\/users\/1"}],"replies":[{"embeddable":true,"href":"https:\/\/an-carstvoprirode.com\/sq\/wp-json\/wp\/v2\/comments?post=2975"}],"version-history":[{"count":1,"href":"https:\/\/an-carstvoprirode.com\/sq\/wp-json\/wp\/v2\/pages\/2975\/revisions"}],"predecessor-version":[{"id":2976,"href":"https:\/\/an-carstvoprirode.com\/sq\/wp-json\/wp\/v2\/pages\/2975\/revisions\/2976"}],"up":[{"embeddable":true,"href":"https:\/\/an-carstvoprirode.com\/sq\/wp-json\/wp\/v2\/pages\/2966"}],"wp:featuredmedia":[{"embeddable":true,"href":"https:\/\/an-carstvoprirode.com\/sq\/wp-json\/wp\/v2\/media\/3334"}],"wp:attachment":[{"href":"https:\/\/an-carstvoprirode.com\/sq\/wp-json\/wp\/v2\/media?parent=2975"}],"curies":[{"name":"wp","href":"https:\/\/api.w.org\/{rel}","templated":true}]}}