{"id":2975,"date":"2022-05-11T21:30:39","date_gmt":"2022-05-11T19:30:39","guid":{"rendered":"https:\/\/an-carstvoprirode.com\/?page_id=2975"},"modified":"2022-05-28T17:15:34","modified_gmt":"2022-05-28T15:15:34","slug":"legal-form","status":"publish","type":"page","link":"https:\/\/an-carstvoprirode.com\/sl\/description-of-business-idea\/legal-form\/","title":{"rendered":"Legalna oblika"},"content":{"rendered":"<p class=\" translation-block\">Na\u010drtovani projekt je <strong><em>\u00bbKlini\u010dno-bolni\u0161ni\u010dno rehabilitacijski center za<\/em><\/strong> <strong><em>otroke in odrasle bolnike po kemoterapiji\u00ab Rudo<\/em><\/strong> <em>,<\/em> mesto Setihovo-Grivin, v vlogi dru\u017ebe z omejeno odgovornostjo za storitve bivanja s sede\u017eem v Rudo, Republika Srbska, BiH in Hercegovina.<\/p>\n\n\n\n<p class=\" translation-block\">Dru\u017eba bi ustanovila pravni osebi Kmetijsko zadrugo <em>\u201c <strong>Ekolo\u0161ki limski biser\u201d po Rudo in OD AN \u201cImperij narave\u201d Ilid\u017ea<\/strong><\/em> z ustanovitvenim kapitalom v vi\u0161ini 6.250.000,00 KM. Za\u010detno \u0161tevilo zaposlenih bi bilo 35 (petintrideset) delavcev.<\/p>\n\n\n\n<p>Letni promet v prvem letu poslovanja bi zna\u0161al cca 2.300.000,00 KM s tendenco rasti v naslednjem obdobju.<\/p>","protected":false},"excerpt":{"rendered":"<p>The planned project is &#8220;Clinical and Hospitalization Rehabilitation Center for Children and Adult Patients after Chemo&#8221; Rudo, the town of Setihovo-\u00adGrivin, in the capacity of a limited liability company for services of residence with headquarters in Rudo, Republic of Srpska, Bosnia and Herzegovina. The company would establish legal entities Agricultural Cooperative &#8220;Ecological Lims Pearl&#8221; p.o. [&hellip;]<\/p>","protected":false},"author":1,"featured_media":3334,"parent":2966,"menu_order":0,"comment_status":"closed","ping_status":"closed","template":"","meta":{"footnotes":""},"class_list":["post-2975","page","type-page","status-publish","has-post-thumbnail","hentry"],"_links":{"self":[{"href":"https:\/\/an-carstvoprirode.com\/sl\/wp-json\/wp\/v2\/pages\/2975","targetHints":{"allow":["GET"]}}],"collection":[{"href":"https:\/\/an-carstvoprirode.com\/sl\/wp-json\/wp\/v2\/pages"}],"about":[{"href":"https:\/\/an-carstvoprirode.com\/sl\/wp-json\/wp\/v2\/types\/page"}],"author":[{"embeddable":true,"href":"https:\/\/an-carstvoprirode.com\/sl\/wp-json\/wp\/v2\/users\/1"}],"replies":[{"embeddable":true,"href":"https:\/\/an-carstvoprirode.com\/sl\/wp-json\/wp\/v2\/comments?post=2975"}],"version-history":[{"count":1,"href":"https:\/\/an-carstvoprirode.com\/sl\/wp-json\/wp\/v2\/pages\/2975\/revisions"}],"predecessor-version":[{"id":2976,"href":"https:\/\/an-carstvoprirode.com\/sl\/wp-json\/wp\/v2\/pages\/2975\/revisions\/2976"}],"up":[{"embeddable":true,"href":"https:\/\/an-carstvoprirode.com\/sl\/wp-json\/wp\/v2\/pages\/2966"}],"wp:featuredmedia":[{"embeddable":true,"href":"https:\/\/an-carstvoprirode.com\/sl\/wp-json\/wp\/v2\/media\/3334"}],"wp:attachment":[{"href":"https:\/\/an-carstvoprirode.com\/sl\/wp-json\/wp\/v2\/media?parent=2975"}],"curies":[{"name":"wp","href":"https:\/\/api.w.org\/{rel}","templated":true}]}}