{"id":2992,"date":"2022-05-11T22:01:33","date_gmt":"2022-05-11T20:01:33","guid":{"rendered":"https:\/\/an-carstvoprirode.com\/?page_id=2992"},"modified":"2022-05-28T17:28:42","modified_gmt":"2022-05-28T15:28:42","slug":"4-%ef%bf%bclocation","status":"publish","type":"page","link":"https:\/\/an-carstvoprirode.com\/nb\/description-of-business-idea\/4-%ef%bf%bclocation\/","title":{"rendered":"plassering"},"content":{"rendered":"<p>For mikrolokaliseringen av virksomheten til senteret er omr\u00e5det til Rudo kommune valgt, det vil si naturreservatet helt \u00f8st i Bosnia-Hercegovina, n\u00e6r grensen til Serbia, mens for makrolokaliseringen omr\u00e5det med hele S\u00f8r\u00f8st-Europa er valgt. <\/p>\n\n\n\n<p>Ikke bare i denne regionen, men i hele regionen, er det ikke noe slikt senter som tilbyr tjenester fra beskrivelsen av sin aktivitet. En ekstra fordel med denne beliggenheten er enkel tilgang, enkel innreise til landet (uten visum, rask prosedyre), deretter karakter og utviklingskonsept for destinasjonen (regulering, felles infrastruktur, fotgjengersoner, ikke-konfliktaktiviteter).<\/p>","protected":false},"excerpt":{"rendered":"<p>For the micro location of the operations of the Center, the area of the municipality of Rudo is selected, that is, the natural reserve in the far east of Bosnia and Herzegovina, near the border with Serbia, while for the macro location the area of the whole South-Eastern Europe is selected. Not only in this [&hellip;]<\/p>","protected":false},"author":1,"featured_media":3331,"parent":2966,"menu_order":0,"comment_status":"closed","ping_status":"closed","template":"","meta":{"footnotes":""},"class_list":["post-2992","page","type-page","status-publish","has-post-thumbnail","hentry"],"_links":{"self":[{"href":"https:\/\/an-carstvoprirode.com\/nb\/wp-json\/wp\/v2\/pages\/2992","targetHints":{"allow":["GET"]}}],"collection":[{"href":"https:\/\/an-carstvoprirode.com\/nb\/wp-json\/wp\/v2\/pages"}],"about":[{"href":"https:\/\/an-carstvoprirode.com\/nb\/wp-json\/wp\/v2\/types\/page"}],"author":[{"embeddable":true,"href":"https:\/\/an-carstvoprirode.com\/nb\/wp-json\/wp\/v2\/users\/1"}],"replies":[{"embeddable":true,"href":"https:\/\/an-carstvoprirode.com\/nb\/wp-json\/wp\/v2\/comments?post=2992"}],"version-history":[{"count":3,"href":"https:\/\/an-carstvoprirode.com\/nb\/wp-json\/wp\/v2\/pages\/2992\/revisions"}],"predecessor-version":[{"id":3338,"href":"https:\/\/an-carstvoprirode.com\/nb\/wp-json\/wp\/v2\/pages\/2992\/revisions\/3338"}],"up":[{"embeddable":true,"href":"https:\/\/an-carstvoprirode.com\/nb\/wp-json\/wp\/v2\/pages\/2966"}],"wp:featuredmedia":[{"embeddable":true,"href":"https:\/\/an-carstvoprirode.com\/nb\/wp-json\/wp\/v2\/media\/3331"}],"wp:attachment":[{"href":"https:\/\/an-carstvoprirode.com\/nb\/wp-json\/wp\/v2\/media?parent=2992"}],"curies":[{"name":"wp","href":"https:\/\/api.w.org\/{rel}","templated":true}]}}