{"id":2975,"date":"2022-05-11T21:30:39","date_gmt":"2022-05-11T19:30:39","guid":{"rendered":"https:\/\/an-carstvoprirode.com\/?page_id=2975"},"modified":"2022-05-28T17:15:34","modified_gmt":"2022-05-28T15:15:34","slug":"legal-form","status":"publish","type":"page","link":"https:\/\/an-carstvoprirode.com\/nb\/description-of-business-idea\/legal-form\/","title":{"rendered":"Juridisk form"},"content":{"rendered":"<p class=\" translation-block\">Det planlagte prosjektet er <strong><em>&quot;Klinisk og sykehusinnleggelsesrehabiliteringssenter for<\/em><\/strong> <strong><em>barn og voksne pasienter etter kjemoterapi&quot; Rudo<\/em><\/strong> <em>,<\/em> byen Setihovo-Grivin, i egenskap av et aksjeselskap for boligtjenester med hovedkontor i Rudo, Republikken Srpska, Bosnia og Hercegovina.<\/p>\n\n\n\n<p class=\" translation-block\">Selskapet vil etablere juridiske enheter Agricultural Cooperative <em>&quot; <strong>Ecological Lims Pearl&quot; po Rudo og OD AN &quot;Empire of Nature&quot; Ilid\u017ea<\/strong><\/em> med en grunnkapital p\u00e5 6.250.000.00 KM. Det opprinnelige antallet ansatte vil v\u00e6re 35 (trettifem) ansatte.<\/p>\n\n\n\n<p>Den \u00e5rlige omsetningen i det f\u00f8rste drifts\u00e5ret vil v\u00e6re p\u00e5 ca. 2.300.000,00 KM, med en tendens til \u00f8kning i den p\u00e5f\u00f8lgende perioden.<\/p>","protected":false},"excerpt":{"rendered":"<p>The planned project is &#8220;Clinical and Hospitalization Rehabilitation Center for Children and Adult Patients after Chemo&#8221; Rudo, the town of Setihovo-\u00adGrivin, in the capacity of a limited liability company for services of residence with headquarters in Rudo, Republic of Srpska, Bosnia and Herzegovina. The company would establish legal entities Agricultural Cooperative &#8220;Ecological Lims Pearl&#8221; p.o. [&hellip;]<\/p>","protected":false},"author":1,"featured_media":3334,"parent":2966,"menu_order":0,"comment_status":"closed","ping_status":"closed","template":"","meta":{"footnotes":""},"class_list":["post-2975","page","type-page","status-publish","has-post-thumbnail","hentry"],"_links":{"self":[{"href":"https:\/\/an-carstvoprirode.com\/nb\/wp-json\/wp\/v2\/pages\/2975","targetHints":{"allow":["GET"]}}],"collection":[{"href":"https:\/\/an-carstvoprirode.com\/nb\/wp-json\/wp\/v2\/pages"}],"about":[{"href":"https:\/\/an-carstvoprirode.com\/nb\/wp-json\/wp\/v2\/types\/page"}],"author":[{"embeddable":true,"href":"https:\/\/an-carstvoprirode.com\/nb\/wp-json\/wp\/v2\/users\/1"}],"replies":[{"embeddable":true,"href":"https:\/\/an-carstvoprirode.com\/nb\/wp-json\/wp\/v2\/comments?post=2975"}],"version-history":[{"count":1,"href":"https:\/\/an-carstvoprirode.com\/nb\/wp-json\/wp\/v2\/pages\/2975\/revisions"}],"predecessor-version":[{"id":2976,"href":"https:\/\/an-carstvoprirode.com\/nb\/wp-json\/wp\/v2\/pages\/2975\/revisions\/2976"}],"up":[{"embeddable":true,"href":"https:\/\/an-carstvoprirode.com\/nb\/wp-json\/wp\/v2\/pages\/2966"}],"wp:featuredmedia":[{"embeddable":true,"href":"https:\/\/an-carstvoprirode.com\/nb\/wp-json\/wp\/v2\/media\/3334"}],"wp:attachment":[{"href":"https:\/\/an-carstvoprirode.com\/nb\/wp-json\/wp\/v2\/media?parent=2975"}],"curies":[{"name":"wp","href":"https:\/\/api.w.org\/{rel}","templated":true}]}}