{"id":2948,"date":"2022-05-11T17:00:04","date_gmt":"2022-05-11T15:00:04","guid":{"rendered":"https:\/\/an-carstvoprirode.com\/?page_id=2948"},"modified":"2022-05-13T13:46:44","modified_gmt":"2022-05-13T11:46:44","slug":"river-lim","status":"publish","type":"page","link":"https:\/\/an-carstvoprirode.com\/nb\/river-lim\/","title":{"rendered":"River Lim"},"content":{"rendered":"<p>Den vakre elven Lim renner gjennom eiendommen. <\/p>\n\n\n\n<p>Ved siden av eiendommen er det sandstrender, elven har en temperatur som er egnet for bading, samt for \u00e5 fiske og kj\u00f8re henne i b\u00e5ter og kajakker.<\/p>\n\n\n<div class=\"aiovg-player-container\" style=\"max-width: 100%;\"><div class=\"aiovg-player aiovg-player-iframe\" style=\"padding-bottom: 56.25%;\"><iframe src=\"https:\/\/an-carstvoprirode.com\/nb\/player-embed\/id\/2948\/?mp4=https%3A%2F%2Fan-carstvoprirode.com%2Fwp-content%2Fuploads%2F2022%2F05%2FLIM-zavrseno-za-stranicu1.mp4&amp;poster=https%3A%2F%2Fan-carstvoprirode.com%2Fwp-content%2Fuploads%2F2022%2F05%2FSnimak-ekrana-358.jpg&amp;loop=1\" title=\"\" width=\"560\" height=\"315\" frameborder=\"0\" scrolling=\"no\" allow=\"accelerometer; autoplay; clipboard-write; encrypted-media; gyroscope; picture-in-picture; web-share\" allowfullscreen><\/iframe><\/div><\/div>\n\n\n\n<p><\/p>","protected":false},"excerpt":{"rendered":"<p>The beautiful river Lim flows through the estate. Next to the property there are sandy beaches, the river has a temperature suitable for swimming, as well as for fishing and driving her in boats and kayaks.<\/p>","protected":false},"author":1,"featured_media":2657,"parent":0,"menu_order":0,"comment_status":"closed","ping_status":"closed","template":"","meta":{"footnotes":""},"class_list":["post-2948","page","type-page","status-publish","has-post-thumbnail","hentry"],"_links":{"self":[{"href":"https:\/\/an-carstvoprirode.com\/nb\/wp-json\/wp\/v2\/pages\/2948","targetHints":{"allow":["GET"]}}],"collection":[{"href":"https:\/\/an-carstvoprirode.com\/nb\/wp-json\/wp\/v2\/pages"}],"about":[{"href":"https:\/\/an-carstvoprirode.com\/nb\/wp-json\/wp\/v2\/types\/page"}],"author":[{"embeddable":true,"href":"https:\/\/an-carstvoprirode.com\/nb\/wp-json\/wp\/v2\/users\/1"}],"replies":[{"embeddable":true,"href":"https:\/\/an-carstvoprirode.com\/nb\/wp-json\/wp\/v2\/comments?post=2948"}],"version-history":[{"count":3,"href":"https:\/\/an-carstvoprirode.com\/nb\/wp-json\/wp\/v2\/pages\/2948\/revisions"}],"predecessor-version":[{"id":3074,"href":"https:\/\/an-carstvoprirode.com\/nb\/wp-json\/wp\/v2\/pages\/2948\/revisions\/3074"}],"wp:featuredmedia":[{"embeddable":true,"href":"https:\/\/an-carstvoprirode.com\/nb\/wp-json\/wp\/v2\/media\/2657"}],"wp:attachment":[{"href":"https:\/\/an-carstvoprirode.com\/nb\/wp-json\/wp\/v2\/media?parent=2948"}],"curies":[{"name":"wp","href":"https:\/\/api.w.org\/{rel}","templated":true}]}}