{"id":3418,"date":"2022-06-03T00:41:05","date_gmt":"2022-06-02T22:41:05","guid":{"rendered":"https:\/\/an-carstvoprirode.com\/?page_id=3418"},"modified":"2023-12-01T18:27:32","modified_gmt":"2023-12-01T17:27:32","slug":"ingredients-of-our-products","status":"publish","type":"page","link":"https:\/\/an-carstvoprirode.com\/it\/ingredients-of-our-products\/","title":{"rendered":"INGREDIENTI DEI NOSTRI PRODOTTI E LORO PRODUZIONE"},"content":{"rendered":"<p>Nella sottodirectory sopra (\u201cI nostri prodotti\u201d), abbiamo elencato alcuni elementi che rendono i nostri prodotti unici e molto efficaci (acqua pura, miele, aronia, antiche ricette, piante adattogene che sono le piante pi\u00f9 potenti per stimolare le difese naturali dell&#039;organismo, eccetera \u2026)<\/p>\n\n\n\n<p>Nel video qui sotto, guarda la spiegazione del Sig. Alemko Nuhanovi\u0107 in merito agli incredibili ingredienti utilizzati per realizzare i nostri prodotti. Questi sono gli ingredienti pi\u00f9 potenti conosciuti al mondo per la difesa dell&#039;organismo di tutte le parti del mondo, cos\u00ec come le piante pi\u00f9 sane dell&#039;ambiente domestico.<\/p>\n\n\n<div class=\"aiovg-player-container\" style=\"max-width: 100%;\"><div class=\"aiovg-player aiovg-player-iframe\" style=\"padding-bottom: 56.25%;\"><iframe src=\"https:\/\/an-carstvoprirode.com\/it\/player-embed\/id\/3418\/?mp4=https%3A%2F%2Fan-carstvoprirode.com%2Fwp-content%2Fuploads%2F2022%2F06%2FAlemko-objasnjava.mp4&amp;poster=https%3A%2F%2Fan-carstvoprirode.com%2Fwp-content%2Fuploads%2F2022%2F06%2FSnimak-ekrana-437.jpg\" title=\"\" width=\"560\" height=\"315\" frameborder=\"0\" scrolling=\"no\" allow=\"accelerometer; autoplay; clipboard-write; encrypted-media; gyroscope; picture-in-picture; web-share\" allowfullscreen><\/iframe><\/div><\/div>\n\n\n\n<p><\/p>","protected":false},"excerpt":{"rendered":"<p>In the subdirectory above (&#8220;Our Products&#8221;), we have listed some elements that make our products unique and very effective (pure water, honey, chokeberry, old recipes, adaptogenic plants that are the most powerful plants for stimulating the body\u2019s natural defenses, etc &#8230;) In the video below, see the explanation of Mr. Alemko Nuhanovi\u0107 regarding the amazing [&hellip;]<\/p>","protected":false},"author":1,"featured_media":3325,"parent":0,"menu_order":0,"comment_status":"closed","ping_status":"closed","template":"","meta":{"footnotes":""},"class_list":["post-3418","page","type-page","status-publish","has-post-thumbnail","hentry"],"_links":{"self":[{"href":"https:\/\/an-carstvoprirode.com\/it\/wp-json\/wp\/v2\/pages\/3418","targetHints":{"allow":["GET"]}}],"collection":[{"href":"https:\/\/an-carstvoprirode.com\/it\/wp-json\/wp\/v2\/pages"}],"about":[{"href":"https:\/\/an-carstvoprirode.com\/it\/wp-json\/wp\/v2\/types\/page"}],"author":[{"embeddable":true,"href":"https:\/\/an-carstvoprirode.com\/it\/wp-json\/wp\/v2\/users\/1"}],"replies":[{"embeddable":true,"href":"https:\/\/an-carstvoprirode.com\/it\/wp-json\/wp\/v2\/comments?post=3418"}],"version-history":[{"count":15,"href":"https:\/\/an-carstvoprirode.com\/it\/wp-json\/wp\/v2\/pages\/3418\/revisions"}],"predecessor-version":[{"id":4326,"href":"https:\/\/an-carstvoprirode.com\/it\/wp-json\/wp\/v2\/pages\/3418\/revisions\/4326"}],"wp:featuredmedia":[{"embeddable":true,"href":"https:\/\/an-carstvoprirode.com\/it\/wp-json\/wp\/v2\/media\/3325"}],"wp:attachment":[{"href":"https:\/\/an-carstvoprirode.com\/it\/wp-json\/wp\/v2\/media?parent=3418"}],"curies":[{"name":"wp","href":"https:\/\/api.w.org\/{rel}","templated":true}]}}