{"id":3037,"date":"2022-05-11T23:53:13","date_gmt":"2022-05-11T21:53:13","guid":{"rendered":"https:\/\/an-carstvoprirode.com\/?page_id=3037"},"modified":"2022-05-17T20:59:11","modified_gmt":"2022-05-17T18:59:11","slug":"selling-market","status":"publish","type":"page","link":"https:\/\/an-carstvoprirode.com\/it\/description-of-business-idea\/selling-market\/","title":{"rendered":"Mercato di vendita"},"content":{"rendered":"<p>Le pressioni concorrenziali, la conformit\u00e0 normativa, l&#039;ammodernamento e l&#039;adattamento al moderno mondo degli affari secondo gli standard dell&#039;Unione Europea hanno reso negli ultimi anni un mercato dei servizi significativo. Pertanto, l&#039;erogazione dei servizi \u00e8 in costante aumento, sia in Bosnia Erzegovina che nei paesi della Regione.<\/p>\n\n\n\n<p>Il Centro svolgerebbe attivit\u00e0 di marketing e di altro tipo al fine di presentare al meglio i propri servizi, utilizzando Internet e tutti gli altri mezzi di comunicazione. Si prevede che visiter\u00e0 ospiti nazionali e stranieri, poich\u00e9 questa \u00e8 una tendenza mondiale di questo tipo di vacanza e riabilitazione.<\/p>","protected":false},"excerpt":{"rendered":"<p>Competitive pressures, regulatory compliance, modernization and adaptation to the modern business world according to the standards of the European Union have made a significant service market in recent years. Therefore, the provision of services is constantly increasing, both in Bosnia and Herzegovina and in the countries of the Region. The Center would conduct marketing and [&hellip;]<\/p>","protected":false},"author":1,"featured_media":3031,"parent":2966,"menu_order":0,"comment_status":"closed","ping_status":"closed","template":"","meta":{"footnotes":""},"class_list":["post-3037","page","type-page","status-publish","has-post-thumbnail","hentry"],"_links":{"self":[{"href":"https:\/\/an-carstvoprirode.com\/it\/wp-json\/wp\/v2\/pages\/3037","targetHints":{"allow":["GET"]}}],"collection":[{"href":"https:\/\/an-carstvoprirode.com\/it\/wp-json\/wp\/v2\/pages"}],"about":[{"href":"https:\/\/an-carstvoprirode.com\/it\/wp-json\/wp\/v2\/types\/page"}],"author":[{"embeddable":true,"href":"https:\/\/an-carstvoprirode.com\/it\/wp-json\/wp\/v2\/users\/1"}],"replies":[{"embeddable":true,"href":"https:\/\/an-carstvoprirode.com\/it\/wp-json\/wp\/v2\/comments?post=3037"}],"version-history":[{"count":3,"href":"https:\/\/an-carstvoprirode.com\/it\/wp-json\/wp\/v2\/pages\/3037\/revisions"}],"predecessor-version":[{"id":3112,"href":"https:\/\/an-carstvoprirode.com\/it\/wp-json\/wp\/v2\/pages\/3037\/revisions\/3112"}],"up":[{"embeddable":true,"href":"https:\/\/an-carstvoprirode.com\/it\/wp-json\/wp\/v2\/pages\/2966"}],"wp:featuredmedia":[{"embeddable":true,"href":"https:\/\/an-carstvoprirode.com\/it\/wp-json\/wp\/v2\/media\/3031"}],"wp:attachment":[{"href":"https:\/\/an-carstvoprirode.com\/it\/wp-json\/wp\/v2\/media?parent=3037"}],"curies":[{"name":"wp","href":"https:\/\/api.w.org\/{rel}","templated":true}]}}