{"id":3,"date":"2018-11-13T11:12:41","date_gmt":"2018-11-13T10:12:41","guid":{"rendered":"https:\/\/themes.getmotopress.com\/palmeria\/accommodations\/"},"modified":"2022-05-11T17:17:24","modified_gmt":"2022-05-11T15:17:24","slug":"river-and-springs","status":"publish","type":"page","link":"https:\/\/an-carstvoprirode.com\/it\/welcome-to-carstvo-prirode\/river-and-springs\/","title":{"rendered":"Fiume e sorgenti"},"content":{"rendered":"<p>Abbiamo gi\u00e0 accennato che la propriet\u00e0 \u00e8 arricchita con <a href=\"https:\/\/an-carstvoprirode.com\/it\/water-springs\/\" target=\"_blank\" rel=\"noreferrer noopener\"><strong>sette fonti di acqua potabile<\/strong> <strong>(vedi video)<\/strong><\/a>, che forma <a href=\"https:\/\/an-carstvoprirode.com\/it\/small-rivers\/\" target=\"_blank\" rel=\"noreferrer noopener\"><strong>piccoli fiumi<\/strong> <strong>(vedi video<\/strong>)<\/a> attraverso la propriet\u00e0, e a <strong><a href=\"https:\/\/an-carstvoprirode.com\/it\/river-lim\/\" target=\"_blank\" rel=\"noreferrer noopener\">bellissimo fiume Lim (guarda il video)<\/a> <\/strong>che scorre attraverso il terreno (foto a destra, cio\u00e8 sopra sullo schermo del cellulare)<\/p>\n\n\n\n<figure class=\"wp-block-image size-large is-style-default\"><a href=\"https:\/\/an-carstvoprirode.com\/wp-content\/uploads\/2022\/05\/555.jpg\"><img fetchpriority=\"high\" decoding=\"async\" width=\"1024\" height=\"352\" src=\"https:\/\/an-carstvoprirode.com\/wp-content\/uploads\/2022\/05\/555-1024x352.jpg\" alt=\"\" class=\"wp-image-2592\" srcset=\"https:\/\/an-carstvoprirode.com\/wp-content\/uploads\/2022\/05\/555-1024x352.jpg 1024w, https:\/\/an-carstvoprirode.com\/wp-content\/uploads\/2022\/05\/555-300x103.jpg 300w, https:\/\/an-carstvoprirode.com\/wp-content\/uploads\/2022\/05\/555-768x264.jpg 768w, https:\/\/an-carstvoprirode.com\/wp-content\/uploads\/2022\/05\/555-892x307.jpg 892w, https:\/\/an-carstvoprirode.com\/wp-content\/uploads\/2022\/05\/555.jpg 1164w\" sizes=\"(max-width: 1024px) 100vw, 1024px\" \/><\/a><figcaption><strong>Una delle fonti di acqua potabile, 7.000.000 di litri\/giorno<\/strong><\/figcaption><\/figure>\n\n\n\n<p><\/p>","protected":false},"excerpt":{"rendered":"<p>We have already mentioned that the property is enriched with seven sources of drinking water (see video), which form small rivers (see video) through the property, and a beautiful river Lim (see video) that flows through the terrain (pictures on the right, ie above on the mobile screen)<\/p>","protected":false},"author":1,"featured_media":2573,"parent":42,"menu_order":1,"comment_status":"closed","ping_status":"closed","template":"template-wide-page.php","meta":{"footnotes":""},"class_list":["post-3","page","type-page","status-publish","has-post-thumbnail","hentry"],"_links":{"self":[{"href":"https:\/\/an-carstvoprirode.com\/it\/wp-json\/wp\/v2\/pages\/3","targetHints":{"allow":["GET"]}}],"collection":[{"href":"https:\/\/an-carstvoprirode.com\/it\/wp-json\/wp\/v2\/pages"}],"about":[{"href":"https:\/\/an-carstvoprirode.com\/it\/wp-json\/wp\/v2\/types\/page"}],"author":[{"embeddable":true,"href":"https:\/\/an-carstvoprirode.com\/it\/wp-json\/wp\/v2\/users\/1"}],"replies":[{"embeddable":true,"href":"https:\/\/an-carstvoprirode.com\/it\/wp-json\/wp\/v2\/comments?post=3"}],"version-history":[{"count":14,"href":"https:\/\/an-carstvoprirode.com\/it\/wp-json\/wp\/v2\/pages\/3\/revisions"}],"predecessor-version":[{"id":2957,"href":"https:\/\/an-carstvoprirode.com\/it\/wp-json\/wp\/v2\/pages\/3\/revisions\/2957"}],"up":[{"embeddable":true,"href":"https:\/\/an-carstvoprirode.com\/it\/wp-json\/wp\/v2\/pages\/42"}],"wp:featuredmedia":[{"embeddable":true,"href":"https:\/\/an-carstvoprirode.com\/it\/wp-json\/wp\/v2\/media\/2573"}],"wp:attachment":[{"href":"https:\/\/an-carstvoprirode.com\/it\/wp-json\/wp\/v2\/media?parent=3"}],"curies":[{"name":"wp","href":"https:\/\/api.w.org\/{rel}","templated":true}]}}