{"id":2726,"date":"2022-05-09T11:29:39","date_gmt":"2022-05-09T09:29:39","guid":{"rendered":"https:\/\/an-carstvoprirode.com\/?page_id=2726"},"modified":"2022-05-28T17:54:23","modified_gmt":"2022-05-28T15:54:23","slug":"our-products","status":"publish","type":"page","link":"https:\/\/an-carstvoprirode.com\/it\/our-products\/","title":{"rendered":"I NOSTRI PRODOTTI"},"content":{"rendered":"<div data-elementor-type=\"wp-page\" data-elementor-id=\"2726\" class=\"elementor elementor-2726\">\n\t\t\t\t\t\t<section class=\"elementor-section elementor-top-section elementor-element elementor-element-d19c718 elementor-section-boxed elementor-section-height-default elementor-section-height-default\" data-id=\"d19c718\" data-element_type=\"section\">\n\t\t\t\t\t\t<div class=\"elementor-container elementor-column-gap-default\">\n\t\t\t\t\t<div class=\"elementor-column elementor-col-100 elementor-top-column elementor-element elementor-element-230121e\" data-id=\"230121e\" data-element_type=\"column\">\n\t\t\t<div class=\"elementor-widget-wrap elementor-element-populated\">\n\t\t\t\t\t\t<div class=\"elementor-element elementor-element-c90e678 elementor-widget elementor-widget-text-editor\" data-id=\"c90e678\" data-element_type=\"widget\" data-widget_type=\"text-editor.default\">\n\t\t\t\t<div class=\"elementor-widget-container\">\n\t\t\t<style>\/*! elementor - v3.21.0 - 08-05-2024 *\/\n.elementor-widget-text-editor.elementor-drop-cap-view-stacked .elementor-drop-cap{background-color:#69727d;color:#fff}.elementor-widget-text-editor.elementor-drop-cap-view-framed .elementor-drop-cap{color:#69727d;border:3px solid;background-color:transparent}.elementor-widget-text-editor:not(.elementor-drop-cap-view-default) .elementor-drop-cap{margin-top:8px}.elementor-widget-text-editor:not(.elementor-drop-cap-view-default) .elementor-drop-cap-letter{width:1em;height:1em}.elementor-widget-text-editor .elementor-drop-cap{float:left;text-align:center;line-height:1;font-size:50px}.elementor-widget-text-editor .elementor-drop-cap-letter{display:inline-block}<\/style>\t\t\t\t<p>Pulire <strong>aria non inquinata<\/strong>, pulito e <strong>sana acqua di sorgente<\/strong>, una quantit\u00e0 enorme di<strong> organico<\/strong> frutta e verdura delle nostre piantagioni, produzione secondo <strong>ricette vecchie di centinaia di anni<\/strong>, sono la base e l&#039;ottimo prerequisito per l&#039;ottenimento <strong>medicinali di incredibile qualit\u00e0 ed effetto<\/strong>.<\/p><p>Nei prodotti di \u201cAN Carstvo prirode\u201d, oltre a <strong>possedere<\/strong> <strong>aronia e miele<\/strong>, come prodotto principale dei nostri prodotti, ci sono anche <strong>piante adattogene che sono le piante pi\u00f9 potenti per stimolare le difese naturali dell&#039;organismo<\/strong>.<\/p><p><span class=\"VIiyi\" lang=\"en\"><span class=\"JLqJ4b ChMk0b\" data-language-for-alternatives=\"en\" data-language-to-translate-into=\"hr\" data-phrase-index=\"0\" data-number-of-phrases=\"1\"><span class=\"Q4iAWc\">Potete vedere alcune foto dei nostri prodotti <strong><a href=\"https:\/\/an-carstvoprirode.com\/it\/welcome-to-carstvo-prirode\/improving-your-health\/\" target=\"_blank\" rel=\"noopener\">qui<\/a><\/strong>, e un breve video <span style=\"text-decoration: underline;\"><strong><a href=\"https:\/\/an-carstvoprirode.com\/it\/our-products-short-video\/\" target=\"_blank\" rel=\"noopener\">qui<\/a><\/strong><\/span>.<\/span><\/span><\/span><\/p><p>Otto di queste piante provengono dall&#039;area della Siberia, dai Monti Altai, dall&#039;Iran e dall&#039;India.<\/p>\t\t\t\t\t\t<\/div>\n\t\t\t\t<\/div>\n\t\t\t\t\t<\/div>\n\t\t<\/div>\n\t\t\t\t\t<\/div>\n\t\t<\/section>\n\t\t\t\t<section class=\"elementor-section elementor-top-section elementor-element elementor-element-e35e3e8 elementor-section-boxed elementor-section-height-default elementor-section-height-default\" data-id=\"e35e3e8\" data-element_type=\"section\">\n\t\t\t\t\t\t<div class=\"elementor-container elementor-column-gap-default\">\n\t\t\t\t\t<div class=\"elementor-column elementor-col-100 elementor-top-column elementor-element elementor-element-8fcfcad\" data-id=\"8fcfcad\" data-element_type=\"column\">\n\t\t\t<div class=\"elementor-widget-wrap elementor-element-populated\">\n\t\t\t\t\t\t<div class=\"elementor-element elementor-element-6f523ca elementor-position-top elementor-widget elementor-widget-image-box\" data-id=\"6f523ca\" data-element_type=\"widget\" data-widget_type=\"image-box.default\">\n\t\t\t\t<div class=\"elementor-widget-container\">\n\t\t\t<style>\/*! elementor - v3.21.0 - 08-05-2024 *\/\n.elementor-widget-image-box .elementor-image-box-content{width:100%}@media (min-width:768px){.elementor-widget-image-box.elementor-position-left .elementor-image-box-wrapper,.elementor-widget-image-box.elementor-position-right .elementor-image-box-wrapper{display:flex}.elementor-widget-image-box.elementor-position-right .elementor-image-box-wrapper{text-align:end;flex-direction:row-reverse}.elementor-widget-image-box.elementor-position-left .elementor-image-box-wrapper{text-align:start;flex-direction:row}.elementor-widget-image-box.elementor-position-top .elementor-image-box-img{margin:auto}.elementor-widget-image-box.elementor-vertical-align-top .elementor-image-box-wrapper{align-items:flex-start}.elementor-widget-image-box.elementor-vertical-align-middle .elementor-image-box-wrapper{align-items:center}.elementor-widget-image-box.elementor-vertical-align-bottom .elementor-image-box-wrapper{align-items:flex-end}}@media (max-width:767px){.elementor-widget-image-box .elementor-image-box-img{margin-left:auto!important;margin-right:auto!important;margin-bottom:15px}}.elementor-widget-image-box .elementor-image-box-img{display:inline-block}.elementor-widget-image-box .elementor-image-box-title a{color:inherit}.elementor-widget-image-box .elementor-image-box-wrapper{text-align:center}.elementor-widget-image-box .elementor-image-box-description{margin:0}<\/style><div class=\"elementor-image-box-wrapper\"><figure class=\"elementor-image-box-img\"><img fetchpriority=\"high\" decoding=\"async\" width=\"1024\" height=\"768\" src=\"https:\/\/an-carstvoprirode.com\/wp-content\/uploads\/2022\/05\/01.Caga-Sibir.jpg\" class=\"attachment-full size-full wp-image-2620\" alt=\"\" srcset=\"https:\/\/an-carstvoprirode.com\/wp-content\/uploads\/2022\/05\/01.Caga-Sibir.jpg 1024w, https:\/\/an-carstvoprirode.com\/wp-content\/uploads\/2022\/05\/01.Caga-Sibir-300x225.jpg 300w, https:\/\/an-carstvoprirode.com\/wp-content\/uploads\/2022\/05\/01.Caga-Sibir-768x576.jpg 768w, https:\/\/an-carstvoprirode.com\/wp-content\/uploads\/2022\/05\/01.Caga-Sibir-892x669.jpg 892w\" sizes=\"(max-width: 1024px) 100vw, 1024px\" \/><\/figure><div class=\"elementor-image-box-content\"><h4 class=\"elementor-image-box-title\">1. Fungo Chaga (Inonotus obliquus)<\/h4><p class=\"elementor-image-box-description\">\u00e8 un tipo di fungo che cresce principalmente sulla corteccia delle betulle nei climi freddi, come il Nord Europa, la Siberia. Ad alto contenuto di antiossidanti, i funghi chaga sono stati trovati per aiutare a combattere l&#039;infiammazione. Molti studi mostrano il potenziale dei funghi chaga di rallentare la crescita delle cellule tumorali. Per quelli con insulino-resistenza, sindrome dell&#039;ovaio policistico o diabete di tipo 2, l&#039;uso del fungo chaga pu\u00f2 aiutare a ridurre i livelli di zucchero nel sangue e migliorare la resistenza all&#039;insulina. Con le sue elevate quantit\u00e0 di antiossidanti, i funghi chaga possono anche aiutare a ridurre il colesterolo, che pu\u00f2 ridurre il rischio di malattie cardiache.<\/p><\/div><\/div>\t\t<\/div>\n\t\t\t\t<\/div>\n\t\t\t\t\t<\/div>\n\t\t<\/div>\n\t\t\t\t\t<\/div>\n\t\t<\/section>\n\t\t\t\t<section class=\"elementor-section elementor-top-section elementor-element elementor-element-962f4ba elementor-section-boxed elementor-section-height-default elementor-section-height-default\" data-id=\"962f4ba\" data-element_type=\"section\">\n\t\t\t\t\t\t<div class=\"elementor-container elementor-column-gap-default\">\n\t\t\t\t\t<div class=\"elementor-column elementor-col-100 elementor-top-column elementor-element elementor-element-b81f8d1\" data-id=\"b81f8d1\" data-element_type=\"column\">\n\t\t\t<div class=\"elementor-widget-wrap elementor-element-populated\">\n\t\t\t\t\t\t<div class=\"elementor-element elementor-element-bab8437 elementor-position-top elementor-widget elementor-widget-image-box\" data-id=\"bab8437\" data-element_type=\"widget\" data-widget_type=\"image-box.default\">\n\t\t\t\t<div class=\"elementor-widget-container\">\n\t\t\t<div class=\"elementor-image-box-wrapper\"><figure class=\"elementor-image-box-img\"><img decoding=\"async\" width=\"1024\" height=\"768\" src=\"https:\/\/an-carstvoprirode.com\/wp-content\/uploads\/2022\/05\/02.Shiitake-gljiva-Japan.jpg\" class=\"attachment-full size-full wp-image-2624\" alt=\"\" srcset=\"https:\/\/an-carstvoprirode.com\/wp-content\/uploads\/2022\/05\/02.Shiitake-gljiva-Japan.jpg 1024w, https:\/\/an-carstvoprirode.com\/wp-content\/uploads\/2022\/05\/02.Shiitake-gljiva-Japan-300x225.jpg 300w, https:\/\/an-carstvoprirode.com\/wp-content\/uploads\/2022\/05\/02.Shiitake-gljiva-Japan-768x576.jpg 768w, https:\/\/an-carstvoprirode.com\/wp-content\/uploads\/2022\/05\/02.Shiitake-gljiva-Japan-892x669.jpg 892w\" sizes=\"(max-width: 1024px) 100vw, 1024px\" \/><\/figure><div class=\"elementor-image-box-content\"><h4 class=\"elementor-image-box-title\">2. Fungo Shiitake (Lentinus edodes)<\/h4><p class=\"elementor-image-box-description\">\u00e8 un tipo di fungo commestibile. \u00c8 originario del Giappone e della Cina e contiene una sostanza chimica chiamata lentinan. I funghi shiitake sono i secondi funghi pi\u00f9 consumati al mondo. Lentinan e altre sostanze chimiche nei funghi shiitake potrebbero stimolare il sistema immunitario. Le persone usano il fungo shiitake per migliorare l&#039;immunit\u00e0, HIV\/AIDS, raffreddore, influenza e molte altre condizioni.<\/p><\/div><\/div>\t\t<\/div>\n\t\t\t\t<\/div>\n\t\t\t\t\t<\/div>\n\t\t<\/div>\n\t\t\t\t\t<\/div>\n\t\t<\/section>\n\t\t\t\t<section class=\"elementor-section elementor-top-section elementor-element elementor-element-6e3af32 elementor-section-boxed elementor-section-height-default elementor-section-height-default\" data-id=\"6e3af32\" data-element_type=\"section\">\n\t\t\t\t\t\t<div class=\"elementor-container elementor-column-gap-default\">\n\t\t\t\t\t<div class=\"elementor-column elementor-col-100 elementor-top-column elementor-element elementor-element-a5c1f9f\" data-id=\"a5c1f9f\" data-element_type=\"column\">\n\t\t\t<div class=\"elementor-widget-wrap elementor-element-populated\">\n\t\t\t\t\t\t<div class=\"elementor-element elementor-element-057d819 elementor-position-top elementor-widget elementor-widget-image-box\" data-id=\"057d819\" data-element_type=\"widget\" data-widget_type=\"image-box.default\">\n\t\t\t\t<div class=\"elementor-widget-container\">\n\t\t\t<div class=\"elementor-image-box-wrapper\"><figure class=\"elementor-image-box-img\"><img decoding=\"async\" width=\"1024\" height=\"768\" src=\"https:\/\/an-carstvoprirode.com\/wp-content\/uploads\/2022\/05\/03.Zlatni-korijen-iz-Sibira.jpg\" class=\"attachment-full size-full wp-image-2623\" alt=\"\" srcset=\"https:\/\/an-carstvoprirode.com\/wp-content\/uploads\/2022\/05\/03.Zlatni-korijen-iz-Sibira.jpg 1024w, https:\/\/an-carstvoprirode.com\/wp-content\/uploads\/2022\/05\/03.Zlatni-korijen-iz-Sibira-300x225.jpg 300w, https:\/\/an-carstvoprirode.com\/wp-content\/uploads\/2022\/05\/03.Zlatni-korijen-iz-Sibira-768x576.jpg 768w, https:\/\/an-carstvoprirode.com\/wp-content\/uploads\/2022\/05\/03.Zlatni-korijen-iz-Sibira-892x669.jpg 892w\" sizes=\"(max-width: 1024px) 100vw, 1024px\" \/><\/figure><div class=\"elementor-image-box-content\"><h4 class=\"elementor-image-box-title\">3. La radice d&#039;oro (Rhodiola rosea)<\/h4><p class=\"elementor-image-box-description\">\u00e8 una pianta da fiore che migliora l&#039;umore che \u00e8 stata utilizzata nella medicina tradizionale per molti anni. Russi, scandinavi e altri luoghi freddi e montuosi hanno usato questa erba per generazioni per far fronte alle temperature estreme. Secondo le prove scientifiche, la radice d&#039;oro \u00e8 un adattogeno che aiuta a ridurre lo stress nelle persone. Contiene diversi componenti attivi che hanno il potenziale di influenzare i livelli e le attivit\u00e0 dei neurotrasmettitori, nonch\u00e9 gli ormoni che regolano i sentimenti e le emozioni di una persona. Ansia, tristezza, esaurimento, anemia e mal di testa sono tra i disturbi che alcune persone credono che la pianta possa aiuto.<\/p><\/div><\/div>\t\t<\/div>\n\t\t\t\t<\/div>\n\t\t\t\t\t<\/div>\n\t\t<\/div>\n\t\t\t\t\t<\/div>\n\t\t<\/section>\n\t\t\t\t<section class=\"elementor-section elementor-top-section elementor-element elementor-element-b50f970 elementor-section-boxed elementor-section-height-default elementor-section-height-default\" data-id=\"b50f970\" data-element_type=\"section\">\n\t\t\t\t\t\t<div class=\"elementor-container elementor-column-gap-default\">\n\t\t\t\t\t<div class=\"elementor-column elementor-col-100 elementor-top-column elementor-element elementor-element-8aece1c\" data-id=\"8aece1c\" data-element_type=\"column\">\n\t\t\t<div class=\"elementor-widget-wrap elementor-element-populated\">\n\t\t\t\t\t\t<div class=\"elementor-element elementor-element-6990f3f elementor-position-top elementor-widget elementor-widget-image-box\" data-id=\"6990f3f\" data-element_type=\"widget\" data-widget_type=\"image-box.default\">\n\t\t\t\t<div class=\"elementor-widget-container\">\n\t\t\t<div class=\"elementor-image-box-wrapper\"><figure class=\"elementor-image-box-img\"><img loading=\"lazy\" decoding=\"async\" width=\"1024\" height=\"768\" src=\"https:\/\/an-carstvoprirode.com\/wp-content\/uploads\/2022\/05\/04.Cordyceps-gljiva-iz-Tibeta.jpg\" class=\"attachment-full size-full wp-image-2621\" alt=\"\" srcset=\"https:\/\/an-carstvoprirode.com\/wp-content\/uploads\/2022\/05\/04.Cordyceps-gljiva-iz-Tibeta.jpg 1024w, https:\/\/an-carstvoprirode.com\/wp-content\/uploads\/2022\/05\/04.Cordyceps-gljiva-iz-Tibeta-300x225.jpg 300w, https:\/\/an-carstvoprirode.com\/wp-content\/uploads\/2022\/05\/04.Cordyceps-gljiva-iz-Tibeta-768x576.jpg 768w, https:\/\/an-carstvoprirode.com\/wp-content\/uploads\/2022\/05\/04.Cordyceps-gljiva-iz-Tibeta-892x669.jpg 892w\" sizes=\"(max-width: 1024px) 100vw, 1024px\" \/><\/figure><div class=\"elementor-image-box-content\"><h4 class=\"elementor-image-box-title\">4. Cordyceps (Cordyceps militaris) <\/h4><p class=\"elementor-image-box-description\">\u00e8 usato nella medicina alternativa, come stimolatore di energia naturale. I sostenitori affermano anche che il cordyceps pu\u00f2 proteggere da problemi di salute come asma, depressione, diabete, affaticamento, colesterolo alto e infezioni del tratto respiratorio superiore. Cordyceps \u00e8 anche preteso per aumentare le prestazioni atletiche.<\/p><\/div><\/div>\t\t<\/div>\n\t\t\t\t<\/div>\n\t\t\t\t\t<\/div>\n\t\t<\/div>\n\t\t\t\t\t<\/div>\n\t\t<\/section>\n\t\t\t\t<section class=\"elementor-section elementor-top-section elementor-element elementor-element-5a50fc8 elementor-section-boxed elementor-section-height-default elementor-section-height-default\" data-id=\"5a50fc8\" data-element_type=\"section\">\n\t\t\t\t\t\t<div class=\"elementor-container elementor-column-gap-default\">\n\t\t\t\t\t<div class=\"elementor-column elementor-col-100 elementor-top-column elementor-element elementor-element-48d71f1\" data-id=\"48d71f1\" data-element_type=\"column\">\n\t\t\t<div class=\"elementor-widget-wrap elementor-element-populated\">\n\t\t\t\t\t\t<div class=\"elementor-element elementor-element-2b7be15 elementor-position-top elementor-widget elementor-widget-image-box\" data-id=\"2b7be15\" data-element_type=\"widget\" data-widget_type=\"image-box.default\">\n\t\t\t\t<div class=\"elementor-widget-container\">\n\t\t\t<div class=\"elementor-image-box-wrapper\"><figure class=\"elementor-image-box-img\"><img loading=\"lazy\" decoding=\"async\" width=\"1024\" height=\"768\" src=\"https:\/\/an-carstvoprirode.com\/wp-content\/uploads\/2022\/05\/05.Mumio-iz-Sibira-Altajska-suza.jpg\" class=\"attachment-full size-full wp-image-2625\" alt=\"\" srcset=\"https:\/\/an-carstvoprirode.com\/wp-content\/uploads\/2022\/05\/05.Mumio-iz-Sibira-Altajska-suza.jpg 1024w, https:\/\/an-carstvoprirode.com\/wp-content\/uploads\/2022\/05\/05.Mumio-iz-Sibira-Altajska-suza-300x225.jpg 300w, https:\/\/an-carstvoprirode.com\/wp-content\/uploads\/2022\/05\/05.Mumio-iz-Sibira-Altajska-suza-768x576.jpg 768w, https:\/\/an-carstvoprirode.com\/wp-content\/uploads\/2022\/05\/05.Mumio-iz-Sibira-Altajska-suza-892x669.jpg 892w\" sizes=\"(max-width: 1024px) 100vw, 1024px\" \/><\/figure><div class=\"elementor-image-box-content\"><h4 class=\"elementor-image-box-title\">5. Moomiyo (Shilajit) <\/h4><p class=\"elementor-image-box-description\">\u00e8 la migliore materia adattogena che la natura offre. Queste propriet\u00e0 adattogene aiutano il corpo a riprendersi pi\u00f9 velocemente dallo stress e dalla fatica sia mentali (emotivi) che fisici.<\/p><\/div><\/div>\t\t<\/div>\n\t\t\t\t<\/div>\n\t\t\t\t\t<\/div>\n\t\t<\/div>\n\t\t\t\t\t<\/div>\n\t\t<\/section>\n\t\t\t\t<section class=\"elementor-section elementor-top-section elementor-element elementor-element-d48a6b0 elementor-section-boxed elementor-section-height-default elementor-section-height-default\" data-id=\"d48a6b0\" data-element_type=\"section\">\n\t\t\t\t\t\t<div class=\"elementor-container elementor-column-gap-default\">\n\t\t\t\t\t<div class=\"elementor-column elementor-col-100 elementor-top-column elementor-element elementor-element-f525da0\" data-id=\"f525da0\" data-element_type=\"column\">\n\t\t\t<div class=\"elementor-widget-wrap elementor-element-populated\">\n\t\t\t\t\t\t<div class=\"elementor-element elementor-element-9f2bb0b elementor-position-top elementor-widget elementor-widget-image-box\" data-id=\"9f2bb0b\" data-element_type=\"widget\" data-widget_type=\"image-box.default\">\n\t\t\t\t<div class=\"elementor-widget-container\">\n\t\t\t<div class=\"elementor-image-box-wrapper\"><figure class=\"elementor-image-box-img\"><img loading=\"lazy\" decoding=\"async\" width=\"1024\" height=\"768\" src=\"https:\/\/an-carstvoprirode.com\/wp-content\/uploads\/2022\/05\/06.Reishi_gljiva-kina_1.jpg\" class=\"attachment-full size-full wp-image-2622\" alt=\"\" srcset=\"https:\/\/an-carstvoprirode.com\/wp-content\/uploads\/2022\/05\/06.Reishi_gljiva-kina_1.jpg 1024w, https:\/\/an-carstvoprirode.com\/wp-content\/uploads\/2022\/05\/06.Reishi_gljiva-kina_1-300x225.jpg 300w, https:\/\/an-carstvoprirode.com\/wp-content\/uploads\/2022\/05\/06.Reishi_gljiva-kina_1-768x576.jpg 768w, https:\/\/an-carstvoprirode.com\/wp-content\/uploads\/2022\/05\/06.Reishi_gljiva-kina_1-892x669.jpg 892w\" sizes=\"(max-width: 1024px) 100vw, 1024px\" \/><\/figure><div class=\"elementor-image-box-content\"><h4 class=\"elementor-image-box-title\">6. Fungo Reishi (Ganoderma lucidum) <\/h4><p class=\"elementor-image-box-description\">\u00e8 un fungo dal sapore amaro che ha alcuni importanti effetti sulla salute sul sistema immunitario. Il fungo Reishi \u00e8 usato per il morbo di Alzheimer, il cancro, il diabete, l&#039;herpes labiale e molte altre condizioni. Pi\u00f9 recentemente, sono stati utilizzati anche nel trattamento delle malattie polmonari e del cancro. I funghi medicinali sono stati approvati in aggiunta ai trattamenti standard contro il cancro in Giappone e Cina per pi\u00f9 di 30 anni e hanno una vasta storia clinica di uso sicuro come agenti singoli o combinati con la chemioterapia.<\/p><\/div><\/div>\t\t<\/div>\n\t\t\t\t<\/div>\n\t\t\t\t\t<\/div>\n\t\t<\/div>\n\t\t\t\t\t<\/div>\n\t\t<\/section>\n\t\t\t\t<section class=\"elementor-section elementor-top-section elementor-element elementor-element-b042f85 elementor-section-boxed elementor-section-height-default elementor-section-height-default\" data-id=\"b042f85\" data-element_type=\"section\">\n\t\t\t\t\t\t<div class=\"elementor-container elementor-column-gap-default\">\n\t\t\t\t\t<div class=\"elementor-column elementor-col-100 elementor-top-column elementor-element elementor-element-ef337fe\" data-id=\"ef337fe\" data-element_type=\"column\">\n\t\t\t<div class=\"elementor-widget-wrap elementor-element-populated\">\n\t\t\t\t\t\t<div class=\"elementor-element elementor-element-f293722 elementor-position-top elementor-widget elementor-widget-image-box\" data-id=\"f293722\" data-element_type=\"widget\" data-widget_type=\"image-box.default\">\n\t\t\t\t<div class=\"elementor-widget-container\">\n\t\t\t<div class=\"elementor-image-box-wrapper\"><figure class=\"elementor-image-box-img\"><img loading=\"lazy\" decoding=\"async\" width=\"1024\" height=\"768\" src=\"https:\/\/an-carstvoprirode.com\/wp-content\/uploads\/2022\/05\/07.Schisandra-plant.jpg\" class=\"attachment-full size-full wp-image-2626\" alt=\"\" srcset=\"https:\/\/an-carstvoprirode.com\/wp-content\/uploads\/2022\/05\/07.Schisandra-plant.jpg 1024w, https:\/\/an-carstvoprirode.com\/wp-content\/uploads\/2022\/05\/07.Schisandra-plant-300x225.jpg 300w, https:\/\/an-carstvoprirode.com\/wp-content\/uploads\/2022\/05\/07.Schisandra-plant-768x576.jpg 768w, https:\/\/an-carstvoprirode.com\/wp-content\/uploads\/2022\/05\/07.Schisandra-plant-892x669.jpg 892w\" sizes=\"(max-width: 1024px) 100vw, 1024px\" \/><\/figure><div class=\"elementor-image-box-content\"><h4 class=\"elementor-image-box-title\">7. Pianta di Schisandra (Schisandra chinensis) <\/h4><p class=\"elementor-image-box-description\">\u00e8 una vite rampicante. Produce le bacche rosse che sono state per secoli una delle tante importanti medicine tradizionali cinesi. Schisandra sostiene la salute delle ghiandole surrenali, combatte lo stress e lo sviluppo di malattie, pu\u00f2 proteggere dai danni al fegato, fornisce un effetto calmante, favorisce il sonno, pu\u00f2 ridurre la pressione sanguigna e il colesterolo, pu\u00f2 aiutare a ridurre la crescita del tumore.<\/p><\/div><\/div>\t\t<\/div>\n\t\t\t\t<\/div>\n\t\t\t\t\t<\/div>\n\t\t<\/div>\n\t\t\t\t\t<\/div>\n\t\t<\/section>\n\t\t\t\t<section class=\"elementor-section elementor-top-section elementor-element elementor-element-0fb0dd1 elementor-section-boxed elementor-section-height-default elementor-section-height-default\" data-id=\"0fb0dd1\" data-element_type=\"section\">\n\t\t\t\t\t\t<div class=\"elementor-container elementor-column-gap-default\">\n\t\t\t\t\t<div class=\"elementor-column elementor-col-100 elementor-top-column elementor-element elementor-element-4c63764\" data-id=\"4c63764\" data-element_type=\"column\">\n\t\t\t<div class=\"elementor-widget-wrap elementor-element-populated\">\n\t\t\t\t\t\t<div class=\"elementor-element elementor-element-582ff75 elementor-position-top elementor-widget elementor-widget-image-box\" data-id=\"582ff75\" data-element_type=\"widget\" data-widget_type=\"image-box.default\">\n\t\t\t\t<div class=\"elementor-widget-container\">\n\t\t\t<div class=\"elementor-image-box-wrapper\"><figure class=\"elementor-image-box-img\"><img loading=\"lazy\" decoding=\"async\" width=\"1024\" height=\"768\" src=\"https:\/\/an-carstvoprirode.com\/wp-content\/uploads\/2022\/05\/8.Ashwagandha.jpg\" class=\"attachment-full size-full wp-image-2627\" alt=\"\" srcset=\"https:\/\/an-carstvoprirode.com\/wp-content\/uploads\/2022\/05\/8.Ashwagandha.jpg 1024w, https:\/\/an-carstvoprirode.com\/wp-content\/uploads\/2022\/05\/8.Ashwagandha-300x225.jpg 300w, https:\/\/an-carstvoprirode.com\/wp-content\/uploads\/2022\/05\/8.Ashwagandha-768x576.jpg 768w, https:\/\/an-carstvoprirode.com\/wp-content\/uploads\/2022\/05\/8.Ashwagandha-892x669.jpg 892w\" sizes=\"(max-width: 1024px) 100vw, 1024px\" \/><\/figure><div class=\"elementor-image-box-content\"><h4 class=\"elementor-image-box-title\">8. Ashwagandha (Withania somnifera)<\/h4><p class=\"elementor-image-box-description\">\u00c8 stato utilizzato per pi\u00f9 di 2.500 anni. In realt\u00e0 \u00e8 l&#039;erba adattogena pi\u00f9 comunemente usata e ampiamente studiata. L&#039;Ashwagandha \u00e8 apprezzato per le sue propriet\u00e0 di modulazione della tiroide, neuroprotettive, ansiolitiche, antidepressive e antinfiammatorie, che sono solo alcuni dei suoi numerosi benefici.<\/p><\/div><\/div>\t\t<\/div>\n\t\t\t\t<\/div>\n\t\t\t\t\t<\/div>\n\t\t<\/div>\n\t\t\t\t\t<\/div>\n\t\t<\/section>\n\t\t\t\t<\/div>","protected":false},"excerpt":{"rendered":"<p>Clean unpolluted air, clean and healthy spring water, a huge amount of organic fruits and vegetables from our own plantations, production according to recipes hundreds of years old, are the basis and excellent prerequisite for obtaining medicinal products of incredible quality and effect. In the products of \u201cAN Carstvo prirode\u201d, in addition to own chokeberry [&hellip;]<\/p>","protected":false},"author":1,"featured_media":3344,"parent":0,"menu_order":0,"comment_status":"closed","ping_status":"closed","template":"","meta":{"footnotes":""},"class_list":["post-2726","page","type-page","status-publish","has-post-thumbnail","hentry"],"_links":{"self":[{"href":"https:\/\/an-carstvoprirode.com\/it\/wp-json\/wp\/v2\/pages\/2726","targetHints":{"allow":["GET"]}}],"collection":[{"href":"https:\/\/an-carstvoprirode.com\/it\/wp-json\/wp\/v2\/pages"}],"about":[{"href":"https:\/\/an-carstvoprirode.com\/it\/wp-json\/wp\/v2\/types\/page"}],"author":[{"embeddable":true,"href":"https:\/\/an-carstvoprirode.com\/it\/wp-json\/wp\/v2\/users\/1"}],"replies":[{"embeddable":true,"href":"https:\/\/an-carstvoprirode.com\/it\/wp-json\/wp\/v2\/comments?post=2726"}],"version-history":[{"count":58,"href":"https:\/\/an-carstvoprirode.com\/it\/wp-json\/wp\/v2\/pages\/2726\/revisions"}],"predecessor-version":[{"id":3345,"href":"https:\/\/an-carstvoprirode.com\/it\/wp-json\/wp\/v2\/pages\/2726\/revisions\/3345"}],"wp:featuredmedia":[{"embeddable":true,"href":"https:\/\/an-carstvoprirode.com\/it\/wp-json\/wp\/v2\/media\/3344"}],"wp:attachment":[{"href":"https:\/\/an-carstvoprirode.com\/it\/wp-json\/wp\/v2\/media?parent=2726"}],"curies":[{"name":"wp","href":"https:\/\/api.w.org\/{rel}","templated":true}]}}