{"id":130,"date":"2018-11-13T14:42:25","date_gmt":"2018-11-13T13:42:25","guid":{"rendered":"https:\/\/themes.getmotopress.com\/palmeria\/?page_id=130"},"modified":"2022-05-28T16:09:16","modified_gmt":"2022-05-28T14:09:16","slug":"about-carstvo-prirode","status":"publish","type":"page","link":"https:\/\/an-carstvoprirode.com\/it\/about-carstvo-prirode\/","title":{"rendered":"Informazioni su \u201cAN Carstvo Prirode\u201d"},"content":{"rendered":"<div class=\"wp-block-columns has-2-columns is-layout-flex wp-container-core-columns-is-layout-9d6595d7 wp-block-columns-is-layout-flex\">\n<div class=\"wp-block-column is-layout-flow wp-block-column-is-layout-flow\">\n<figure class=\"wp-block-image size-large\"><img fetchpriority=\"high\" decoding=\"async\" width=\"768\" height=\"1024\" src=\"https:\/\/an-carstvoprirode.com\/wp-content\/uploads\/2022\/05\/IMG-e00a0c5296e7a97cf19c6dff6b185891-V-768x1024.jpg\" alt=\"\" class=\"wp-image-2674\" srcset=\"https:\/\/an-carstvoprirode.com\/wp-content\/uploads\/2022\/05\/IMG-e00a0c5296e7a97cf19c6dff6b185891-V-768x1024.jpg 768w, https:\/\/an-carstvoprirode.com\/wp-content\/uploads\/2022\/05\/IMG-e00a0c5296e7a97cf19c6dff6b185891-V-225x300.jpg 225w, https:\/\/an-carstvoprirode.com\/wp-content\/uploads\/2022\/05\/IMG-e00a0c5296e7a97cf19c6dff6b185891-V-892x1189.jpg 892w, https:\/\/an-carstvoprirode.com\/wp-content\/uploads\/2022\/05\/IMG-e00a0c5296e7a97cf19c6dff6b185891-V.jpg 960w\" sizes=\"(max-width: 768px) 100vw, 768px\" \/><\/figure>\n<\/div>\n\n\n\n<div class=\"wp-block-column is-layout-flow wp-block-column-is-layout-flow\">\n<p>Siamo un team di persone giovani e istruite che sono impegnate nella produzione di preparati a base di erbe per rafforzare l&#039;immunit\u00e0 e migliorare la salute umana.<br><br>Tutti i prodotti della nostra gamma sono stati creati in condizioni rigorosamente controllate secondo i pi\u00f9 elevati standard ambientali.<\/p>\n\n\n\n<p>Le ricette dei nostri elisir di erbe sono state preparate rispettando antiche conoscenze raccolte da una moltitudine di libri di erboristeria oltre che seguendo le ultime ricerche nei campi della medicina, medicina alternativa e farmacia. Dietro ogni nostro prodotto c&#039;\u00e8 la conoscenza, l&#039;impegno e la fiducia che ci\u00f2 che utilizziamo per la nostra produzione \u00e8 davvero il meglio che la natura ha da offrire.<\/p>\n\n\n\n<p>Se vuoi migliorare la tua salute, sei nel posto giusto!<\/p>\n<\/div>\n<\/div>\n\n\n\n<div class=\"wp-block-columns has-2-columns is-layout-flex wp-container-core-columns-is-layout-9d6595d7 wp-block-columns-is-layout-flex\">\n<div class=\"wp-block-column is-layout-flow wp-block-column-is-layout-flow\">\n<h2 class=\"wp-block-heading\"><strong>Utilizzo di risorse provenienti da proprie piantagioni di prodotti biologici e proprie fonti di acqua sana<\/strong><\/h2>\n<\/div>\n\n\n\n<div class=\"wp-block-column is-layout-flow wp-block-column-is-layout-flow\">\n<p class=\" translation-block\">Fonti di acqua potabile capacit\u00e0 7.000.000 di lit \/ giorno<br> 60.000 piantine di aronia siberiana \u2013 Nero<\/p>\n\n\n\n<p>Piantagione di meleti autoctoni;<\/p>\n\n\n\n<p>Croccante piantagione di ciliegi, 5000 alberi;<\/p>\n\n\n\n<p>Piantagione di pereti autoctoni<\/p>\n\n\n\n<p>Piantagione di uva rossa;<\/p>\n\n\n\n<p>Piantagione di albicocche;<\/p>\n\n\n\n<p>Piantagione di pesche cardinali;<\/p>\n\n\n\n<p>Piantagione di ciliegie autoctone \u201cOblo\u010danka\u201d<\/p>\n\n\n\n<p>Piantagione di ribes;<\/p>\n\n\n\n<p>Piantagione di susino autoctono \u201cPo\u017eega\u010da\u201d.<\/p>\n\n\n\n<p>Il tuo patrocinio ci aiuta a mantenere l&#039;area sottosviluppata e preservata affinch\u00e9 le generazioni future la godano e la esplorino.<\/p>\n\n\n\n<p>150 alveari di api<\/p>\n<\/div>\n<\/div>\n\n\n\n<hr class=\"wp-block-separator has-css-opacity is-style-wide\"\/>\n\n\n\n<h2 class=\"has-text-align-center wp-block-heading\"><strong>I nostri servizi<\/strong><\/h2>\n\n\n\n<div class=\"wp-block-columns has-3-columns is-layout-flex wp-container-core-columns-is-layout-9d6595d7 wp-block-columns-is-layout-flex\">\n<div class=\"wp-block-column is-layout-flow wp-block-column-is-layout-flow\">\n<figure class=\"wp-block-image size-full\"><a href=\"https:\/\/an-carstvoprirode.com\/wp-content\/uploads\/2022\/05\/IMG-e4f921dce615c0e46b2f092e0e36651b-V.jpg\"><img decoding=\"async\" width=\"1024\" height=\"683\" src=\"https:\/\/an-carstvoprirode.com\/wp-content\/uploads\/2022\/05\/IMG-e4f921dce615c0e46b2f092e0e36651b-V.jpg\" alt=\"\" class=\"wp-image-2681\" srcset=\"https:\/\/an-carstvoprirode.com\/wp-content\/uploads\/2022\/05\/IMG-e4f921dce615c0e46b2f092e0e36651b-V.jpg 1024w, https:\/\/an-carstvoprirode.com\/wp-content\/uploads\/2022\/05\/IMG-e4f921dce615c0e46b2f092e0e36651b-V-300x200.jpg 300w, https:\/\/an-carstvoprirode.com\/wp-content\/uploads\/2022\/05\/IMG-e4f921dce615c0e46b2f092e0e36651b-V-768x512.jpg 768w, https:\/\/an-carstvoprirode.com\/wp-content\/uploads\/2022\/05\/IMG-e4f921dce615c0e46b2f092e0e36651b-V-892x594.jpg 892w, https:\/\/an-carstvoprirode.com\/wp-content\/uploads\/2022\/05\/IMG-e4f921dce615c0e46b2f092e0e36651b-V-150x100.jpg 150w\" sizes=\"(max-width: 1024px) 100vw, 1024px\" \/><\/a><\/figure>\n\n\n\n<h5 class=\"wp-block-heading\"><strong>Proprie piantagioni<\/strong><\/h5>\n\n\n\n<p>con un gran numero di piantine di vari frutti e ortaggi di produzione biologica.<\/p>\n<\/div>\n\n\n\n<div class=\"wp-block-column is-layout-flow wp-block-column-is-layout-flow\">\n<figure class=\"wp-block-image size-full\"><a href=\"https:\/\/an-carstvoprirode.com\/wp-content\/uploads\/2022\/05\/IMG-25c45d910c621f04930ac1b52750c3fd-V-1.jpg\"><img decoding=\"async\" width=\"1024\" height=\"684\" src=\"https:\/\/an-carstvoprirode.com\/wp-content\/uploads\/2022\/05\/IMG-25c45d910c621f04930ac1b52750c3fd-V-1.jpg\" alt=\"\" class=\"wp-image-2683\" srcset=\"https:\/\/an-carstvoprirode.com\/wp-content\/uploads\/2022\/05\/IMG-25c45d910c621f04930ac1b52750c3fd-V-1.jpg 1024w, https:\/\/an-carstvoprirode.com\/wp-content\/uploads\/2022\/05\/IMG-25c45d910c621f04930ac1b52750c3fd-V-1-300x200.jpg 300w, https:\/\/an-carstvoprirode.com\/wp-content\/uploads\/2022\/05\/IMG-25c45d910c621f04930ac1b52750c3fd-V-1-768x513.jpg 768w, https:\/\/an-carstvoprirode.com\/wp-content\/uploads\/2022\/05\/IMG-25c45d910c621f04930ac1b52750c3fd-V-1-892x596.jpg 892w, https:\/\/an-carstvoprirode.com\/wp-content\/uploads\/2022\/05\/IMG-25c45d910c621f04930ac1b52750c3fd-V-1-150x100.jpg 150w\" sizes=\"(max-width: 1024px) 100vw, 1024px\" \/><\/a><\/figure>\n\n\n\n<h5 class=\"wp-block-heading\"><strong>Fonti d&#039;acqua proprie<\/strong><\/h5>\n\n\n\n<p>ottima qualit\u00e0, senza ingredienti nocivi, senza sodio, pronto all&#039;uso senza lavorazione.<\/p>\n<\/div>\n\n\n\n<div class=\"wp-block-column is-layout-flow wp-block-column-is-layout-flow\">\n<figure class=\"wp-block-image size-full\"><a href=\"https:\/\/an-carstvoprirode.com\/wp-content\/uploads\/2022\/05\/IMG-d636cbd219cb147e2723b3ab7d96b93a-V.jpg\"><img loading=\"lazy\" decoding=\"async\" width=\"1024\" height=\"683\" src=\"https:\/\/an-carstvoprirode.com\/wp-content\/uploads\/2022\/05\/IMG-d636cbd219cb147e2723b3ab7d96b93a-V.jpg\" alt=\"\" class=\"wp-image-2686\" srcset=\"https:\/\/an-carstvoprirode.com\/wp-content\/uploads\/2022\/05\/IMG-d636cbd219cb147e2723b3ab7d96b93a-V.jpg 1024w, https:\/\/an-carstvoprirode.com\/wp-content\/uploads\/2022\/05\/IMG-d636cbd219cb147e2723b3ab7d96b93a-V-300x200.jpg 300w, https:\/\/an-carstvoprirode.com\/wp-content\/uploads\/2022\/05\/IMG-d636cbd219cb147e2723b3ab7d96b93a-V-768x512.jpg 768w, https:\/\/an-carstvoprirode.com\/wp-content\/uploads\/2022\/05\/IMG-d636cbd219cb147e2723b3ab7d96b93a-V-892x594.jpg 892w, https:\/\/an-carstvoprirode.com\/wp-content\/uploads\/2022\/05\/IMG-d636cbd219cb147e2723b3ab7d96b93a-V-150x100.jpg 150w\" sizes=\"(max-width: 1024px) 100vw, 1024px\" \/><\/a><\/figure>\n\n\n\n<h5 class=\"wp-block-heading\"><strong>Dipendenti laboriosi e qualificati<\/strong><\/h5>\n\n\n\n<p>piantare piantine, manutenzione, raccolta della frutta, lavorazione: tutti i lavori sono svolti da personale qualificato e professionale<\/p>\n<\/div>\n<\/div>\n\n\n\n<div class=\"wp-block-columns has-3-columns is-layout-flex wp-container-core-columns-is-layout-9d6595d7 wp-block-columns-is-layout-flex\">\n<div class=\"wp-block-column is-layout-flow wp-block-column-is-layout-flow\">\n<figure class=\"wp-block-image size-full\"><a href=\"https:\/\/an-carstvoprirode.com\/wp-content\/uploads\/2022\/05\/Snimak-ekrana-334.png\"><img loading=\"lazy\" decoding=\"async\" width=\"1024\" height=\"683\" src=\"https:\/\/an-carstvoprirode.com\/wp-content\/uploads\/2022\/05\/Snimak-ekrana-334.png\" alt=\"\" class=\"wp-image-2690\" srcset=\"https:\/\/an-carstvoprirode.com\/wp-content\/uploads\/2022\/05\/Snimak-ekrana-334.png 1024w, https:\/\/an-carstvoprirode.com\/wp-content\/uploads\/2022\/05\/Snimak-ekrana-334-300x200.png 300w, https:\/\/an-carstvoprirode.com\/wp-content\/uploads\/2022\/05\/Snimak-ekrana-334-768x512.png 768w, https:\/\/an-carstvoprirode.com\/wp-content\/uploads\/2022\/05\/Snimak-ekrana-334-892x594.png 892w, https:\/\/an-carstvoprirode.com\/wp-content\/uploads\/2022\/05\/Snimak-ekrana-334-150x100.png 150w\" sizes=\"(max-width: 1024px) 100vw, 1024px\" \/><\/a><\/figure>\n\n\n\n<h5 class=\"wp-block-heading\"><strong>Vecchie ricette<\/strong><\/h5>\n\n\n\n<p>la produzione avviene secondo antiche ricette, la cottura \u00e8 a fuoco da legno sano.<\/p>\n<\/div>\n\n\n\n<div class=\"wp-block-column is-layout-flow wp-block-column-is-layout-flow\">\n<figure class=\"wp-block-image size-full\"><a href=\"https:\/\/an-carstvoprirode.com\/wp-content\/uploads\/2022\/05\/IMG-b53ae115b270b5cf53035d9e1a5c05f2-V.jpg\"><img loading=\"lazy\" decoding=\"async\" width=\"1024\" height=\"683\" src=\"https:\/\/an-carstvoprirode.com\/wp-content\/uploads\/2022\/05\/IMG-b53ae115b270b5cf53035d9e1a5c05f2-V.jpg\" alt=\"\" class=\"wp-image-2692\" srcset=\"https:\/\/an-carstvoprirode.com\/wp-content\/uploads\/2022\/05\/IMG-b53ae115b270b5cf53035d9e1a5c05f2-V.jpg 1024w, https:\/\/an-carstvoprirode.com\/wp-content\/uploads\/2022\/05\/IMG-b53ae115b270b5cf53035d9e1a5c05f2-V-300x200.jpg 300w, https:\/\/an-carstvoprirode.com\/wp-content\/uploads\/2022\/05\/IMG-b53ae115b270b5cf53035d9e1a5c05f2-V-768x512.jpg 768w, https:\/\/an-carstvoprirode.com\/wp-content\/uploads\/2022\/05\/IMG-b53ae115b270b5cf53035d9e1a5c05f2-V-892x594.jpg 892w, https:\/\/an-carstvoprirode.com\/wp-content\/uploads\/2022\/05\/IMG-b53ae115b270b5cf53035d9e1a5c05f2-V-150x100.jpg 150w\" sizes=\"(max-width: 1024px) 100vw, 1024px\" \/><\/a><\/figure>\n\n\n\n<h5 class=\"wp-block-heading\"><strong>Servizio Clienti<\/strong><\/h5>\n\n\n\n<p>Monitoriamo l&#039;evolversi della situazione con i nostri utenti, li visitiamo mentre usano le nostre terapie e dopo e siamo sempre aggiornati.<\/p>\n<\/div>\n\n\n\n<div class=\"wp-block-column is-layout-flow wp-block-column-is-layout-flow\">\n<figure class=\"wp-block-image size-full\"><a href=\"https:\/\/an-carstvoprirode.com\/wp-content\/uploads\/2022\/05\/IMG-8550078503ff616d63b1ec4d7fcfa9ad-V.jpg\"><img loading=\"lazy\" decoding=\"async\" width=\"1024\" height=\"683\" src=\"https:\/\/an-carstvoprirode.com\/wp-content\/uploads\/2022\/05\/IMG-8550078503ff616d63b1ec4d7fcfa9ad-V.jpg\" alt=\"\" class=\"wp-image-2694\" srcset=\"https:\/\/an-carstvoprirode.com\/wp-content\/uploads\/2022\/05\/IMG-8550078503ff616d63b1ec4d7fcfa9ad-V.jpg 1024w, https:\/\/an-carstvoprirode.com\/wp-content\/uploads\/2022\/05\/IMG-8550078503ff616d63b1ec4d7fcfa9ad-V-300x200.jpg 300w, https:\/\/an-carstvoprirode.com\/wp-content\/uploads\/2022\/05\/IMG-8550078503ff616d63b1ec4d7fcfa9ad-V-768x512.jpg 768w, https:\/\/an-carstvoprirode.com\/wp-content\/uploads\/2022\/05\/IMG-8550078503ff616d63b1ec4d7fcfa9ad-V-892x594.jpg 892w, https:\/\/an-carstvoprirode.com\/wp-content\/uploads\/2022\/05\/IMG-8550078503ff616d63b1ec4d7fcfa9ad-V-150x100.jpg 150w\" sizes=\"(max-width: 1024px) 100vw, 1024px\" \/><\/a><\/figure>\n\n\n\n<h5 class=\"wp-block-heading\"><strong>Premi<\/strong><\/h5>\n\n\n\n<p>Molte organizzazioni hanno riconosciuto la qualit\u00e0 dei nostri prodotti, il nostro impegno nei confronti dei clienti e ci hanno riconosciuto per questo. <\/p>\n<\/div>\n<\/div>\n\n\n\n<hr class=\"wp-block-separator has-css-opacity is-style-wide\"\/>\n\n\n\n<div class=\"wp-block-columns has-2-columns is-layout-flex wp-container-core-columns-is-layout-9d6595d7 wp-block-columns-is-layout-flex\">\n<div class=\"wp-block-column is-layout-flow wp-block-column-is-layout-flow\">\n<h2 class=\"wp-block-heading\"><strong>I nostri laboriosi lavoratori<\/strong>!<\/h2>\n\n\n\n<p>Tutti i successi che otteniamo non sarebbero possibili senza i nostri preziosi collaboratori, che si dedicano a lavorare 24 ore su 24, 7 giorni su 7, curando ogni elemento della produzione perch\u00e9 sanno che la salute di molte persone dipende dal loro impegno.<\/p>\n\n\n\n<figure class=\"wp-block-gallery has-nested-images columns-2 is-cropped wp-block-gallery-1 is-layout-flex wp-block-gallery-is-layout-flex\">\n<figure class=\"wp-block-image size-large\"><a href=\"https:\/\/an-carstvoprirode.com\/wp-content\/uploads\/2022\/05\/IMG-90a19e6b58c9945f7a6b81b2fdfc131e-V.jpg\"><img loading=\"lazy\" decoding=\"async\" width=\"1024\" height=\"649\" data-id=\"2700\" src=\"https:\/\/an-carstvoprirode.com\/wp-content\/uploads\/2022\/05\/IMG-90a19e6b58c9945f7a6b81b2fdfc131e-V-1024x649.jpg\" alt=\"\" class=\"wp-image-2700\" srcset=\"https:\/\/an-carstvoprirode.com\/wp-content\/uploads\/2022\/05\/IMG-90a19e6b58c9945f7a6b81b2fdfc131e-V-1024x649.jpg 1024w, https:\/\/an-carstvoprirode.com\/wp-content\/uploads\/2022\/05\/IMG-90a19e6b58c9945f7a6b81b2fdfc131e-V-300x190.jpg 300w, https:\/\/an-carstvoprirode.com\/wp-content\/uploads\/2022\/05\/IMG-90a19e6b58c9945f7a6b81b2fdfc131e-V-768x487.jpg 768w, https:\/\/an-carstvoprirode.com\/wp-content\/uploads\/2022\/05\/IMG-90a19e6b58c9945f7a6b81b2fdfc131e-V-892x566.jpg 892w, https:\/\/an-carstvoprirode.com\/wp-content\/uploads\/2022\/05\/IMG-90a19e6b58c9945f7a6b81b2fdfc131e-V.jpg 1536w\" sizes=\"(max-width: 1024px) 100vw, 1024px\" \/><\/a><\/figure>\n\n\n\n<figure class=\"wp-block-image size-large\"><a href=\"https:\/\/an-carstvoprirode.com\/wp-content\/uploads\/2022\/05\/IMG-798e1eef117f7c56da39b7e31d2c2df3-V.jpg\"><img loading=\"lazy\" decoding=\"async\" width=\"1024\" height=\"649\" data-id=\"2701\" src=\"https:\/\/an-carstvoprirode.com\/wp-content\/uploads\/2022\/05\/IMG-798e1eef117f7c56da39b7e31d2c2df3-V-1024x649.jpg\" alt=\"\" class=\"wp-image-2701\" srcset=\"https:\/\/an-carstvoprirode.com\/wp-content\/uploads\/2022\/05\/IMG-798e1eef117f7c56da39b7e31d2c2df3-V-1024x649.jpg 1024w, https:\/\/an-carstvoprirode.com\/wp-content\/uploads\/2022\/05\/IMG-798e1eef117f7c56da39b7e31d2c2df3-V-300x190.jpg 300w, https:\/\/an-carstvoprirode.com\/wp-content\/uploads\/2022\/05\/IMG-798e1eef117f7c56da39b7e31d2c2df3-V-768x487.jpg 768w, https:\/\/an-carstvoprirode.com\/wp-content\/uploads\/2022\/05\/IMG-798e1eef117f7c56da39b7e31d2c2df3-V-892x566.jpg 892w, https:\/\/an-carstvoprirode.com\/wp-content\/uploads\/2022\/05\/IMG-798e1eef117f7c56da39b7e31d2c2df3-V.jpg 1536w\" sizes=\"(max-width: 1024px) 100vw, 1024px\" \/><\/a><\/figure>\n\n\n\n<figure class=\"wp-block-image size-large\"><a href=\"https:\/\/an-carstvoprirode.com\/wp-content\/uploads\/2022\/05\/IMG-3355dbe711300e9c62463aacec6273f3-V.jpg\"><img loading=\"lazy\" decoding=\"async\" width=\"1024\" height=\"649\" data-id=\"2702\" src=\"https:\/\/an-carstvoprirode.com\/wp-content\/uploads\/2022\/05\/IMG-3355dbe711300e9c62463aacec6273f3-V-1024x649.jpg\" alt=\"\" class=\"wp-image-2702\" srcset=\"https:\/\/an-carstvoprirode.com\/wp-content\/uploads\/2022\/05\/IMG-3355dbe711300e9c62463aacec6273f3-V-1024x649.jpg 1024w, https:\/\/an-carstvoprirode.com\/wp-content\/uploads\/2022\/05\/IMG-3355dbe711300e9c62463aacec6273f3-V-300x190.jpg 300w, https:\/\/an-carstvoprirode.com\/wp-content\/uploads\/2022\/05\/IMG-3355dbe711300e9c62463aacec6273f3-V-768x487.jpg 768w, https:\/\/an-carstvoprirode.com\/wp-content\/uploads\/2022\/05\/IMG-3355dbe711300e9c62463aacec6273f3-V-892x566.jpg 892w, https:\/\/an-carstvoprirode.com\/wp-content\/uploads\/2022\/05\/IMG-3355dbe711300e9c62463aacec6273f3-V.jpg 1536w\" sizes=\"(max-width: 1024px) 100vw, 1024px\" \/><\/a><\/figure>\n\n\n\n<figure class=\"wp-block-image size-large\"><a href=\"https:\/\/an-carstvoprirode.com\/wp-content\/uploads\/2022\/05\/IMG-9839caf3a35b8b635da0dc798f40dd45-V.jpg\"><img loading=\"lazy\" decoding=\"async\" width=\"1024\" height=\"649\" data-id=\"2703\" src=\"https:\/\/an-carstvoprirode.com\/wp-content\/uploads\/2022\/05\/IMG-9839caf3a35b8b635da0dc798f40dd45-V-1024x649.jpg\" alt=\"\" class=\"wp-image-2703\" srcset=\"https:\/\/an-carstvoprirode.com\/wp-content\/uploads\/2022\/05\/IMG-9839caf3a35b8b635da0dc798f40dd45-V-1024x649.jpg 1024w, https:\/\/an-carstvoprirode.com\/wp-content\/uploads\/2022\/05\/IMG-9839caf3a35b8b635da0dc798f40dd45-V-300x190.jpg 300w, https:\/\/an-carstvoprirode.com\/wp-content\/uploads\/2022\/05\/IMG-9839caf3a35b8b635da0dc798f40dd45-V-768x487.jpg 768w, https:\/\/an-carstvoprirode.com\/wp-content\/uploads\/2022\/05\/IMG-9839caf3a35b8b635da0dc798f40dd45-V-892x566.jpg 892w, https:\/\/an-carstvoprirode.com\/wp-content\/uploads\/2022\/05\/IMG-9839caf3a35b8b635da0dc798f40dd45-V.jpg 1536w\" sizes=\"(max-width: 1024px) 100vw, 1024px\" \/><\/a><\/figure>\n\n\n\n<figure class=\"wp-block-image size-large\"><a href=\"https:\/\/an-carstvoprirode.com\/wp-content\/uploads\/2022\/05\/Snimak-ekrana-335.png\"><img loading=\"lazy\" decoding=\"async\" width=\"1024\" height=\"649\" data-id=\"2704\" src=\"https:\/\/an-carstvoprirode.com\/wp-content\/uploads\/2022\/05\/Snimak-ekrana-335-1024x649.png\" alt=\"\" class=\"wp-image-2704\" srcset=\"https:\/\/an-carstvoprirode.com\/wp-content\/uploads\/2022\/05\/Snimak-ekrana-335-1024x649.png 1024w, https:\/\/an-carstvoprirode.com\/wp-content\/uploads\/2022\/05\/Snimak-ekrana-335-300x190.png 300w, https:\/\/an-carstvoprirode.com\/wp-content\/uploads\/2022\/05\/Snimak-ekrana-335-768x487.png 768w, https:\/\/an-carstvoprirode.com\/wp-content\/uploads\/2022\/05\/Snimak-ekrana-335-892x566.png 892w, https:\/\/an-carstvoprirode.com\/wp-content\/uploads\/2022\/05\/Snimak-ekrana-335.png 1536w\" sizes=\"(max-width: 1024px) 100vw, 1024px\" \/><\/a><\/figure>\n\n\n\n<figure class=\"wp-block-image size-large\"><a href=\"https:\/\/an-carstvoprirode.com\/wp-content\/uploads\/2022\/05\/IMG-265d7ba20eb31890eb6fd8173beca255-V.jpg\"><img loading=\"lazy\" decoding=\"async\" width=\"1024\" height=\"649\" data-id=\"2706\" src=\"https:\/\/an-carstvoprirode.com\/wp-content\/uploads\/2022\/05\/IMG-265d7ba20eb31890eb6fd8173beca255-V-1024x649.jpg\" alt=\"\" class=\"wp-image-2706\" srcset=\"https:\/\/an-carstvoprirode.com\/wp-content\/uploads\/2022\/05\/IMG-265d7ba20eb31890eb6fd8173beca255-V-1024x649.jpg 1024w, https:\/\/an-carstvoprirode.com\/wp-content\/uploads\/2022\/05\/IMG-265d7ba20eb31890eb6fd8173beca255-V-300x190.jpg 300w, https:\/\/an-carstvoprirode.com\/wp-content\/uploads\/2022\/05\/IMG-265d7ba20eb31890eb6fd8173beca255-V-768x487.jpg 768w, https:\/\/an-carstvoprirode.com\/wp-content\/uploads\/2022\/05\/IMG-265d7ba20eb31890eb6fd8173beca255-V-892x566.jpg 892w, https:\/\/an-carstvoprirode.com\/wp-content\/uploads\/2022\/05\/IMG-265d7ba20eb31890eb6fd8173beca255-V.jpg 1536w\" sizes=\"(max-width: 1024px) 100vw, 1024px\" \/><\/a><\/figure>\n<\/figure>\n<\/div>\n\n\n\n<div class=\"wp-block-column is-layout-flow wp-block-column-is-layout-flow\"><div class=\"wp-block-image\">\n<figure class=\"aligncenter size-large\"><a href=\"https:\/\/an-carstvoprirode.com\/wp-content\/uploads\/2022\/05\/IMG-12ac72a79f9d1bf80e515ab043115b13-V.jpg\"><img loading=\"lazy\" decoding=\"async\" width=\"650\" height=\"1024\" src=\"https:\/\/an-carstvoprirode.com\/wp-content\/uploads\/2022\/05\/IMG-12ac72a79f9d1bf80e515ab043115b13-V-650x1024.jpg\" alt=\"\" class=\"wp-image-2699\" srcset=\"https:\/\/an-carstvoprirode.com\/wp-content\/uploads\/2022\/05\/IMG-12ac72a79f9d1bf80e515ab043115b13-V-650x1024.jpg 650w, https:\/\/an-carstvoprirode.com\/wp-content\/uploads\/2022\/05\/IMG-12ac72a79f9d1bf80e515ab043115b13-V-190x300.jpg 190w, https:\/\/an-carstvoprirode.com\/wp-content\/uploads\/2022\/05\/IMG-12ac72a79f9d1bf80e515ab043115b13-V-768x1211.jpg 768w, https:\/\/an-carstvoprirode.com\/wp-content\/uploads\/2022\/05\/IMG-12ac72a79f9d1bf80e515ab043115b13-V-974x1536.jpg 974w, https:\/\/an-carstvoprirode.com\/wp-content\/uploads\/2022\/05\/IMG-12ac72a79f9d1bf80e515ab043115b13-V-892x1406.jpg 892w, https:\/\/an-carstvoprirode.com\/wp-content\/uploads\/2022\/05\/IMG-12ac72a79f9d1bf80e515ab043115b13-V.jpg 1015w\" sizes=\"(max-width: 650px) 100vw, 650px\" \/><\/a><\/figure>\n<\/div><\/div>\n<\/div>","protected":false},"excerpt":{"rendered":"<p>We are a team of young, educated people who are engaged in the production of herbal preparations to strengthen immunity and improve human health. All products from our range were created in strictly controlled conditions according to the highest environmental standards. The recipes for our herbal elixirs have been prepared respecting ancient knowledge gathered from [&hellip;]<\/p>","protected":false},"author":1,"featured_media":3328,"parent":0,"menu_order":0,"comment_status":"closed","ping_status":"closed","template":"template-wide-page.php","meta":{"footnotes":""},"class_list":["post-130","page","type-page","status-publish","has-post-thumbnail","hentry"],"_links":{"self":[{"href":"https:\/\/an-carstvoprirode.com\/it\/wp-json\/wp\/v2\/pages\/130","targetHints":{"allow":["GET"]}}],"collection":[{"href":"https:\/\/an-carstvoprirode.com\/it\/wp-json\/wp\/v2\/pages"}],"about":[{"href":"https:\/\/an-carstvoprirode.com\/it\/wp-json\/wp\/v2\/types\/page"}],"author":[{"embeddable":true,"href":"https:\/\/an-carstvoprirode.com\/it\/wp-json\/wp\/v2\/users\/1"}],"replies":[{"embeddable":true,"href":"https:\/\/an-carstvoprirode.com\/it\/wp-json\/wp\/v2\/comments?post=130"}],"version-history":[{"count":22,"href":"https:\/\/an-carstvoprirode.com\/it\/wp-json\/wp\/v2\/pages\/130\/revisions"}],"predecessor-version":[{"id":3327,"href":"https:\/\/an-carstvoprirode.com\/it\/wp-json\/wp\/v2\/pages\/130\/revisions\/3327"}],"wp:featuredmedia":[{"embeddable":true,"href":"https:\/\/an-carstvoprirode.com\/it\/wp-json\/wp\/v2\/media\/3328"}],"wp:attachment":[{"href":"https:\/\/an-carstvoprirode.com\/it\/wp-json\/wp\/v2\/media?parent=130"}],"curies":[{"name":"wp","href":"https:\/\/api.w.org\/{rel}","templated":true}]}}