{"id":70,"date":"2018-11-13T13:56:09","date_gmt":"2018-11-13T13:56:09","guid":{"rendered":"https:\/\/themes.getmotopress.com\/palmeria\/?page_id=70"},"modified":"2025-01-19T16:18:31","modified_gmt":"2025-01-19T15:18:31","slug":"get-in-touch","status":"publish","type":"page","link":"https:\/\/an-carstvoprirode.com\/fr\/welcome-to-carstvo-prirode\/get-in-touch\/","title":{"rendered":"Entrer en contact"},"content":{"rendered":"<div data-elementor-type=\"wp-page\" data-elementor-id=\"70\" class=\"elementor elementor-70\">\n\t\t\t\t\t\t<section class=\"elementor-section elementor-top-section elementor-element elementor-element-7b9022d1 elementor-section-boxed elementor-section-height-default elementor-section-height-default\" data-id=\"7b9022d1\" data-element_type=\"section\">\n\t\t\t\t\t\t<div class=\"elementor-container elementor-column-gap-default\">\n\t\t\t\t\t<div class=\"elementor-column elementor-col-100 elementor-top-column elementor-element elementor-element-4d5fa610\" data-id=\"4d5fa610\" data-element_type=\"column\">\n\t\t\t<div class=\"elementor-widget-wrap elementor-element-populated\">\n\t\t\t\t\t\t<div class=\"elementor-element elementor-element-6996587 elementor-widget elementor-widget-text-editor\" data-id=\"6996587\" data-element_type=\"widget\" data-widget_type=\"text-editor.default\">\n\t\t\t\t<div class=\"elementor-widget-container\">\n\t\t\t<style>\/*! elementor - v3.21.0 - 08-05-2024 *\/\n.elementor-widget-text-editor.elementor-drop-cap-view-stacked .elementor-drop-cap{background-color:#69727d;color:#fff}.elementor-widget-text-editor.elementor-drop-cap-view-framed .elementor-drop-cap{color:#69727d;border:3px solid;background-color:transparent}.elementor-widget-text-editor:not(.elementor-drop-cap-view-default) .elementor-drop-cap{margin-top:8px}.elementor-widget-text-editor:not(.elementor-drop-cap-view-default) .elementor-drop-cap-letter{width:1em;height:1em}.elementor-widget-text-editor .elementor-drop-cap{float:left;text-align:center;line-height:1;font-size:50px}.elementor-widget-text-editor .elementor-drop-cap-letter{display:inline-block}<\/style>\t\t\t\t<!-- wp:paragraph {\"align\":\"left\"} -->\n<p class=\"has-text-align-left\">Chaque partie de votre exp\u00e9rience avec nos produits est tr\u00e8s importante pour nous et nous voulons nous assurer que vous aimez les utiliser et que vous obtenez de bons r\u00e9sultats.<\/p>\n<!-- \/wp:paragraph --><!-- wp:paragraph -->\n<p>Laissez vos commentaires pour nous aider \u00e0 \u00eatre meilleurs pour vous et nos futurs clients.<\/p>\n<!-- \/wp:paragraph --><!-- wp:spacer -->\n<div class=\"wp-block-spacer\" style=\"height: 50px;\">\u00a0<\/div>\n<!-- \/wp:spacer --><!-- wp:columns {\"className\":\"has-3-columns\"} -->\n<div class=\"wp-block-columns has-3-columns\"><!-- wp:column -->\n<div class=\"wp-block-column\"><!-- wp:html -->\n<h5 style=\"text-align: center;\">\u00a0<\/h5>\n<!-- \/wp:html --><!-- wp:heading {\"textAlign\":\"center\",\"level\":4} -->\n<h4 class=\"has-text-align-center\">Emplacement<\/h4>\n<!-- \/wp:heading --><!-- wp:paragraph {\"align\":\"center\",\"fontSize\":\"small\"} -->\n<p class=\"has-text-align-center has-small-font-size\">73260 Rudo, Republika Srpska<\/p>\n<!-- \/wp:paragraph --><!-- wp:paragraph {\"align\":\"center\",\"fontSize\":\"small\"} -->\n<p class=\"has-text-align-center has-small-font-size\">Grivin, Setihovo<\/p>\n<!-- \/wp:paragraph --><\/div>\n<!-- \/wp:column --><!-- wp:column -->\n<div class=\"wp-block-column\"><!-- wp:html -->\n<h5 style=\"text-align: center;\">\u00a0<\/h5>\n<!-- \/wp:html --><!-- wp:heading {\"textAlign\":\"center\",\"level\":4} -->\n<h4 class=\"has-text-align-center\">Viber, WA, t\u00e9l classique. ligne<\/h4>\n<!-- \/wp:heading --><!-- wp:paragraph -->\n<p><a href=\"tel:+387 62 522 133\">+387 62 522 133<\/a><br \/><a href=\"tel:+387 62 966 406\">+387 62 966 406<\/a><br \/><a href=\"tel:+387 62 195 807\">+387 62 195 807<\/a><\/p>\n<!-- \/wp:paragraph --><!-- wp:paragraph -->\n<p><strong>Anglais<\/strong>: <a href=\"tel:+387 62 195 807\">+387 62 195 807<\/a><\/p>\n<!-- \/wp:paragraph --><!-- wp:paragraph -->\n<p><strong>Allemand:<\/strong> <a href=\"tel:+387 62 195 807\">+387 62 123 523<\/a><\/p>\n<!-- \/wp:paragraph --><!-- wp:paragraph -->\n<p><br \/><br \/><\/p>\n<!-- \/wp:paragraph --><\/div>\n<!-- \/wp:column --><!-- wp:column -->\n<div class=\"wp-block-column\"><!-- wp:html -->\n<h5 style=\"text-align: center;\">\u00a0<\/h5>\n<!-- \/wp:html --><!-- wp:heading {\"textAlign\":\"center\",\"level\":4} -->\n<h4 class=\"has-text-align-center\">E-mail<\/h4>\n<!-- \/wp:heading --><!-- wp:paragraph {\"align\":\"center\",\"fontSize\":\"small\"} -->\n<p class=\"has-text-align-center has-small-font-size\"><a href=\"mailto:info@an-carstvoprirode.com\" target=\"_blank\" rel=\"noreferrer noopener\">info@an-carstvoprirode.com<\/a><br \/><br \/><\/p>\n<!-- \/wp:paragraph --><\/div>\n<!-- \/wp:column --><\/div>\n<!-- \/wp:columns --><!-- wp:paragraph -->\n<p>Tu peux voir<strong><a href=\"https:\/\/an-carstvoprirode.com\/fr\/where-are-we\/\" target=\"_blank\" rel=\"noreferrer noopener\"> ici<\/a><\/strong> O\u00f9 sommes-nous!<\/p>\n<!-- \/wp:paragraph -->\t\t\t\t\t\t<\/div>\n\t\t\t\t<\/div>\n\t\t\t\t\t<\/div>\n\t\t<\/div>\n\t\t\t\t\t<\/div>\n\t\t<\/section>\n\t\t\t\t<\/div>","protected":false},"excerpt":{"rendered":"<p>Every part of your experience with our products is very important to us and we want to make sure that you enjoy using them and that you achieve good results. Leave your feedback to help us be better for you and our future customers. \u00a0 Location 73260 Rudo, Republika Srpska Grivin, Setihovo \u00a0 Viber, WA, [&hellip;]<\/p>","protected":false},"author":1,"featured_media":0,"parent":42,"menu_order":5,"comment_status":"closed","ping_status":"closed","template":"elementor_header_footer","meta":{"footnotes":""},"class_list":["post-70","page","type-page","status-publish","hentry"],"_links":{"self":[{"href":"https:\/\/an-carstvoprirode.com\/fr\/wp-json\/wp\/v2\/pages\/70","targetHints":{"allow":["GET"]}}],"collection":[{"href":"https:\/\/an-carstvoprirode.com\/fr\/wp-json\/wp\/v2\/pages"}],"about":[{"href":"https:\/\/an-carstvoprirode.com\/fr\/wp-json\/wp\/v2\/types\/page"}],"author":[{"embeddable":true,"href":"https:\/\/an-carstvoprirode.com\/fr\/wp-json\/wp\/v2\/users\/1"}],"replies":[{"embeddable":true,"href":"https:\/\/an-carstvoprirode.com\/fr\/wp-json\/wp\/v2\/comments?post=70"}],"version-history":[{"count":21,"href":"https:\/\/an-carstvoprirode.com\/fr\/wp-json\/wp\/v2\/pages\/70\/revisions"}],"predecessor-version":[{"id":3937,"href":"https:\/\/an-carstvoprirode.com\/fr\/wp-json\/wp\/v2\/pages\/70\/revisions\/3937"}],"up":[{"embeddable":true,"href":"https:\/\/an-carstvoprirode.com\/fr\/wp-json\/wp\/v2\/pages\/42"}],"wp:attachment":[{"href":"https:\/\/an-carstvoprirode.com\/fr\/wp-json\/wp\/v2\/media?parent=70"}],"curies":[{"name":"wp","href":"https:\/\/api.w.org\/{rel}","templated":true}]}}