{"id":55,"date":"2018-11-13T13:51:49","date_gmt":"2018-11-13T12:51:49","guid":{"rendered":"https:\/\/themes.getmotopress.com\/palmeria\/?page_id=55"},"modified":"2025-01-19T16:19:58","modified_gmt":"2025-01-19T15:19:58","slug":"for-your-health","status":"publish","type":"page","link":"https:\/\/an-carstvoprirode.com\/fr\/welcome-to-carstvo-prirode\/for-your-health\/","title":{"rendered":"Pour ta sant\u00e9"},"content":{"rendered":"<div data-elementor-type=\"wp-page\" data-elementor-id=\"55\" class=\"elementor elementor-55\">\n\t\t\t\t\t\t<section class=\"elementor-section elementor-top-section elementor-element elementor-element-4a07ed8 elementor-section-boxed elementor-section-height-default elementor-section-height-default\" data-id=\"4a07ed8\" data-element_type=\"section\">\n\t\t\t\t\t\t<div class=\"elementor-container elementor-column-gap-default\">\n\t\t\t\t\t<div class=\"elementor-column elementor-col-100 elementor-top-column elementor-element elementor-element-63733cdb\" data-id=\"63733cdb\" data-element_type=\"column\">\n\t\t\t<div class=\"elementor-widget-wrap elementor-element-populated\">\n\t\t\t\t\t\t<div class=\"elementor-element elementor-element-19670cfd elementor-widget elementor-widget-text-editor\" data-id=\"19670cfd\" data-element_type=\"widget\" data-widget_type=\"text-editor.default\">\n\t\t\t\t<div class=\"elementor-widget-container\">\n\t\t\t<style>\/*! elementor - v3.21.0 - 08-05-2024 *\/\n.elementor-widget-text-editor.elementor-drop-cap-view-stacked .elementor-drop-cap{background-color:#69727d;color:#fff}.elementor-widget-text-editor.elementor-drop-cap-view-framed .elementor-drop-cap{color:#69727d;border:3px solid;background-color:transparent}.elementor-widget-text-editor:not(.elementor-drop-cap-view-default) .elementor-drop-cap{margin-top:8px}.elementor-widget-text-editor:not(.elementor-drop-cap-view-default) .elementor-drop-cap-letter{width:1em;height:1em}.elementor-widget-text-editor .elementor-drop-cap{float:left;text-align:center;line-height:1;font-size:50px}.elementor-widget-text-editor .elementor-drop-cap-letter{display:inline-block}<\/style>\t\t\t\t<p><!-- wp:paragraph --><\/p>\n<p>Nettoyer <strong>air non pollu\u00e9<\/strong>, propre et <strong>eau de source saine<\/strong>, une \u00e9norme quantit\u00e9 de<strong> BIO<\/strong> fruits et l\u00e9gumes de nos propres plantations, production selon <strong>recettes vieilles de plusieurs centaines d&#039;ann\u00e9es<\/strong>, sont la base et un excellent pr\u00e9requis pour obtenir <strong>des m\u00e9dicaments d&#039;une qualit\u00e9 et d&#039;un effet incroyables<\/strong>.<\/p>\n<p><!-- \/wp:paragraph --><!-- wp:paragraph --><\/p>\n<p>Dans les produits de &quot;AN Carstvo prirode&quot;, en plus de <strong>poss\u00e9der<\/strong> <strong>aronia et miel<\/strong>, en tant que produit principal de nos produits, il existe \u00e9galement <strong>les plantes adaptog\u00e8nes qui sont les plantes les plus puissantes pour stimuler les d\u00e9fenses naturelles de l&#039;organisme<\/strong>.<\/p>\n<p><!-- \/wp:paragraph --><!-- wp:paragraph --><\/p>\n<p>Huit de ces plantes proviennent de la r\u00e9gion de la Sib\u00e9rie, des montagnes de l&#039;Alta\u00ef, de l&#039;Iran et de l&#039;Inde\u2026.<\/p>\n<p><!-- \/wp:paragraph --><!-- wp:columns {\"className\":\"has-2-columns\"} --><\/p>\n<div class=\"wp-block-columns has-2-columns\">\n<p><!-- wp:column --><\/p>\n<div class=\"wp-block-column\">\n<p><!-- wp:list --><\/p>\n<p style=\"text-align: center;\">Champignon sauvage de Sib\u00e9rie Chaga<\/p>\n<p style=\"text-align: center;\">Racine dor\u00e9e<\/p>\n<p style=\"text-align: center;\">R\u00e9sine sib\u00e9rienne Mumio<\/p>\n<p style=\"text-align: center;\">Alo\u00e9 V\u00e9ra<\/p>\n<p style=\"text-align: center;\"><!-- \/wp:list --><\/p>\n<\/div>\n<p style=\"text-align: center;\"><!-- \/wp:column --><!-- wp:column --><\/p>\n<div class=\"wp-block-column\">\n<p style=\"text-align: center;\"><!-- wp:list --><\/p>\n<p style=\"text-align: center;\">Reishi aux champignons sauvages de Sib\u00e9rie<\/p>\n<p style=\"text-align: center;\">Racine rouge<\/p>\n<p style=\"text-align: center;\">Ashwagandha d&#039;Inde<\/p>\n<p style=\"text-align: center;\">Safran d&#039;Iran<\/p>\n<p><!-- \/wp:list --><!-- wp:paragraph --><\/p>\n<p><!-- \/wp:paragraph --><\/p>\n<\/div>\n<p><!-- \/wp:column --><\/p>\n<\/div>\n<p><!-- \/wp:columns --><!-- wp:paragraph --><!-- \/wp:paragraph --><!-- wp:paragraph --><!-- \/wp:paragraph --><!-- wp:gallery {\"linkTo\":\"none\"} --><\/p>\n<figure class=\"wp-block-gallery has-nested-images columns-default is-cropped\"><!-- wp:image {\"id\":2620,\"sizeSlug\":\"large\",\"linkDestination\":\"media\"} --><!-- \/wp:image --><!-- wp:image {\"id\":2624,\"sizeSlug\":\"large\",\"linkDestination\":\"media\"} --><!-- \/wp:image --><!-- wp:image {\"id\":2623,\"sizeSlug\":\"large\",\"linkDestination\":\"media\"} --><!-- \/wp:image --><!-- wp:image {\"id\":2621,\"sizeSlug\":\"large\",\"linkDestination\":\"media\"} --><!-- \/wp:image --><!-- wp:image {\"id\":2625,\"sizeSlug\":\"large\",\"linkDestination\":\"media\"} --><!-- \/wp:image --><!-- wp:image {\"id\":2622,\"sizeSlug\":\"large\",\"linkDestination\":\"media\"} --><!-- \/wp:image --><!-- wp:image {\"id\":2626,\"sizeSlug\":\"large\",\"linkDestination\":\"media\"} --><!-- \/wp:image --><!-- wp:image {\"id\":2627,\"sizeSlug\":\"large\",\"linkDestination\":\"media\"} --><!-- \/wp:image -->\n<p><img fetchpriority=\"high\" decoding=\"async\" class=\"aligncenter wp-image-4402 size-large\" src=\"https:\/\/an-carstvoprirode.com\/wp-content\/uploads\/2025\/01\/o1-1024x384.jpg\" alt=\"\" width=\"672\" height=\"252\" srcset=\"https:\/\/an-carstvoprirode.com\/wp-content\/uploads\/2025\/01\/o1-1024x384.jpg 1024w, https:\/\/an-carstvoprirode.com\/wp-content\/uploads\/2025\/01\/o1-300x113.jpg 300w, https:\/\/an-carstvoprirode.com\/wp-content\/uploads\/2025\/01\/o1-768x288.jpg 768w, https:\/\/an-carstvoprirode.com\/wp-content\/uploads\/2025\/01\/o1-1536x576.jpg 1536w, https:\/\/an-carstvoprirode.com\/wp-content\/uploads\/2025\/01\/o1-18x7.jpg 18w, https:\/\/an-carstvoprirode.com\/wp-content\/uploads\/2025\/01\/o1-892x335.jpg 892w, https:\/\/an-carstvoprirode.com\/wp-content\/uploads\/2025\/01\/o1.jpg 2048w\" sizes=\"(max-width: 672px) 100vw, 672px\" \/><\/p>\n<figcaption class=\"blocks-gallery-caption\"><strong><a href=\"https:\/\/an-carstvoprirode.com\/wp-content\/uploads\/2025\/01\/02.jpg\"><img decoding=\"async\" class=\"aligncenter size-large wp-image-4403\" src=\"https:\/\/an-carstvoprirode.com\/wp-content\/uploads\/2025\/01\/02-1024x384.jpg\" alt=\"\" width=\"672\" height=\"252\" srcset=\"https:\/\/an-carstvoprirode.com\/wp-content\/uploads\/2025\/01\/02-1024x384.jpg 1024w, https:\/\/an-carstvoprirode.com\/wp-content\/uploads\/2025\/01\/02-300x113.jpg 300w, https:\/\/an-carstvoprirode.com\/wp-content\/uploads\/2025\/01\/02-768x288.jpg 768w, https:\/\/an-carstvoprirode.com\/wp-content\/uploads\/2025\/01\/02-1536x576.jpg 1536w, https:\/\/an-carstvoprirode.com\/wp-content\/uploads\/2025\/01\/02-18x7.jpg 18w, https:\/\/an-carstvoprirode.com\/wp-content\/uploads\/2025\/01\/02-892x335.jpg 892w, https:\/\/an-carstvoprirode.com\/wp-content\/uploads\/2025\/01\/02.jpg 2048w\" sizes=\"(max-width: 672px) 100vw, 672px\" \/><\/a><a href=\"https:\/\/an-carstvoprirode.com\/wp-content\/uploads\/2025\/01\/03.jpg\"><img decoding=\"async\" class=\"aligncenter size-large wp-image-4404\" src=\"https:\/\/an-carstvoprirode.com\/wp-content\/uploads\/2025\/01\/03-1024x384.jpg\" alt=\"\" width=\"672\" height=\"252\" srcset=\"https:\/\/an-carstvoprirode.com\/wp-content\/uploads\/2025\/01\/03-1024x384.jpg 1024w, https:\/\/an-carstvoprirode.com\/wp-content\/uploads\/2025\/01\/03-300x113.jpg 300w, https:\/\/an-carstvoprirode.com\/wp-content\/uploads\/2025\/01\/03-768x288.jpg 768w, https:\/\/an-carstvoprirode.com\/wp-content\/uploads\/2025\/01\/03-1536x576.jpg 1536w, https:\/\/an-carstvoprirode.com\/wp-content\/uploads\/2025\/01\/03-18x7.jpg 18w, https:\/\/an-carstvoprirode.com\/wp-content\/uploads\/2025\/01\/03-892x335.jpg 892w, https:\/\/an-carstvoprirode.com\/wp-content\/uploads\/2025\/01\/03.jpg 2048w\" sizes=\"(max-width: 672px) 100vw, 672px\" \/><\/a><a href=\"https:\/\/an-carstvoprirode.com\/wp-content\/uploads\/2025\/01\/04.jpg\"><img loading=\"lazy\" decoding=\"async\" class=\"aligncenter size-large wp-image-4405\" src=\"https:\/\/an-carstvoprirode.com\/wp-content\/uploads\/2025\/01\/04-1024x384.jpg\" alt=\"\" width=\"672\" height=\"252\" srcset=\"https:\/\/an-carstvoprirode.com\/wp-content\/uploads\/2025\/01\/04-1024x384.jpg 1024w, https:\/\/an-carstvoprirode.com\/wp-content\/uploads\/2025\/01\/04-300x113.jpg 300w, https:\/\/an-carstvoprirode.com\/wp-content\/uploads\/2025\/01\/04-768x288.jpg 768w, https:\/\/an-carstvoprirode.com\/wp-content\/uploads\/2025\/01\/04-1536x576.jpg 1536w, https:\/\/an-carstvoprirode.com\/wp-content\/uploads\/2025\/01\/04-18x7.jpg 18w, https:\/\/an-carstvoprirode.com\/wp-content\/uploads\/2025\/01\/04-892x335.jpg 892w, https:\/\/an-carstvoprirode.com\/wp-content\/uploads\/2025\/01\/04.jpg 2048w\" sizes=\"(max-width: 672px) 100vw, 672px\" \/><\/a>Huit plantes de la r\u00e9gion de la Sib\u00e9rie, des montagnes de l&#039;Alta\u00ef, de l&#039;Iran et de l&#039;Inde<\/strong><\/figcaption>\n<\/figure>\n<p><!-- \/wp:gallery --><!-- wp:paragraph --><\/p>\n<p>\u2026.et les herbes soigneusement s\u00e9lectionn\u00e9es de notre r\u00e9gion en raison de leurs propri\u00e9t\u00e9s m\u00e9dicinales sont largement utilis\u00e9es dans la m\u00e9decine alternative et officielle, car leurs propri\u00e9t\u00e9s m\u00e9dicinales sont reconnues par l&#039;Organisation mondiale de la sant\u00e9. Les algues qui sont \u00e9galement pr\u00e9sentes dans nos produits proviennent des parties c\u00f4ti\u00e8res et les plus propres des oc\u00e9ans Atlantique et Pacifique.<\/p>\n<p><!-- \/wp:paragraph --><!-- wp:paragraph --><\/p>\n<p>Il est obligatoire de mentionner l&#039;utilisation du miel de Nouvelle-Z\u00e9lande ANUKA.<\/p>\n<p><!-- \/wp:paragraph --><\/p>\t\t\t\t\t\t<\/div>\n\t\t\t\t<\/div>\n\t\t\t\t\t<\/div>\n\t\t<\/div>\n\t\t\t\t\t<\/div>\n\t\t<\/section>\n\t\t\t\t<\/div>","protected":false},"excerpt":{"rendered":"<p>Clean unpolluted air, clean and healthy spring water, a huge amount of organic fruits and vegetables from our own plantations, production according to recipes hundreds of years old, are the basis and excellent prerequisite for obtaining medicinal products of incredible quality and effect. In the products of &#8220;AN Carstvo prirode&#8221;, in addition to own chokeberry [&hellip;]<\/p>","protected":false},"author":1,"featured_media":0,"parent":42,"menu_order":2,"comment_status":"closed","ping_status":"closed","template":"elementor_header_footer","meta":{"footnotes":""},"class_list":["post-55","page","type-page","status-publish","hentry"],"_links":{"self":[{"href":"https:\/\/an-carstvoprirode.com\/fr\/wp-json\/wp\/v2\/pages\/55","targetHints":{"allow":["GET"]}}],"collection":[{"href":"https:\/\/an-carstvoprirode.com\/fr\/wp-json\/wp\/v2\/pages"}],"about":[{"href":"https:\/\/an-carstvoprirode.com\/fr\/wp-json\/wp\/v2\/types\/page"}],"author":[{"embeddable":true,"href":"https:\/\/an-carstvoprirode.com\/fr\/wp-json\/wp\/v2\/users\/1"}],"replies":[{"embeddable":true,"href":"https:\/\/an-carstvoprirode.com\/fr\/wp-json\/wp\/v2\/comments?post=55"}],"version-history":[{"count":31,"href":"https:\/\/an-carstvoprirode.com\/fr\/wp-json\/wp\/v2\/pages\/55\/revisions"}],"predecessor-version":[{"id":4417,"href":"https:\/\/an-carstvoprirode.com\/fr\/wp-json\/wp\/v2\/pages\/55\/revisions\/4417"}],"up":[{"embeddable":true,"href":"https:\/\/an-carstvoprirode.com\/fr\/wp-json\/wp\/v2\/pages\/42"}],"wp:attachment":[{"href":"https:\/\/an-carstvoprirode.com\/fr\/wp-json\/wp\/v2\/media?parent=55"}],"curies":[{"name":"wp","href":"https:\/\/api.w.org\/{rel}","templated":true}]}}