{"id":3542,"date":"2022-06-12T15:01:01","date_gmt":"2022-06-12T13:01:01","guid":{"rendered":"https:\/\/an-carstvoprirode.com\/?page_id=3542"},"modified":"2022-06-12T15:19:44","modified_gmt":"2022-06-12T13:19:44","slug":"awards","status":"publish","type":"page","link":"https:\/\/an-carstvoprirode.com\/fr\/awards\/","title":{"rendered":"Prix"},"content":{"rendered":"<div data-elementor-type=\"wp-page\" data-elementor-id=\"3542\" class=\"elementor elementor-3542\">\n\t\t\t\t\t\t<section class=\"elementor-section elementor-top-section elementor-element elementor-element-0c85641 elementor-section-boxed elementor-section-height-default elementor-section-height-default\" data-id=\"0c85641\" data-element_type=\"section\">\n\t\t\t\t\t\t<div class=\"elementor-container elementor-column-gap-default\">\n\t\t\t\t\t<div class=\"elementor-column elementor-col-100 elementor-top-column elementor-element elementor-element-4d184bc\" data-id=\"4d184bc\" data-element_type=\"column\">\n\t\t\t<div class=\"elementor-widget-wrap elementor-element-populated\">\n\t\t\t\t\t\t<div class=\"elementor-element elementor-element-11a34c6 elementor-widget elementor-widget-text-editor\" data-id=\"11a34c6\" data-element_type=\"widget\" data-widget_type=\"text-editor.default\">\n\t\t\t\t<div class=\"elementor-widget-container\">\n\t\t\t<style>\/*! elementor - v3.21.0 - 08-05-2024 *\/\n.elementor-widget-text-editor.elementor-drop-cap-view-stacked .elementor-drop-cap{background-color:#69727d;color:#fff}.elementor-widget-text-editor.elementor-drop-cap-view-framed .elementor-drop-cap{color:#69727d;border:3px solid;background-color:transparent}.elementor-widget-text-editor:not(.elementor-drop-cap-view-default) .elementor-drop-cap{margin-top:8px}.elementor-widget-text-editor:not(.elementor-drop-cap-view-default) .elementor-drop-cap-letter{width:1em;height:1em}.elementor-widget-text-editor .elementor-drop-cap{float:left;text-align:center;line-height:1;font-size:50px}.elementor-widget-text-editor .elementor-drop-cap-letter{display:inline-block}<\/style>\t\t\t\t<p><span class=\"VIiyi\" lang=\"en\"><span class=\"JLqJ4b ChMk0b C1N51c\" data-language-for-alternatives=\"en\" data-language-to-translate-into=\"hr\" data-phrase-index=\"0\" data-number-of-phrases=\"1\"><span class=\"Q4iAWc\">Pour les grands succ\u00e8s obtenus dans le traitement des maladies les plus graves, \u00ab AN Carstvo prirode \u00bb a re\u00e7u de nombreux prix et distinctions.<\/span><\/span><\/span><\/p><p><span class=\"VIiyi\" lang=\"en\"><span class=\"JLqJ4b ChMk0b\" data-language-for-alternatives=\"en\" data-language-to-translate-into=\"hr\" data-phrase-index=\"2\" data-number-of-phrases=\"3\"><span class=\"Q4iAWc\">L&#039;un d&#039;eux est le \u00ab Prix Balkan \u00bb, d\u00e9cern\u00e9 \u00e0 M. Alemko Nuhanovi\u0107, docteur en m\u00e9decine spirituelle traditionnelle et propri\u00e9taire de \u00ab AN Carstvo prirode \u00bb.<\/span><\/span><\/span><\/p><p><span class=\"VIiyi\" lang=\"en\"><span class=\"JLqJ4b ChMk0b\" data-language-for-alternatives=\"en\" data-language-to-translate-into=\"hr\" data-phrase-index=\"4\" data-number-of-phrases=\"5\"><span class=\"Q4iAWc\">Il a re\u00e7u le prix du docteur en m\u00e9decine spirituelle traditionnelle le plus populaire en Serbie, dans la r\u00e9gion et dans la diaspora pour 2019.<\/span><\/span><\/span><\/p><p><span class=\"VIiyi\" lang=\"en\"><span class=\"JLqJ4b ChMk0b\" data-language-for-alternatives=\"en\" data-language-to-translate-into=\"hr\" data-phrase-index=\"6\" data-number-of-phrases=\"7\"><span class=\"Q4iAWc\">D\u00e9couvrez la petite galerie vid\u00e9o et photo de la c\u00e9r\u00e9monie de remise des prix \u00e0 l&#039;H\u00f4tel Radison<\/span><\/span><\/span>:<\/p>\t\t\t\t\t\t<\/div>\n\t\t\t\t<\/div>\n\t\t\t\t\t<\/div>\n\t\t<\/div>\n\t\t\t\t\t<\/div>\n\t\t<\/section>\n\t\t\t\t<section class=\"elementor-section elementor-top-section elementor-element elementor-element-f929030 elementor-section-boxed elementor-section-height-default elementor-section-height-default\" data-id=\"f929030\" data-element_type=\"section\">\n\t\t\t\t\t\t<div class=\"elementor-container elementor-column-gap-default\">\n\t\t\t\t\t<div class=\"elementor-column elementor-col-100 elementor-top-column elementor-element elementor-element-2cc13db\" data-id=\"2cc13db\" data-element_type=\"column\">\n\t\t\t<div class=\"elementor-widget-wrap elementor-element-populated\">\n\t\t\t\t\t\t<div class=\"elementor-element elementor-element-3d87973 elementor-widget elementor-widget-video\" data-id=\"3d87973\" data-element_type=\"widget\" data-settings=\"{&quot;youtube_url&quot;:&quot;https:\\\/\\\/www.youtube.com\\\/watch?v=14QCkvD5_KE&quot;,&quot;video_type&quot;:&quot;youtube&quot;,&quot;controls&quot;:&quot;yes&quot;}\" data-widget_type=\"video.default\">\n\t\t\t\t<div class=\"elementor-widget-container\">\n\t\t\t<style>\/*! elementor - v3.21.0 - 08-05-2024 *\/\n.elementor-widget-video .elementor-widget-container{overflow:hidden;transform:translateZ(0)}.elementor-widget-video .elementor-wrapper{aspect-ratio:var(--video-aspect-ratio)}.elementor-widget-video .elementor-wrapper iframe,.elementor-widget-video .elementor-wrapper video{height:100%;width:100%;display:flex;border:none;background-color:#000}@supports not (aspect-ratio:1\/1){.elementor-widget-video .elementor-wrapper{position:relative;overflow:hidden;height:0;padding-bottom:calc(100% \/ var(--video-aspect-ratio))}.elementor-widget-video .elementor-wrapper iframe,.elementor-widget-video .elementor-wrapper video{position:absolute;top:0;right:0;bottom:0;left:0}}.elementor-widget-video .elementor-open-inline .elementor-custom-embed-image-overlay{position:absolute;top:0;right:0;bottom:0;left:0;background-size:cover;background-position:50%}.elementor-widget-video .elementor-custom-embed-image-overlay{cursor:pointer;text-align:center}.elementor-widget-video .elementor-custom-embed-image-overlay:hover .elementor-custom-embed-play i{opacity:1}.elementor-widget-video .elementor-custom-embed-image-overlay img{display:block;width:100%;aspect-ratio:var(--video-aspect-ratio);-o-object-fit:cover;object-fit:cover;-o-object-position:center center;object-position:center center}@supports not (aspect-ratio:1\/1){.elementor-widget-video .elementor-custom-embed-image-overlay{position:relative;overflow:hidden;height:0;padding-bottom:calc(100% \/ var(--video-aspect-ratio))}.elementor-widget-video .elementor-custom-embed-image-overlay img{position:absolute;top:0;right:0;bottom:0;left:0}}.elementor-widget-video .e-hosted-video .elementor-video{-o-object-fit:cover;object-fit:cover}.e-con-inner>.elementor-widget-video,.e-con>.elementor-widget-video{width:var(--container-widget-width);--flex-grow:var(--container-widget-flex-grow)}<\/style>\t\t<div class=\"elementor-wrapper elementor-open-inline\">\n\t\t\t<div class=\"elementor-video\"><\/div>\t\t<\/div>\n\t\t\t\t<\/div>\n\t\t\t\t<\/div>\n\t\t\t\t\t<\/div>\n\t\t<\/div>\n\t\t\t\t\t<\/div>\n\t\t<\/section>\n\t\t\t\t<section class=\"elementor-section elementor-top-section elementor-element elementor-element-acbda5f elementor-section-boxed elementor-section-height-default elementor-section-height-default\" data-id=\"acbda5f\" data-element_type=\"section\">\n\t\t\t\t\t\t<div class=\"elementor-container elementor-column-gap-default\">\n\t\t\t\t\t<div class=\"elementor-column elementor-col-100 elementor-top-column elementor-element elementor-element-58b9ecb\" data-id=\"58b9ecb\" data-element_type=\"column\">\n\t\t\t<div class=\"elementor-widget-wrap elementor-element-populated\">\n\t\t\t\t\t\t<div class=\"elementor-element elementor-element-c63831b elementor-widget elementor-widget-spacer\" data-id=\"c63831b\" data-element_type=\"widget\" data-widget_type=\"spacer.default\">\n\t\t\t\t<div class=\"elementor-widget-container\">\n\t\t\t<style>\/*! elementor - v3.21.0 - 08-05-2024 *\/\n.elementor-column .elementor-spacer-inner{height:var(--spacer-size)}.e-con{--container-widget-width:100%}.e-con-inner>.elementor-widget-spacer,.e-con>.elementor-widget-spacer{width:var(--container-widget-width,var(--spacer-size));--align-self:var(--container-widget-align-self,initial);--flex-shrink:0}.e-con-inner>.elementor-widget-spacer>.elementor-widget-container,.e-con>.elementor-widget-spacer>.elementor-widget-container{height:100%;width:100%}.e-con-inner>.elementor-widget-spacer>.elementor-widget-container>.elementor-spacer,.e-con>.elementor-widget-spacer>.elementor-widget-container>.elementor-spacer{height:100%}.e-con-inner>.elementor-widget-spacer>.elementor-widget-container>.elementor-spacer>.elementor-spacer-inner,.e-con>.elementor-widget-spacer>.elementor-widget-container>.elementor-spacer>.elementor-spacer-inner{height:var(--container-widget-height,var(--spacer-size))}.e-con-inner>.elementor-widget-spacer.elementor-widget-empty,.e-con>.elementor-widget-spacer.elementor-widget-empty{position:relative;min-height:22px;min-width:22px}.e-con-inner>.elementor-widget-spacer.elementor-widget-empty .elementor-widget-empty-icon,.e-con>.elementor-widget-spacer.elementor-widget-empty .elementor-widget-empty-icon{position:absolute;top:0;bottom:0;left:0;right:0;margin:auto;padding:0;width:22px;height:22px}<\/style>\t\t<div class=\"elementor-spacer\">\n\t\t\t<div class=\"elementor-spacer-inner\"><\/div>\n\t\t<\/div>\n\t\t\t\t<\/div>\n\t\t\t\t<\/div>\n\t\t\t\t\t<\/div>\n\t\t<\/div>\n\t\t\t\t\t<\/div>\n\t\t<\/section>\n\t\t\t\t<section class=\"elementor-section elementor-top-section elementor-element elementor-element-c95cec9 elementor-section-boxed elementor-section-height-default elementor-section-height-default\" data-id=\"c95cec9\" data-element_type=\"section\">\n\t\t\t\t\t\t<div class=\"elementor-container elementor-column-gap-default\">\n\t\t\t\t\t<div class=\"elementor-column elementor-col-100 elementor-top-column elementor-element elementor-element-60fb583\" data-id=\"60fb583\" data-element_type=\"column\">\n\t\t\t<div class=\"elementor-widget-wrap elementor-element-populated\">\n\t\t\t\t\t\t<div class=\"elementor-element elementor-element-7c93a6f elementor-widget elementor-widget-wp-widget-media_gallery\" data-id=\"7c93a6f\" data-element_type=\"widget\" data-widget_type=\"wp-widget-media_gallery.default\">\n\t\t\t\t<div class=\"elementor-widget-container\">\n\t\t\t<h5>Galerie de photos<\/h5><div id='gallery-1' class='gallery galleryid-3542 gallery-columns-3 gallery-size-thumbnail'><figure class='gallery-item'>\n\t\t\t<div class='gallery-icon landscape'>\n\t\t\t\t<a data-elementor-open-lightbox=\"yes\" data-elementor-lightbox-slideshow=\"7c93a6f\" data-elementor-lightbox-title=\"IMG-1dd4bc9a4c0c3114507d547537db1fd4-V\" data-e-action-hash=\"#elementor-action%3Aaction%3Dlightbox%26settings%3DeyJpZCI6MzU2MCwidXJsIjoiaHR0cHM6XC9cL2FuLWNhcnN0dm9wcmlyb2RlLmNvbVwvd3AtY29udGVudFwvdXBsb2Fkc1wvMjAyMlwvMDZcL0lNRy0xZGQ0YmM5YTRjMGMzMTE0NTA3ZDU0NzUzN2RiMWZkNC1WLmpwZyIsInNsaWRlc2hvdyI6IjdjOTNhNmYifQ%3D%3D\" href='https:\/\/an-carstvoprirode.com\/wp-content\/uploads\/2022\/06\/IMG-1dd4bc9a4c0c3114507d547537db1fd4-V.jpg'><img decoding=\"async\" width=\"150\" height=\"150\" src=\"https:\/\/an-carstvoprirode.com\/wp-content\/uploads\/2022\/06\/IMG-1dd4bc9a4c0c3114507d547537db1fd4-V-150x150.jpg\" class=\"attachment-thumbnail size-thumbnail\" alt=\"\" \/><\/a>\n\t\t\t<\/div><\/figure><figure class='gallery-item'>\n\t\t\t<div class='gallery-icon landscape'>\n\t\t\t\t<a data-elementor-open-lightbox=\"yes\" data-elementor-lightbox-slideshow=\"7c93a6f\" data-elementor-lightbox-title=\"IMG-8550078503ff616d63b1ec4d7fcfa9ad-V\" data-e-action-hash=\"#elementor-action%3Aaction%3Dlightbox%26settings%3DeyJpZCI6MzU1NSwidXJsIjoiaHR0cHM6XC9cL2FuLWNhcnN0dm9wcmlyb2RlLmNvbVwvd3AtY29udGVudFwvdXBsb2Fkc1wvMjAyMlwvMDZcL0lNRy04NTUwMDc4NTAzZmY2MTZkNjNiMWVjNGQ3ZmNmYTlhZC1WLmpwZyIsInNsaWRlc2hvdyI6IjdjOTNhNmYifQ%3D%3D\" href='https:\/\/an-carstvoprirode.com\/wp-content\/uploads\/2022\/06\/IMG-8550078503ff616d63b1ec4d7fcfa9ad-V.jpg'><img decoding=\"async\" width=\"150\" height=\"150\" src=\"https:\/\/an-carstvoprirode.com\/wp-content\/uploads\/2022\/06\/IMG-8550078503ff616d63b1ec4d7fcfa9ad-V-150x150.jpg\" class=\"attachment-thumbnail size-thumbnail\" alt=\"\" srcset=\"https:\/\/an-carstvoprirode.com\/wp-content\/uploads\/2022\/06\/IMG-8550078503ff616d63b1ec4d7fcfa9ad-V-150x150.jpg 150w, https:\/\/an-carstvoprirode.com\/wp-content\/uploads\/2022\/06\/IMG-8550078503ff616d63b1ec4d7fcfa9ad-V-892x892.jpg 892w\" sizes=\"(max-width: 150px) 100vw, 150px\" \/><\/a>\n\t\t\t<\/div><\/figure><figure class='gallery-item'>\n\t\t\t<div class='gallery-icon landscape'>\n\t\t\t\t<a data-elementor-open-lightbox=\"yes\" data-elementor-lightbox-slideshow=\"7c93a6f\" data-elementor-lightbox-title=\"IMG-2ab89a6a9756b31b65d3535121ac07c2-V\" data-e-action-hash=\"#elementor-action%3Aaction%3Dlightbox%26settings%3DeyJpZCI6MzU2MSwidXJsIjoiaHR0cHM6XC9cL2FuLWNhcnN0dm9wcmlyb2RlLmNvbVwvd3AtY29udGVudFwvdXBsb2Fkc1wvMjAyMlwvMDZcL0lNRy0yYWI4OWE2YTk3NTZiMzFiNjVkMzUzNTEyMWFjMDdjMi1WLmpwZyIsInNsaWRlc2hvdyI6IjdjOTNhNmYifQ%3D%3D\" href='https:\/\/an-carstvoprirode.com\/wp-content\/uploads\/2022\/06\/IMG-2ab89a6a9756b31b65d3535121ac07c2-V.jpg'><img decoding=\"async\" width=\"150\" height=\"150\" src=\"https:\/\/an-carstvoprirode.com\/wp-content\/uploads\/2022\/06\/IMG-2ab89a6a9756b31b65d3535121ac07c2-V-150x150.jpg\" class=\"attachment-thumbnail size-thumbnail\" alt=\"\" srcset=\"https:\/\/an-carstvoprirode.com\/wp-content\/uploads\/2022\/06\/IMG-2ab89a6a9756b31b65d3535121ac07c2-V-150x150.jpg 150w, https:\/\/an-carstvoprirode.com\/wp-content\/uploads\/2022\/06\/IMG-2ab89a6a9756b31b65d3535121ac07c2-V-892x892.jpg 892w\" sizes=\"(max-width: 150px) 100vw, 150px\" \/><\/a>\n\t\t\t<\/div><\/figure><figure class='gallery-item'>\n\t\t\t<div class='gallery-icon landscape'>\n\t\t\t\t<a data-elementor-open-lightbox=\"yes\" data-elementor-lightbox-slideshow=\"7c93a6f\" data-elementor-lightbox-title=\"IMG-a5b6e16c04235e7f861c30849b34f414-V\" data-e-action-hash=\"#elementor-action%3Aaction%3Dlightbox%26settings%3DeyJpZCI6MzU2NywidXJsIjoiaHR0cHM6XC9cL2FuLWNhcnN0dm9wcmlyb2RlLmNvbVwvd3AtY29udGVudFwvdXBsb2Fkc1wvMjAyMlwvMDZcL0lNRy1hNWI2ZTE2YzA0MjM1ZTdmODYxYzMwODQ5YjM0ZjQxNC1WLmpwZyIsInNsaWRlc2hvdyI6IjdjOTNhNmYifQ%3D%3D\" href='https:\/\/an-carstvoprirode.com\/wp-content\/uploads\/2022\/06\/IMG-a5b6e16c04235e7f861c30849b34f414-V.jpg'><img loading=\"lazy\" decoding=\"async\" width=\"150\" height=\"150\" src=\"https:\/\/an-carstvoprirode.com\/wp-content\/uploads\/2022\/06\/IMG-a5b6e16c04235e7f861c30849b34f414-V-150x150.jpg\" class=\"attachment-thumbnail size-thumbnail\" alt=\"\" srcset=\"https:\/\/an-carstvoprirode.com\/wp-content\/uploads\/2022\/06\/IMG-a5b6e16c04235e7f861c30849b34f414-V-150x150.jpg 150w, https:\/\/an-carstvoprirode.com\/wp-content\/uploads\/2022\/06\/IMG-a5b6e16c04235e7f861c30849b34f414-V-892x892.jpg 892w\" sizes=\"(max-width: 150px) 100vw, 150px\" \/><\/a>\n\t\t\t<\/div><\/figure><figure class='gallery-item'>\n\t\t\t<div class='gallery-icon landscape'>\n\t\t\t\t<a data-elementor-open-lightbox=\"yes\" data-elementor-lightbox-slideshow=\"7c93a6f\" data-elementor-lightbox-title=\"IMG-8a594ba848650159fbd57c8f53adafd0-V\" data-e-action-hash=\"#elementor-action%3Aaction%3Dlightbox%26settings%3DeyJpZCI6MzU2MiwidXJsIjoiaHR0cHM6XC9cL2FuLWNhcnN0dm9wcmlyb2RlLmNvbVwvd3AtY29udGVudFwvdXBsb2Fkc1wvMjAyMlwvMDZcL0lNRy04YTU5NGJhODQ4NjUwMTU5ZmJkNTdjOGY1M2FkYWZkMC1WLmpwZyIsInNsaWRlc2hvdyI6IjdjOTNhNmYifQ%3D%3D\" href='https:\/\/an-carstvoprirode.com\/wp-content\/uploads\/2022\/06\/IMG-8a594ba848650159fbd57c8f53adafd0-V.jpg'><img loading=\"lazy\" decoding=\"async\" width=\"150\" height=\"150\" src=\"https:\/\/an-carstvoprirode.com\/wp-content\/uploads\/2022\/06\/IMG-8a594ba848650159fbd57c8f53adafd0-V-150x150.jpg\" class=\"attachment-thumbnail size-thumbnail\" alt=\"\" srcset=\"https:\/\/an-carstvoprirode.com\/wp-content\/uploads\/2022\/06\/IMG-8a594ba848650159fbd57c8f53adafd0-V-150x150.jpg 150w, https:\/\/an-carstvoprirode.com\/wp-content\/uploads\/2022\/06\/IMG-8a594ba848650159fbd57c8f53adafd0-V-892x892.jpg 892w\" sizes=\"(max-width: 150px) 100vw, 150px\" \/><\/a>\n\t\t\t<\/div><\/figure><figure class='gallery-item'>\n\t\t\t<div class='gallery-icon landscape'>\n\t\t\t\t<a data-elementor-open-lightbox=\"yes\" data-elementor-lightbox-slideshow=\"7c93a6f\" data-elementor-lightbox-title=\"IMG-52e2eef978a463cac8ddc8ed25750b57-V\" data-e-action-hash=\"#elementor-action%3Aaction%3Dlightbox%26settings%3DeyJpZCI6MzU2MywidXJsIjoiaHR0cHM6XC9cL2FuLWNhcnN0dm9wcmlyb2RlLmNvbVwvd3AtY29udGVudFwvdXBsb2Fkc1wvMjAyMlwvMDZcL0lNRy01MmUyZWVmOTc4YTQ2M2NhYzhkZGM4ZWQyNTc1MGI1Ny1WLmpwZyIsInNsaWRlc2hvdyI6IjdjOTNhNmYifQ%3D%3D\" href='https:\/\/an-carstvoprirode.com\/wp-content\/uploads\/2022\/06\/IMG-52e2eef978a463cac8ddc8ed25750b57-V.jpg'><img loading=\"lazy\" decoding=\"async\" width=\"150\" height=\"150\" src=\"https:\/\/an-carstvoprirode.com\/wp-content\/uploads\/2022\/06\/IMG-52e2eef978a463cac8ddc8ed25750b57-V-150x150.jpg\" class=\"attachment-thumbnail size-thumbnail\" alt=\"\" srcset=\"https:\/\/an-carstvoprirode.com\/wp-content\/uploads\/2022\/06\/IMG-52e2eef978a463cac8ddc8ed25750b57-V-150x150.jpg 150w, https:\/\/an-carstvoprirode.com\/wp-content\/uploads\/2022\/06\/IMG-52e2eef978a463cac8ddc8ed25750b57-V-892x892.jpg 892w\" sizes=\"(max-width: 150px) 100vw, 150px\" \/><\/a>\n\t\t\t<\/div><\/figure><figure class='gallery-item'>\n\t\t\t<div class='gallery-icon landscape'>\n\t\t\t\t<a data-elementor-open-lightbox=\"yes\" data-elementor-lightbox-slideshow=\"7c93a6f\" data-elementor-lightbox-title=\"IMG-05381f903c1024c6086b4366003b80af-V\" data-e-action-hash=\"#elementor-action%3Aaction%3Dlightbox%26settings%3DeyJpZCI6MzU2NCwidXJsIjoiaHR0cHM6XC9cL2FuLWNhcnN0dm9wcmlyb2RlLmNvbVwvd3AtY29udGVudFwvdXBsb2Fkc1wvMjAyMlwvMDZcL0lNRy0wNTM4MWY5MDNjMTAyNGM2MDg2YjQzNjYwMDNiODBhZi1WLmpwZyIsInNsaWRlc2hvdyI6IjdjOTNhNmYifQ%3D%3D\" href='https:\/\/an-carstvoprirode.com\/wp-content\/uploads\/2022\/06\/IMG-05381f903c1024c6086b4366003b80af-V.jpg'><img loading=\"lazy\" decoding=\"async\" width=\"150\" height=\"150\" src=\"https:\/\/an-carstvoprirode.com\/wp-content\/uploads\/2022\/06\/IMG-05381f903c1024c6086b4366003b80af-V-150x150.jpg\" class=\"attachment-thumbnail size-thumbnail\" alt=\"\" srcset=\"https:\/\/an-carstvoprirode.com\/wp-content\/uploads\/2022\/06\/IMG-05381f903c1024c6086b4366003b80af-V-150x150.jpg 150w, https:\/\/an-carstvoprirode.com\/wp-content\/uploads\/2022\/06\/IMG-05381f903c1024c6086b4366003b80af-V-892x892.jpg 892w\" sizes=\"(max-width: 150px) 100vw, 150px\" \/><\/a>\n\t\t\t<\/div><\/figure><figure class='gallery-item'>\n\t\t\t<div class='gallery-icon landscape'>\n\t\t\t\t<a data-elementor-open-lightbox=\"yes\" data-elementor-lightbox-slideshow=\"7c93a6f\" data-elementor-lightbox-title=\"IMG-a313287e4fb13adb6f2cdf5f512b4c07-V\" data-e-action-hash=\"#elementor-action%3Aaction%3Dlightbox%26settings%3DeyJpZCI6MzU2OCwidXJsIjoiaHR0cHM6XC9cL2FuLWNhcnN0dm9wcmlyb2RlLmNvbVwvd3AtY29udGVudFwvdXBsb2Fkc1wvMjAyMlwvMDZcL0lNRy1hMzEzMjg3ZTRmYjEzYWRiNmYyY2RmNWY1MTJiNGMwNy1WLmpwZyIsInNsaWRlc2hvdyI6IjdjOTNhNmYifQ%3D%3D\" href='https:\/\/an-carstvoprirode.com\/wp-content\/uploads\/2022\/06\/IMG-a313287e4fb13adb6f2cdf5f512b4c07-V.jpg'><img loading=\"lazy\" decoding=\"async\" width=\"150\" height=\"150\" src=\"https:\/\/an-carstvoprirode.com\/wp-content\/uploads\/2022\/06\/IMG-a313287e4fb13adb6f2cdf5f512b4c07-V-150x150.jpg\" class=\"attachment-thumbnail size-thumbnail\" alt=\"\" srcset=\"https:\/\/an-carstvoprirode.com\/wp-content\/uploads\/2022\/06\/IMG-a313287e4fb13adb6f2cdf5f512b4c07-V-150x150.jpg 150w, https:\/\/an-carstvoprirode.com\/wp-content\/uploads\/2022\/06\/IMG-a313287e4fb13adb6f2cdf5f512b4c07-V-892x892.jpg 892w\" sizes=\"(max-width: 150px) 100vw, 150px\" \/><\/a>\n\t\t\t<\/div><\/figure><figure class='gallery-item'>\n\t\t\t<div class='gallery-icon landscape'>\n\t\t\t\t<a data-elementor-open-lightbox=\"yes\" data-elementor-lightbox-slideshow=\"7c93a6f\" data-elementor-lightbox-title=\"IMG-f992fad6ad67ba6dda24f9decc1a55b5-V\" data-e-action-hash=\"#elementor-action%3Aaction%3Dlightbox%26settings%3DeyJpZCI6MzU2OSwidXJsIjoiaHR0cHM6XC9cL2FuLWNhcnN0dm9wcmlyb2RlLmNvbVwvd3AtY29udGVudFwvdXBsb2Fkc1wvMjAyMlwvMDZcL0lNRy1mOTkyZmFkNmFkNjdiYTZkZGEyNGY5ZGVjYzFhNTViNS1WLmpwZyIsInNsaWRlc2hvdyI6IjdjOTNhNmYifQ%3D%3D\" href='https:\/\/an-carstvoprirode.com\/wp-content\/uploads\/2022\/06\/IMG-f992fad6ad67ba6dda24f9decc1a55b5-V.jpg'><img loading=\"lazy\" decoding=\"async\" width=\"150\" height=\"150\" src=\"https:\/\/an-carstvoprirode.com\/wp-content\/uploads\/2022\/06\/IMG-f992fad6ad67ba6dda24f9decc1a55b5-V-150x150.jpg\" class=\"attachment-thumbnail size-thumbnail\" alt=\"\" srcset=\"https:\/\/an-carstvoprirode.com\/wp-content\/uploads\/2022\/06\/IMG-f992fad6ad67ba6dda24f9decc1a55b5-V-150x150.jpg 150w, https:\/\/an-carstvoprirode.com\/wp-content\/uploads\/2022\/06\/IMG-f992fad6ad67ba6dda24f9decc1a55b5-V-892x892.jpg 892w\" sizes=\"(max-width: 150px) 100vw, 150px\" \/><\/a>\n\t\t\t<\/div><\/figure>\n\t\t<\/div>\n\t\t<\/div>\n\t\t\t\t<\/div>\n\t\t\t\t\t<\/div>\n\t\t<\/div>\n\t\t\t\t\t<\/div>\n\t\t<\/section>\n\t\t\t\t<\/div>","protected":false},"excerpt":{"rendered":"<p>For great successes achieved in the treatment of the most serious diseases, &#8220;AN Carstvo prirode&#8221; has received many awards and recognitions. One of them is the &#8220;Balkan Awards&#8221;, awarded to Mr. Alemko Nuhanovi\u0107, a doctor of traditional spiritual medicine and the owner of &#8220;AN Carstvo prirode&#8221; He received the award as the most popular doctor [&hellip;]<\/p>","protected":false},"author":1,"featured_media":3555,"parent":0,"menu_order":0,"comment_status":"closed","ping_status":"closed","template":"","meta":{"footnotes":""},"class_list":["post-3542","page","type-page","status-publish","has-post-thumbnail","hentry"],"_links":{"self":[{"href":"https:\/\/an-carstvoprirode.com\/fr\/wp-json\/wp\/v2\/pages\/3542","targetHints":{"allow":["GET"]}}],"collection":[{"href":"https:\/\/an-carstvoprirode.com\/fr\/wp-json\/wp\/v2\/pages"}],"about":[{"href":"https:\/\/an-carstvoprirode.com\/fr\/wp-json\/wp\/v2\/types\/page"}],"author":[{"embeddable":true,"href":"https:\/\/an-carstvoprirode.com\/fr\/wp-json\/wp\/v2\/users\/1"}],"replies":[{"embeddable":true,"href":"https:\/\/an-carstvoprirode.com\/fr\/wp-json\/wp\/v2\/comments?post=3542"}],"version-history":[{"count":20,"href":"https:\/\/an-carstvoprirode.com\/fr\/wp-json\/wp\/v2\/pages\/3542\/revisions"}],"predecessor-version":[{"id":3575,"href":"https:\/\/an-carstvoprirode.com\/fr\/wp-json\/wp\/v2\/pages\/3542\/revisions\/3575"}],"wp:featuredmedia":[{"embeddable":true,"href":"https:\/\/an-carstvoprirode.com\/fr\/wp-json\/wp\/v2\/media\/3555"}],"wp:attachment":[{"href":"https:\/\/an-carstvoprirode.com\/fr\/wp-json\/wp\/v2\/media?parent=3542"}],"curies":[{"name":"wp","href":"https:\/\/api.w.org\/{rel}","templated":true}]}}