{"id":3418,"date":"2022-06-03T00:41:05","date_gmt":"2022-06-02T22:41:05","guid":{"rendered":"https:\/\/an-carstvoprirode.com\/?page_id=3418"},"modified":"2023-12-01T18:27:32","modified_gmt":"2023-12-01T17:27:32","slug":"ingredients-of-our-products","status":"publish","type":"page","link":"https:\/\/an-carstvoprirode.com\/fr\/ingredients-of-our-products\/","title":{"rendered":"INGR\u00c9DIENTS DE NOS PRODUITS ET LEUR FABRICATION"},"content":{"rendered":"<p>Dans le sous-r\u00e9pertoire ci-dessus (\u00ab Nos Produits \u00bb), nous avons list\u00e9 quelques \u00e9l\u00e9ments qui rendent nos produits uniques et tr\u00e8s efficaces (eau pure, miel, aronia, recettes anciennes, plantes adaptog\u00e8nes qui sont les plantes les plus puissantes pour stimuler les d\u00e9fenses naturelles de l&#039;organisme, etc \u2026)<\/p>\n\n\n\n<p>Dans la vid\u00e9o ci-dessous, voyez l&#039;explication de M. Alemko Nuhanovi\u0107 concernant les incroyables ingr\u00e9dients utilis\u00e9s pour fabriquer nos produits. Ce sont les ingr\u00e9dients mondiaux les plus puissants connus pour la d\u00e9fense de l&#039;organisme de toutes les parties du monde, ainsi que les plantes les plus saines de la zone domestique.<\/p>\n\n\n<div class=\"aiovg-player-container\" style=\"max-width: 100%;\"><div class=\"aiovg-player aiovg-player-iframe\" style=\"padding-bottom: 56.25%;\"><iframe src=\"https:\/\/an-carstvoprirode.com\/fr\/player-embed\/id\/3418\/?mp4=https%3A%2F%2Fan-carstvoprirode.com%2Fwp-content%2Fuploads%2F2022%2F06%2FAlemko-objasnjava.mp4&amp;poster=https%3A%2F%2Fan-carstvoprirode.com%2Fwp-content%2Fuploads%2F2022%2F06%2FSnimak-ekrana-437.jpg\" title=\"\" width=\"560\" height=\"315\" frameborder=\"0\" scrolling=\"no\" allow=\"accelerometer; autoplay; clipboard-write; encrypted-media; gyroscope; picture-in-picture; web-share\" allowfullscreen><\/iframe><\/div><\/div>\n\n\n\n<p><\/p>","protected":false},"excerpt":{"rendered":"<p>In the subdirectory above (&#8220;Our Products&#8221;), we have listed some elements that make our products unique and very effective (pure water, honey, chokeberry, old recipes, adaptogenic plants that are the most powerful plants for stimulating the body\u2019s natural defenses, etc &#8230;) In the video below, see the explanation of Mr. Alemko Nuhanovi\u0107 regarding the amazing [&hellip;]<\/p>","protected":false},"author":1,"featured_media":3325,"parent":0,"menu_order":0,"comment_status":"closed","ping_status":"closed","template":"","meta":{"footnotes":""},"class_list":["post-3418","page","type-page","status-publish","has-post-thumbnail","hentry"],"_links":{"self":[{"href":"https:\/\/an-carstvoprirode.com\/fr\/wp-json\/wp\/v2\/pages\/3418","targetHints":{"allow":["GET"]}}],"collection":[{"href":"https:\/\/an-carstvoprirode.com\/fr\/wp-json\/wp\/v2\/pages"}],"about":[{"href":"https:\/\/an-carstvoprirode.com\/fr\/wp-json\/wp\/v2\/types\/page"}],"author":[{"embeddable":true,"href":"https:\/\/an-carstvoprirode.com\/fr\/wp-json\/wp\/v2\/users\/1"}],"replies":[{"embeddable":true,"href":"https:\/\/an-carstvoprirode.com\/fr\/wp-json\/wp\/v2\/comments?post=3418"}],"version-history":[{"count":15,"href":"https:\/\/an-carstvoprirode.com\/fr\/wp-json\/wp\/v2\/pages\/3418\/revisions"}],"predecessor-version":[{"id":4326,"href":"https:\/\/an-carstvoprirode.com\/fr\/wp-json\/wp\/v2\/pages\/3418\/revisions\/4326"}],"wp:featuredmedia":[{"embeddable":true,"href":"https:\/\/an-carstvoprirode.com\/fr\/wp-json\/wp\/v2\/media\/3325"}],"wp:attachment":[{"href":"https:\/\/an-carstvoprirode.com\/fr\/wp-json\/wp\/v2\/media?parent=3418"}],"curies":[{"name":"wp","href":"https:\/\/api.w.org\/{rel}","templated":true}]}}