{"id":2996,"date":"2022-05-11T22:07:59","date_gmt":"2022-05-11T20:07:59","guid":{"rendered":"https:\/\/an-carstvoprirode.com\/?page_id=2996"},"modified":"2022-05-28T17:30:39","modified_gmt":"2022-05-28T15:30:39","slug":"technical-technological-elements","status":"publish","type":"page","link":"https:\/\/an-carstvoprirode.com\/fr\/description-of-business-idea\/technical-technological-elements\/","title":{"rendered":"\u00c9l\u00e9ments technico-technologiques"},"content":{"rendered":"<p>Dans le collectif de travail, au cours de la premi\u00e8re ann\u00e9e sociale, 20 (vingt) salari\u00e9s seraient employ\u00e9s\u00a0:<\/p>\n\n\n\n<ul class=\"wp-block-list\"><li><em>M\u00e9decin g\u00e9n\u00e9raliste 4 ex\u00e9cuteurs testamentaires<\/em><\/li><li><em>Infirmi\u00e8re 4 ex\u00e9cuteurs testamentaires<\/em><\/li><li><em>Soignant<\/em> 2 ex\u00e9cuteurs testamentaires<\/li><li><em>Cuisini\u00e8re 2 ex\u00e9cuteurs<\/em><\/li><li><em>Serveur 4 ex\u00e9cuteurs testamentaires<\/em><\/li><li><em>Pilote 2 ex\u00e9cuteurs<\/em><\/li><li><em>Femme de m\u00e9nage 4 ex\u00e9cuteurs testamentaires<\/em><\/li><li><em>Animateur 2 ex\u00e9cuteurs<\/em><\/li><li><em>Nutritionniste 1 ex\u00e9cuteur testamentaire<\/em><\/li><li><em>Chef auxiliaire 2 <em>ex\u00e9cuteurs testamentaires<\/em><\/em><\/li><li><em>Gardien 1 <em>ex\u00e9cuteur<\/em><\/em><\/li><li><em>R\u00e9ceptionniste 2 <em>ex\u00e9cuteurs testamentaires<\/em><\/em><\/li><li><em>Ouvriers charg\u00e9s de l&#039;entretien des installations auxiliaires 3 <em>ex\u00e9cuteurs testamentaires<\/em><\/em><\/li><li><em>Administration de deux <em>ex\u00e9cuteurs testamentaires<\/em><\/em><\/li><\/ul>\n\n\n\n<p>Au cours des ann\u00e9es suivantes, la capacit\u00e9 de l&#039;entreprise a \u00e9t\u00e9 \u00e9largie, ce qui impliquerait principalement le recrutement d&#039;employ\u00e9s suppl\u00e9mentaires poss\u00e9dant les connaissances professionnelles appropri\u00e9es et les comp\u00e9tences n\u00e9cessaires au travail. L&#039;achat d&#039;\u00e9quipements et de moyens de fonctionnement suppl\u00e9mentaires serait \u00e9galement r\u00e9alis\u00e9. Conform\u00e9ment \u00e0 la dynamique temporelle pr\u00e9vue, l&#039;entreprise d\u00e9marrerait son activit\u00e9 d\u00e8s le premier placement de ses services, de sorte que les premiers rentr\u00e9es financi\u00e8res soient r\u00e9alistes d\u00e8s le premier mois d&#039;exploitation.<\/p>\n\n\n\n<p>Il est pr\u00e9vu que l&#039;activit\u00e9 commerciale soit exerc\u00e9e dans un immeuble de bureaux construit sur deux \u00e9tages d&#039;une superficie totale de 3.200 m2 (800\u00d74), avec un grand espace de stationnement pr\u00e9vu. Les locaux commerciaux mentionn\u00e9s seront dot\u00e9s de tous les \u00e9quipements mat\u00e9riels et techniques r\u00e9pondant aux conditions techniques et technologiques prescrites par la norme, n\u00e9cessaires \u00e0 l&#039;exercice efficace de l&#039;activit\u00e9 commerciale.<\/p>\n\n\n\n<p>Dans la premi\u00e8re phase d&#039;investissement, la reconstruction et l&#039;adaptation des installations commerciales et l&#039;achat des fonds de base et courants n\u00e9cessaires au d\u00e9marrage des travaux du Centre seront r\u00e9alis\u00e9s comme suit\u00a0:<\/p>","protected":false},"excerpt":{"rendered":"<p>In the labor collective, in the first business year, 20 (twenty) employees would be employed: General practitioner 4 executors Nurse 4 executors Caregiver 2 executors Cooker 2 executors Waiter 4 executors Driver 2 executors Maid 4 executors Animator 2 executors Nutritionist 1 executor Auxiliary chef 2 executors Custodian 1 executor Receptionist 2 executors Workers on [&hellip;]<\/p>","protected":false},"author":1,"featured_media":3334,"parent":2966,"menu_order":0,"comment_status":"closed","ping_status":"closed","template":"","meta":{"footnotes":""},"class_list":["post-2996","page","type-page","status-publish","has-post-thumbnail","hentry"],"_links":{"self":[{"href":"https:\/\/an-carstvoprirode.com\/fr\/wp-json\/wp\/v2\/pages\/2996","targetHints":{"allow":["GET"]}}],"collection":[{"href":"https:\/\/an-carstvoprirode.com\/fr\/wp-json\/wp\/v2\/pages"}],"about":[{"href":"https:\/\/an-carstvoprirode.com\/fr\/wp-json\/wp\/v2\/types\/page"}],"author":[{"embeddable":true,"href":"https:\/\/an-carstvoprirode.com\/fr\/wp-json\/wp\/v2\/users\/1"}],"replies":[{"embeddable":true,"href":"https:\/\/an-carstvoprirode.com\/fr\/wp-json\/wp\/v2\/comments?post=2996"}],"version-history":[{"count":5,"href":"https:\/\/an-carstvoprirode.com\/fr\/wp-json\/wp\/v2\/pages\/2996\/revisions"}],"predecessor-version":[{"id":3339,"href":"https:\/\/an-carstvoprirode.com\/fr\/wp-json\/wp\/v2\/pages\/2996\/revisions\/3339"}],"up":[{"embeddable":true,"href":"https:\/\/an-carstvoprirode.com\/fr\/wp-json\/wp\/v2\/pages\/2966"}],"wp:featuredmedia":[{"embeddable":true,"href":"https:\/\/an-carstvoprirode.com\/fr\/wp-json\/wp\/v2\/media\/3334"}],"wp:attachment":[{"href":"https:\/\/an-carstvoprirode.com\/fr\/wp-json\/wp\/v2\/media?parent=2996"}],"curies":[{"name":"wp","href":"https:\/\/api.w.org\/{rel}","templated":true}]}}