{"id":130,"date":"2018-11-13T14:42:25","date_gmt":"2018-11-13T13:42:25","guid":{"rendered":"https:\/\/themes.getmotopress.com\/palmeria\/?page_id=130"},"modified":"2022-05-28T16:09:16","modified_gmt":"2022-05-28T14:09:16","slug":"about-carstvo-prirode","status":"publish","type":"page","link":"https:\/\/an-carstvoprirode.com\/fr\/about-carstvo-prirode\/","title":{"rendered":"\u00c0 propos de &quot;AN Carstvo Prirode&quot;"},"content":{"rendered":"<div class=\"wp-block-columns has-2-columns is-layout-flex wp-container-core-columns-is-layout-9d6595d7 wp-block-columns-is-layout-flex\">\n<div class=\"wp-block-column is-layout-flow wp-block-column-is-layout-flow\">\n<figure class=\"wp-block-image size-large\"><img fetchpriority=\"high\" decoding=\"async\" width=\"768\" height=\"1024\" src=\"https:\/\/an-carstvoprirode.com\/wp-content\/uploads\/2022\/05\/IMG-e00a0c5296e7a97cf19c6dff6b185891-V-768x1024.jpg\" alt=\"\" class=\"wp-image-2674\" srcset=\"https:\/\/an-carstvoprirode.com\/wp-content\/uploads\/2022\/05\/IMG-e00a0c5296e7a97cf19c6dff6b185891-V-768x1024.jpg 768w, https:\/\/an-carstvoprirode.com\/wp-content\/uploads\/2022\/05\/IMG-e00a0c5296e7a97cf19c6dff6b185891-V-225x300.jpg 225w, https:\/\/an-carstvoprirode.com\/wp-content\/uploads\/2022\/05\/IMG-e00a0c5296e7a97cf19c6dff6b185891-V-892x1189.jpg 892w, https:\/\/an-carstvoprirode.com\/wp-content\/uploads\/2022\/05\/IMG-e00a0c5296e7a97cf19c6dff6b185891-V.jpg 960w\" sizes=\"(max-width: 768px) 100vw, 768px\" \/><\/figure>\n<\/div>\n\n\n\n<div class=\"wp-block-column is-layout-flow wp-block-column-is-layout-flow\">\n<p>Nous sommes une \u00e9quipe de jeunes personnes \u00e9duqu\u00e9es qui se consacrent \u00e0 la production de pr\u00e9parations \u00e0 base de plantes pour renforcer l&#039;immunit\u00e9 et am\u00e9liorer la sant\u00e9 humaine.<br><br>Tous les produits de notre gamme ont \u00e9t\u00e9 cr\u00e9\u00e9s dans des conditions strictement contr\u00f4l\u00e9es selon les normes environnementales les plus \u00e9lev\u00e9es.<\/p>\n\n\n\n<p>Les recettes de nos \u00e9lixirs \u00e0 base de plantes ont \u00e9t\u00e9 pr\u00e9par\u00e9es en respectant les connaissances anciennes recueillies dans une multitude de livres sur la phytoth\u00e9rapie ainsi qu&#039;en suivant les derni\u00e8res recherches dans les domaines de la m\u00e9decine, de la m\u00e9decine alternative et de la pharmacie. Derri\u00e8re chacun de nos produits se cachent la connaissance, l&#039;engagement et la confiance que ce que nous utilisons pour notre production est vraiment ce que la nature a de mieux \u00e0 offrir.<\/p>\n\n\n\n<p>Si vous souhaitez am\u00e9liorer votre sant\u00e9, vous \u00eates au bon endroit !<\/p>\n<\/div>\n<\/div>\n\n\n\n<div class=\"wp-block-columns has-2-columns is-layout-flex wp-container-core-columns-is-layout-9d6595d7 wp-block-columns-is-layout-flex\">\n<div class=\"wp-block-column is-layout-flow wp-block-column-is-layout-flow\">\n<h2 class=\"wp-block-heading\"><strong>Utilisation des ressources de ses propres plantations de produits biologiques et de ses propres sources d&#039;eau saine<\/strong><\/h2>\n<\/div>\n\n\n\n<div class=\"wp-block-column is-layout-flow wp-block-column-is-layout-flow\">\n<p class=\" translation-block\">Capacit\u00e9 des sources d&#039;eau potable 7 000 000 lit \/ jour<br> 60 000 plants d&#039;aronia de Sib\u00e9rie - Nero<\/p>\n\n\n\n<p>Plantation de vergers de pommiers indig\u00e8nes\u00a0;<\/p>\n\n\n\n<p>Plantation de cerises croquantes, 5000 arbres\u00a0;<\/p>\n\n\n\n<p>Plantation de vergers de poiriers indig\u00e8nes<\/p>\n\n\n\n<p>Plantation de raisin rouge ;<\/p>\n\n\n\n<p>Plantation d&#039;abricotiers ;<\/p>\n\n\n\n<p>Cardinal P\u00eache Plantation;<\/p>\n\n\n\n<p>Plantation de cerises autochtones \u00ab Oblo\u010danka \u00bb<\/p>\n\n\n\n<p>Plantation de cassis ;<\/p>\n\n\n\n<p>Plantation de prune indig\u00e8ne \u00ab Po\u017eega\u010da \u00bb.<\/p>\n\n\n\n<p>Votre patronage nous aide \u00e0 garder la r\u00e9gion sous-d\u00e9velopp\u00e9e et pr\u00e9serv\u00e9e pour que les g\u00e9n\u00e9rations futures puissent en profiter et l&#039;explorer.<\/p>\n\n\n\n<p>150 ruches d&#039;abeilles<\/p>\n<\/div>\n<\/div>\n\n\n\n<hr class=\"wp-block-separator has-css-opacity is-style-wide\"\/>\n\n\n\n<h2 class=\"has-text-align-center wp-block-heading\"><strong>Nos commodit\u00e9s<\/strong><\/h2>\n\n\n\n<div class=\"wp-block-columns has-3-columns is-layout-flex wp-container-core-columns-is-layout-9d6595d7 wp-block-columns-is-layout-flex\">\n<div class=\"wp-block-column is-layout-flow wp-block-column-is-layout-flow\">\n<figure class=\"wp-block-image size-full\"><a href=\"https:\/\/an-carstvoprirode.com\/wp-content\/uploads\/2022\/05\/IMG-e4f921dce615c0e46b2f092e0e36651b-V.jpg\"><img decoding=\"async\" width=\"1024\" height=\"683\" src=\"https:\/\/an-carstvoprirode.com\/wp-content\/uploads\/2022\/05\/IMG-e4f921dce615c0e46b2f092e0e36651b-V.jpg\" alt=\"\" class=\"wp-image-2681\" srcset=\"https:\/\/an-carstvoprirode.com\/wp-content\/uploads\/2022\/05\/IMG-e4f921dce615c0e46b2f092e0e36651b-V.jpg 1024w, https:\/\/an-carstvoprirode.com\/wp-content\/uploads\/2022\/05\/IMG-e4f921dce615c0e46b2f092e0e36651b-V-300x200.jpg 300w, https:\/\/an-carstvoprirode.com\/wp-content\/uploads\/2022\/05\/IMG-e4f921dce615c0e46b2f092e0e36651b-V-768x512.jpg 768w, https:\/\/an-carstvoprirode.com\/wp-content\/uploads\/2022\/05\/IMG-e4f921dce615c0e46b2f092e0e36651b-V-892x594.jpg 892w, https:\/\/an-carstvoprirode.com\/wp-content\/uploads\/2022\/05\/IMG-e4f921dce615c0e46b2f092e0e36651b-V-150x100.jpg 150w\" sizes=\"(max-width: 1024px) 100vw, 1024px\" \/><\/a><\/figure>\n\n\n\n<h5 class=\"wp-block-heading\"><strong>Propre plantation<\/strong><\/h5>\n\n\n\n<p>avec un grand nombre de plants de divers fruits et l\u00e9gumes de production biologique.<\/p>\n<\/div>\n\n\n\n<div class=\"wp-block-column is-layout-flow wp-block-column-is-layout-flow\">\n<figure class=\"wp-block-image size-full\"><a href=\"https:\/\/an-carstvoprirode.com\/wp-content\/uploads\/2022\/05\/IMG-25c45d910c621f04930ac1b52750c3fd-V-1.jpg\"><img decoding=\"async\" width=\"1024\" height=\"684\" src=\"https:\/\/an-carstvoprirode.com\/wp-content\/uploads\/2022\/05\/IMG-25c45d910c621f04930ac1b52750c3fd-V-1.jpg\" alt=\"\" class=\"wp-image-2683\" srcset=\"https:\/\/an-carstvoprirode.com\/wp-content\/uploads\/2022\/05\/IMG-25c45d910c621f04930ac1b52750c3fd-V-1.jpg 1024w, https:\/\/an-carstvoprirode.com\/wp-content\/uploads\/2022\/05\/IMG-25c45d910c621f04930ac1b52750c3fd-V-1-300x200.jpg 300w, https:\/\/an-carstvoprirode.com\/wp-content\/uploads\/2022\/05\/IMG-25c45d910c621f04930ac1b52750c3fd-V-1-768x513.jpg 768w, https:\/\/an-carstvoprirode.com\/wp-content\/uploads\/2022\/05\/IMG-25c45d910c621f04930ac1b52750c3fd-V-1-892x596.jpg 892w, https:\/\/an-carstvoprirode.com\/wp-content\/uploads\/2022\/05\/IMG-25c45d910c621f04930ac1b52750c3fd-V-1-150x100.jpg 150w\" sizes=\"(max-width: 1024px) 100vw, 1024px\" \/><\/a><\/figure>\n\n\n\n<h5 class=\"wp-block-heading\"><strong>Propres sources d&#039;eau<\/strong><\/h5>\n\n\n\n<p>excellente qualit\u00e9, sans ingr\u00e9dients nocifs, sans sodium, pr\u00eat \u00e0 l&#039;emploi sans transformation.<\/p>\n<\/div>\n\n\n\n<div class=\"wp-block-column is-layout-flow wp-block-column-is-layout-flow\">\n<figure class=\"wp-block-image size-full\"><a href=\"https:\/\/an-carstvoprirode.com\/wp-content\/uploads\/2022\/05\/IMG-d636cbd219cb147e2723b3ab7d96b93a-V.jpg\"><img loading=\"lazy\" decoding=\"async\" width=\"1024\" height=\"683\" src=\"https:\/\/an-carstvoprirode.com\/wp-content\/uploads\/2022\/05\/IMG-d636cbd219cb147e2723b3ab7d96b93a-V.jpg\" alt=\"\" class=\"wp-image-2686\" srcset=\"https:\/\/an-carstvoprirode.com\/wp-content\/uploads\/2022\/05\/IMG-d636cbd219cb147e2723b3ab7d96b93a-V.jpg 1024w, https:\/\/an-carstvoprirode.com\/wp-content\/uploads\/2022\/05\/IMG-d636cbd219cb147e2723b3ab7d96b93a-V-300x200.jpg 300w, https:\/\/an-carstvoprirode.com\/wp-content\/uploads\/2022\/05\/IMG-d636cbd219cb147e2723b3ab7d96b93a-V-768x512.jpg 768w, https:\/\/an-carstvoprirode.com\/wp-content\/uploads\/2022\/05\/IMG-d636cbd219cb147e2723b3ab7d96b93a-V-892x594.jpg 892w, https:\/\/an-carstvoprirode.com\/wp-content\/uploads\/2022\/05\/IMG-d636cbd219cb147e2723b3ab7d96b93a-V-150x100.jpg 150w\" sizes=\"(max-width: 1024px) 100vw, 1024px\" \/><\/a><\/figure>\n\n\n\n<h5 class=\"wp-block-heading\"><strong>Employ\u00e9s travailleurs et qualifi\u00e9s<\/strong><\/h5>\n\n\n\n<p>plantation de semis, entretien, cueillette de fruits, transformation - tous les travaux sont effectu\u00e9s par des travailleurs qualifi\u00e9s et professionnels<\/p>\n<\/div>\n<\/div>\n\n\n\n<div class=\"wp-block-columns has-3-columns is-layout-flex wp-container-core-columns-is-layout-9d6595d7 wp-block-columns-is-layout-flex\">\n<div class=\"wp-block-column is-layout-flow wp-block-column-is-layout-flow\">\n<figure class=\"wp-block-image size-full\"><a href=\"https:\/\/an-carstvoprirode.com\/wp-content\/uploads\/2022\/05\/Snimak-ekrana-334.png\"><img loading=\"lazy\" decoding=\"async\" width=\"1024\" height=\"683\" src=\"https:\/\/an-carstvoprirode.com\/wp-content\/uploads\/2022\/05\/Snimak-ekrana-334.png\" alt=\"\" class=\"wp-image-2690\" srcset=\"https:\/\/an-carstvoprirode.com\/wp-content\/uploads\/2022\/05\/Snimak-ekrana-334.png 1024w, https:\/\/an-carstvoprirode.com\/wp-content\/uploads\/2022\/05\/Snimak-ekrana-334-300x200.png 300w, https:\/\/an-carstvoprirode.com\/wp-content\/uploads\/2022\/05\/Snimak-ekrana-334-768x512.png 768w, https:\/\/an-carstvoprirode.com\/wp-content\/uploads\/2022\/05\/Snimak-ekrana-334-892x594.png 892w, https:\/\/an-carstvoprirode.com\/wp-content\/uploads\/2022\/05\/Snimak-ekrana-334-150x100.png 150w\" sizes=\"(max-width: 1024px) 100vw, 1024px\" \/><\/a><\/figure>\n\n\n\n<h5 class=\"wp-block-heading\"><strong>Anciennes recettes<\/strong><\/h5>\n\n\n\n<p>la production se fait selon d&#039;anciennes recettes, la cuisson se fait au feu de bois sain.<\/p>\n<\/div>\n\n\n\n<div class=\"wp-block-column is-layout-flow wp-block-column-is-layout-flow\">\n<figure class=\"wp-block-image size-full\"><a href=\"https:\/\/an-carstvoprirode.com\/wp-content\/uploads\/2022\/05\/IMG-b53ae115b270b5cf53035d9e1a5c05f2-V.jpg\"><img loading=\"lazy\" decoding=\"async\" width=\"1024\" height=\"683\" src=\"https:\/\/an-carstvoprirode.com\/wp-content\/uploads\/2022\/05\/IMG-b53ae115b270b5cf53035d9e1a5c05f2-V.jpg\" alt=\"\" class=\"wp-image-2692\" srcset=\"https:\/\/an-carstvoprirode.com\/wp-content\/uploads\/2022\/05\/IMG-b53ae115b270b5cf53035d9e1a5c05f2-V.jpg 1024w, https:\/\/an-carstvoprirode.com\/wp-content\/uploads\/2022\/05\/IMG-b53ae115b270b5cf53035d9e1a5c05f2-V-300x200.jpg 300w, https:\/\/an-carstvoprirode.com\/wp-content\/uploads\/2022\/05\/IMG-b53ae115b270b5cf53035d9e1a5c05f2-V-768x512.jpg 768w, https:\/\/an-carstvoprirode.com\/wp-content\/uploads\/2022\/05\/IMG-b53ae115b270b5cf53035d9e1a5c05f2-V-892x594.jpg 892w, https:\/\/an-carstvoprirode.com\/wp-content\/uploads\/2022\/05\/IMG-b53ae115b270b5cf53035d9e1a5c05f2-V-150x100.jpg 150w\" sizes=\"(max-width: 1024px) 100vw, 1024px\" \/><\/a><\/figure>\n\n\n\n<h5 class=\"wp-block-heading\"><strong>Service client<\/strong><\/h5>\n\n\n\n<p>Nous surveillons l&#039;\u00e9volution de la situation avec nos utilisateurs, nous leur rendons visite pendant qu&#039;ils utilisent nos th\u00e9rapies et apr\u00e8s et nous sommes toujours \u00e0 jour.<\/p>\n<\/div>\n\n\n\n<div class=\"wp-block-column is-layout-flow wp-block-column-is-layout-flow\">\n<figure class=\"wp-block-image size-full\"><a href=\"https:\/\/an-carstvoprirode.com\/wp-content\/uploads\/2022\/05\/IMG-8550078503ff616d63b1ec4d7fcfa9ad-V.jpg\"><img loading=\"lazy\" decoding=\"async\" width=\"1024\" height=\"683\" src=\"https:\/\/an-carstvoprirode.com\/wp-content\/uploads\/2022\/05\/IMG-8550078503ff616d63b1ec4d7fcfa9ad-V.jpg\" alt=\"\" class=\"wp-image-2694\" srcset=\"https:\/\/an-carstvoprirode.com\/wp-content\/uploads\/2022\/05\/IMG-8550078503ff616d63b1ec4d7fcfa9ad-V.jpg 1024w, https:\/\/an-carstvoprirode.com\/wp-content\/uploads\/2022\/05\/IMG-8550078503ff616d63b1ec4d7fcfa9ad-V-300x200.jpg 300w, https:\/\/an-carstvoprirode.com\/wp-content\/uploads\/2022\/05\/IMG-8550078503ff616d63b1ec4d7fcfa9ad-V-768x512.jpg 768w, https:\/\/an-carstvoprirode.com\/wp-content\/uploads\/2022\/05\/IMG-8550078503ff616d63b1ec4d7fcfa9ad-V-892x594.jpg 892w, https:\/\/an-carstvoprirode.com\/wp-content\/uploads\/2022\/05\/IMG-8550078503ff616d63b1ec4d7fcfa9ad-V-150x100.jpg 150w\" sizes=\"(max-width: 1024px) 100vw, 1024px\" \/><\/a><\/figure>\n\n\n\n<h5 class=\"wp-block-heading\"><strong>Prix<\/strong><\/h5>\n\n\n\n<p>De nombreuses organisations ont reconnu la qualit\u00e9 de nos produits, notre engagement envers les clients et nous l&#039;ont reconnu. <\/p>\n<\/div>\n<\/div>\n\n\n\n<hr class=\"wp-block-separator has-css-opacity is-style-wide\"\/>\n\n\n\n<div class=\"wp-block-columns has-2-columns is-layout-flex wp-container-core-columns-is-layout-9d6595d7 wp-block-columns-is-layout-flex\">\n<div class=\"wp-block-column is-layout-flow wp-block-column-is-layout-flow\">\n<h2 class=\"wp-block-heading\"><strong>Nos travailleurs acharn\u00e9s<\/strong>!<\/h2>\n\n\n\n<p>Tous les succ\u00e8s que nous obtenons ne seraient pas possibles sans nos pr\u00e9cieux associ\u00e9s, qui se consacrent au travail 24 heures sur 24, 7 jours sur 7, prenant soin de chaque \u00e9l\u00e9ment de la production car ils savent que la sant\u00e9 de nombreuses personnes d\u00e9pend de leur engagement.<\/p>\n\n\n\n<figure class=\"wp-block-gallery has-nested-images columns-2 is-cropped wp-block-gallery-1 is-layout-flex wp-block-gallery-is-layout-flex\">\n<figure class=\"wp-block-image size-large\"><a href=\"https:\/\/an-carstvoprirode.com\/wp-content\/uploads\/2022\/05\/IMG-90a19e6b58c9945f7a6b81b2fdfc131e-V.jpg\"><img loading=\"lazy\" decoding=\"async\" width=\"1024\" height=\"649\" data-id=\"2700\" src=\"https:\/\/an-carstvoprirode.com\/wp-content\/uploads\/2022\/05\/IMG-90a19e6b58c9945f7a6b81b2fdfc131e-V-1024x649.jpg\" alt=\"\" class=\"wp-image-2700\" srcset=\"https:\/\/an-carstvoprirode.com\/wp-content\/uploads\/2022\/05\/IMG-90a19e6b58c9945f7a6b81b2fdfc131e-V-1024x649.jpg 1024w, https:\/\/an-carstvoprirode.com\/wp-content\/uploads\/2022\/05\/IMG-90a19e6b58c9945f7a6b81b2fdfc131e-V-300x190.jpg 300w, https:\/\/an-carstvoprirode.com\/wp-content\/uploads\/2022\/05\/IMG-90a19e6b58c9945f7a6b81b2fdfc131e-V-768x487.jpg 768w, https:\/\/an-carstvoprirode.com\/wp-content\/uploads\/2022\/05\/IMG-90a19e6b58c9945f7a6b81b2fdfc131e-V-892x566.jpg 892w, https:\/\/an-carstvoprirode.com\/wp-content\/uploads\/2022\/05\/IMG-90a19e6b58c9945f7a6b81b2fdfc131e-V.jpg 1536w\" sizes=\"(max-width: 1024px) 100vw, 1024px\" \/><\/a><\/figure>\n\n\n\n<figure class=\"wp-block-image size-large\"><a href=\"https:\/\/an-carstvoprirode.com\/wp-content\/uploads\/2022\/05\/IMG-798e1eef117f7c56da39b7e31d2c2df3-V.jpg\"><img loading=\"lazy\" decoding=\"async\" width=\"1024\" height=\"649\" data-id=\"2701\" src=\"https:\/\/an-carstvoprirode.com\/wp-content\/uploads\/2022\/05\/IMG-798e1eef117f7c56da39b7e31d2c2df3-V-1024x649.jpg\" alt=\"\" class=\"wp-image-2701\" srcset=\"https:\/\/an-carstvoprirode.com\/wp-content\/uploads\/2022\/05\/IMG-798e1eef117f7c56da39b7e31d2c2df3-V-1024x649.jpg 1024w, https:\/\/an-carstvoprirode.com\/wp-content\/uploads\/2022\/05\/IMG-798e1eef117f7c56da39b7e31d2c2df3-V-300x190.jpg 300w, https:\/\/an-carstvoprirode.com\/wp-content\/uploads\/2022\/05\/IMG-798e1eef117f7c56da39b7e31d2c2df3-V-768x487.jpg 768w, https:\/\/an-carstvoprirode.com\/wp-content\/uploads\/2022\/05\/IMG-798e1eef117f7c56da39b7e31d2c2df3-V-892x566.jpg 892w, https:\/\/an-carstvoprirode.com\/wp-content\/uploads\/2022\/05\/IMG-798e1eef117f7c56da39b7e31d2c2df3-V.jpg 1536w\" sizes=\"(max-width: 1024px) 100vw, 1024px\" \/><\/a><\/figure>\n\n\n\n<figure class=\"wp-block-image size-large\"><a href=\"https:\/\/an-carstvoprirode.com\/wp-content\/uploads\/2022\/05\/IMG-3355dbe711300e9c62463aacec6273f3-V.jpg\"><img loading=\"lazy\" decoding=\"async\" width=\"1024\" height=\"649\" data-id=\"2702\" src=\"https:\/\/an-carstvoprirode.com\/wp-content\/uploads\/2022\/05\/IMG-3355dbe711300e9c62463aacec6273f3-V-1024x649.jpg\" alt=\"\" class=\"wp-image-2702\" srcset=\"https:\/\/an-carstvoprirode.com\/wp-content\/uploads\/2022\/05\/IMG-3355dbe711300e9c62463aacec6273f3-V-1024x649.jpg 1024w, https:\/\/an-carstvoprirode.com\/wp-content\/uploads\/2022\/05\/IMG-3355dbe711300e9c62463aacec6273f3-V-300x190.jpg 300w, https:\/\/an-carstvoprirode.com\/wp-content\/uploads\/2022\/05\/IMG-3355dbe711300e9c62463aacec6273f3-V-768x487.jpg 768w, https:\/\/an-carstvoprirode.com\/wp-content\/uploads\/2022\/05\/IMG-3355dbe711300e9c62463aacec6273f3-V-892x566.jpg 892w, https:\/\/an-carstvoprirode.com\/wp-content\/uploads\/2022\/05\/IMG-3355dbe711300e9c62463aacec6273f3-V.jpg 1536w\" sizes=\"(max-width: 1024px) 100vw, 1024px\" \/><\/a><\/figure>\n\n\n\n<figure class=\"wp-block-image size-large\"><a href=\"https:\/\/an-carstvoprirode.com\/wp-content\/uploads\/2022\/05\/IMG-9839caf3a35b8b635da0dc798f40dd45-V.jpg\"><img loading=\"lazy\" decoding=\"async\" width=\"1024\" height=\"649\" data-id=\"2703\" src=\"https:\/\/an-carstvoprirode.com\/wp-content\/uploads\/2022\/05\/IMG-9839caf3a35b8b635da0dc798f40dd45-V-1024x649.jpg\" alt=\"\" class=\"wp-image-2703\" srcset=\"https:\/\/an-carstvoprirode.com\/wp-content\/uploads\/2022\/05\/IMG-9839caf3a35b8b635da0dc798f40dd45-V-1024x649.jpg 1024w, https:\/\/an-carstvoprirode.com\/wp-content\/uploads\/2022\/05\/IMG-9839caf3a35b8b635da0dc798f40dd45-V-300x190.jpg 300w, https:\/\/an-carstvoprirode.com\/wp-content\/uploads\/2022\/05\/IMG-9839caf3a35b8b635da0dc798f40dd45-V-768x487.jpg 768w, https:\/\/an-carstvoprirode.com\/wp-content\/uploads\/2022\/05\/IMG-9839caf3a35b8b635da0dc798f40dd45-V-892x566.jpg 892w, https:\/\/an-carstvoprirode.com\/wp-content\/uploads\/2022\/05\/IMG-9839caf3a35b8b635da0dc798f40dd45-V.jpg 1536w\" sizes=\"(max-width: 1024px) 100vw, 1024px\" \/><\/a><\/figure>\n\n\n\n<figure class=\"wp-block-image size-large\"><a href=\"https:\/\/an-carstvoprirode.com\/wp-content\/uploads\/2022\/05\/Snimak-ekrana-335.png\"><img loading=\"lazy\" decoding=\"async\" width=\"1024\" height=\"649\" data-id=\"2704\" src=\"https:\/\/an-carstvoprirode.com\/wp-content\/uploads\/2022\/05\/Snimak-ekrana-335-1024x649.png\" alt=\"\" class=\"wp-image-2704\" srcset=\"https:\/\/an-carstvoprirode.com\/wp-content\/uploads\/2022\/05\/Snimak-ekrana-335-1024x649.png 1024w, https:\/\/an-carstvoprirode.com\/wp-content\/uploads\/2022\/05\/Snimak-ekrana-335-300x190.png 300w, https:\/\/an-carstvoprirode.com\/wp-content\/uploads\/2022\/05\/Snimak-ekrana-335-768x487.png 768w, https:\/\/an-carstvoprirode.com\/wp-content\/uploads\/2022\/05\/Snimak-ekrana-335-892x566.png 892w, https:\/\/an-carstvoprirode.com\/wp-content\/uploads\/2022\/05\/Snimak-ekrana-335.png 1536w\" sizes=\"(max-width: 1024px) 100vw, 1024px\" \/><\/a><\/figure>\n\n\n\n<figure class=\"wp-block-image size-large\"><a href=\"https:\/\/an-carstvoprirode.com\/wp-content\/uploads\/2022\/05\/IMG-265d7ba20eb31890eb6fd8173beca255-V.jpg\"><img loading=\"lazy\" decoding=\"async\" width=\"1024\" height=\"649\" data-id=\"2706\" src=\"https:\/\/an-carstvoprirode.com\/wp-content\/uploads\/2022\/05\/IMG-265d7ba20eb31890eb6fd8173beca255-V-1024x649.jpg\" alt=\"\" class=\"wp-image-2706\" srcset=\"https:\/\/an-carstvoprirode.com\/wp-content\/uploads\/2022\/05\/IMG-265d7ba20eb31890eb6fd8173beca255-V-1024x649.jpg 1024w, https:\/\/an-carstvoprirode.com\/wp-content\/uploads\/2022\/05\/IMG-265d7ba20eb31890eb6fd8173beca255-V-300x190.jpg 300w, https:\/\/an-carstvoprirode.com\/wp-content\/uploads\/2022\/05\/IMG-265d7ba20eb31890eb6fd8173beca255-V-768x487.jpg 768w, https:\/\/an-carstvoprirode.com\/wp-content\/uploads\/2022\/05\/IMG-265d7ba20eb31890eb6fd8173beca255-V-892x566.jpg 892w, https:\/\/an-carstvoprirode.com\/wp-content\/uploads\/2022\/05\/IMG-265d7ba20eb31890eb6fd8173beca255-V.jpg 1536w\" sizes=\"(max-width: 1024px) 100vw, 1024px\" \/><\/a><\/figure>\n<\/figure>\n<\/div>\n\n\n\n<div class=\"wp-block-column is-layout-flow wp-block-column-is-layout-flow\"><div class=\"wp-block-image\">\n<figure class=\"aligncenter size-large\"><a href=\"https:\/\/an-carstvoprirode.com\/wp-content\/uploads\/2022\/05\/IMG-12ac72a79f9d1bf80e515ab043115b13-V.jpg\"><img loading=\"lazy\" decoding=\"async\" width=\"650\" height=\"1024\" src=\"https:\/\/an-carstvoprirode.com\/wp-content\/uploads\/2022\/05\/IMG-12ac72a79f9d1bf80e515ab043115b13-V-650x1024.jpg\" alt=\"\" class=\"wp-image-2699\" srcset=\"https:\/\/an-carstvoprirode.com\/wp-content\/uploads\/2022\/05\/IMG-12ac72a79f9d1bf80e515ab043115b13-V-650x1024.jpg 650w, https:\/\/an-carstvoprirode.com\/wp-content\/uploads\/2022\/05\/IMG-12ac72a79f9d1bf80e515ab043115b13-V-190x300.jpg 190w, https:\/\/an-carstvoprirode.com\/wp-content\/uploads\/2022\/05\/IMG-12ac72a79f9d1bf80e515ab043115b13-V-768x1211.jpg 768w, https:\/\/an-carstvoprirode.com\/wp-content\/uploads\/2022\/05\/IMG-12ac72a79f9d1bf80e515ab043115b13-V-974x1536.jpg 974w, https:\/\/an-carstvoprirode.com\/wp-content\/uploads\/2022\/05\/IMG-12ac72a79f9d1bf80e515ab043115b13-V-892x1406.jpg 892w, https:\/\/an-carstvoprirode.com\/wp-content\/uploads\/2022\/05\/IMG-12ac72a79f9d1bf80e515ab043115b13-V.jpg 1015w\" sizes=\"(max-width: 650px) 100vw, 650px\" \/><\/a><\/figure>\n<\/div><\/div>\n<\/div>","protected":false},"excerpt":{"rendered":"<p>We are a team of young, educated people who are engaged in the production of herbal preparations to strengthen immunity and improve human health. All products from our range were created in strictly controlled conditions according to the highest environmental standards. The recipes for our herbal elixirs have been prepared respecting ancient knowledge gathered from [&hellip;]<\/p>","protected":false},"author":1,"featured_media":3328,"parent":0,"menu_order":0,"comment_status":"closed","ping_status":"closed","template":"template-wide-page.php","meta":{"footnotes":""},"class_list":["post-130","page","type-page","status-publish","has-post-thumbnail","hentry"],"_links":{"self":[{"href":"https:\/\/an-carstvoprirode.com\/fr\/wp-json\/wp\/v2\/pages\/130","targetHints":{"allow":["GET"]}}],"collection":[{"href":"https:\/\/an-carstvoprirode.com\/fr\/wp-json\/wp\/v2\/pages"}],"about":[{"href":"https:\/\/an-carstvoprirode.com\/fr\/wp-json\/wp\/v2\/types\/page"}],"author":[{"embeddable":true,"href":"https:\/\/an-carstvoprirode.com\/fr\/wp-json\/wp\/v2\/users\/1"}],"replies":[{"embeddable":true,"href":"https:\/\/an-carstvoprirode.com\/fr\/wp-json\/wp\/v2\/comments?post=130"}],"version-history":[{"count":22,"href":"https:\/\/an-carstvoprirode.com\/fr\/wp-json\/wp\/v2\/pages\/130\/revisions"}],"predecessor-version":[{"id":3327,"href":"https:\/\/an-carstvoprirode.com\/fr\/wp-json\/wp\/v2\/pages\/130\/revisions\/3327"}],"wp:featuredmedia":[{"embeddable":true,"href":"https:\/\/an-carstvoprirode.com\/fr\/wp-json\/wp\/v2\/media\/3328"}],"wp:attachment":[{"href":"https:\/\/an-carstvoprirode.com\/fr\/wp-json\/wp\/v2\/media?parent=130"}],"curies":[{"name":"wp","href":"https:\/\/api.w.org\/{rel}","templated":true}]}}