{"id":3046,"date":"2022-05-12T00:07:17","date_gmt":"2022-05-11T22:07:17","guid":{"rendered":"https:\/\/an-carstvoprirode.com\/?page_id=3046"},"modified":"2022-05-17T21:21:27","modified_gmt":"2022-05-17T19:21:27","slug":"swot-analyze","status":"publish","type":"page","link":"https:\/\/an-carstvoprirode.com\/es\/description-of-business-idea\/swot-analyze\/","title":{"rendered":"An\u00e1lisis DAFO"},"content":{"rendered":"<p>A partir de la investigaci\u00f3n del mercado de servicios promocionales y la situaci\u00f3n actual en este \u00e1mbito, se determinan las caracter\u00edsticas clave del sector de prestaci\u00f3n de servicios a partir de la descripci\u00f3n de la actividad y su mayor desarrollo en el futuro. En l\u00ednea con esta investigaci\u00f3n, se concibi\u00f3 el an\u00e1lisis FODA:<\/p>\n\n\n\n<figure class=\"wp-block-image size-full\"><img fetchpriority=\"high\" decoding=\"async\" width=\"403\" height=\"393\" src=\"https:\/\/an-carstvoprirode.com\/wp-content\/uploads\/2022\/05\/slika.png\" alt=\"\" class=\"wp-image-3047\" srcset=\"https:\/\/an-carstvoprirode.com\/wp-content\/uploads\/2022\/05\/slika.png 403w, https:\/\/an-carstvoprirode.com\/wp-content\/uploads\/2022\/05\/slika-300x293.png 300w\" sizes=\"(max-width: 403px) 100vw, 403px\" \/><\/figure>\n\n\n\n<p><strong>Fortalezas<\/strong><\/p>\n\n\n\n<ul class=\"wp-block-list\"><li><em>empleados j\u00f3venes y emprendedores<\/em><\/li><li><em>una amplia gama de conocimientos y habilidades de gesti\u00f3n<\/em><\/li><li><em>preservaci\u00f3n ecol\u00f3gica<\/em><\/li><li><em>Disponibilidad, calidad y tradici\u00f3n en el uso de factores curativos naturales.<\/em><\/li><li><em>calidad del personal medico<\/em><\/li><\/ul>\n\n\n\n<p><strong>Debilidades<\/strong><\/p>\n\n\n\n<ul class=\"wp-block-list\"><li><em>escasez de capital<\/em><\/li><\/ul>\n\n\n\n<p><strong>Oportunidades<em><\/em><\/strong><\/p>\n\n\n\n<ul class=\"wp-block-list\"><li><em>Competencia interna pobre o casi irreversible.<\/em><\/li><li><em>envejecimiento de la poblaci\u00f3n<\/em><\/li><li><em>Conciencia de la necesidad de preservar la salud.<\/em><\/li><\/ul>\n\n\n\n<p><strong>Amenazas<\/strong><\/p>\n\n\n\n<ul class=\"wp-block-list\"><li><em>insolvencia de clientes<\/em><\/li><li><em>Fuertes competidores en el mercado exterior.<\/em><\/li><li><em>Aumento de las demandas\/expectativas de los consumidores (internacionales)<\/em><\/li><\/ul>","protected":false},"excerpt":{"rendered":"<p>Based on the research of the market for promotional services and the current situation in this area, the key features of the sector for providing services from the description of the activity and its further development in the future are determined. In line with this research, SWOT analysis was conceived: Strenghts young and enterprising employees [&hellip;]<\/p>","protected":false},"author":1,"featured_media":2978,"parent":2966,"menu_order":0,"comment_status":"closed","ping_status":"closed","template":"","meta":{"footnotes":""},"class_list":["post-3046","page","type-page","status-publish","has-post-thumbnail","hentry"],"_links":{"self":[{"href":"https:\/\/an-carstvoprirode.com\/es\/wp-json\/wp\/v2\/pages\/3046","targetHints":{"allow":["GET"]}}],"collection":[{"href":"https:\/\/an-carstvoprirode.com\/es\/wp-json\/wp\/v2\/pages"}],"about":[{"href":"https:\/\/an-carstvoprirode.com\/es\/wp-json\/wp\/v2\/types\/page"}],"author":[{"embeddable":true,"href":"https:\/\/an-carstvoprirode.com\/es\/wp-json\/wp\/v2\/users\/1"}],"replies":[{"embeddable":true,"href":"https:\/\/an-carstvoprirode.com\/es\/wp-json\/wp\/v2\/comments?post=3046"}],"version-history":[{"count":3,"href":"https:\/\/an-carstvoprirode.com\/es\/wp-json\/wp\/v2\/pages\/3046\/revisions"}],"predecessor-version":[{"id":3118,"href":"https:\/\/an-carstvoprirode.com\/es\/wp-json\/wp\/v2\/pages\/3046\/revisions\/3118"}],"up":[{"embeddable":true,"href":"https:\/\/an-carstvoprirode.com\/es\/wp-json\/wp\/v2\/pages\/2966"}],"wp:featuredmedia":[{"embeddable":true,"href":"https:\/\/an-carstvoprirode.com\/es\/wp-json\/wp\/v2\/media\/2978"}],"wp:attachment":[{"href":"https:\/\/an-carstvoprirode.com\/es\/wp-json\/wp\/v2\/media?parent=3046"}],"curies":[{"name":"wp","href":"https:\/\/api.w.org\/{rel}","templated":true}]}}