{"id":3007,"date":"2022-05-11T22:26:03","date_gmt":"2022-05-11T20:26:03","guid":{"rendered":"https:\/\/an-carstvoprirode.com\/?page_id=3007"},"modified":"2022-05-28T17:37:34","modified_gmt":"2022-05-28T15:37:34","slug":"procurement-of-transport-equipment-and-inventories","status":"publish","type":"page","link":"https:\/\/an-carstvoprirode.com\/es\/description-of-business-idea\/procurement-of-transport-equipment-and-inventories\/","title":{"rendered":"Adquisici\u00f3n de equipos de transporte e inventarios:"},"content":{"rendered":"<ul class=\"wp-block-list\"><li>Veh\u00edculos de reparto para el transporte de materias primas y otros materiales, as\u00ed como veh\u00edculos de transporte de invitados.<\/li><li>La categor\u00eda de inventario representa medios de operaci\u00f3n espec\u00edficos que son caracter\u00edsticos del hotel. El mobiliario incluye muebles de las habitaciones del hotel destinados a los hu\u00e9spedes \u2013 unidades de alojamiento.<\/li><li>El inventario se compone de vajilla y cuberter\u00eda de cocina y restaurante de materiales comunes, equipos y herramientas pr\u00e1cticos de cocina y restaurante, ropa y calzado de protecci\u00f3n y de trabajo.<\/li><li>Parte de los fondos se necesitar\u00e1 para pagar los derechos y tasas necesarios en nombre de la emisi\u00f3n de licencias de creaci\u00f3n de empresas.<\/li><\/ul>","protected":false},"excerpt":{"rendered":"<p>Delivery vehicles for the transport of raw materials and other materials as well as vehicles transport of guests. The inventory category represents specific means of operation that are characteristic of the hotel. The furniture includes furniture in the rooms of the hotel intended for guests &#8211; accommodation units. The inventory consists of kitchen and restaurant [&hellip;]<\/p>","protected":false},"author":1,"featured_media":3336,"parent":2966,"menu_order":0,"comment_status":"closed","ping_status":"closed","template":"","meta":{"footnotes":""},"class_list":["post-3007","page","type-page","status-publish","has-post-thumbnail","hentry"],"_links":{"self":[{"href":"https:\/\/an-carstvoprirode.com\/es\/wp-json\/wp\/v2\/pages\/3007","targetHints":{"allow":["GET"]}}],"collection":[{"href":"https:\/\/an-carstvoprirode.com\/es\/wp-json\/wp\/v2\/pages"}],"about":[{"href":"https:\/\/an-carstvoprirode.com\/es\/wp-json\/wp\/v2\/types\/page"}],"author":[{"embeddable":true,"href":"https:\/\/an-carstvoprirode.com\/es\/wp-json\/wp\/v2\/users\/1"}],"replies":[{"embeddable":true,"href":"https:\/\/an-carstvoprirode.com\/es\/wp-json\/wp\/v2\/comments?post=3007"}],"version-history":[{"count":1,"href":"https:\/\/an-carstvoprirode.com\/es\/wp-json\/wp\/v2\/pages\/3007\/revisions"}],"predecessor-version":[{"id":3008,"href":"https:\/\/an-carstvoprirode.com\/es\/wp-json\/wp\/v2\/pages\/3007\/revisions\/3008"}],"up":[{"embeddable":true,"href":"https:\/\/an-carstvoprirode.com\/es\/wp-json\/wp\/v2\/pages\/2966"}],"wp:featuredmedia":[{"embeddable":true,"href":"https:\/\/an-carstvoprirode.com\/es\/wp-json\/wp\/v2\/media\/3336"}],"wp:attachment":[{"href":"https:\/\/an-carstvoprirode.com\/es\/wp-json\/wp\/v2\/media?parent=3007"}],"curies":[{"name":"wp","href":"https:\/\/api.w.org\/{rel}","templated":true}]}}