{"id":48,"date":"2018-11-13T13:45:18","date_gmt":"2018-11-13T12:45:18","guid":{"rendered":"https:\/\/themes.getmotopress.com\/palmeria\/?page_id=48"},"modified":"2023-12-26T16:20:38","modified_gmt":"2023-12-26T15:20:38","slug":"the-story-of-an-carstvo-prirode","status":"publish","type":"page","link":"https:\/\/an-carstvoprirode.com\/de_ch_informal\/welcome-to-carstvo-prirode\/the-story-of-an-carstvo-prirode\/","title":{"rendered":"Die Geschichte von \u201eAN Carstvo Prirode\u201c"},"content":{"rendered":"<div data-elementor-type=\"wp-page\" data-elementor-id=\"48\" class=\"elementor elementor-48\">\n\t\t\t\t\t\t<section class=\"elementor-section elementor-top-section elementor-element elementor-element-7ab4b4a3 elementor-section-boxed elementor-section-height-default elementor-section-height-default\" data-id=\"7ab4b4a3\" data-element_type=\"section\">\n\t\t\t\t\t\t<div class=\"elementor-container elementor-column-gap-default\">\n\t\t\t\t\t<div class=\"elementor-column elementor-col-100 elementor-top-column elementor-element elementor-element-1d242939\" data-id=\"1d242939\" data-element_type=\"column\">\n\t\t\t<div class=\"elementor-widget-wrap elementor-element-populated\">\n\t\t\t\t\t\t<div class=\"elementor-element elementor-element-289fb65c elementor-widget elementor-widget-text-editor\" data-id=\"289fb65c\" data-element_type=\"widget\" data-widget_type=\"text-editor.default\">\n\t\t\t\t<div class=\"elementor-widget-container\">\n\t\t\t<style>\/*! elementor - v3.21.0 - 08-05-2024 *\/\n.elementor-widget-text-editor.elementor-drop-cap-view-stacked .elementor-drop-cap{background-color:#69727d;color:#fff}.elementor-widget-text-editor.elementor-drop-cap-view-framed .elementor-drop-cap{color:#69727d;border:3px solid;background-color:transparent}.elementor-widget-text-editor:not(.elementor-drop-cap-view-default) .elementor-drop-cap{margin-top:8px}.elementor-widget-text-editor:not(.elementor-drop-cap-view-default) .elementor-drop-cap-letter{width:1em;height:1em}.elementor-widget-text-editor .elementor-drop-cap{float:left;text-align:center;line-height:1;font-size:50px}.elementor-widget-text-editor .elementor-drop-cap-letter{display:inline-block}<\/style>\t\t\t\t<!-- wp:paragraph -->\n<p><strong>WER SIND WIR? <\/strong>.<\/p>\n<!-- \/wp:paragraph --><!-- wp:paragraph -->\n<p>AN Carstvo Prirode wurde 2009 gegr\u00fcndet. auf einem Familienbetrieb in Ostbosnien, <strong>mit einer Fl\u00e4che von 500.000 m2<\/strong>, von welchem <strong>300.000 m2 Ackerland,<\/strong> unterteilt nach Plantagenarten in mehrere Plantagen.<\/p>\n<!-- \/wp:paragraph --><!-- wp:paragraph -->\n<p>Das Verm\u00f6gen wird bereichert <strong>mit SIEBEN QUELLEN Trinkwasser (<a href=\"https:\/\/an-carstvoprirode.com\/de_ch_informal\/water-springs\/\" target=\"_blank\" rel=\"noopener\">siehe Videos<\/a>)<\/strong> und ein <strong><a href=\"https:\/\/an-carstvoprirode.com\/de_ch_informal\/river-lim\/\" target=\"_blank\" rel=\"noreferrer noopener\">Fluss, der durch das Gel\u00e4nde flie\u00dft<\/a><\/strong>. Die Kapazit\u00e4t einer der Federn betr\u00e4gt <strong>7000.000 Liter Trinkwasser in 24 Stunden oder 81,4 l\/Sek<\/strong>. Die durchgef\u00fchrt <strong>Die chemisch-bakteriologische Analyse hat die Spitzenqualit\u00e4t des Wassers festgestellt<\/strong> (<strong><a href=\"https:\/\/an-carstvoprirode.com\/wp-content\/uploads\/2022\/05\/01.pdf\" target=\"_blank\" rel=\"noreferrer noopener\">siehe Pdf<\/a><\/strong>), die wir f\u00fcr unsere S\u00e4fte und Elixiere verwenden. Der gr\u00f6\u00dfte Teil der Plantage, <strong>60.000 S\u00e4mlinge, wird von Sibirischer Apfelbeere besetzt<\/strong> &#8211;<strong> Nero<\/strong>, die die Hauptzutat (Basis) aller unserer Produkte ist und die in Kombination mit unserem Honig (150 Bienenst\u00f6cke) ein ideales AN CARSTVO PRIRODE ergibt!<\/p>\n<!-- \/wp:paragraph --><!-- wp:button -->\n<div class=\"wp-block-button\"><a class=\"wp-block-button__link\" href=\"https:\/\/an-carstvoprirode.com\/de_ch_informal\/about-carstvo-prirode\/\" target=\"_blank\" rel=\"noreferrer noopener\">Mehr Info<br \/><\/a><\/div>\n<!-- \/wp:button --><!-- wp:paragraph -->\n<p>\u00a0<\/p>\n<!-- \/wp:paragraph -->\t\t\t\t\t\t<\/div>\n\t\t\t\t<\/div>\n\t\t\t\t\t<\/div>\n\t\t<\/div>\n\t\t\t\t\t<\/div>\n\t\t<\/section>\n\t\t\t\t<\/div>","protected":false},"excerpt":{"rendered":"<p>WHO ARE WE? . AN Carstvo Prirode was founded in 2009. on a family farm in Eastern Bosnia, with an area of \u200b\u200b500,000 m2, of which 300,000 m2 of arable land, divided by types of plantations into several plantations. The property is enriched with SEVEN SOURCES drinking water (see video) and a river that flows [&hellip;]<\/p>","protected":false},"author":1,"featured_media":2579,"parent":42,"menu_order":0,"comment_status":"closed","ping_status":"closed","template":"","meta":{"footnotes":""},"class_list":["post-48","page","type-page","status-publish","has-post-thumbnail","hentry"],"_links":{"self":[{"href":"https:\/\/an-carstvoprirode.com\/de_ch_informal\/wp-json\/wp\/v2\/pages\/48","targetHints":{"allow":["GET"]}}],"collection":[{"href":"https:\/\/an-carstvoprirode.com\/de_ch_informal\/wp-json\/wp\/v2\/pages"}],"about":[{"href":"https:\/\/an-carstvoprirode.com\/de_ch_informal\/wp-json\/wp\/v2\/types\/page"}],"author":[{"embeddable":true,"href":"https:\/\/an-carstvoprirode.com\/de_ch_informal\/wp-json\/wp\/v2\/users\/1"}],"replies":[{"embeddable":true,"href":"https:\/\/an-carstvoprirode.com\/de_ch_informal\/wp-json\/wp\/v2\/comments?post=48"}],"version-history":[{"count":17,"href":"https:\/\/an-carstvoprirode.com\/de_ch_informal\/wp-json\/wp\/v2\/pages\/48\/revisions"}],"predecessor-version":[{"id":4336,"href":"https:\/\/an-carstvoprirode.com\/de_ch_informal\/wp-json\/wp\/v2\/pages\/48\/revisions\/4336"}],"up":[{"embeddable":true,"href":"https:\/\/an-carstvoprirode.com\/de_ch_informal\/wp-json\/wp\/v2\/pages\/42"}],"wp:featuredmedia":[{"embeddable":true,"href":"https:\/\/an-carstvoprirode.com\/de_ch_informal\/wp-json\/wp\/v2\/media\/2579"}],"wp:attachment":[{"href":"https:\/\/an-carstvoprirode.com\/de_ch_informal\/wp-json\/wp\/v2\/media?parent=48"}],"curies":[{"name":"wp","href":"https:\/\/api.w.org\/{rel}","templated":true}]}}