{"id":3059,"date":"2022-05-12T01:41:14","date_gmt":"2022-05-11T23:41:14","guid":{"rendered":"https:\/\/an-carstvoprirode.com\/?page_id=3059"},"modified":"2022-05-28T16:39:43","modified_gmt":"2022-05-28T14:39:43","slug":"why-choose-us","status":"publish","type":"page","link":"https:\/\/an-carstvoprirode.com\/de_ch_informal\/description-of-business-idea\/why-choose-us\/","title":{"rendered":"WARUM UNS W\u00c4HLEN"},"content":{"rendered":"<p>Dieser Abschnitt wird ausf\u00fchrlich in den \u00dcberschriften des Projektmen\u00fcs behandelt, aber wir m\u00f6chten Ihre Aufmerksamkeit auf einige weitere Elemente lenken:<\/p>\n\n\n\n<p>\u2013 Die Beschreibung des Projekts listet die verschiedenen Elemente auf, aus denen dieses Zentrum bestehen wird. Sehen Sie sich einige Inhalte im folgenden Video an:<\/p>\n\n\n\n<figure class=\"wp-block-video\"><video height=\"1080\" style=\"aspect-ratio: 1920 \/ 1080;\" width=\"1920\" controls src=\"https:\/\/an-carstvoprirode.com\/wp-content\/uploads\/2022\/05\/Projekat-animacija.mp4\"><\/video><\/figure>\n\n\n\n<p>Das Projekt w\u00fcrde an einem Ort von unglaublicher Sch\u00f6nheit umgesetzt, ohne Umweltverschmutzung, mit sauberer Luft, mit gro\u00dfen Obstg\u00e4rten mit verschiedenen Fr\u00fcchten, sieben gesunden Wasserquellen und dem sch\u00f6nen Fluss Lim, der durch den Ort flie\u00dft.<\/p>\n\n\n\n<p>In der obigen Videoanimation haben Sie gesehen, wie der Fluss Lim durch das Anwesen flie\u00dft. Sehen Sie sich einige Szenen dieses wundersch\u00f6nen Flusses im Video an:<\/p>\n\n\n\n<figure class=\"wp-block-video\"><video height=\"720\" style=\"aspect-ratio: 1280 \/ 720;\" width=\"1280\" controls src=\"https:\/\/an-carstvoprirode.com\/wp-content\/uploads\/2022\/05\/LIM-zavrseno-za-stranicu1.mp4\"><\/video><\/figure>\n\n\n\n<p>Es gibt sieben gesunde Wasserquellen am Standort. Analysen haben ergeben, dass es sich um Wasser von ausgezeichneter Qualit\u00e4t handelt. Eine dieser Quellen liefert t\u00e4glich 7 Millionen Liter Wasser:<\/p>\n\n\n\n<figure class=\"wp-block-video\"><video height=\"1080\" style=\"aspect-ratio: 1920 \/ 1080;\" width=\"1920\" controls src=\"https:\/\/an-carstvoprirode.com\/wp-content\/uploads\/2022\/05\/Izvor-manji-kvalitet.mp4\"><\/video><\/figure>\n\n\n\n<p>Diese Quellen bilden kleine Fl\u00fcsse, die durch den Ort flie\u00dfen:<\/p>\n\n\n\n<figure class=\"wp-block-video\"><video height=\"720\" style=\"aspect-ratio: 1280 \/ 720;\" width=\"1280\" controls src=\"https:\/\/an-carstvoprirode.com\/wp-content\/uploads\/2022\/05\/Potok-Zavrseno-za-stranicu.mp4\"><\/video><\/figure>\n\n\n\n<p>Wir haben Sie noch nicht davon \u00fcberzeugt, dass dieser Ort, an dem wir ein Projekt bauen wollen, ein kleines Paradies auf Erden ist \u2026? Also schau dir das an:<\/p>\n\n\n\n<figure class=\"wp-block-video\"><video height=\"720\" style=\"aspect-ratio: 1280 \/ 720;\" width=\"1280\" controls src=\"https:\/\/an-carstvoprirode.com\/wp-content\/uploads\/2022\/05\/Imanje-1.mp4\"><\/video><\/figure>\n\n\n\n<figure class=\"wp-block-video\"><video height=\"720\" style=\"aspect-ratio: 1280 \/ 720;\" width=\"1280\" controls src=\"https:\/\/an-carstvoprirode.com\/wp-content\/uploads\/2022\/05\/Imanje-2.mp4\"><\/video><\/figure>\n\n\n\n<p><strong>MACHE DIE RICHTIGE ENTSCHEIDUNG !!!!<\/strong>!<\/p>","protected":false},"excerpt":{"rendered":"<p>This section is covered in detail in the project menu headings , but we would like to draw your attention to some more elements: &#8211; The description of the project lists the various elements that will make up this center. Check out some of the content in the video below: The project would be implemented [&hellip;]<\/p>","protected":false},"author":1,"featured_media":3331,"parent":2966,"menu_order":0,"comment_status":"closed","ping_status":"closed","template":"","meta":{"footnotes":""},"class_list":["post-3059","page","type-page","status-publish","has-post-thumbnail","hentry"],"_links":{"self":[{"href":"https:\/\/an-carstvoprirode.com\/de_ch_informal\/wp-json\/wp\/v2\/pages\/3059","targetHints":{"allow":["GET"]}}],"collection":[{"href":"https:\/\/an-carstvoprirode.com\/de_ch_informal\/wp-json\/wp\/v2\/pages"}],"about":[{"href":"https:\/\/an-carstvoprirode.com\/de_ch_informal\/wp-json\/wp\/v2\/types\/page"}],"author":[{"embeddable":true,"href":"https:\/\/an-carstvoprirode.com\/de_ch_informal\/wp-json\/wp\/v2\/users\/1"}],"replies":[{"embeddable":true,"href":"https:\/\/an-carstvoprirode.com\/de_ch_informal\/wp-json\/wp\/v2\/comments?post=3059"}],"version-history":[{"count":9,"href":"https:\/\/an-carstvoprirode.com\/de_ch_informal\/wp-json\/wp\/v2\/pages\/3059\/revisions"}],"predecessor-version":[{"id":3332,"href":"https:\/\/an-carstvoprirode.com\/de_ch_informal\/wp-json\/wp\/v2\/pages\/3059\/revisions\/3332"}],"up":[{"embeddable":true,"href":"https:\/\/an-carstvoprirode.com\/de_ch_informal\/wp-json\/wp\/v2\/pages\/2966"}],"wp:featuredmedia":[{"embeddable":true,"href":"https:\/\/an-carstvoprirode.com\/de_ch_informal\/wp-json\/wp\/v2\/media\/3331"}],"wp:attachment":[{"href":"https:\/\/an-carstvoprirode.com\/de_ch_informal\/wp-json\/wp\/v2\/media?parent=3059"}],"curies":[{"name":"wp","href":"https:\/\/api.w.org\/{rel}","templated":true}]}}