{"id":3011,"date":"2022-05-11T23:06:53","date_gmt":"2022-05-11T21:06:53","guid":{"rendered":"https:\/\/an-carstvoprirode.com\/?page_id=3011"},"modified":"2022-05-28T17:43:00","modified_gmt":"2022-05-28T15:43:00","slug":"additional-contents","status":"publish","type":"page","link":"https:\/\/an-carstvoprirode.com\/de_ch_informal\/description-of-business-idea\/additional-contents\/","title":{"rendered":"Zus\u00e4tzliche Inhalte"},"content":{"rendered":"<p>\u2022 Freibad und Hallenbad mit Wellnesscenter<\/p>\n\n\n\n<figure class=\"wp-block-image size-full\"><img fetchpriority=\"high\" decoding=\"async\" width=\"704\" height=\"410\" src=\"https:\/\/an-carstvoprirode.com\/wp-content\/uploads\/2022\/05\/22.jpg\" alt=\"\" class=\"wp-image-3012\" srcset=\"https:\/\/an-carstvoprirode.com\/wp-content\/uploads\/2022\/05\/22.jpg 704w, https:\/\/an-carstvoprirode.com\/wp-content\/uploads\/2022\/05\/22-300x175.jpg 300w\" sizes=\"(max-width: 704px) 100vw, 704px\" \/><\/figure>\n\n\n\n<figure class=\"wp-block-image size-full\"><img decoding=\"async\" width=\"704\" height=\"419\" src=\"https:\/\/an-carstvoprirode.com\/wp-content\/uploads\/2022\/05\/Snimak-ekrana-360.jpg\" alt=\"\" class=\"wp-image-3014\" srcset=\"https:\/\/an-carstvoprirode.com\/wp-content\/uploads\/2022\/05\/Snimak-ekrana-360.jpg 704w, https:\/\/an-carstvoprirode.com\/wp-content\/uploads\/2022\/05\/Snimak-ekrana-360-300x179.jpg 300w\" sizes=\"(max-width: 704px) 100vw, 704px\" \/><\/figure>\n\n\n\n<p>\u2022 Besuch und F\u00fctterung von Haustieren mit M\u00f6glichkeit zur Teilnahme an einer Reitausbildung auf bosnischen Pferden<\/p>\n\n\n\n<figure class=\"wp-block-image size-full\"><img decoding=\"async\" width=\"704\" height=\"468\" src=\"https:\/\/an-carstvoprirode.com\/wp-content\/uploads\/2022\/05\/Snimak-ekrana-361.jpg\" alt=\"\" class=\"wp-image-3017\" srcset=\"https:\/\/an-carstvoprirode.com\/wp-content\/uploads\/2022\/05\/Snimak-ekrana-361.jpg 704w, https:\/\/an-carstvoprirode.com\/wp-content\/uploads\/2022\/05\/Snimak-ekrana-361-300x199.jpg 300w, https:\/\/an-carstvoprirode.com\/wp-content\/uploads\/2022\/05\/Snimak-ekrana-361-150x100.jpg 150w\" sizes=\"(max-width: 704px) 100vw, 704px\" \/><\/figure>\n\n\n\n<p>\u2022 Sportpl\u00e4tze f\u00fcr Kleinfu\u00dfball, Basketball, Handball und Volleyball<\/p>\n\n\n\n<figure class=\"wp-block-image size-full\"><img loading=\"lazy\" decoding=\"async\" width=\"704\" height=\"375\" src=\"https:\/\/an-carstvoprirode.com\/wp-content\/uploads\/2022\/05\/112.jpg\" alt=\"\" class=\"wp-image-3020\" srcset=\"https:\/\/an-carstvoprirode.com\/wp-content\/uploads\/2022\/05\/112.jpg 704w, https:\/\/an-carstvoprirode.com\/wp-content\/uploads\/2022\/05\/112-300x160.jpg 300w\" sizes=\"(max-width: 704px) 100vw, 704px\" \/><\/figure>\n\n\n\n<p>\u2022 Gr\u00fcnfl\u00e4che mit Spazier- und Laufwegen<\/p>\n\n\n\n<figure class=\"wp-block-image size-full\"><img loading=\"lazy\" decoding=\"async\" width=\"704\" height=\"376\" src=\"https:\/\/an-carstvoprirode.com\/wp-content\/uploads\/2022\/05\/114.jpg\" alt=\"\" class=\"wp-image-3024\" srcset=\"https:\/\/an-carstvoprirode.com\/wp-content\/uploads\/2022\/05\/114.jpg 704w, https:\/\/an-carstvoprirode.com\/wp-content\/uploads\/2022\/05\/114-300x160.jpg 300w\" sizes=\"(max-width: 704px) 100vw, 704px\" \/><\/figure>\n\n\n\n<figure class=\"wp-block-image size-full\"><img loading=\"lazy\" decoding=\"async\" width=\"704\" height=\"417\" src=\"https:\/\/an-carstvoprirode.com\/wp-content\/uploads\/2022\/05\/120.jpg\" alt=\"\" class=\"wp-image-3026\" srcset=\"https:\/\/an-carstvoprirode.com\/wp-content\/uploads\/2022\/05\/120.jpg 704w, https:\/\/an-carstvoprirode.com\/wp-content\/uploads\/2022\/05\/120-300x178.jpg 300w\" sizes=\"(max-width: 704px) 100vw, 704px\" \/><\/figure>\n\n\n\n<p>\u2022 Fluss zum Angeln<\/p>\n\n\n\n<figure class=\"wp-block-image size-full\"><img loading=\"lazy\" decoding=\"async\" width=\"704\" height=\"433\" src=\"https:\/\/an-carstvoprirode.com\/wp-content\/uploads\/2022\/05\/134.jpg\" alt=\"\" class=\"wp-image-3029\" srcset=\"https:\/\/an-carstvoprirode.com\/wp-content\/uploads\/2022\/05\/134.jpg 704w, https:\/\/an-carstvoprirode.com\/wp-content\/uploads\/2022\/05\/134-300x185.jpg 300w\" sizes=\"(max-width: 704px) 100vw, 704px\" \/><\/figure>\n\n\n\n<p>\u2022 Erholungs- und Bewegungsger\u00e4te mit Kinderspielplatz<\/p>\n\n\n\n<figure class=\"wp-block-image size-full\"><img loading=\"lazy\" decoding=\"async\" width=\"704\" height=\"460\" src=\"https:\/\/an-carstvoprirode.com\/wp-content\/uploads\/2022\/05\/111.jpg\" alt=\"\" class=\"wp-image-3030\" srcset=\"https:\/\/an-carstvoprirode.com\/wp-content\/uploads\/2022\/05\/111.jpg 704w, https:\/\/an-carstvoprirode.com\/wp-content\/uploads\/2022\/05\/111-300x196.jpg 300w\" sizes=\"(max-width: 704px) 100vw, 704px\" \/><\/figure>\n\n\n\n<p>\u2022 Bibliotheksraum und Arbeitsbereich<\/p>\n\n\n\n<figure class=\"wp-block-image size-full\"><img loading=\"lazy\" decoding=\"async\" width=\"704\" height=\"443\" src=\"https:\/\/an-carstvoprirode.com\/wp-content\/uploads\/2022\/05\/222-1.jpg\" alt=\"\" class=\"wp-image-3031\" srcset=\"https:\/\/an-carstvoprirode.com\/wp-content\/uploads\/2022\/05\/222-1.jpg 704w, https:\/\/an-carstvoprirode.com\/wp-content\/uploads\/2022\/05\/222-1-300x189.jpg 300w\" sizes=\"(max-width: 704px) 100vw, 704px\" \/><\/figure>","protected":false},"excerpt":{"rendered":"<p>\u2022 Open and indoor pool with wellness center \u2022 Visiting and feeding domestic animals with the possibility of attending training in riding Bosnian horses \u2022 Sports fields for small football, basketball, handball and volleyball \u2022 Green area with paths for walking and running \u2022 River for fishing \u2022 Recreation and exercise equipment with a children&#8217;s [&hellip;]<\/p>","protected":false},"author":1,"featured_media":3341,"parent":2966,"menu_order":0,"comment_status":"closed","ping_status":"closed","template":"","meta":{"footnotes":""},"class_list":["post-3011","page","type-page","status-publish","has-post-thumbnail","hentry"],"_links":{"self":[{"href":"https:\/\/an-carstvoprirode.com\/de_ch_informal\/wp-json\/wp\/v2\/pages\/3011","targetHints":{"allow":["GET"]}}],"collection":[{"href":"https:\/\/an-carstvoprirode.com\/de_ch_informal\/wp-json\/wp\/v2\/pages"}],"about":[{"href":"https:\/\/an-carstvoprirode.com\/de_ch_informal\/wp-json\/wp\/v2\/types\/page"}],"author":[{"embeddable":true,"href":"https:\/\/an-carstvoprirode.com\/de_ch_informal\/wp-json\/wp\/v2\/users\/1"}],"replies":[{"embeddable":true,"href":"https:\/\/an-carstvoprirode.com\/de_ch_informal\/wp-json\/wp\/v2\/comments?post=3011"}],"version-history":[{"count":9,"href":"https:\/\/an-carstvoprirode.com\/de_ch_informal\/wp-json\/wp\/v2\/pages\/3011\/revisions"}],"predecessor-version":[{"id":3032,"href":"https:\/\/an-carstvoprirode.com\/de_ch_informal\/wp-json\/wp\/v2\/pages\/3011\/revisions\/3032"}],"up":[{"embeddable":true,"href":"https:\/\/an-carstvoprirode.com\/de_ch_informal\/wp-json\/wp\/v2\/pages\/2966"}],"wp:featuredmedia":[{"embeddable":true,"href":"https:\/\/an-carstvoprirode.com\/de_ch_informal\/wp-json\/wp\/v2\/media\/3341"}],"wp:attachment":[{"href":"https:\/\/an-carstvoprirode.com\/de_ch_informal\/wp-json\/wp\/v2\/media?parent=3011"}],"curies":[{"name":"wp","href":"https:\/\/api.w.org\/{rel}","templated":true}]}}