{"id":3007,"date":"2022-05-11T22:26:03","date_gmt":"2022-05-11T20:26:03","guid":{"rendered":"https:\/\/an-carstvoprirode.com\/?page_id=3007"},"modified":"2022-05-28T17:37:34","modified_gmt":"2022-05-28T15:37:34","slug":"procurement-of-transport-equipment-and-inventories","status":"publish","type":"page","link":"https:\/\/an-carstvoprirode.com\/de_ch_informal\/description-of-business-idea\/procurement-of-transport-equipment-and-inventories\/","title":{"rendered":"Beschaffung von Transportmitteln und Vorr\u00e4ten:"},"content":{"rendered":"<ul class=\"wp-block-list\"><li>Lieferfahrzeuge f\u00fcr den Transport von Rohstoffen und anderen Materialien sowie Fahrzeuge f\u00fcr den Transport von G\u00e4sten.<\/li><li>Die Inventarkategorie stellt spezifische Betriebsmittel dar, die f\u00fcr das Hotel charakteristisch sind. Zu den M\u00f6beln geh\u00f6ren M\u00f6bel in den f\u00fcr G\u00e4ste bestimmten Zimmern des Hotels \u2013 Wohneinheiten.<\/li><li>Das Inventar besteht aus K\u00fcchen- und Restaurantgeschirr und Besteck aus g\u00e4ngigen Materialien, handlichen K\u00fcchen- und Restaurantger\u00e4ten und Werkzeugen, Schutz- und Arbeitskleidung sowie Schuhen.<\/li><li>Ein Teil der Mittel wird ben\u00f6tigt, um die notwendigen Geb\u00fchren und Geb\u00fchren im Namen der Erteilung von Existenzgr\u00fcndungslizenzen zu begleichen.<\/li><\/ul>","protected":false},"excerpt":{"rendered":"<p>Delivery vehicles for the transport of raw materials and other materials as well as vehicles transport of guests. The inventory category represents specific means of operation that are characteristic of the hotel. The furniture includes furniture in the rooms of the hotel intended for guests &#8211; accommodation units. The inventory consists of kitchen and restaurant [&hellip;]<\/p>","protected":false},"author":1,"featured_media":3336,"parent":2966,"menu_order":0,"comment_status":"closed","ping_status":"closed","template":"","meta":{"footnotes":""},"class_list":["post-3007","page","type-page","status-publish","has-post-thumbnail","hentry"],"_links":{"self":[{"href":"https:\/\/an-carstvoprirode.com\/de_ch_informal\/wp-json\/wp\/v2\/pages\/3007","targetHints":{"allow":["GET"]}}],"collection":[{"href":"https:\/\/an-carstvoprirode.com\/de_ch_informal\/wp-json\/wp\/v2\/pages"}],"about":[{"href":"https:\/\/an-carstvoprirode.com\/de_ch_informal\/wp-json\/wp\/v2\/types\/page"}],"author":[{"embeddable":true,"href":"https:\/\/an-carstvoprirode.com\/de_ch_informal\/wp-json\/wp\/v2\/users\/1"}],"replies":[{"embeddable":true,"href":"https:\/\/an-carstvoprirode.com\/de_ch_informal\/wp-json\/wp\/v2\/comments?post=3007"}],"version-history":[{"count":1,"href":"https:\/\/an-carstvoprirode.com\/de_ch_informal\/wp-json\/wp\/v2\/pages\/3007\/revisions"}],"predecessor-version":[{"id":3008,"href":"https:\/\/an-carstvoprirode.com\/de_ch_informal\/wp-json\/wp\/v2\/pages\/3007\/revisions\/3008"}],"up":[{"embeddable":true,"href":"https:\/\/an-carstvoprirode.com\/de_ch_informal\/wp-json\/wp\/v2\/pages\/2966"}],"wp:featuredmedia":[{"embeddable":true,"href":"https:\/\/an-carstvoprirode.com\/de_ch_informal\/wp-json\/wp\/v2\/media\/3336"}],"wp:attachment":[{"href":"https:\/\/an-carstvoprirode.com\/de_ch_informal\/wp-json\/wp\/v2\/media?parent=3007"}],"curies":[{"name":"wp","href":"https:\/\/api.w.org\/{rel}","templated":true}]}}