{"id":2980,"date":"2022-05-11T21:36:12","date_gmt":"2022-05-11T19:36:12","guid":{"rendered":"https:\/\/an-carstvoprirode.com\/?page_id=2980"},"modified":"2022-05-28T17:20:19","modified_gmt":"2022-05-28T15:20:19","slug":"mission-and-vision-of-the-center","status":"publish","type":"page","link":"https:\/\/an-carstvoprirode.com\/de_ch_informal\/description-of-business-idea\/mission-and-vision-of-the-center\/","title":{"rendered":"Mission und Vision des Zentrums"},"content":{"rendered":"<p>Die Mission dieses Zentrums besteht darin, ein zuverl\u00e4ssiger Partner zu sein, der die h\u00f6chsten Gesch\u00e4ftsstandards anwendet und eine hohe Servicequalit\u00e4t gew\u00e4hrleistet. Gew\u00e4hrleistung der Entfaltung des vollen beruflichen Potenzials seiner Mitarbeiter durch kontinuierliche Aus- und Weiterbildung sowie ein Belohnungsmodell entsprechend den erzielten Ergebnissen. Die Erf\u00fcllung der Mission dieses Zentrums bedeutet die Schaffung von Mehrwert durch die st\u00e4ndige \u00dcberwachung und Entwicklung eines Modells f\u00fcr einen gesunden Lebensstil sowie die kontinuierliche Weiterentwicklung und Verbesserung der erforderlichen Kenntnisse und F\u00e4higkeiten. Dann wirtschaften Sie bei der Erbringung von Hotel- und Gesundheitsdienstleistungen verantwortungsvoll, wirtschaftlich und nachhaltig nach den h\u00f6chsten Kriterien von Beruf und Ethik. Werden Sie ein Unternehmen mit besonderer Sorgfalt und professionellem Ansatz, um alle Benutzer gem\u00e4\u00df internationalen Qualit\u00e4tsstandards zu betreuen.<\/p>\n\n\n\n<p>Die Vision dieses Zentrums besteht darin, den Aufenthalt der Servicenutzer gl\u00fccklich, erfolgreich und zufrieden zu gestalten und zu den f\u00fchrenden Zentren f\u00fcr die Bereitstellung dieser Dienste und Verbesserungen sowie die Bereitstellung von Fachwissen in der Beratung zu geh\u00f6ren. Entwickeln Sie sich schneller als der Markt, indem Sie neue globale Technologien \u00fcbernehmen und an lokale Bed\u00fcrfnisse anpassen, Mitarbeiter schulen und zertifizieren und langfristige Beziehungen zu Servicenutzern und Gesch\u00e4ftspartnern aufbauen. Um ein f\u00fchrendes regionales Zentrum im Bereich Gastronomie und Gesundheitsdienstleistungen zu werden, ist dies das einzige Referenzzentrum f\u00fcr die St\u00e4rkung des Organismus nach einer Chemotherapie.<\/p>","protected":false},"excerpt":{"rendered":"<p>The mission of this center is to be a reliable partner that applies the highest standards of business and ensures high quality of service. To ensure to its employees the achievement of full professional potential through continuous education and training, and a reward model in accordance with the achieved results. Fulfilling the mission of this [&hellip;]<\/p>","protected":false},"author":1,"featured_media":3335,"parent":2966,"menu_order":0,"comment_status":"closed","ping_status":"closed","template":"","meta":{"footnotes":""},"class_list":["post-2980","page","type-page","status-publish","has-post-thumbnail","hentry"],"_links":{"self":[{"href":"https:\/\/an-carstvoprirode.com\/de_ch_informal\/wp-json\/wp\/v2\/pages\/2980","targetHints":{"allow":["GET"]}}],"collection":[{"href":"https:\/\/an-carstvoprirode.com\/de_ch_informal\/wp-json\/wp\/v2\/pages"}],"about":[{"href":"https:\/\/an-carstvoprirode.com\/de_ch_informal\/wp-json\/wp\/v2\/types\/page"}],"author":[{"embeddable":true,"href":"https:\/\/an-carstvoprirode.com\/de_ch_informal\/wp-json\/wp\/v2\/users\/1"}],"replies":[{"embeddable":true,"href":"https:\/\/an-carstvoprirode.com\/de_ch_informal\/wp-json\/wp\/v2\/comments?post=2980"}],"version-history":[{"count":1,"href":"https:\/\/an-carstvoprirode.com\/de_ch_informal\/wp-json\/wp\/v2\/pages\/2980\/revisions"}],"predecessor-version":[{"id":2981,"href":"https:\/\/an-carstvoprirode.com\/de_ch_informal\/wp-json\/wp\/v2\/pages\/2980\/revisions\/2981"}],"up":[{"embeddable":true,"href":"https:\/\/an-carstvoprirode.com\/de_ch_informal\/wp-json\/wp\/v2\/pages\/2966"}],"wp:featuredmedia":[{"embeddable":true,"href":"https:\/\/an-carstvoprirode.com\/de_ch_informal\/wp-json\/wp\/v2\/media\/3335"}],"wp:attachment":[{"href":"https:\/\/an-carstvoprirode.com\/de_ch_informal\/wp-json\/wp\/v2\/media?parent=2980"}],"curies":[{"name":"wp","href":"https:\/\/api.w.org\/{rel}","templated":true}]}}