{"id":2726,"date":"2022-05-09T11:29:39","date_gmt":"2022-05-09T09:29:39","guid":{"rendered":"https:\/\/an-carstvoprirode.com\/?page_id=2726"},"modified":"2022-05-28T17:54:23","modified_gmt":"2022-05-28T15:54:23","slug":"our-products","status":"publish","type":"page","link":"https:\/\/an-carstvoprirode.com\/de_ch_informal\/our-products\/","title":{"rendered":"UNSERE PRODUKTE"},"content":{"rendered":"<div data-elementor-type=\"wp-page\" data-elementor-id=\"2726\" class=\"elementor elementor-2726\">\n\t\t\t\t\t\t<section class=\"elementor-section elementor-top-section elementor-element elementor-element-d19c718 elementor-section-boxed elementor-section-height-default elementor-section-height-default\" data-id=\"d19c718\" data-element_type=\"section\">\n\t\t\t\t\t\t<div class=\"elementor-container elementor-column-gap-default\">\n\t\t\t\t\t<div class=\"elementor-column elementor-col-100 elementor-top-column elementor-element elementor-element-230121e\" data-id=\"230121e\" data-element_type=\"column\">\n\t\t\t<div class=\"elementor-widget-wrap elementor-element-populated\">\n\t\t\t\t\t\t<div class=\"elementor-element elementor-element-c90e678 elementor-widget elementor-widget-text-editor\" data-id=\"c90e678\" data-element_type=\"widget\" data-widget_type=\"text-editor.default\">\n\t\t\t\t<div class=\"elementor-widget-container\">\n\t\t\t<style>\/*! elementor - v3.21.0 - 08-05-2024 *\/\n.elementor-widget-text-editor.elementor-drop-cap-view-stacked .elementor-drop-cap{background-color:#69727d;color:#fff}.elementor-widget-text-editor.elementor-drop-cap-view-framed .elementor-drop-cap{color:#69727d;border:3px solid;background-color:transparent}.elementor-widget-text-editor:not(.elementor-drop-cap-view-default) .elementor-drop-cap{margin-top:8px}.elementor-widget-text-editor:not(.elementor-drop-cap-view-default) .elementor-drop-cap-letter{width:1em;height:1em}.elementor-widget-text-editor .elementor-drop-cap{float:left;text-align:center;line-height:1;font-size:50px}.elementor-widget-text-editor .elementor-drop-cap-letter{display:inline-block}<\/style>\t\t\t\t<p>Sauber <strong>unverschmutzte Luft<\/strong>, Sauber und <strong>Gesundes Quellwasser<\/strong>, eine riesige Menge<strong> organisch<\/strong> Obst und Gem\u00fcse aus eigenen Plantagen, Herstellung gem <strong>Jahrhunderte alte Rezepte<\/strong>, sind die Grundlage und hervorragende Voraussetzung f\u00fcr die Erlangung <strong>Arzneimittel von unglaublicher Qualit\u00e4t und Wirkung<\/strong>.<\/p><p>In den Produkten von \u201eAN Carstvo prirode\u201c, zus\u00e4tzlich zu <strong>besitzen<\/strong> <strong>Apfelbeere und Honig<\/strong>, als Hauptprodukt unserer Produkte, gibt es auch <strong>adaptogene Pflanzen, die die st\u00e4rksten Pflanzen zur Stimulierung der nat\u00fcrlichen Abwehrkr\u00e4fte des K\u00f6rpers sind<\/strong>.<\/p><p><span class=\"VIiyi\" lang=\"en\"><span class=\"JLqJ4b ChMk0b\" data-language-for-alternatives=\"en\" data-language-to-translate-into=\"hr\" data-phrase-index=\"0\" data-number-of-phrases=\"1\"><span class=\"Q4iAWc\">Sie k\u00f6nnen einige Fotos unserer Produkte sehen <strong><a href=\"https:\/\/an-carstvoprirode.com\/de_ch_informal\/welcome-to-carstvo-prirode\/improving-your-health\/\" target=\"_blank\" rel=\"noopener\">hier<\/a><\/strong>, und ein kurzes Video <span style=\"text-decoration: underline;\"><strong><a href=\"https:\/\/an-carstvoprirode.com\/de_ch_informal\/our-products-short-video\/\" target=\"_blank\" rel=\"noopener\">hier<\/a><\/strong><\/span>.<\/span><\/span><\/span><\/p><p>Acht solcher Pflanzen stammen aus dem Gebiet Sibiriens, des Altai-Gebirges, des Iran und Indiens.<\/p>\t\t\t\t\t\t<\/div>\n\t\t\t\t<\/div>\n\t\t\t\t\t<\/div>\n\t\t<\/div>\n\t\t\t\t\t<\/div>\n\t\t<\/section>\n\t\t\t\t<section class=\"elementor-section elementor-top-section elementor-element elementor-element-e35e3e8 elementor-section-boxed elementor-section-height-default elementor-section-height-default\" data-id=\"e35e3e8\" data-element_type=\"section\">\n\t\t\t\t\t\t<div class=\"elementor-container elementor-column-gap-default\">\n\t\t\t\t\t<div class=\"elementor-column elementor-col-100 elementor-top-column elementor-element elementor-element-8fcfcad\" data-id=\"8fcfcad\" data-element_type=\"column\">\n\t\t\t<div class=\"elementor-widget-wrap elementor-element-populated\">\n\t\t\t\t\t\t<div class=\"elementor-element elementor-element-6f523ca elementor-position-top elementor-widget elementor-widget-image-box\" data-id=\"6f523ca\" data-element_type=\"widget\" data-widget_type=\"image-box.default\">\n\t\t\t\t<div class=\"elementor-widget-container\">\n\t\t\t<style>\/*! elementor - v3.21.0 - 08-05-2024 *\/\n.elementor-widget-image-box .elementor-image-box-content{width:100%}@media (min-width:768px){.elementor-widget-image-box.elementor-position-left .elementor-image-box-wrapper,.elementor-widget-image-box.elementor-position-right .elementor-image-box-wrapper{display:flex}.elementor-widget-image-box.elementor-position-right .elementor-image-box-wrapper{text-align:end;flex-direction:row-reverse}.elementor-widget-image-box.elementor-position-left .elementor-image-box-wrapper{text-align:start;flex-direction:row}.elementor-widget-image-box.elementor-position-top .elementor-image-box-img{margin:auto}.elementor-widget-image-box.elementor-vertical-align-top .elementor-image-box-wrapper{align-items:flex-start}.elementor-widget-image-box.elementor-vertical-align-middle .elementor-image-box-wrapper{align-items:center}.elementor-widget-image-box.elementor-vertical-align-bottom .elementor-image-box-wrapper{align-items:flex-end}}@media (max-width:767px){.elementor-widget-image-box .elementor-image-box-img{margin-left:auto!important;margin-right:auto!important;margin-bottom:15px}}.elementor-widget-image-box .elementor-image-box-img{display:inline-block}.elementor-widget-image-box .elementor-image-box-title a{color:inherit}.elementor-widget-image-box .elementor-image-box-wrapper{text-align:center}.elementor-widget-image-box .elementor-image-box-description{margin:0}<\/style><div class=\"elementor-image-box-wrapper\"><figure class=\"elementor-image-box-img\"><img fetchpriority=\"high\" decoding=\"async\" width=\"1024\" height=\"768\" src=\"https:\/\/an-carstvoprirode.com\/wp-content\/uploads\/2022\/05\/01.Caga-Sibir.jpg\" class=\"attachment-full size-full wp-image-2620\" alt=\"\" srcset=\"https:\/\/an-carstvoprirode.com\/wp-content\/uploads\/2022\/05\/01.Caga-Sibir.jpg 1024w, https:\/\/an-carstvoprirode.com\/wp-content\/uploads\/2022\/05\/01.Caga-Sibir-300x225.jpg 300w, https:\/\/an-carstvoprirode.com\/wp-content\/uploads\/2022\/05\/01.Caga-Sibir-768x576.jpg 768w, https:\/\/an-carstvoprirode.com\/wp-content\/uploads\/2022\/05\/01.Caga-Sibir-892x669.jpg 892w\" sizes=\"(max-width: 1024px) 100vw, 1024px\" \/><\/figure><div class=\"elementor-image-box-content\"><h4 class=\"elementor-image-box-title\">1. Chaga-Pilz (Inonotus obliquus)<\/h4><p class=\"elementor-image-box-description\">ist eine Pilzart, die haupts\u00e4chlich auf der Rinde von Birken in kalten Klimazonen wie Nordeuropa, Sibirien w\u00e4chst. Chaga-Pilze sind reich an Antioxidantien und helfen Entz\u00fcndungen zu bek\u00e4mpfen. Viele Studien zeigen das Potenzial von Chaga-Pilzen, das Wachstum von Krebszellen zu verlangsamen. F\u00fcr Menschen mit Insulinresistenz, polyzystischem Ovarialsyndrom oder Typ-2-Diabetes kann die Verwendung von Chaga-Pilz helfen, den Blutzuckerspiegel zu senken und die Insulinresistenz zu verbessern. Mit seinen hohen Mengen an Antioxidantien k\u00f6nnen Chaga-Pilze auch helfen, den Cholesterinspiegel zu senken, was das Risiko von Herzerkrankungen verringern kann.<\/p><\/div><\/div>\t\t<\/div>\n\t\t\t\t<\/div>\n\t\t\t\t\t<\/div>\n\t\t<\/div>\n\t\t\t\t\t<\/div>\n\t\t<\/section>\n\t\t\t\t<section class=\"elementor-section elementor-top-section elementor-element elementor-element-962f4ba elementor-section-boxed elementor-section-height-default elementor-section-height-default\" data-id=\"962f4ba\" data-element_type=\"section\">\n\t\t\t\t\t\t<div class=\"elementor-container elementor-column-gap-default\">\n\t\t\t\t\t<div class=\"elementor-column elementor-col-100 elementor-top-column elementor-element elementor-element-b81f8d1\" data-id=\"b81f8d1\" data-element_type=\"column\">\n\t\t\t<div class=\"elementor-widget-wrap elementor-element-populated\">\n\t\t\t\t\t\t<div class=\"elementor-element elementor-element-bab8437 elementor-position-top elementor-widget elementor-widget-image-box\" data-id=\"bab8437\" data-element_type=\"widget\" data-widget_type=\"image-box.default\">\n\t\t\t\t<div class=\"elementor-widget-container\">\n\t\t\t<div class=\"elementor-image-box-wrapper\"><figure class=\"elementor-image-box-img\"><img decoding=\"async\" width=\"1024\" height=\"768\" src=\"https:\/\/an-carstvoprirode.com\/wp-content\/uploads\/2022\/05\/02.Shiitake-gljiva-Japan.jpg\" class=\"attachment-full size-full wp-image-2624\" alt=\"\" srcset=\"https:\/\/an-carstvoprirode.com\/wp-content\/uploads\/2022\/05\/02.Shiitake-gljiva-Japan.jpg 1024w, https:\/\/an-carstvoprirode.com\/wp-content\/uploads\/2022\/05\/02.Shiitake-gljiva-Japan-300x225.jpg 300w, https:\/\/an-carstvoprirode.com\/wp-content\/uploads\/2022\/05\/02.Shiitake-gljiva-Japan-768x576.jpg 768w, https:\/\/an-carstvoprirode.com\/wp-content\/uploads\/2022\/05\/02.Shiitake-gljiva-Japan-892x669.jpg 892w\" sizes=\"(max-width: 1024px) 100vw, 1024px\" \/><\/figure><div class=\"elementor-image-box-content\"><h4 class=\"elementor-image-box-title\">2. Shiitake-Pilz (Lentinus edodes)<\/h4><p class=\"elementor-image-box-description\">ist eine essbare Pilzart. Er stammt aus Japan und China und enth\u00e4lt eine Chemikalie namens Lentinan. Shiitake-Pilze sind die am zweith\u00e4ufigsten verzehrten Pilze der Welt. Lentinan und andere Chemikalien in Shiitake-Pilzen k\u00f6nnen das Immunsystem stimulieren. Menschen verwenden Shiitake-Pilze zur Verbesserung der Immunit\u00e4t, HIV \/ AIDS, Erk\u00e4ltung, Grippe und vielen anderen Erkrankungen.<\/p><\/div><\/div>\t\t<\/div>\n\t\t\t\t<\/div>\n\t\t\t\t\t<\/div>\n\t\t<\/div>\n\t\t\t\t\t<\/div>\n\t\t<\/section>\n\t\t\t\t<section class=\"elementor-section elementor-top-section elementor-element elementor-element-6e3af32 elementor-section-boxed elementor-section-height-default elementor-section-height-default\" data-id=\"6e3af32\" data-element_type=\"section\">\n\t\t\t\t\t\t<div class=\"elementor-container elementor-column-gap-default\">\n\t\t\t\t\t<div class=\"elementor-column elementor-col-100 elementor-top-column elementor-element elementor-element-a5c1f9f\" data-id=\"a5c1f9f\" data-element_type=\"column\">\n\t\t\t<div class=\"elementor-widget-wrap elementor-element-populated\">\n\t\t\t\t\t\t<div class=\"elementor-element elementor-element-057d819 elementor-position-top elementor-widget elementor-widget-image-box\" data-id=\"057d819\" data-element_type=\"widget\" data-widget_type=\"image-box.default\">\n\t\t\t\t<div class=\"elementor-widget-container\">\n\t\t\t<div class=\"elementor-image-box-wrapper\"><figure class=\"elementor-image-box-img\"><img decoding=\"async\" width=\"1024\" height=\"768\" src=\"https:\/\/an-carstvoprirode.com\/wp-content\/uploads\/2022\/05\/03.Zlatni-korijen-iz-Sibira.jpg\" class=\"attachment-full size-full wp-image-2623\" alt=\"\" srcset=\"https:\/\/an-carstvoprirode.com\/wp-content\/uploads\/2022\/05\/03.Zlatni-korijen-iz-Sibira.jpg 1024w, https:\/\/an-carstvoprirode.com\/wp-content\/uploads\/2022\/05\/03.Zlatni-korijen-iz-Sibira-300x225.jpg 300w, https:\/\/an-carstvoprirode.com\/wp-content\/uploads\/2022\/05\/03.Zlatni-korijen-iz-Sibira-768x576.jpg 768w, https:\/\/an-carstvoprirode.com\/wp-content\/uploads\/2022\/05\/03.Zlatni-korijen-iz-Sibira-892x669.jpg 892w\" sizes=\"(max-width: 1024px) 100vw, 1024px\" \/><\/figure><div class=\"elementor-image-box-content\"><h4 class=\"elementor-image-box-title\">3. Die Goldwurzel (Rhodiola rosea)<\/h4><p class=\"elementor-image-box-description\">ist eine stimmungsaufhellende Bl\u00fctenpflanze, die seit vielen Jahren in der traditionellen Medizin verwendet wird. Russen, Skandinavier und andere kalte, gebirgige Orte verwenden dieses Kraut seit Generationen, um mit kalten Wetterextremen fertig zu werden. Laut wissenschaftlichen Erkenntnissen ist die Goldene Wurzel ein Adaptogen, das hilft, Stress bei Menschen abzubauen. Es enth\u00e4lt mehrere aktive Komponenten, die das Potenzial haben, die Neurotransmitterspiegel und -aktivit\u00e4ten sowie die Hormone zu beeinflussen, die die Gef\u00fchle und Emotionen einer Person regulieren. Angst, Traurigkeit, Ersch\u00f6pfung, An\u00e4mie und Kopfschmerzen geh\u00f6ren zu den Beschwerden, von denen manche Menschen glauben, dass die Pflanze sie haben k\u00f6nnte Hilfe.<\/p><\/div><\/div>\t\t<\/div>\n\t\t\t\t<\/div>\n\t\t\t\t\t<\/div>\n\t\t<\/div>\n\t\t\t\t\t<\/div>\n\t\t<\/section>\n\t\t\t\t<section class=\"elementor-section elementor-top-section elementor-element elementor-element-b50f970 elementor-section-boxed elementor-section-height-default elementor-section-height-default\" data-id=\"b50f970\" data-element_type=\"section\">\n\t\t\t\t\t\t<div class=\"elementor-container elementor-column-gap-default\">\n\t\t\t\t\t<div class=\"elementor-column elementor-col-100 elementor-top-column elementor-element elementor-element-8aece1c\" data-id=\"8aece1c\" data-element_type=\"column\">\n\t\t\t<div class=\"elementor-widget-wrap elementor-element-populated\">\n\t\t\t\t\t\t<div class=\"elementor-element elementor-element-6990f3f elementor-position-top elementor-widget elementor-widget-image-box\" data-id=\"6990f3f\" data-element_type=\"widget\" data-widget_type=\"image-box.default\">\n\t\t\t\t<div class=\"elementor-widget-container\">\n\t\t\t<div class=\"elementor-image-box-wrapper\"><figure class=\"elementor-image-box-img\"><img loading=\"lazy\" decoding=\"async\" width=\"1024\" height=\"768\" src=\"https:\/\/an-carstvoprirode.com\/wp-content\/uploads\/2022\/05\/04.Cordyceps-gljiva-iz-Tibeta.jpg\" class=\"attachment-full size-full wp-image-2621\" alt=\"\" srcset=\"https:\/\/an-carstvoprirode.com\/wp-content\/uploads\/2022\/05\/04.Cordyceps-gljiva-iz-Tibeta.jpg 1024w, https:\/\/an-carstvoprirode.com\/wp-content\/uploads\/2022\/05\/04.Cordyceps-gljiva-iz-Tibeta-300x225.jpg 300w, https:\/\/an-carstvoprirode.com\/wp-content\/uploads\/2022\/05\/04.Cordyceps-gljiva-iz-Tibeta-768x576.jpg 768w, https:\/\/an-carstvoprirode.com\/wp-content\/uploads\/2022\/05\/04.Cordyceps-gljiva-iz-Tibeta-892x669.jpg 892w\" sizes=\"(max-width: 1024px) 100vw, 1024px\" \/><\/figure><div class=\"elementor-image-box-content\"><h4 class=\"elementor-image-box-title\">4. Cordyceps (Cordyceps militaris) <\/h4><p class=\"elementor-image-box-description\">wird in der Alternativmedizin als nat\u00fcrlicher Energiespender eingesetzt. Bef\u00fcrworter behaupten auch, dass Cordyceps vor Gesundheitsproblemen wie Asthma, Depressionen, Diabetes, M\u00fcdigkeit, hohem Cholesterinspiegel und Infektionen der oberen Atemwege sch\u00fctzen kann. Cordyceps soll auch die sportliche Leistungsf\u00e4higkeit steigern.<\/p><\/div><\/div>\t\t<\/div>\n\t\t\t\t<\/div>\n\t\t\t\t\t<\/div>\n\t\t<\/div>\n\t\t\t\t\t<\/div>\n\t\t<\/section>\n\t\t\t\t<section class=\"elementor-section elementor-top-section elementor-element elementor-element-5a50fc8 elementor-section-boxed elementor-section-height-default elementor-section-height-default\" data-id=\"5a50fc8\" data-element_type=\"section\">\n\t\t\t\t\t\t<div class=\"elementor-container elementor-column-gap-default\">\n\t\t\t\t\t<div class=\"elementor-column elementor-col-100 elementor-top-column elementor-element elementor-element-48d71f1\" data-id=\"48d71f1\" data-element_type=\"column\">\n\t\t\t<div class=\"elementor-widget-wrap elementor-element-populated\">\n\t\t\t\t\t\t<div class=\"elementor-element elementor-element-2b7be15 elementor-position-top elementor-widget elementor-widget-image-box\" data-id=\"2b7be15\" data-element_type=\"widget\" data-widget_type=\"image-box.default\">\n\t\t\t\t<div class=\"elementor-widget-container\">\n\t\t\t<div class=\"elementor-image-box-wrapper\"><figure class=\"elementor-image-box-img\"><img loading=\"lazy\" decoding=\"async\" width=\"1024\" height=\"768\" src=\"https:\/\/an-carstvoprirode.com\/wp-content\/uploads\/2022\/05\/05.Mumio-iz-Sibira-Altajska-suza.jpg\" class=\"attachment-full size-full wp-image-2625\" alt=\"\" srcset=\"https:\/\/an-carstvoprirode.com\/wp-content\/uploads\/2022\/05\/05.Mumio-iz-Sibira-Altajska-suza.jpg 1024w, https:\/\/an-carstvoprirode.com\/wp-content\/uploads\/2022\/05\/05.Mumio-iz-Sibira-Altajska-suza-300x225.jpg 300w, https:\/\/an-carstvoprirode.com\/wp-content\/uploads\/2022\/05\/05.Mumio-iz-Sibira-Altajska-suza-768x576.jpg 768w, https:\/\/an-carstvoprirode.com\/wp-content\/uploads\/2022\/05\/05.Mumio-iz-Sibira-Altajska-suza-892x669.jpg 892w\" sizes=\"(max-width: 1024px) 100vw, 1024px\" \/><\/figure><div class=\"elementor-image-box-content\"><h4 class=\"elementor-image-box-title\">5. Mumiyo (Shilajit) <\/h4><p class=\"elementor-image-box-description\">ist das beste adaptogene Material, das die Natur bietet. Diese adaptogenen Eigenschaften helfen dem K\u00f6rper, sich schneller von sowohl mentalem (emotionalem) als auch physischem Stress und M\u00fcdigkeit zu erholen.<\/p><\/div><\/div>\t\t<\/div>\n\t\t\t\t<\/div>\n\t\t\t\t\t<\/div>\n\t\t<\/div>\n\t\t\t\t\t<\/div>\n\t\t<\/section>\n\t\t\t\t<section class=\"elementor-section elementor-top-section elementor-element elementor-element-d48a6b0 elementor-section-boxed elementor-section-height-default elementor-section-height-default\" data-id=\"d48a6b0\" data-element_type=\"section\">\n\t\t\t\t\t\t<div class=\"elementor-container elementor-column-gap-default\">\n\t\t\t\t\t<div class=\"elementor-column elementor-col-100 elementor-top-column elementor-element elementor-element-f525da0\" data-id=\"f525da0\" data-element_type=\"column\">\n\t\t\t<div class=\"elementor-widget-wrap elementor-element-populated\">\n\t\t\t\t\t\t<div class=\"elementor-element elementor-element-9f2bb0b elementor-position-top elementor-widget elementor-widget-image-box\" data-id=\"9f2bb0b\" data-element_type=\"widget\" data-widget_type=\"image-box.default\">\n\t\t\t\t<div class=\"elementor-widget-container\">\n\t\t\t<div class=\"elementor-image-box-wrapper\"><figure class=\"elementor-image-box-img\"><img loading=\"lazy\" decoding=\"async\" width=\"1024\" height=\"768\" src=\"https:\/\/an-carstvoprirode.com\/wp-content\/uploads\/2022\/05\/06.Reishi_gljiva-kina_1.jpg\" class=\"attachment-full size-full wp-image-2622\" alt=\"\" srcset=\"https:\/\/an-carstvoprirode.com\/wp-content\/uploads\/2022\/05\/06.Reishi_gljiva-kina_1.jpg 1024w, https:\/\/an-carstvoprirode.com\/wp-content\/uploads\/2022\/05\/06.Reishi_gljiva-kina_1-300x225.jpg 300w, https:\/\/an-carstvoprirode.com\/wp-content\/uploads\/2022\/05\/06.Reishi_gljiva-kina_1-768x576.jpg 768w, https:\/\/an-carstvoprirode.com\/wp-content\/uploads\/2022\/05\/06.Reishi_gljiva-kina_1-892x669.jpg 892w\" sizes=\"(max-width: 1024px) 100vw, 1024px\" \/><\/figure><div class=\"elementor-image-box-content\"><h4 class=\"elementor-image-box-title\">6. Reishi-Pilz (Ganoderma lucidum) <\/h4><p class=\"elementor-image-box-description\">ist ein bitter schmeckender Pilz, der einige wichtige gesundheitliche Auswirkungen auf das Immunsystem hat. Der Reishi-Pilz wird bei Alzheimer, Krebs, Diabetes, Lippenherpes und vielen anderen Erkrankungen eingesetzt. In j\u00fcngerer Zeit wurden sie auch zur Behandlung von Lungenerkrankungen und Krebs eingesetzt. Heilpilze sind in Japan und China seit mehr als 30 Jahren als Erg\u00e4nzung zu Standard-Krebsbehandlungen zugelassen und haben eine umfangreiche klinische Geschichte der sicheren Anwendung als Einzelmittel oder in Kombination mit einer Chemotherapie.<\/p><\/div><\/div>\t\t<\/div>\n\t\t\t\t<\/div>\n\t\t\t\t\t<\/div>\n\t\t<\/div>\n\t\t\t\t\t<\/div>\n\t\t<\/section>\n\t\t\t\t<section class=\"elementor-section elementor-top-section elementor-element elementor-element-b042f85 elementor-section-boxed elementor-section-height-default elementor-section-height-default\" data-id=\"b042f85\" data-element_type=\"section\">\n\t\t\t\t\t\t<div class=\"elementor-container elementor-column-gap-default\">\n\t\t\t\t\t<div class=\"elementor-column elementor-col-100 elementor-top-column elementor-element elementor-element-ef337fe\" data-id=\"ef337fe\" data-element_type=\"column\">\n\t\t\t<div class=\"elementor-widget-wrap elementor-element-populated\">\n\t\t\t\t\t\t<div class=\"elementor-element elementor-element-f293722 elementor-position-top elementor-widget elementor-widget-image-box\" data-id=\"f293722\" data-element_type=\"widget\" data-widget_type=\"image-box.default\">\n\t\t\t\t<div class=\"elementor-widget-container\">\n\t\t\t<div class=\"elementor-image-box-wrapper\"><figure class=\"elementor-image-box-img\"><img loading=\"lazy\" decoding=\"async\" width=\"1024\" height=\"768\" src=\"https:\/\/an-carstvoprirode.com\/wp-content\/uploads\/2022\/05\/07.Schisandra-plant.jpg\" class=\"attachment-full size-full wp-image-2626\" alt=\"\" srcset=\"https:\/\/an-carstvoprirode.com\/wp-content\/uploads\/2022\/05\/07.Schisandra-plant.jpg 1024w, https:\/\/an-carstvoprirode.com\/wp-content\/uploads\/2022\/05\/07.Schisandra-plant-300x225.jpg 300w, https:\/\/an-carstvoprirode.com\/wp-content\/uploads\/2022\/05\/07.Schisandra-plant-768x576.jpg 768w, https:\/\/an-carstvoprirode.com\/wp-content\/uploads\/2022\/05\/07.Schisandra-plant-892x669.jpg 892w\" sizes=\"(max-width: 1024px) 100vw, 1024px\" \/><\/figure><div class=\"elementor-image-box-content\"><h4 class=\"elementor-image-box-title\">7. Schisandra-Pflanze (Schisandra chinensis) <\/h4><p class=\"elementor-image-box-description\">ist eine Kletterpflanze. Es produziert die roten Beeren, die seit Jahrhunderten eine von vielen wichtigen traditionellen chinesischen Arzneimitteln sind. Schisandra unterst\u00fctzt die Gesundheit der Nebennieren, bek\u00e4mpft Stress und Krankheitsentwicklung, kann vor Lebersch\u00e4den sch\u00fctzen, hat eine beruhigende Wirkung, f\u00f6rdert den Schlaf, kann Blutdruck und Cholesterin senken, kann helfen, das Tumorwachstum zu reduzieren.<\/p><\/div><\/div>\t\t<\/div>\n\t\t\t\t<\/div>\n\t\t\t\t\t<\/div>\n\t\t<\/div>\n\t\t\t\t\t<\/div>\n\t\t<\/section>\n\t\t\t\t<section class=\"elementor-section elementor-top-section elementor-element elementor-element-0fb0dd1 elementor-section-boxed elementor-section-height-default elementor-section-height-default\" data-id=\"0fb0dd1\" data-element_type=\"section\">\n\t\t\t\t\t\t<div class=\"elementor-container elementor-column-gap-default\">\n\t\t\t\t\t<div class=\"elementor-column elementor-col-100 elementor-top-column elementor-element elementor-element-4c63764\" data-id=\"4c63764\" data-element_type=\"column\">\n\t\t\t<div class=\"elementor-widget-wrap elementor-element-populated\">\n\t\t\t\t\t\t<div class=\"elementor-element elementor-element-582ff75 elementor-position-top elementor-widget elementor-widget-image-box\" data-id=\"582ff75\" data-element_type=\"widget\" data-widget_type=\"image-box.default\">\n\t\t\t\t<div class=\"elementor-widget-container\">\n\t\t\t<div class=\"elementor-image-box-wrapper\"><figure class=\"elementor-image-box-img\"><img loading=\"lazy\" decoding=\"async\" width=\"1024\" height=\"768\" src=\"https:\/\/an-carstvoprirode.com\/wp-content\/uploads\/2022\/05\/8.Ashwagandha.jpg\" class=\"attachment-full size-full wp-image-2627\" alt=\"\" srcset=\"https:\/\/an-carstvoprirode.com\/wp-content\/uploads\/2022\/05\/8.Ashwagandha.jpg 1024w, https:\/\/an-carstvoprirode.com\/wp-content\/uploads\/2022\/05\/8.Ashwagandha-300x225.jpg 300w, https:\/\/an-carstvoprirode.com\/wp-content\/uploads\/2022\/05\/8.Ashwagandha-768x576.jpg 768w, https:\/\/an-carstvoprirode.com\/wp-content\/uploads\/2022\/05\/8.Ashwagandha-892x669.jpg 892w\" sizes=\"(max-width: 1024px) 100vw, 1024px\" \/><\/figure><div class=\"elementor-image-box-content\"><h4 class=\"elementor-image-box-title\">8. Ashwagandha (Withania somnifera)<\/h4><p class=\"elementor-image-box-description\">Es wird seit mehr als 2.500 Jahren verwendet. Es ist tats\u00e4chlich das am h\u00e4ufigsten verwendete und am besten erforschte adaptogene Kraut. Ashwagandha wird f\u00fcr seine schilddr\u00fcsenmodulierenden, neuroprotektiven, angstl\u00f6senden, antidepressiven und entz\u00fcndungshemmenden Eigenschaften gesch\u00e4tzt, die nur einige seiner vielen Vorteile sind.<\/p><\/div><\/div>\t\t<\/div>\n\t\t\t\t<\/div>\n\t\t\t\t\t<\/div>\n\t\t<\/div>\n\t\t\t\t\t<\/div>\n\t\t<\/section>\n\t\t\t\t<\/div>","protected":false},"excerpt":{"rendered":"<p>Clean unpolluted air, clean and healthy spring water, a huge amount of organic fruits and vegetables from our own plantations, production according to recipes hundreds of years old, are the basis and excellent prerequisite for obtaining medicinal products of incredible quality and effect. In the products of \u201cAN Carstvo prirode\u201d, in addition to own chokeberry [&hellip;]<\/p>","protected":false},"author":1,"featured_media":3344,"parent":0,"menu_order":0,"comment_status":"closed","ping_status":"closed","template":"","meta":{"footnotes":""},"class_list":["post-2726","page","type-page","status-publish","has-post-thumbnail","hentry"],"_links":{"self":[{"href":"https:\/\/an-carstvoprirode.com\/de_ch_informal\/wp-json\/wp\/v2\/pages\/2726","targetHints":{"allow":["GET"]}}],"collection":[{"href":"https:\/\/an-carstvoprirode.com\/de_ch_informal\/wp-json\/wp\/v2\/pages"}],"about":[{"href":"https:\/\/an-carstvoprirode.com\/de_ch_informal\/wp-json\/wp\/v2\/types\/page"}],"author":[{"embeddable":true,"href":"https:\/\/an-carstvoprirode.com\/de_ch_informal\/wp-json\/wp\/v2\/users\/1"}],"replies":[{"embeddable":true,"href":"https:\/\/an-carstvoprirode.com\/de_ch_informal\/wp-json\/wp\/v2\/comments?post=2726"}],"version-history":[{"count":58,"href":"https:\/\/an-carstvoprirode.com\/de_ch_informal\/wp-json\/wp\/v2\/pages\/2726\/revisions"}],"predecessor-version":[{"id":3345,"href":"https:\/\/an-carstvoprirode.com\/de_ch_informal\/wp-json\/wp\/v2\/pages\/2726\/revisions\/3345"}],"wp:featuredmedia":[{"embeddable":true,"href":"https:\/\/an-carstvoprirode.com\/de_ch_informal\/wp-json\/wp\/v2\/media\/3344"}],"wp:attachment":[{"href":"https:\/\/an-carstvoprirode.com\/de_ch_informal\/wp-json\/wp\/v2\/media?parent=2726"}],"curies":[{"name":"wp","href":"https:\/\/api.w.org\/{rel}","templated":true}]}}