{"id":3126,"date":"2022-05-18T15:29:41","date_gmt":"2022-05-18T13:29:41","guid":{"rendered":"https:\/\/an-carstvoprirode.com\/?page_id=3126"},"modified":"2022-05-18T15:35:07","modified_gmt":"2022-05-18T13:35:07","slug":"resort-100-villas","status":"publish","type":"page","link":"https:\/\/an-carstvoprirode.com\/de\/resort-100-villas\/","title":{"rendered":"Resort \u201e100 Villen\u201c"},"content":{"rendered":"<p>M\u00f6chten Sie ein Resort f\u00fcr den freien Markt oder f\u00fcr Ihre Kunden bauen, die Sie bereits haben? Brauchen Sie einen Ort, dank dessen Sch\u00f6nheit Sie keine Probleme haben werden, alle Einrichtungen zu verkaufen? Wir bieten Ihnen einen Standort \u2013 ein Anwesen von unglaublicher Sch\u00f6nheit: saubere, unverschmutzte Luft und Natur, umgeben von W\u00e4ldern und Bergen, mit einem Fluss und einer gro\u00dfen Anzahl kleiner Fl\u00fcsse, die durch das Anwesen flie\u00dfen, mit Obstplantagen mit Zehntausenden von Setzlingen und B\u00e4umen \u2026Abgesehen von Obstplantagen ist das ganze Anwesen voller Parks mit wundersch\u00f6nen Blumen\u2026.<\/p>\n\n\n\n<p>Das Projekt sieht den Bau von 100 Villen mit dazugeh\u00f6rigen Einrichtungen vor: Hotel, Restaurant, religi\u00f6se Einrichtung, Hubschrauberlandeplatz, Sportpl\u00e4tze und andere Einrichtungen.<\/p>\n\n\n\n<figure class=\"wp-block-image size-large\"><a href=\"https:\/\/an-carstvoprirode.com\/wp-content\/uploads\/2022\/05\/IMG-79e8868281a557c6c9221863c9e4daa1-V.jpg\"><img fetchpriority=\"high\" decoding=\"async\" width=\"1024\" height=\"585\" src=\"https:\/\/an-carstvoprirode.com\/wp-content\/uploads\/2022\/05\/IMG-79e8868281a557c6c9221863c9e4daa1-V-1024x585.jpg\" alt=\"\" class=\"wp-image-3129\" srcset=\"https:\/\/an-carstvoprirode.com\/wp-content\/uploads\/2022\/05\/IMG-79e8868281a557c6c9221863c9e4daa1-V-1024x585.jpg 1024w, https:\/\/an-carstvoprirode.com\/wp-content\/uploads\/2022\/05\/IMG-79e8868281a557c6c9221863c9e4daa1-V-300x171.jpg 300w, https:\/\/an-carstvoprirode.com\/wp-content\/uploads\/2022\/05\/IMG-79e8868281a557c6c9221863c9e4daa1-V-768x439.jpg 768w, https:\/\/an-carstvoprirode.com\/wp-content\/uploads\/2022\/05\/IMG-79e8868281a557c6c9221863c9e4daa1-V-18x10.jpg 18w, https:\/\/an-carstvoprirode.com\/wp-content\/uploads\/2022\/05\/IMG-79e8868281a557c6c9221863c9e4daa1-V-892x509.jpg 892w, https:\/\/an-carstvoprirode.com\/wp-content\/uploads\/2022\/05\/IMG-79e8868281a557c6c9221863c9e4daa1-V.jpg 1180w\" sizes=\"(max-width: 1024px) 100vw, 1024px\" \/><\/a><\/figure>\n\n\n\n<p><strong>Weitere Informationen finden Sie in den Untermen\u00fcs.<\/strong><\/p>","protected":false},"excerpt":{"rendered":"<p>Do you want to build a resort for the free market or for your customers you already have? Need a location thanks to whose beauty you won&#8217;t have a problem selling out all the facilities? We offer you a location &#8211; an estate of incredible beauty: clean unpolluted air and nature, surrounded by forests and [&hellip;]<\/p>","protected":false},"author":1,"featured_media":3012,"parent":0,"menu_order":0,"comment_status":"closed","ping_status":"closed","template":"","meta":{"footnotes":""},"class_list":["post-3126","page","type-page","status-publish","has-post-thumbnail","hentry"],"_links":{"self":[{"href":"https:\/\/an-carstvoprirode.com\/de\/wp-json\/wp\/v2\/pages\/3126","targetHints":{"allow":["GET"]}}],"collection":[{"href":"https:\/\/an-carstvoprirode.com\/de\/wp-json\/wp\/v2\/pages"}],"about":[{"href":"https:\/\/an-carstvoprirode.com\/de\/wp-json\/wp\/v2\/types\/page"}],"author":[{"embeddable":true,"href":"https:\/\/an-carstvoprirode.com\/de\/wp-json\/wp\/v2\/users\/1"}],"replies":[{"embeddable":true,"href":"https:\/\/an-carstvoprirode.com\/de\/wp-json\/wp\/v2\/comments?post=3126"}],"version-history":[{"count":5,"href":"https:\/\/an-carstvoprirode.com\/de\/wp-json\/wp\/v2\/pages\/3126\/revisions"}],"predecessor-version":[{"id":3133,"href":"https:\/\/an-carstvoprirode.com\/de\/wp-json\/wp\/v2\/pages\/3126\/revisions\/3133"}],"wp:featuredmedia":[{"embeddable":true,"href":"https:\/\/an-carstvoprirode.com\/de\/wp-json\/wp\/v2\/media\/3012"}],"wp:attachment":[{"href":"https:\/\/an-carstvoprirode.com\/de\/wp-json\/wp\/v2\/media?parent=3126"}],"curies":[{"name":"wp","href":"https:\/\/api.w.org\/{rel}","templated":true}]}}