{"id":3075,"date":"2022-05-13T13:59:10","date_gmt":"2022-05-13T11:59:10","guid":{"rendered":"https:\/\/an-carstvoprirode.com\/?page_id=3075"},"modified":"2022-05-13T14:29:32","modified_gmt":"2022-05-13T12:29:32","slug":"production-of-healthy-water","status":"publish","type":"page","link":"https:\/\/an-carstvoprirode.com\/de\/production-of-healthy-water\/","title":{"rendered":"Produktion von gesundem Wasser"},"content":{"rendered":"<p>Ein Gro\u00dfteil der Welt hat Probleme aufgrund von Trinkwassermangel. Viele Wissenschaftler glauben, dass dies eines der gr\u00f6\u00dften Probleme der nahen Zukunft sein wird, und einige Staatsm\u00e4nner glauben, dass der Grund f\u00fcr den Dritten Weltkrieg der Kampf um die Trinkwasserressourcen sein k\u00f6nnte.<\/p>\n\n\n\n<p>Es gibt <strong>Sieben Quellen f\u00fcr gesundes Trinken<\/strong> Wasser auf unserem Grundst\u00fcck. <\/p>\n\n\n\n<p>Die Kapazit\u00e4t einer der Quellen betr\u00e4gt 7.000.000 Liter Trinkwasser in 24 Stunden oder 81,4 l \/ Sek.<\/p>\n\n\n\n<p><strong>Es gibt Einrichtungen neben der Quelle<\/strong> die zur Zubereitung und Abf\u00fcllung von Wasser verwendet werden k\u00f6nnen. <\/p>\n\n\n\n<p>F\u00fcr Interessierte, <strong>Wir sind bereit, ein Projekt zur Nutzung dieses Wassers vorzubereiten<\/strong>.<\/p>\n\n\n\n<p>Sehen <strong><a rel=\"noreferrer noopener\" href=\"https:\/\/an-carstvoprirode.com\/wp-content\/uploads\/2022\/05\/01.pdf\" target=\"_blank\">Chemisch-bakteriologische Analyse (PDF)<\/a><\/strong><\/p>\n\n\n\n<p class=\" translation-block\">Sehen Sie eine Seite mit <strong><a href=\"https:\/\/an-carstvoprirode.com\/water-springs\/\" target=\"_blank\" rel=\"noreferrer noopener\">Videos und Fotos der Quelle<\/a><\/strong> .<\/p>","protected":false},"excerpt":{"rendered":"<p>Much of the world has problems due to lack of drinking water. Many scientists believe that this will be one of the biggest problems in the near future, and some statesmen believe that the reason for the Third World War could be the struggle for drinking water resources. There are seven sources of healthy, drinking [&hellip;]<\/p>","protected":false},"author":1,"featured_media":2878,"parent":0,"menu_order":0,"comment_status":"closed","ping_status":"closed","template":"","meta":{"footnotes":""},"class_list":["post-3075","page","type-page","status-publish","has-post-thumbnail","hentry"],"_links":{"self":[{"href":"https:\/\/an-carstvoprirode.com\/de\/wp-json\/wp\/v2\/pages\/3075","targetHints":{"allow":["GET"]}}],"collection":[{"href":"https:\/\/an-carstvoprirode.com\/de\/wp-json\/wp\/v2\/pages"}],"about":[{"href":"https:\/\/an-carstvoprirode.com\/de\/wp-json\/wp\/v2\/types\/page"}],"author":[{"embeddable":true,"href":"https:\/\/an-carstvoprirode.com\/de\/wp-json\/wp\/v2\/users\/1"}],"replies":[{"embeddable":true,"href":"https:\/\/an-carstvoprirode.com\/de\/wp-json\/wp\/v2\/comments?post=3075"}],"version-history":[{"count":6,"href":"https:\/\/an-carstvoprirode.com\/de\/wp-json\/wp\/v2\/pages\/3075\/revisions"}],"predecessor-version":[{"id":3086,"href":"https:\/\/an-carstvoprirode.com\/de\/wp-json\/wp\/v2\/pages\/3075\/revisions\/3086"}],"wp:featuredmedia":[{"embeddable":true,"href":"https:\/\/an-carstvoprirode.com\/de\/wp-json\/wp\/v2\/media\/2878"}],"wp:attachment":[{"href":"https:\/\/an-carstvoprirode.com\/de\/wp-json\/wp\/v2\/media?parent=3075"}],"curies":[{"name":"wp","href":"https:\/\/api.w.org\/{rel}","templated":true}]}}