{"id":3046,"date":"2022-05-12T00:07:17","date_gmt":"2022-05-11T22:07:17","guid":{"rendered":"https:\/\/an-carstvoprirode.com\/?page_id=3046"},"modified":"2022-05-17T21:21:27","modified_gmt":"2022-05-17T19:21:27","slug":"swot-analyze","status":"publish","type":"page","link":"https:\/\/an-carstvoprirode.com\/de\/description-of-business-idea\/swot-analyze\/","title":{"rendered":"SWOT-Analyse"},"content":{"rendered":"<p>Basierend auf der Untersuchung des Marktes f\u00fcr Werbedienstleistungen und der aktuellen Situation in diesem Bereich werden die wichtigsten Merkmale des Sektors f\u00fcr die Erbringung von Dienstleistungen aus der Beschreibung der T\u00e4tigkeit und ihrer zuk\u00fcnftigen Weiterentwicklung ermittelt. Im Einklang mit dieser Untersuchung wurde eine SWOT-Analyse konzipiert:<\/p>\n\n\n\n<figure class=\"wp-block-image size-full\"><img fetchpriority=\"high\" decoding=\"async\" width=\"403\" height=\"393\" src=\"https:\/\/an-carstvoprirode.com\/wp-content\/uploads\/2022\/05\/slika.png\" alt=\"\" class=\"wp-image-3047\" srcset=\"https:\/\/an-carstvoprirode.com\/wp-content\/uploads\/2022\/05\/slika.png 403w, https:\/\/an-carstvoprirode.com\/wp-content\/uploads\/2022\/05\/slika-300x293.png 300w\" sizes=\"(max-width: 403px) 100vw, 403px\" \/><\/figure>\n\n\n\n<p><strong>St\u00e4rken<\/strong><\/p>\n\n\n\n<ul class=\"wp-block-list\"><li><em>junge und unternehmungslustige Mitarbeiter<\/em><\/li><li><em>ein breites Spektrum an Wissen und Managementf\u00e4higkeiten<\/em><\/li><li><em>\u00f6kologische Erhaltung<\/em><\/li><li><em>Verf\u00fcgbarkeit, Qualit\u00e4t und Tradition der Verwendung nat\u00fcrlicher Heilfaktoren<\/em><\/li><li><em>Qualit\u00e4t des medizinischen Personals<\/em><\/li><\/ul>\n\n\n\n<p><strong>Schw\u00e4chen<\/strong><\/p>\n\n\n\n<ul class=\"wp-block-list\"><li><em>Kapitalmangel<\/em><\/li><\/ul>\n\n\n\n<p><strong>Gelegenheiten<em><\/em><\/strong><\/p>\n\n\n\n<ul class=\"wp-block-list\"><li><em>schwacher oder fast irreversibler inl\u00e4ndischer Wettbewerb<\/em><\/li><li><em>Alterung der Bev\u00f6lkerung<\/em><\/li><li><em>Bewusstsein f\u00fcr die Notwendigkeit, die Gesundheit zu erhalten<\/em><\/li><\/ul>\n\n\n\n<p><strong>Bedrohungen<\/strong><\/p>\n\n\n\n<ul class=\"wp-block-list\"><li><em>Insolvenz von Kunden<\/em><\/li><li><em>starke Wettbewerber auf dem Auslandsmarkt<\/em><\/li><li><em>Erh\u00f6hte Anspr\u00fcche\/Erwartungen der (internationalen) Konsumenten<\/em><\/li><\/ul>","protected":false},"excerpt":{"rendered":"<p>Based on the research of the market for promotional services and the current situation in this area, the key features of the sector for providing services from the description of the activity and its further development in the future are determined. In line with this research, SWOT analysis was conceived: Strenghts young and enterprising employees [&hellip;]<\/p>","protected":false},"author":1,"featured_media":2978,"parent":2966,"menu_order":0,"comment_status":"closed","ping_status":"closed","template":"","meta":{"footnotes":""},"class_list":["post-3046","page","type-page","status-publish","has-post-thumbnail","hentry"],"_links":{"self":[{"href":"https:\/\/an-carstvoprirode.com\/de\/wp-json\/wp\/v2\/pages\/3046","targetHints":{"allow":["GET"]}}],"collection":[{"href":"https:\/\/an-carstvoprirode.com\/de\/wp-json\/wp\/v2\/pages"}],"about":[{"href":"https:\/\/an-carstvoprirode.com\/de\/wp-json\/wp\/v2\/types\/page"}],"author":[{"embeddable":true,"href":"https:\/\/an-carstvoprirode.com\/de\/wp-json\/wp\/v2\/users\/1"}],"replies":[{"embeddable":true,"href":"https:\/\/an-carstvoprirode.com\/de\/wp-json\/wp\/v2\/comments?post=3046"}],"version-history":[{"count":3,"href":"https:\/\/an-carstvoprirode.com\/de\/wp-json\/wp\/v2\/pages\/3046\/revisions"}],"predecessor-version":[{"id":3118,"href":"https:\/\/an-carstvoprirode.com\/de\/wp-json\/wp\/v2\/pages\/3046\/revisions\/3118"}],"up":[{"embeddable":true,"href":"https:\/\/an-carstvoprirode.com\/de\/wp-json\/wp\/v2\/pages\/2966"}],"wp:featuredmedia":[{"embeddable":true,"href":"https:\/\/an-carstvoprirode.com\/de\/wp-json\/wp\/v2\/media\/2978"}],"wp:attachment":[{"href":"https:\/\/an-carstvoprirode.com\/de\/wp-json\/wp\/v2\/media?parent=3046"}],"curies":[{"name":"wp","href":"https:\/\/api.w.org\/{rel}","templated":true}]}}