{"id":2992,"date":"2022-05-11T22:01:33","date_gmt":"2022-05-11T20:01:33","guid":{"rendered":"https:\/\/an-carstvoprirode.com\/?page_id=2992"},"modified":"2022-05-28T17:28:42","modified_gmt":"2022-05-28T15:28:42","slug":"4-%ef%bf%bclocation","status":"publish","type":"page","link":"https:\/\/an-carstvoprirode.com\/de\/description-of-business-idea\/4-%ef%bf%bclocation\/","title":{"rendered":"Ort"},"content":{"rendered":"<p>F\u00fcr den Mikrostandort der Aktivit\u00e4ten des Zentrums wird das Gebiet der Gemeinde Rudo ausgew\u00e4hlt, dh das Naturschutzgebiet im \u00e4u\u00dfersten Osten von Bosnien und Herzegowina, nahe der Grenze zu Serbien, w\u00e4hrend f\u00fcr den Makrostandort das Gebiet von das gesamte S\u00fcdosteuropa wird ausgew\u00e4hlt. <\/p>\n\n\n\n<p>Nicht nur in dieser Region, sondern in der ganzen Region gibt es kein solches Zentrum, das Dienstleistungen aus der Beschreibung seiner T\u00e4tigkeit anbietet. Ein zus\u00e4tzlicher Vorteil dieses Standorts ist die einfache Erreichbarkeit, die einfache Einreise in das Land (ohne Visum, schnelles Verfahren), dann der Charakter und das Entwicklungskonzept der Destination (Regulierung, kommunale Infrastruktur, Fu\u00dfg\u00e4ngerzonen, konfliktfreie Aktivit\u00e4ten).<\/p>","protected":false},"excerpt":{"rendered":"<p>For the micro location of the operations of the Center, the area of the municipality of Rudo is selected, that is, the natural reserve in the far east of Bosnia and Herzegovina, near the border with Serbia, while for the macro location the area of the whole South-Eastern Europe is selected. Not only in this [&hellip;]<\/p>","protected":false},"author":1,"featured_media":3331,"parent":2966,"menu_order":0,"comment_status":"closed","ping_status":"closed","template":"","meta":{"footnotes":""},"class_list":["post-2992","page","type-page","status-publish","has-post-thumbnail","hentry"],"_links":{"self":[{"href":"https:\/\/an-carstvoprirode.com\/de\/wp-json\/wp\/v2\/pages\/2992","targetHints":{"allow":["GET"]}}],"collection":[{"href":"https:\/\/an-carstvoprirode.com\/de\/wp-json\/wp\/v2\/pages"}],"about":[{"href":"https:\/\/an-carstvoprirode.com\/de\/wp-json\/wp\/v2\/types\/page"}],"author":[{"embeddable":true,"href":"https:\/\/an-carstvoprirode.com\/de\/wp-json\/wp\/v2\/users\/1"}],"replies":[{"embeddable":true,"href":"https:\/\/an-carstvoprirode.com\/de\/wp-json\/wp\/v2\/comments?post=2992"}],"version-history":[{"count":3,"href":"https:\/\/an-carstvoprirode.com\/de\/wp-json\/wp\/v2\/pages\/2992\/revisions"}],"predecessor-version":[{"id":3338,"href":"https:\/\/an-carstvoprirode.com\/de\/wp-json\/wp\/v2\/pages\/2992\/revisions\/3338"}],"up":[{"embeddable":true,"href":"https:\/\/an-carstvoprirode.com\/de\/wp-json\/wp\/v2\/pages\/2966"}],"wp:featuredmedia":[{"embeddable":true,"href":"https:\/\/an-carstvoprirode.com\/de\/wp-json\/wp\/v2\/media\/3331"}],"wp:attachment":[{"href":"https:\/\/an-carstvoprirode.com\/de\/wp-json\/wp\/v2\/media?parent=2992"}],"curies":[{"name":"wp","href":"https:\/\/api.w.org\/{rel}","templated":true}]}}