{"id":2975,"date":"2022-05-11T21:30:39","date_gmt":"2022-05-11T19:30:39","guid":{"rendered":"https:\/\/an-carstvoprirode.com\/?page_id=2975"},"modified":"2022-05-28T17:15:34","modified_gmt":"2022-05-28T15:15:34","slug":"legal-form","status":"publish","type":"page","link":"https:\/\/an-carstvoprirode.com\/de\/description-of-business-idea\/legal-form\/","title":{"rendered":"Rechtsform"},"content":{"rendered":"<p class=\" translation-block\">Das geplante Projekt ist <strong><em>\u201eKlinisches und station\u00e4res Rehabilitationszentrum f\u00fcr<\/em><\/strong> <strong><em>Kinder und erwachsene Patienten nach Chemotherapie\u201c. Rudo<\/em><\/strong> <em>,<\/em> Stadt Setihovo-Grivin, in der Eigenschaft einer Gesellschaft mit beschr\u00e4nkter Haftung f\u00fcr Wohndienstleistungen mit Sitz in Rudo, Republika Srpska, Bosnien und Herzegowina Herzegowina.<\/p>\n\n\n\n<p class=\" translation-block\">Das Unternehmen w\u00fcrde die juristischen Personen Landwirtschaftliche Genossenschaft <em>\u201e <strong>Ecological Lims Pearl\u201c po Rudo und OD AN \u201eEmpire of Nature\u201c Ilid\u017ea<\/strong><\/em> mit einem Gr\u00fcndungskapital in H\u00f6he von 6.250.000,00 KM gr\u00fcnden. Die anf\u00e4ngliche Mitarbeiterzahl w\u00fcrde 35 (f\u00fcnfunddrei\u00dfig) Mitarbeiter betragen.<\/p>\n\n\n\n<p>Der j\u00e4hrliche Umsatz w\u00fcrde im ersten Betriebsjahr etwa 2.300.000,00 KM betragen, mit Tendenz zur Steigerung in der Folgeperiode.<\/p>","protected":false},"excerpt":{"rendered":"<p>The planned project is &#8220;Clinical and Hospitalization Rehabilitation Center for Children and Adult Patients after Chemo&#8221; Rudo, the town of Setihovo-\u00adGrivin, in the capacity of a limited liability company for services of residence with headquarters in Rudo, Republic of Srpska, Bosnia and Herzegovina. The company would establish legal entities Agricultural Cooperative &#8220;Ecological Lims Pearl&#8221; p.o. [&hellip;]<\/p>","protected":false},"author":1,"featured_media":3334,"parent":2966,"menu_order":0,"comment_status":"closed","ping_status":"closed","template":"","meta":{"footnotes":""},"class_list":["post-2975","page","type-page","status-publish","has-post-thumbnail","hentry"],"_links":{"self":[{"href":"https:\/\/an-carstvoprirode.com\/de\/wp-json\/wp\/v2\/pages\/2975","targetHints":{"allow":["GET"]}}],"collection":[{"href":"https:\/\/an-carstvoprirode.com\/de\/wp-json\/wp\/v2\/pages"}],"about":[{"href":"https:\/\/an-carstvoprirode.com\/de\/wp-json\/wp\/v2\/types\/page"}],"author":[{"embeddable":true,"href":"https:\/\/an-carstvoprirode.com\/de\/wp-json\/wp\/v2\/users\/1"}],"replies":[{"embeddable":true,"href":"https:\/\/an-carstvoprirode.com\/de\/wp-json\/wp\/v2\/comments?post=2975"}],"version-history":[{"count":1,"href":"https:\/\/an-carstvoprirode.com\/de\/wp-json\/wp\/v2\/pages\/2975\/revisions"}],"predecessor-version":[{"id":2976,"href":"https:\/\/an-carstvoprirode.com\/de\/wp-json\/wp\/v2\/pages\/2975\/revisions\/2976"}],"up":[{"embeddable":true,"href":"https:\/\/an-carstvoprirode.com\/de\/wp-json\/wp\/v2\/pages\/2966"}],"wp:featuredmedia":[{"embeddable":true,"href":"https:\/\/an-carstvoprirode.com\/de\/wp-json\/wp\/v2\/media\/3334"}],"wp:attachment":[{"href":"https:\/\/an-carstvoprirode.com\/de\/wp-json\/wp\/v2\/media?parent=2975"}],"curies":[{"name":"wp","href":"https:\/\/api.w.org\/{rel}","templated":true}]}}