{"id":130,"date":"2018-11-13T14:42:25","date_gmt":"2018-11-13T13:42:25","guid":{"rendered":"https:\/\/themes.getmotopress.com\/palmeria\/?page_id=130"},"modified":"2022-05-28T16:09:16","modified_gmt":"2022-05-28T14:09:16","slug":"about-carstvo-prirode","status":"publish","type":"page","link":"https:\/\/an-carstvoprirode.com\/de\/about-carstvo-prirode\/","title":{"rendered":"\u00dcber \u201eAN Carstvo Prirode\u201c"},"content":{"rendered":"<div class=\"wp-block-columns has-2-columns is-layout-flex wp-container-core-columns-is-layout-9d6595d7 wp-block-columns-is-layout-flex\">\n<div class=\"wp-block-column is-layout-flow wp-block-column-is-layout-flow\">\n<figure class=\"wp-block-image size-large\"><img fetchpriority=\"high\" decoding=\"async\" width=\"768\" height=\"1024\" src=\"https:\/\/an-carstvoprirode.com\/wp-content\/uploads\/2022\/05\/IMG-e00a0c5296e7a97cf19c6dff6b185891-V-768x1024.jpg\" alt=\"\" class=\"wp-image-2674\" srcset=\"https:\/\/an-carstvoprirode.com\/wp-content\/uploads\/2022\/05\/IMG-e00a0c5296e7a97cf19c6dff6b185891-V-768x1024.jpg 768w, https:\/\/an-carstvoprirode.com\/wp-content\/uploads\/2022\/05\/IMG-e00a0c5296e7a97cf19c6dff6b185891-V-225x300.jpg 225w, https:\/\/an-carstvoprirode.com\/wp-content\/uploads\/2022\/05\/IMG-e00a0c5296e7a97cf19c6dff6b185891-V-892x1189.jpg 892w, https:\/\/an-carstvoprirode.com\/wp-content\/uploads\/2022\/05\/IMG-e00a0c5296e7a97cf19c6dff6b185891-V.jpg 960w\" sizes=\"(max-width: 768px) 100vw, 768px\" \/><\/figure>\n<\/div>\n\n\n\n<div class=\"wp-block-column is-layout-flow wp-block-column-is-layout-flow\">\n<p>Wir sind ein Team junger, gebildeter Menschen, die sich mit der Herstellung von Kr\u00e4uterpr\u00e4paraten zur St\u00e4rkung der Immunit\u00e4t und Verbesserung der menschlichen Gesundheit besch\u00e4ftigen.<br><br>Alle Produkte aus unserem Sortiment wurden unter streng kontrollierten Bedingungen nach h\u00f6chsten Umweltstandards hergestellt.<\/p>\n\n\n\n<p>Die Rezepturen unserer Kr\u00e4uterelixiere wurden nach altem Wissen aus einer Vielzahl von B\u00fcchern \u00fcber Kr\u00e4uterheilkunde sowie nach neuesten Erkenntnissen aus Medizin, Alternativmedizin und Pharmazie zusammengestellt. Hinter jedem unserer Produkte stehen das Wissen, das Engagement und das Vertrauen, dass das, was wir f\u00fcr unsere Produktion verwenden, wirklich das Beste ist, was die Natur zu bieten hat.<\/p>\n\n\n\n<p>Wenn Sie Ihre Gesundheit verbessern m\u00f6chten, sind Sie bei uns genau richtig!<\/p>\n<\/div>\n<\/div>\n\n\n\n<div class=\"wp-block-columns has-2-columns is-layout-flex wp-container-core-columns-is-layout-9d6595d7 wp-block-columns-is-layout-flex\">\n<div class=\"wp-block-column is-layout-flow wp-block-column-is-layout-flow\">\n<h2 class=\"wp-block-heading\"><strong>Verwendung von Ressourcen aus eigenen Plantagen mit Bio-Produkten und eigenen gesunden Wasserquellen<\/strong><\/h2>\n<\/div>\n\n\n\n<div class=\"wp-block-column is-layout-flow wp-block-column-is-layout-flow\">\n<p class=\" translation-block\">Trinkwasserquellen Kapazit\u00e4t 7.000.000 Liter \/ Tag<br> 60.000 S\u00e4mlinge der Sibirischen Apfelbeere \u2013 Nero<\/p>\n\n\n\n<p>Anpflanzung einheimischer Apfelplantagen;<\/p>\n\n\n\n<p>Crisp Cherry Plantage, 5000 B\u00e4ume;<\/p>\n\n\n\n<p>Anpflanzung einheimischer Birnenplantagen<\/p>\n\n\n\n<p>Rote Traubenplantage;<\/p>\n\n\n\n<p>Aprikosenplantage;<\/p>\n\n\n\n<p>Kardinal-Pfirsich-Plantage;<\/p>\n\n\n\n<p>Pflanzung autochthoner Kirschen \u201eOblo\u010danka\u201c<\/p>\n\n\n\n<p>Johannisbeerplantage;<\/p>\n\n\n\n<p>Pflanzung der einheimischen Pflaume \u201ePo\u017eega\u010da\u201c.<\/p>\n\n\n\n<p>Ihre Schirmherrschaft hilft uns, das Gebiet unbebaut zu halten und zu erhalten, damit zuk\u00fcnftige Generationen es genie\u00dfen und erkunden k\u00f6nnen.<\/p>\n\n\n\n<p>150 Bienenst\u00f6cke<\/p>\n<\/div>\n<\/div>\n\n\n\n<hr class=\"wp-block-separator has-css-opacity is-style-wide\"\/>\n\n\n\n<h2 class=\"has-text-align-center wp-block-heading\"><strong>Unsere Ausstattung<\/strong><\/h2>\n\n\n\n<div class=\"wp-block-columns has-3-columns is-layout-flex wp-container-core-columns-is-layout-9d6595d7 wp-block-columns-is-layout-flex\">\n<div class=\"wp-block-column is-layout-flow wp-block-column-is-layout-flow\">\n<figure class=\"wp-block-image size-full\"><a href=\"https:\/\/an-carstvoprirode.com\/wp-content\/uploads\/2022\/05\/IMG-e4f921dce615c0e46b2f092e0e36651b-V.jpg\"><img decoding=\"async\" width=\"1024\" height=\"683\" src=\"https:\/\/an-carstvoprirode.com\/wp-content\/uploads\/2022\/05\/IMG-e4f921dce615c0e46b2f092e0e36651b-V.jpg\" alt=\"\" class=\"wp-image-2681\" srcset=\"https:\/\/an-carstvoprirode.com\/wp-content\/uploads\/2022\/05\/IMG-e4f921dce615c0e46b2f092e0e36651b-V.jpg 1024w, https:\/\/an-carstvoprirode.com\/wp-content\/uploads\/2022\/05\/IMG-e4f921dce615c0e46b2f092e0e36651b-V-300x200.jpg 300w, https:\/\/an-carstvoprirode.com\/wp-content\/uploads\/2022\/05\/IMG-e4f921dce615c0e46b2f092e0e36651b-V-768x512.jpg 768w, https:\/\/an-carstvoprirode.com\/wp-content\/uploads\/2022\/05\/IMG-e4f921dce615c0e46b2f092e0e36651b-V-892x594.jpg 892w, https:\/\/an-carstvoprirode.com\/wp-content\/uploads\/2022\/05\/IMG-e4f921dce615c0e46b2f092e0e36651b-V-150x100.jpg 150w\" sizes=\"(max-width: 1024px) 100vw, 1024px\" \/><\/a><\/figure>\n\n\n\n<h5 class=\"wp-block-heading\"><strong>Eigene Plantagen<\/strong><\/h5>\n\n\n\n<p>mit einer gro\u00dfen Anzahl von Setzlingen verschiedener Obst- und Gem\u00fcsesorten aus \u00f6kologischem Anbau.<\/p>\n<\/div>\n\n\n\n<div class=\"wp-block-column is-layout-flow wp-block-column-is-layout-flow\">\n<figure class=\"wp-block-image size-full\"><a href=\"https:\/\/an-carstvoprirode.com\/wp-content\/uploads\/2022\/05\/IMG-25c45d910c621f04930ac1b52750c3fd-V-1.jpg\"><img decoding=\"async\" width=\"1024\" height=\"684\" src=\"https:\/\/an-carstvoprirode.com\/wp-content\/uploads\/2022\/05\/IMG-25c45d910c621f04930ac1b52750c3fd-V-1.jpg\" alt=\"\" class=\"wp-image-2683\" srcset=\"https:\/\/an-carstvoprirode.com\/wp-content\/uploads\/2022\/05\/IMG-25c45d910c621f04930ac1b52750c3fd-V-1.jpg 1024w, https:\/\/an-carstvoprirode.com\/wp-content\/uploads\/2022\/05\/IMG-25c45d910c621f04930ac1b52750c3fd-V-1-300x200.jpg 300w, https:\/\/an-carstvoprirode.com\/wp-content\/uploads\/2022\/05\/IMG-25c45d910c621f04930ac1b52750c3fd-V-1-768x513.jpg 768w, https:\/\/an-carstvoprirode.com\/wp-content\/uploads\/2022\/05\/IMG-25c45d910c621f04930ac1b52750c3fd-V-1-892x596.jpg 892w, https:\/\/an-carstvoprirode.com\/wp-content\/uploads\/2022\/05\/IMG-25c45d910c621f04930ac1b52750c3fd-V-1-150x100.jpg 150w\" sizes=\"(max-width: 1024px) 100vw, 1024px\" \/><\/a><\/figure>\n\n\n\n<h5 class=\"wp-block-heading\"><strong>Eigene Wasserquellen<\/strong><\/h5>\n\n\n\n<p>hervorragende Qualit\u00e4t, keine sch\u00e4dlichen Inhaltsstoffe, kein Natrium, gebrauchsfertig ohne Verarbeitung.<\/p>\n<\/div>\n\n\n\n<div class=\"wp-block-column is-layout-flow wp-block-column-is-layout-flow\">\n<figure class=\"wp-block-image size-full\"><a href=\"https:\/\/an-carstvoprirode.com\/wp-content\/uploads\/2022\/05\/IMG-d636cbd219cb147e2723b3ab7d96b93a-V.jpg\"><img loading=\"lazy\" decoding=\"async\" width=\"1024\" height=\"683\" src=\"https:\/\/an-carstvoprirode.com\/wp-content\/uploads\/2022\/05\/IMG-d636cbd219cb147e2723b3ab7d96b93a-V.jpg\" alt=\"\" class=\"wp-image-2686\" srcset=\"https:\/\/an-carstvoprirode.com\/wp-content\/uploads\/2022\/05\/IMG-d636cbd219cb147e2723b3ab7d96b93a-V.jpg 1024w, https:\/\/an-carstvoprirode.com\/wp-content\/uploads\/2022\/05\/IMG-d636cbd219cb147e2723b3ab7d96b93a-V-300x200.jpg 300w, https:\/\/an-carstvoprirode.com\/wp-content\/uploads\/2022\/05\/IMG-d636cbd219cb147e2723b3ab7d96b93a-V-768x512.jpg 768w, https:\/\/an-carstvoprirode.com\/wp-content\/uploads\/2022\/05\/IMG-d636cbd219cb147e2723b3ab7d96b93a-V-892x594.jpg 892w, https:\/\/an-carstvoprirode.com\/wp-content\/uploads\/2022\/05\/IMG-d636cbd219cb147e2723b3ab7d96b93a-V-150x100.jpg 150w\" sizes=\"(max-width: 1024px) 100vw, 1024px\" \/><\/a><\/figure>\n\n\n\n<h5 class=\"wp-block-heading\"><strong>Flei\u00dfige und qualifizierte Mitarbeiter<\/strong><\/h5>\n\n\n\n<p>Pflanzung von Setzlingen, Pflege, Obsternte, Verarbeitung \u2013 alle Arbeiten werden von qualifizierten und professionellen Mitarbeitern ausgef\u00fchrt<\/p>\n<\/div>\n<\/div>\n\n\n\n<div class=\"wp-block-columns has-3-columns is-layout-flex wp-container-core-columns-is-layout-9d6595d7 wp-block-columns-is-layout-flex\">\n<div class=\"wp-block-column is-layout-flow wp-block-column-is-layout-flow\">\n<figure class=\"wp-block-image size-full\"><a href=\"https:\/\/an-carstvoprirode.com\/wp-content\/uploads\/2022\/05\/Snimak-ekrana-334.png\"><img loading=\"lazy\" decoding=\"async\" width=\"1024\" height=\"683\" src=\"https:\/\/an-carstvoprirode.com\/wp-content\/uploads\/2022\/05\/Snimak-ekrana-334.png\" alt=\"\" class=\"wp-image-2690\" srcset=\"https:\/\/an-carstvoprirode.com\/wp-content\/uploads\/2022\/05\/Snimak-ekrana-334.png 1024w, https:\/\/an-carstvoprirode.com\/wp-content\/uploads\/2022\/05\/Snimak-ekrana-334-300x200.png 300w, https:\/\/an-carstvoprirode.com\/wp-content\/uploads\/2022\/05\/Snimak-ekrana-334-768x512.png 768w, https:\/\/an-carstvoprirode.com\/wp-content\/uploads\/2022\/05\/Snimak-ekrana-334-892x594.png 892w, https:\/\/an-carstvoprirode.com\/wp-content\/uploads\/2022\/05\/Snimak-ekrana-334-150x100.png 150w\" sizes=\"(max-width: 1024px) 100vw, 1024px\" \/><\/a><\/figure>\n\n\n\n<h5 class=\"wp-block-heading\"><strong>Alte Rezepte<\/strong><\/h5>\n\n\n\n<p>die herstellung erfolgt nach alten rezepten, gekocht wird auf feuer aus gesundem holz.<\/p>\n<\/div>\n\n\n\n<div class=\"wp-block-column is-layout-flow wp-block-column-is-layout-flow\">\n<figure class=\"wp-block-image size-full\"><a href=\"https:\/\/an-carstvoprirode.com\/wp-content\/uploads\/2022\/05\/IMG-b53ae115b270b5cf53035d9e1a5c05f2-V.jpg\"><img loading=\"lazy\" decoding=\"async\" width=\"1024\" height=\"683\" src=\"https:\/\/an-carstvoprirode.com\/wp-content\/uploads\/2022\/05\/IMG-b53ae115b270b5cf53035d9e1a5c05f2-V.jpg\" alt=\"\" class=\"wp-image-2692\" srcset=\"https:\/\/an-carstvoprirode.com\/wp-content\/uploads\/2022\/05\/IMG-b53ae115b270b5cf53035d9e1a5c05f2-V.jpg 1024w, https:\/\/an-carstvoprirode.com\/wp-content\/uploads\/2022\/05\/IMG-b53ae115b270b5cf53035d9e1a5c05f2-V-300x200.jpg 300w, https:\/\/an-carstvoprirode.com\/wp-content\/uploads\/2022\/05\/IMG-b53ae115b270b5cf53035d9e1a5c05f2-V-768x512.jpg 768w, https:\/\/an-carstvoprirode.com\/wp-content\/uploads\/2022\/05\/IMG-b53ae115b270b5cf53035d9e1a5c05f2-V-892x594.jpg 892w, https:\/\/an-carstvoprirode.com\/wp-content\/uploads\/2022\/05\/IMG-b53ae115b270b5cf53035d9e1a5c05f2-V-150x100.jpg 150w\" sizes=\"(max-width: 1024px) 100vw, 1024px\" \/><\/a><\/figure>\n\n\n\n<h5 class=\"wp-block-heading\"><strong>Kundendienst<\/strong><\/h5>\n\n\n\n<p>Wir beobachten die Entwicklung der Situation bei unseren Anwendern, besuchen sie w\u00e4hrend und nach der Anwendung unserer Therapien und sind immer auf dem Laufenden.<\/p>\n<\/div>\n\n\n\n<div class=\"wp-block-column is-layout-flow wp-block-column-is-layout-flow\">\n<figure class=\"wp-block-image size-full\"><a href=\"https:\/\/an-carstvoprirode.com\/wp-content\/uploads\/2022\/05\/IMG-8550078503ff616d63b1ec4d7fcfa9ad-V.jpg\"><img loading=\"lazy\" decoding=\"async\" width=\"1024\" height=\"683\" src=\"https:\/\/an-carstvoprirode.com\/wp-content\/uploads\/2022\/05\/IMG-8550078503ff616d63b1ec4d7fcfa9ad-V.jpg\" alt=\"\" class=\"wp-image-2694\" srcset=\"https:\/\/an-carstvoprirode.com\/wp-content\/uploads\/2022\/05\/IMG-8550078503ff616d63b1ec4d7fcfa9ad-V.jpg 1024w, https:\/\/an-carstvoprirode.com\/wp-content\/uploads\/2022\/05\/IMG-8550078503ff616d63b1ec4d7fcfa9ad-V-300x200.jpg 300w, https:\/\/an-carstvoprirode.com\/wp-content\/uploads\/2022\/05\/IMG-8550078503ff616d63b1ec4d7fcfa9ad-V-768x512.jpg 768w, https:\/\/an-carstvoprirode.com\/wp-content\/uploads\/2022\/05\/IMG-8550078503ff616d63b1ec4d7fcfa9ad-V-892x594.jpg 892w, https:\/\/an-carstvoprirode.com\/wp-content\/uploads\/2022\/05\/IMG-8550078503ff616d63b1ec4d7fcfa9ad-V-150x100.jpg 150w\" sizes=\"(max-width: 1024px) 100vw, 1024px\" \/><\/a><\/figure>\n\n\n\n<h5 class=\"wp-block-heading\"><strong>Auszeichnungen<\/strong><\/h5>\n\n\n\n<p>Viele Organisationen haben die Qualit\u00e4t unserer Produkte und unser Engagement f\u00fcr Kunden anerkannt und uns daf\u00fcr Anerkennung ausgesprochen. <\/p>\n<\/div>\n<\/div>\n\n\n\n<hr class=\"wp-block-separator has-css-opacity is-style-wide\"\/>\n\n\n\n<div class=\"wp-block-columns has-2-columns is-layout-flex wp-container-core-columns-is-layout-9d6595d7 wp-block-columns-is-layout-flex\">\n<div class=\"wp-block-column is-layout-flow wp-block-column-is-layout-flow\">\n<h2 class=\"wp-block-heading\"><strong>Unsere flei\u00dfigen Mitarbeiter<\/strong>!<\/h2>\n\n\n\n<p>All die Erfolge, die wir erzielen, w\u00e4ren nicht m\u00f6glich ohne unsere wertvollen Mitarbeiter, die rund um die Uhr im Einsatz sind und sich um jedes Element der Produktion k\u00fcmmern, weil sie wissen, dass die Gesundheit vieler Menschen von ihrem Engagement abh\u00e4ngt.<\/p>\n\n\n\n<figure class=\"wp-block-gallery has-nested-images columns-2 is-cropped wp-block-gallery-1 is-layout-flex wp-block-gallery-is-layout-flex\">\n<figure class=\"wp-block-image size-large\"><a href=\"https:\/\/an-carstvoprirode.com\/wp-content\/uploads\/2022\/05\/IMG-90a19e6b58c9945f7a6b81b2fdfc131e-V.jpg\"><img loading=\"lazy\" decoding=\"async\" width=\"1024\" height=\"649\" data-id=\"2700\" src=\"https:\/\/an-carstvoprirode.com\/wp-content\/uploads\/2022\/05\/IMG-90a19e6b58c9945f7a6b81b2fdfc131e-V-1024x649.jpg\" alt=\"\" class=\"wp-image-2700\" srcset=\"https:\/\/an-carstvoprirode.com\/wp-content\/uploads\/2022\/05\/IMG-90a19e6b58c9945f7a6b81b2fdfc131e-V-1024x649.jpg 1024w, https:\/\/an-carstvoprirode.com\/wp-content\/uploads\/2022\/05\/IMG-90a19e6b58c9945f7a6b81b2fdfc131e-V-300x190.jpg 300w, https:\/\/an-carstvoprirode.com\/wp-content\/uploads\/2022\/05\/IMG-90a19e6b58c9945f7a6b81b2fdfc131e-V-768x487.jpg 768w, https:\/\/an-carstvoprirode.com\/wp-content\/uploads\/2022\/05\/IMG-90a19e6b58c9945f7a6b81b2fdfc131e-V-892x566.jpg 892w, https:\/\/an-carstvoprirode.com\/wp-content\/uploads\/2022\/05\/IMG-90a19e6b58c9945f7a6b81b2fdfc131e-V.jpg 1536w\" sizes=\"(max-width: 1024px) 100vw, 1024px\" \/><\/a><\/figure>\n\n\n\n<figure class=\"wp-block-image size-large\"><a href=\"https:\/\/an-carstvoprirode.com\/wp-content\/uploads\/2022\/05\/IMG-798e1eef117f7c56da39b7e31d2c2df3-V.jpg\"><img loading=\"lazy\" decoding=\"async\" width=\"1024\" height=\"649\" data-id=\"2701\" src=\"https:\/\/an-carstvoprirode.com\/wp-content\/uploads\/2022\/05\/IMG-798e1eef117f7c56da39b7e31d2c2df3-V-1024x649.jpg\" alt=\"\" class=\"wp-image-2701\" srcset=\"https:\/\/an-carstvoprirode.com\/wp-content\/uploads\/2022\/05\/IMG-798e1eef117f7c56da39b7e31d2c2df3-V-1024x649.jpg 1024w, https:\/\/an-carstvoprirode.com\/wp-content\/uploads\/2022\/05\/IMG-798e1eef117f7c56da39b7e31d2c2df3-V-300x190.jpg 300w, https:\/\/an-carstvoprirode.com\/wp-content\/uploads\/2022\/05\/IMG-798e1eef117f7c56da39b7e31d2c2df3-V-768x487.jpg 768w, https:\/\/an-carstvoprirode.com\/wp-content\/uploads\/2022\/05\/IMG-798e1eef117f7c56da39b7e31d2c2df3-V-892x566.jpg 892w, https:\/\/an-carstvoprirode.com\/wp-content\/uploads\/2022\/05\/IMG-798e1eef117f7c56da39b7e31d2c2df3-V.jpg 1536w\" sizes=\"(max-width: 1024px) 100vw, 1024px\" \/><\/a><\/figure>\n\n\n\n<figure class=\"wp-block-image size-large\"><a href=\"https:\/\/an-carstvoprirode.com\/wp-content\/uploads\/2022\/05\/IMG-3355dbe711300e9c62463aacec6273f3-V.jpg\"><img loading=\"lazy\" decoding=\"async\" width=\"1024\" height=\"649\" data-id=\"2702\" src=\"https:\/\/an-carstvoprirode.com\/wp-content\/uploads\/2022\/05\/IMG-3355dbe711300e9c62463aacec6273f3-V-1024x649.jpg\" alt=\"\" class=\"wp-image-2702\" srcset=\"https:\/\/an-carstvoprirode.com\/wp-content\/uploads\/2022\/05\/IMG-3355dbe711300e9c62463aacec6273f3-V-1024x649.jpg 1024w, https:\/\/an-carstvoprirode.com\/wp-content\/uploads\/2022\/05\/IMG-3355dbe711300e9c62463aacec6273f3-V-300x190.jpg 300w, https:\/\/an-carstvoprirode.com\/wp-content\/uploads\/2022\/05\/IMG-3355dbe711300e9c62463aacec6273f3-V-768x487.jpg 768w, https:\/\/an-carstvoprirode.com\/wp-content\/uploads\/2022\/05\/IMG-3355dbe711300e9c62463aacec6273f3-V-892x566.jpg 892w, https:\/\/an-carstvoprirode.com\/wp-content\/uploads\/2022\/05\/IMG-3355dbe711300e9c62463aacec6273f3-V.jpg 1536w\" sizes=\"(max-width: 1024px) 100vw, 1024px\" \/><\/a><\/figure>\n\n\n\n<figure class=\"wp-block-image size-large\"><a href=\"https:\/\/an-carstvoprirode.com\/wp-content\/uploads\/2022\/05\/IMG-9839caf3a35b8b635da0dc798f40dd45-V.jpg\"><img loading=\"lazy\" decoding=\"async\" width=\"1024\" height=\"649\" data-id=\"2703\" src=\"https:\/\/an-carstvoprirode.com\/wp-content\/uploads\/2022\/05\/IMG-9839caf3a35b8b635da0dc798f40dd45-V-1024x649.jpg\" alt=\"\" class=\"wp-image-2703\" srcset=\"https:\/\/an-carstvoprirode.com\/wp-content\/uploads\/2022\/05\/IMG-9839caf3a35b8b635da0dc798f40dd45-V-1024x649.jpg 1024w, https:\/\/an-carstvoprirode.com\/wp-content\/uploads\/2022\/05\/IMG-9839caf3a35b8b635da0dc798f40dd45-V-300x190.jpg 300w, https:\/\/an-carstvoprirode.com\/wp-content\/uploads\/2022\/05\/IMG-9839caf3a35b8b635da0dc798f40dd45-V-768x487.jpg 768w, https:\/\/an-carstvoprirode.com\/wp-content\/uploads\/2022\/05\/IMG-9839caf3a35b8b635da0dc798f40dd45-V-892x566.jpg 892w, https:\/\/an-carstvoprirode.com\/wp-content\/uploads\/2022\/05\/IMG-9839caf3a35b8b635da0dc798f40dd45-V.jpg 1536w\" sizes=\"(max-width: 1024px) 100vw, 1024px\" \/><\/a><\/figure>\n\n\n\n<figure class=\"wp-block-image size-large\"><a href=\"https:\/\/an-carstvoprirode.com\/wp-content\/uploads\/2022\/05\/Snimak-ekrana-335.png\"><img loading=\"lazy\" decoding=\"async\" width=\"1024\" height=\"649\" data-id=\"2704\" src=\"https:\/\/an-carstvoprirode.com\/wp-content\/uploads\/2022\/05\/Snimak-ekrana-335-1024x649.png\" alt=\"\" class=\"wp-image-2704\" srcset=\"https:\/\/an-carstvoprirode.com\/wp-content\/uploads\/2022\/05\/Snimak-ekrana-335-1024x649.png 1024w, https:\/\/an-carstvoprirode.com\/wp-content\/uploads\/2022\/05\/Snimak-ekrana-335-300x190.png 300w, https:\/\/an-carstvoprirode.com\/wp-content\/uploads\/2022\/05\/Snimak-ekrana-335-768x487.png 768w, https:\/\/an-carstvoprirode.com\/wp-content\/uploads\/2022\/05\/Snimak-ekrana-335-892x566.png 892w, https:\/\/an-carstvoprirode.com\/wp-content\/uploads\/2022\/05\/Snimak-ekrana-335.png 1536w\" sizes=\"(max-width: 1024px) 100vw, 1024px\" \/><\/a><\/figure>\n\n\n\n<figure class=\"wp-block-image size-large\"><a href=\"https:\/\/an-carstvoprirode.com\/wp-content\/uploads\/2022\/05\/IMG-265d7ba20eb31890eb6fd8173beca255-V.jpg\"><img loading=\"lazy\" decoding=\"async\" width=\"1024\" height=\"649\" data-id=\"2706\" src=\"https:\/\/an-carstvoprirode.com\/wp-content\/uploads\/2022\/05\/IMG-265d7ba20eb31890eb6fd8173beca255-V-1024x649.jpg\" alt=\"\" class=\"wp-image-2706\" srcset=\"https:\/\/an-carstvoprirode.com\/wp-content\/uploads\/2022\/05\/IMG-265d7ba20eb31890eb6fd8173beca255-V-1024x649.jpg 1024w, https:\/\/an-carstvoprirode.com\/wp-content\/uploads\/2022\/05\/IMG-265d7ba20eb31890eb6fd8173beca255-V-300x190.jpg 300w, https:\/\/an-carstvoprirode.com\/wp-content\/uploads\/2022\/05\/IMG-265d7ba20eb31890eb6fd8173beca255-V-768x487.jpg 768w, https:\/\/an-carstvoprirode.com\/wp-content\/uploads\/2022\/05\/IMG-265d7ba20eb31890eb6fd8173beca255-V-892x566.jpg 892w, https:\/\/an-carstvoprirode.com\/wp-content\/uploads\/2022\/05\/IMG-265d7ba20eb31890eb6fd8173beca255-V.jpg 1536w\" sizes=\"(max-width: 1024px) 100vw, 1024px\" \/><\/a><\/figure>\n<\/figure>\n<\/div>\n\n\n\n<div class=\"wp-block-column is-layout-flow wp-block-column-is-layout-flow\"><div class=\"wp-block-image\">\n<figure class=\"aligncenter size-large\"><a href=\"https:\/\/an-carstvoprirode.com\/wp-content\/uploads\/2022\/05\/IMG-12ac72a79f9d1bf80e515ab043115b13-V.jpg\"><img loading=\"lazy\" decoding=\"async\" width=\"650\" height=\"1024\" src=\"https:\/\/an-carstvoprirode.com\/wp-content\/uploads\/2022\/05\/IMG-12ac72a79f9d1bf80e515ab043115b13-V-650x1024.jpg\" alt=\"\" class=\"wp-image-2699\" srcset=\"https:\/\/an-carstvoprirode.com\/wp-content\/uploads\/2022\/05\/IMG-12ac72a79f9d1bf80e515ab043115b13-V-650x1024.jpg 650w, https:\/\/an-carstvoprirode.com\/wp-content\/uploads\/2022\/05\/IMG-12ac72a79f9d1bf80e515ab043115b13-V-190x300.jpg 190w, https:\/\/an-carstvoprirode.com\/wp-content\/uploads\/2022\/05\/IMG-12ac72a79f9d1bf80e515ab043115b13-V-768x1211.jpg 768w, https:\/\/an-carstvoprirode.com\/wp-content\/uploads\/2022\/05\/IMG-12ac72a79f9d1bf80e515ab043115b13-V-974x1536.jpg 974w, https:\/\/an-carstvoprirode.com\/wp-content\/uploads\/2022\/05\/IMG-12ac72a79f9d1bf80e515ab043115b13-V-892x1406.jpg 892w, https:\/\/an-carstvoprirode.com\/wp-content\/uploads\/2022\/05\/IMG-12ac72a79f9d1bf80e515ab043115b13-V.jpg 1015w\" sizes=\"(max-width: 650px) 100vw, 650px\" \/><\/a><\/figure>\n<\/div><\/div>\n<\/div>","protected":false},"excerpt":{"rendered":"<p>We are a team of young, educated people who are engaged in the production of herbal preparations to strengthen immunity and improve human health. All products from our range were created in strictly controlled conditions according to the highest environmental standards. The recipes for our herbal elixirs have been prepared respecting ancient knowledge gathered from [&hellip;]<\/p>","protected":false},"author":1,"featured_media":3328,"parent":0,"menu_order":0,"comment_status":"closed","ping_status":"closed","template":"template-wide-page.php","meta":{"footnotes":""},"class_list":["post-130","page","type-page","status-publish","has-post-thumbnail","hentry"],"_links":{"self":[{"href":"https:\/\/an-carstvoprirode.com\/de\/wp-json\/wp\/v2\/pages\/130","targetHints":{"allow":["GET"]}}],"collection":[{"href":"https:\/\/an-carstvoprirode.com\/de\/wp-json\/wp\/v2\/pages"}],"about":[{"href":"https:\/\/an-carstvoprirode.com\/de\/wp-json\/wp\/v2\/types\/page"}],"author":[{"embeddable":true,"href":"https:\/\/an-carstvoprirode.com\/de\/wp-json\/wp\/v2\/users\/1"}],"replies":[{"embeddable":true,"href":"https:\/\/an-carstvoprirode.com\/de\/wp-json\/wp\/v2\/comments?post=130"}],"version-history":[{"count":22,"href":"https:\/\/an-carstvoprirode.com\/de\/wp-json\/wp\/v2\/pages\/130\/revisions"}],"predecessor-version":[{"id":3327,"href":"https:\/\/an-carstvoprirode.com\/de\/wp-json\/wp\/v2\/pages\/130\/revisions\/3327"}],"wp:featuredmedia":[{"embeddable":true,"href":"https:\/\/an-carstvoprirode.com\/de\/wp-json\/wp\/v2\/media\/3328"}],"wp:attachment":[{"href":"https:\/\/an-carstvoprirode.com\/de\/wp-json\/wp\/v2\/media?parent=130"}],"curies":[{"name":"wp","href":"https:\/\/api.w.org\/{rel}","templated":true}]}}