{"id":48,"date":"2018-11-13T13:45:18","date_gmt":"2018-11-13T12:45:18","guid":{"rendered":"https:\/\/themes.getmotopress.com\/palmeria\/?page_id=48"},"modified":"2023-12-26T16:20:38","modified_gmt":"2023-12-26T15:20:38","slug":"the-story-of-an-carstvo-prirode","status":"publish","type":"page","link":"https:\/\/an-carstvoprirode.com\/da\/welcome-to-carstvo-prirode\/the-story-of-an-carstvo-prirode\/","title":{"rendered":"Historien om &quot;AN Carstvo Prirode&quot;"},"content":{"rendered":"<div data-elementor-type=\"wp-page\" data-elementor-id=\"48\" class=\"elementor elementor-48\">\n\t\t\t\t\t\t<section class=\"elementor-section elementor-top-section elementor-element elementor-element-7ab4b4a3 elementor-section-boxed elementor-section-height-default elementor-section-height-default\" data-id=\"7ab4b4a3\" data-element_type=\"section\">\n\t\t\t\t\t\t<div class=\"elementor-container elementor-column-gap-default\">\n\t\t\t\t\t<div class=\"elementor-column elementor-col-100 elementor-top-column elementor-element elementor-element-1d242939\" data-id=\"1d242939\" data-element_type=\"column\">\n\t\t\t<div class=\"elementor-widget-wrap elementor-element-populated\">\n\t\t\t\t\t\t<div class=\"elementor-element elementor-element-289fb65c elementor-widget elementor-widget-text-editor\" data-id=\"289fb65c\" data-element_type=\"widget\" data-widget_type=\"text-editor.default\">\n\t\t\t\t<div class=\"elementor-widget-container\">\n\t\t\t<style>\/*! elementor - v3.21.0 - 08-05-2024 *\/\n.elementor-widget-text-editor.elementor-drop-cap-view-stacked .elementor-drop-cap{background-color:#69727d;color:#fff}.elementor-widget-text-editor.elementor-drop-cap-view-framed .elementor-drop-cap{color:#69727d;border:3px solid;background-color:transparent}.elementor-widget-text-editor:not(.elementor-drop-cap-view-default) .elementor-drop-cap{margin-top:8px}.elementor-widget-text-editor:not(.elementor-drop-cap-view-default) .elementor-drop-cap-letter{width:1em;height:1em}.elementor-widget-text-editor .elementor-drop-cap{float:left;text-align:center;line-height:1;font-size:50px}.elementor-widget-text-editor .elementor-drop-cap-letter{display:inline-block}<\/style>\t\t\t\t<!-- wp:paragraph -->\n<p><strong>HVEM ER VI? <\/strong>.<\/p>\n<!-- \/wp:paragraph --><!-- wp:paragraph -->\n<p>AN Carstvo Prirode blev grundlagt i 2009. p\u00e5 en familieg\u00e5rd i det \u00f8stlige Bosnien, <strong>med et areal p\u00e5 500.000 m2<\/strong>, af hvilken <strong>300.000 m2 agerjord,<\/strong> opdelt efter plantagetyper i flere plantager.<\/p>\n<!-- \/wp:paragraph --><!-- wp:paragraph -->\n<p>Ejendommen er beriget <strong>med SYV KILDER drikkevand (<a href=\"https:\/\/an-carstvoprirode.com\/da\/water-springs\/\" target=\"_blank\" rel=\"noopener\">se video<\/a>)<\/strong> og en <strong><a href=\"https:\/\/an-carstvoprirode.com\/da\/river-lim\/\" target=\"_blank\" rel=\"noreferrer noopener\">flod, der l\u00f8ber gennem terr\u00e6net<\/a><\/strong>. Kapaciteten p\u00e5 en af fjedrene er <strong>7000.000 liter drikkevand p\u00e5 24 timer, eller 81,4 l\/sek.<\/strong>. Den udf\u00f8rte <strong>kemisk-bakteriologisk analyse bestemte vandets topkvalitet<\/strong> (<strong><a href=\"https:\/\/an-carstvoprirode.com\/wp-content\/uploads\/2022\/05\/01.pdf\" target=\"_blank\" rel=\"noreferrer noopener\">se PDF<\/a><\/strong>), som vi bruger til vores juice og eliksirer. Den st\u00f8rste del af plantagen, <strong>60.000 fr\u00f8planter, er besat af sibirisk aronia<\/strong> &#8211;<strong> Nero<\/strong>, som er hovedingrediensen (basen) i alle vores produkter, og som i kombination med vores honning (150 bistader) g\u00f8r en ideel AN CARSTVO PRIRODE!<\/p>\n<!-- \/wp:paragraph --><!-- wp:button -->\n<div class=\"wp-block-button\"><a class=\"wp-block-button__link\" href=\"https:\/\/an-carstvoprirode.com\/da\/about-carstvo-prirode\/\" target=\"_blank\" rel=\"noreferrer noopener\">Mere info<br \/><\/a><\/div>\n<!-- \/wp:button --><!-- wp:paragraph -->\n<p>\u00a0<\/p>\n<!-- \/wp:paragraph -->\t\t\t\t\t\t<\/div>\n\t\t\t\t<\/div>\n\t\t\t\t\t<\/div>\n\t\t<\/div>\n\t\t\t\t\t<\/div>\n\t\t<\/section>\n\t\t\t\t<\/div>","protected":false},"excerpt":{"rendered":"<p>WHO ARE WE? . AN Carstvo Prirode was founded in 2009. on a family farm in Eastern Bosnia, with an area of \u200b\u200b500,000 m2, of which 300,000 m2 of arable land, divided by types of plantations into several plantations. The property is enriched with SEVEN SOURCES drinking water (see video) and a river that flows [&hellip;]<\/p>","protected":false},"author":1,"featured_media":2579,"parent":42,"menu_order":0,"comment_status":"closed","ping_status":"closed","template":"","meta":{"footnotes":""},"class_list":["post-48","page","type-page","status-publish","has-post-thumbnail","hentry"],"_links":{"self":[{"href":"https:\/\/an-carstvoprirode.com\/da\/wp-json\/wp\/v2\/pages\/48","targetHints":{"allow":["GET"]}}],"collection":[{"href":"https:\/\/an-carstvoprirode.com\/da\/wp-json\/wp\/v2\/pages"}],"about":[{"href":"https:\/\/an-carstvoprirode.com\/da\/wp-json\/wp\/v2\/types\/page"}],"author":[{"embeddable":true,"href":"https:\/\/an-carstvoprirode.com\/da\/wp-json\/wp\/v2\/users\/1"}],"replies":[{"embeddable":true,"href":"https:\/\/an-carstvoprirode.com\/da\/wp-json\/wp\/v2\/comments?post=48"}],"version-history":[{"count":17,"href":"https:\/\/an-carstvoprirode.com\/da\/wp-json\/wp\/v2\/pages\/48\/revisions"}],"predecessor-version":[{"id":4336,"href":"https:\/\/an-carstvoprirode.com\/da\/wp-json\/wp\/v2\/pages\/48\/revisions\/4336"}],"up":[{"embeddable":true,"href":"https:\/\/an-carstvoprirode.com\/da\/wp-json\/wp\/v2\/pages\/42"}],"wp:featuredmedia":[{"embeddable":true,"href":"https:\/\/an-carstvoprirode.com\/da\/wp-json\/wp\/v2\/media\/2579"}],"wp:attachment":[{"href":"https:\/\/an-carstvoprirode.com\/da\/wp-json\/wp\/v2\/media?parent=48"}],"curies":[{"name":"wp","href":"https:\/\/api.w.org\/{rel}","templated":true}]}}