{"id":2996,"date":"2022-05-11T22:07:59","date_gmt":"2022-05-11T20:07:59","guid":{"rendered":"https:\/\/an-carstvoprirode.com\/?page_id=2996"},"modified":"2022-05-28T17:30:39","modified_gmt":"2022-05-28T15:30:39","slug":"technical-technological-elements","status":"publish","type":"page","link":"https:\/\/an-carstvoprirode.com\/da\/description-of-business-idea\/technical-technological-elements\/","title":{"rendered":"Teknisk-teknologiske elementer"},"content":{"rendered":"<p>I arbejdskollektivet ville der i det f\u00f8rste forretnings\u00e5r v\u00e6re ansat 20 (tyve) medarbejdere:<\/p>\n\n\n\n<ul class=\"wp-block-list\"><li><em>Praktiserende l\u00e6ge 4 bobestyrere<\/em><\/li><li><em>Sygeplejerske 4 bobestyrere<\/em><\/li><li><em>Omsorgsgiver<\/em> 2 bobestyrere<\/li><li><em>Komfur 2 eksekutorer<\/em><\/li><li><em>Tjener 4 bobestyrere<\/em><\/li><li><em>Driver 2 eksekut\u00f8rer<\/em><\/li><li><em>Tjenestepige 4 bobestyrere<\/em><\/li><li><em>Animator 2 eksekut\u00f8rer<\/em><\/li><li><em>Ern\u00e6ringsekspert 1 eksekutor<\/em><\/li><li><em>Hj\u00e6lpekok 2 <em>bobestyrere<\/em><\/em><\/li><li><em>Forvalter 1 <em>bobestyrer<\/em><\/em><\/li><li><em>Receptionist 2 <em>bobestyrere<\/em><\/em><\/li><li><em>Arbejdstagere p\u00e5 vedligeholdelse af hj\u00e6lpefaciliteter 3 <em>bobestyrere<\/em><\/em><\/li><li><em>Administration af to <em>bobestyrere<\/em><\/em><\/li><\/ul>\n\n\n\n<p>I de f\u00f8lgende \u00e5r blev den forretningsm\u00e6ssige kapacitet udvidet, hvilket prim\u00e6rt skulle indeb\u00e6re rekruttering af yderligere medarbejdere med passende faglig viden og n\u00f8dvendige kompetencer til arbejdet. Desuden vil der blive foretaget indk\u00f8b af yderligere udstyr og driftsmidler. I overensstemmelse med den planlagte tidsdynamik ville virksomheden starte en virksomhed med den f\u00f8rste placering af sine tjenester, s\u00e5ledes at den f\u00f8rste \u00f8konomiske tilstr\u00f8mning ville v\u00e6re realistisk i den f\u00f8rste driftsm\u00e5ned.<\/p>\n\n\n\n<p>Det foruds\u00e6ttes, at erhvervsaktiviteten udf\u00f8res i en opf\u00f8rt to-etagers kontorbygning med et samlet areal p\u00e5 3.200 m2 (800\u00d74), med en stor parkeringsplads. De n\u00e6vnte erhvervslokaler vil v\u00e6re udstyret med alt materielt og teknisk udstyr og udstyr, der opfylder de standard foreskrevne tekniske og teknologiske betingelser, der er n\u00f8dvendige for en effektiv udf\u00f8relse af erhvervsaktiviteten.<\/p>\n\n\n\n<p>I den f\u00f8rste investeringsfase vil genopbygningen og tilpasningen af virksomhedsfaciliteten og k\u00f8bet af grundl\u00e6ggende og nuv\u00e6rende midler, der er n\u00f8dvendige for at starte centrets arbejde, blive udf\u00f8rt som f\u00f8lger:<\/p>","protected":false},"excerpt":{"rendered":"<p>In the labor collective, in the first business year, 20 (twenty) employees would be employed: General practitioner 4 executors Nurse 4 executors Caregiver 2 executors Cooker 2 executors Waiter 4 executors Driver 2 executors Maid 4 executors Animator 2 executors Nutritionist 1 executor Auxiliary chef 2 executors Custodian 1 executor Receptionist 2 executors Workers on [&hellip;]<\/p>","protected":false},"author":1,"featured_media":3334,"parent":2966,"menu_order":0,"comment_status":"closed","ping_status":"closed","template":"","meta":{"footnotes":""},"class_list":["post-2996","page","type-page","status-publish","has-post-thumbnail","hentry"],"_links":{"self":[{"href":"https:\/\/an-carstvoprirode.com\/da\/wp-json\/wp\/v2\/pages\/2996","targetHints":{"allow":["GET"]}}],"collection":[{"href":"https:\/\/an-carstvoprirode.com\/da\/wp-json\/wp\/v2\/pages"}],"about":[{"href":"https:\/\/an-carstvoprirode.com\/da\/wp-json\/wp\/v2\/types\/page"}],"author":[{"embeddable":true,"href":"https:\/\/an-carstvoprirode.com\/da\/wp-json\/wp\/v2\/users\/1"}],"replies":[{"embeddable":true,"href":"https:\/\/an-carstvoprirode.com\/da\/wp-json\/wp\/v2\/comments?post=2996"}],"version-history":[{"count":5,"href":"https:\/\/an-carstvoprirode.com\/da\/wp-json\/wp\/v2\/pages\/2996\/revisions"}],"predecessor-version":[{"id":3339,"href":"https:\/\/an-carstvoprirode.com\/da\/wp-json\/wp\/v2\/pages\/2996\/revisions\/3339"}],"up":[{"embeddable":true,"href":"https:\/\/an-carstvoprirode.com\/da\/wp-json\/wp\/v2\/pages\/2966"}],"wp:featuredmedia":[{"embeddable":true,"href":"https:\/\/an-carstvoprirode.com\/da\/wp-json\/wp\/v2\/media\/3334"}],"wp:attachment":[{"href":"https:\/\/an-carstvoprirode.com\/da\/wp-json\/wp\/v2\/media?parent=2996"}],"curies":[{"name":"wp","href":"https:\/\/api.w.org\/{rel}","templated":true}]}}