{"id":2726,"date":"2022-05-09T11:29:39","date_gmt":"2022-05-09T09:29:39","guid":{"rendered":"https:\/\/an-carstvoprirode.com\/?page_id=2726"},"modified":"2022-05-28T17:54:23","modified_gmt":"2022-05-28T15:54:23","slug":"our-products","status":"publish","type":"page","link":"https:\/\/an-carstvoprirode.com\/da\/our-products\/","title":{"rendered":"VORES PRODUKTER"},"content":{"rendered":"<div data-elementor-type=\"wp-page\" data-elementor-id=\"2726\" class=\"elementor elementor-2726\">\n\t\t\t\t\t\t<section class=\"elementor-section elementor-top-section elementor-element elementor-element-d19c718 elementor-section-boxed elementor-section-height-default elementor-section-height-default\" data-id=\"d19c718\" data-element_type=\"section\">\n\t\t\t\t\t\t<div class=\"elementor-container elementor-column-gap-default\">\n\t\t\t\t\t<div class=\"elementor-column elementor-col-100 elementor-top-column elementor-element elementor-element-230121e\" data-id=\"230121e\" data-element_type=\"column\">\n\t\t\t<div class=\"elementor-widget-wrap elementor-element-populated\">\n\t\t\t\t\t\t<div class=\"elementor-element elementor-element-c90e678 elementor-widget elementor-widget-text-editor\" data-id=\"c90e678\" data-element_type=\"widget\" data-widget_type=\"text-editor.default\">\n\t\t\t\t<div class=\"elementor-widget-container\">\n\t\t\t<style>\/*! elementor - v3.21.0 - 08-05-2024 *\/\n.elementor-widget-text-editor.elementor-drop-cap-view-stacked .elementor-drop-cap{background-color:#69727d;color:#fff}.elementor-widget-text-editor.elementor-drop-cap-view-framed .elementor-drop-cap{color:#69727d;border:3px solid;background-color:transparent}.elementor-widget-text-editor:not(.elementor-drop-cap-view-default) .elementor-drop-cap{margin-top:8px}.elementor-widget-text-editor:not(.elementor-drop-cap-view-default) .elementor-drop-cap-letter{width:1em;height:1em}.elementor-widget-text-editor .elementor-drop-cap{float:left;text-align:center;line-height:1;font-size:50px}.elementor-widget-text-editor .elementor-drop-cap-letter{display:inline-block}<\/style>\t\t\t\t<p>Ren <strong>uforurenet luft<\/strong>, rent og <strong>sundt kildevand<\/strong>, en enorm m\u00e6ngde<strong> \u00f8kologisk<\/strong> frugt og gr\u00f8nt fra egne plantager, produktion iflg <strong>flere hundrede \u00e5r gamle opskrifter<\/strong>, er grundlaget og fremragende foruds\u00e6tning for at opn\u00e5 <strong>l\u00e6gemidler af utrolig kvalitet og virkning<\/strong>.<\/p><p>In the products of \u201cAN Carstvo prirode\u201d, in addition to <strong>egen<\/strong> <strong>aronia og honning<\/strong>, som det vigtigste produkt af vores produkter, er der ogs\u00e5 <strong>adaptogenic plants that are the most powerful plants for stimulating the body\u2019s natural defenses<\/strong>.<\/p><p><span class=\"VIiyi\" lang=\"en\"><span class=\"JLqJ4b ChMk0b\" data-language-for-alternatives=\"en\" data-language-to-translate-into=\"hr\" data-phrase-index=\"0\" data-number-of-phrases=\"1\"><span class=\"Q4iAWc\">You can see some photos of our products <strong><a href=\"https:\/\/an-carstvoprirode.com\/da\/welcome-to-carstvo-prirode\/improving-your-health\/\" target=\"_blank\" rel=\"noopener\">her<\/a><\/strong>, and a short video <span style=\"text-decoration: underline;\"><strong><a href=\"https:\/\/an-carstvoprirode.com\/da\/our-products-short-video\/\" target=\"_blank\" rel=\"noopener\">her<\/a><\/strong><\/span>.<\/span><\/span><\/span><\/p><p>Eight such plants are from the area of Siberia, the Altai Mountains, Iran and India.<\/p>\t\t\t\t\t\t<\/div>\n\t\t\t\t<\/div>\n\t\t\t\t\t<\/div>\n\t\t<\/div>\n\t\t\t\t\t<\/div>\n\t\t<\/section>\n\t\t\t\t<section class=\"elementor-section elementor-top-section elementor-element elementor-element-e35e3e8 elementor-section-boxed elementor-section-height-default elementor-section-height-default\" data-id=\"e35e3e8\" data-element_type=\"section\">\n\t\t\t\t\t\t<div class=\"elementor-container elementor-column-gap-default\">\n\t\t\t\t\t<div class=\"elementor-column elementor-col-100 elementor-top-column elementor-element elementor-element-8fcfcad\" data-id=\"8fcfcad\" data-element_type=\"column\">\n\t\t\t<div class=\"elementor-widget-wrap elementor-element-populated\">\n\t\t\t\t\t\t<div class=\"elementor-element elementor-element-6f523ca elementor-position-top elementor-widget elementor-widget-image-box\" data-id=\"6f523ca\" data-element_type=\"widget\" data-widget_type=\"image-box.default\">\n\t\t\t\t<div class=\"elementor-widget-container\">\n\t\t\t<style>\/*! elementor - v3.21.0 - 08-05-2024 *\/\n.elementor-widget-image-box .elementor-image-box-content{width:100%}@media (min-width:768px){.elementor-widget-image-box.elementor-position-left .elementor-image-box-wrapper,.elementor-widget-image-box.elementor-position-right .elementor-image-box-wrapper{display:flex}.elementor-widget-image-box.elementor-position-right .elementor-image-box-wrapper{text-align:end;flex-direction:row-reverse}.elementor-widget-image-box.elementor-position-left .elementor-image-box-wrapper{text-align:start;flex-direction:row}.elementor-widget-image-box.elementor-position-top .elementor-image-box-img{margin:auto}.elementor-widget-image-box.elementor-vertical-align-top .elementor-image-box-wrapper{align-items:flex-start}.elementor-widget-image-box.elementor-vertical-align-middle .elementor-image-box-wrapper{align-items:center}.elementor-widget-image-box.elementor-vertical-align-bottom .elementor-image-box-wrapper{align-items:flex-end}}@media (max-width:767px){.elementor-widget-image-box .elementor-image-box-img{margin-left:auto!important;margin-right:auto!important;margin-bottom:15px}}.elementor-widget-image-box .elementor-image-box-img{display:inline-block}.elementor-widget-image-box .elementor-image-box-title a{color:inherit}.elementor-widget-image-box .elementor-image-box-wrapper{text-align:center}.elementor-widget-image-box .elementor-image-box-description{margin:0}<\/style><div class=\"elementor-image-box-wrapper\"><figure class=\"elementor-image-box-img\"><img fetchpriority=\"high\" decoding=\"async\" width=\"1024\" height=\"768\" src=\"https:\/\/an-carstvoprirode.com\/wp-content\/uploads\/2022\/05\/01.Caga-Sibir.jpg\" class=\"attachment-full size-full wp-image-2620\" alt=\"\" srcset=\"https:\/\/an-carstvoprirode.com\/wp-content\/uploads\/2022\/05\/01.Caga-Sibir.jpg 1024w, https:\/\/an-carstvoprirode.com\/wp-content\/uploads\/2022\/05\/01.Caga-Sibir-300x225.jpg 300w, https:\/\/an-carstvoprirode.com\/wp-content\/uploads\/2022\/05\/01.Caga-Sibir-768x576.jpg 768w, https:\/\/an-carstvoprirode.com\/wp-content\/uploads\/2022\/05\/01.Caga-Sibir-892x669.jpg 892w\" sizes=\"(max-width: 1024px) 100vw, 1024px\" \/><\/figure><div class=\"elementor-image-box-content\"><h4 class=\"elementor-image-box-title\">1.\tChaga mushroom( Inonotus obliquus)<\/h4><p class=\"elementor-image-box-description\">is a type of fungus that grows mainly on the bark of birch trees in cold climates, such as Northern Europe, Siberia. High in antioxidants, chaga mushrooms have been found to help fight inflammation. Many studies show the potential for chaga mushrooms to slow the growth of cancer cells. For those with insulin resistance, polycystic ovarian syndrome or Type 2 diabetes, using chaga mushroom may help reduce blood sugar levels and improve insulin resistance. With its high amounts of antioxidants, chaga mushrooms may also help lower cholesterol, which can reduce your risk of heart disease.<\/p><\/div><\/div>\t\t<\/div>\n\t\t\t\t<\/div>\n\t\t\t\t\t<\/div>\n\t\t<\/div>\n\t\t\t\t\t<\/div>\n\t\t<\/section>\n\t\t\t\t<section class=\"elementor-section elementor-top-section elementor-element elementor-element-962f4ba elementor-section-boxed elementor-section-height-default elementor-section-height-default\" data-id=\"962f4ba\" data-element_type=\"section\">\n\t\t\t\t\t\t<div class=\"elementor-container elementor-column-gap-default\">\n\t\t\t\t\t<div class=\"elementor-column elementor-col-100 elementor-top-column elementor-element elementor-element-b81f8d1\" data-id=\"b81f8d1\" data-element_type=\"column\">\n\t\t\t<div class=\"elementor-widget-wrap elementor-element-populated\">\n\t\t\t\t\t\t<div class=\"elementor-element elementor-element-bab8437 elementor-position-top elementor-widget elementor-widget-image-box\" data-id=\"bab8437\" data-element_type=\"widget\" data-widget_type=\"image-box.default\">\n\t\t\t\t<div class=\"elementor-widget-container\">\n\t\t\t<div class=\"elementor-image-box-wrapper\"><figure class=\"elementor-image-box-img\"><img decoding=\"async\" width=\"1024\" height=\"768\" src=\"https:\/\/an-carstvoprirode.com\/wp-content\/uploads\/2022\/05\/02.Shiitake-gljiva-Japan.jpg\" class=\"attachment-full size-full wp-image-2624\" alt=\"\" srcset=\"https:\/\/an-carstvoprirode.com\/wp-content\/uploads\/2022\/05\/02.Shiitake-gljiva-Japan.jpg 1024w, https:\/\/an-carstvoprirode.com\/wp-content\/uploads\/2022\/05\/02.Shiitake-gljiva-Japan-300x225.jpg 300w, https:\/\/an-carstvoprirode.com\/wp-content\/uploads\/2022\/05\/02.Shiitake-gljiva-Japan-768x576.jpg 768w, https:\/\/an-carstvoprirode.com\/wp-content\/uploads\/2022\/05\/02.Shiitake-gljiva-Japan-892x669.jpg 892w\" sizes=\"(max-width: 1024px) 100vw, 1024px\" \/><\/figure><div class=\"elementor-image-box-content\"><h4 class=\"elementor-image-box-title\">2.\tShiitake mushroom (Lentinus edodes)<\/h4><p class=\"elementor-image-box-description\">is a type of edible fungus. It's native to Japan and China, and contains a chemical called lentinan.Shiitake mushrooms are the second most commonly eaten mushrooms in the world. Lentinan and other chemicals in shiitake mushrooms might stimulate the immune system.People use shiitake mushroom for improvement of imunity, HIV\/AIDS, common cold, flu, and many other conditions.<\/p><\/div><\/div>\t\t<\/div>\n\t\t\t\t<\/div>\n\t\t\t\t\t<\/div>\n\t\t<\/div>\n\t\t\t\t\t<\/div>\n\t\t<\/section>\n\t\t\t\t<section class=\"elementor-section elementor-top-section elementor-element elementor-element-6e3af32 elementor-section-boxed elementor-section-height-default elementor-section-height-default\" data-id=\"6e3af32\" data-element_type=\"section\">\n\t\t\t\t\t\t<div class=\"elementor-container elementor-column-gap-default\">\n\t\t\t\t\t<div class=\"elementor-column elementor-col-100 elementor-top-column elementor-element elementor-element-a5c1f9f\" data-id=\"a5c1f9f\" data-element_type=\"column\">\n\t\t\t<div class=\"elementor-widget-wrap elementor-element-populated\">\n\t\t\t\t\t\t<div class=\"elementor-element elementor-element-057d819 elementor-position-top elementor-widget elementor-widget-image-box\" data-id=\"057d819\" data-element_type=\"widget\" data-widget_type=\"image-box.default\">\n\t\t\t\t<div class=\"elementor-widget-container\">\n\t\t\t<div class=\"elementor-image-box-wrapper\"><figure class=\"elementor-image-box-img\"><img decoding=\"async\" width=\"1024\" height=\"768\" src=\"https:\/\/an-carstvoprirode.com\/wp-content\/uploads\/2022\/05\/03.Zlatni-korijen-iz-Sibira.jpg\" class=\"attachment-full size-full wp-image-2623\" alt=\"\" srcset=\"https:\/\/an-carstvoprirode.com\/wp-content\/uploads\/2022\/05\/03.Zlatni-korijen-iz-Sibira.jpg 1024w, https:\/\/an-carstvoprirode.com\/wp-content\/uploads\/2022\/05\/03.Zlatni-korijen-iz-Sibira-300x225.jpg 300w, https:\/\/an-carstvoprirode.com\/wp-content\/uploads\/2022\/05\/03.Zlatni-korijen-iz-Sibira-768x576.jpg 768w, https:\/\/an-carstvoprirode.com\/wp-content\/uploads\/2022\/05\/03.Zlatni-korijen-iz-Sibira-892x669.jpg 892w\" sizes=\"(max-width: 1024px) 100vw, 1024px\" \/><\/figure><div class=\"elementor-image-box-content\"><h4 class=\"elementor-image-box-title\">3.\tThe Golden Root (Rhodiola rosea)<\/h4><p class=\"elementor-image-box-description\">is a mood-enhancing flowering plant that has been used in traditional medicine for many years. Russians, Scandinavians, and other cold, mountainous places have used this herb for generations to cope with cold weather extremes.According to scientific evidence, Golden Root is an adaptogen that aids in reducing stress in people. It contains several active components that have the potential to impact neurotransmitter levels and activities, as well as the hormones that regulate a person\u2019s feelings and emotions.Anxiety, sadness, exhaustion, anemia, and headaches are among the ailments that some people believe the plant might help.<\/p><\/div><\/div>\t\t<\/div>\n\t\t\t\t<\/div>\n\t\t\t\t\t<\/div>\n\t\t<\/div>\n\t\t\t\t\t<\/div>\n\t\t<\/section>\n\t\t\t\t<section class=\"elementor-section elementor-top-section elementor-element elementor-element-b50f970 elementor-section-boxed elementor-section-height-default elementor-section-height-default\" data-id=\"b50f970\" data-element_type=\"section\">\n\t\t\t\t\t\t<div class=\"elementor-container elementor-column-gap-default\">\n\t\t\t\t\t<div class=\"elementor-column elementor-col-100 elementor-top-column elementor-element elementor-element-8aece1c\" data-id=\"8aece1c\" data-element_type=\"column\">\n\t\t\t<div class=\"elementor-widget-wrap elementor-element-populated\">\n\t\t\t\t\t\t<div class=\"elementor-element elementor-element-6990f3f elementor-position-top elementor-widget elementor-widget-image-box\" data-id=\"6990f3f\" data-element_type=\"widget\" data-widget_type=\"image-box.default\">\n\t\t\t\t<div class=\"elementor-widget-container\">\n\t\t\t<div class=\"elementor-image-box-wrapper\"><figure class=\"elementor-image-box-img\"><img loading=\"lazy\" decoding=\"async\" width=\"1024\" height=\"768\" src=\"https:\/\/an-carstvoprirode.com\/wp-content\/uploads\/2022\/05\/04.Cordyceps-gljiva-iz-Tibeta.jpg\" class=\"attachment-full size-full wp-image-2621\" alt=\"\" srcset=\"https:\/\/an-carstvoprirode.com\/wp-content\/uploads\/2022\/05\/04.Cordyceps-gljiva-iz-Tibeta.jpg 1024w, https:\/\/an-carstvoprirode.com\/wp-content\/uploads\/2022\/05\/04.Cordyceps-gljiva-iz-Tibeta-300x225.jpg 300w, https:\/\/an-carstvoprirode.com\/wp-content\/uploads\/2022\/05\/04.Cordyceps-gljiva-iz-Tibeta-768x576.jpg 768w, https:\/\/an-carstvoprirode.com\/wp-content\/uploads\/2022\/05\/04.Cordyceps-gljiva-iz-Tibeta-892x669.jpg 892w\" sizes=\"(max-width: 1024px) 100vw, 1024px\" \/><\/figure><div class=\"elementor-image-box-content\"><h4 class=\"elementor-image-box-title\">4.\tCordyceps (Cordyceps militaris) <\/h4><p class=\"elementor-image-box-description\">is used in alternative medicine, as a natural energy booster. Proponents also claim that cordyceps can protect against health problems like asthma, depression, diabetes, fatigue, high cholesterol, and upper respiratory tract infections. Cordyceps is also purported to boost athletic performance.<\/p><\/div><\/div>\t\t<\/div>\n\t\t\t\t<\/div>\n\t\t\t\t\t<\/div>\n\t\t<\/div>\n\t\t\t\t\t<\/div>\n\t\t<\/section>\n\t\t\t\t<section class=\"elementor-section elementor-top-section elementor-element elementor-element-5a50fc8 elementor-section-boxed elementor-section-height-default elementor-section-height-default\" data-id=\"5a50fc8\" data-element_type=\"section\">\n\t\t\t\t\t\t<div class=\"elementor-container elementor-column-gap-default\">\n\t\t\t\t\t<div class=\"elementor-column elementor-col-100 elementor-top-column elementor-element elementor-element-48d71f1\" data-id=\"48d71f1\" data-element_type=\"column\">\n\t\t\t<div class=\"elementor-widget-wrap elementor-element-populated\">\n\t\t\t\t\t\t<div class=\"elementor-element elementor-element-2b7be15 elementor-position-top elementor-widget elementor-widget-image-box\" data-id=\"2b7be15\" data-element_type=\"widget\" data-widget_type=\"image-box.default\">\n\t\t\t\t<div class=\"elementor-widget-container\">\n\t\t\t<div class=\"elementor-image-box-wrapper\"><figure class=\"elementor-image-box-img\"><img loading=\"lazy\" decoding=\"async\" width=\"1024\" height=\"768\" src=\"https:\/\/an-carstvoprirode.com\/wp-content\/uploads\/2022\/05\/05.Mumio-iz-Sibira-Altajska-suza.jpg\" class=\"attachment-full size-full wp-image-2625\" alt=\"\" srcset=\"https:\/\/an-carstvoprirode.com\/wp-content\/uploads\/2022\/05\/05.Mumio-iz-Sibira-Altajska-suza.jpg 1024w, https:\/\/an-carstvoprirode.com\/wp-content\/uploads\/2022\/05\/05.Mumio-iz-Sibira-Altajska-suza-300x225.jpg 300w, https:\/\/an-carstvoprirode.com\/wp-content\/uploads\/2022\/05\/05.Mumio-iz-Sibira-Altajska-suza-768x576.jpg 768w, https:\/\/an-carstvoprirode.com\/wp-content\/uploads\/2022\/05\/05.Mumio-iz-Sibira-Altajska-suza-892x669.jpg 892w\" sizes=\"(max-width: 1024px) 100vw, 1024px\" \/><\/figure><div class=\"elementor-image-box-content\"><h4 class=\"elementor-image-box-title\">5.\tMoomiyo (Shilajit) <\/h4><p class=\"elementor-image-box-description\">is the best adaptogenic materia that nature offers. These adaptogenic properties help the body recover faster from both mental (emotional) and physical stresses and fatigue.<\/p><\/div><\/div>\t\t<\/div>\n\t\t\t\t<\/div>\n\t\t\t\t\t<\/div>\n\t\t<\/div>\n\t\t\t\t\t<\/div>\n\t\t<\/section>\n\t\t\t\t<section class=\"elementor-section elementor-top-section elementor-element elementor-element-d48a6b0 elementor-section-boxed elementor-section-height-default elementor-section-height-default\" data-id=\"d48a6b0\" data-element_type=\"section\">\n\t\t\t\t\t\t<div class=\"elementor-container elementor-column-gap-default\">\n\t\t\t\t\t<div class=\"elementor-column elementor-col-100 elementor-top-column elementor-element elementor-element-f525da0\" data-id=\"f525da0\" data-element_type=\"column\">\n\t\t\t<div class=\"elementor-widget-wrap elementor-element-populated\">\n\t\t\t\t\t\t<div class=\"elementor-element elementor-element-9f2bb0b elementor-position-top elementor-widget elementor-widget-image-box\" data-id=\"9f2bb0b\" data-element_type=\"widget\" data-widget_type=\"image-box.default\">\n\t\t\t\t<div class=\"elementor-widget-container\">\n\t\t\t<div class=\"elementor-image-box-wrapper\"><figure class=\"elementor-image-box-img\"><img loading=\"lazy\" decoding=\"async\" width=\"1024\" height=\"768\" src=\"https:\/\/an-carstvoprirode.com\/wp-content\/uploads\/2022\/05\/06.Reishi_gljiva-kina_1.jpg\" class=\"attachment-full size-full wp-image-2622\" alt=\"\" srcset=\"https:\/\/an-carstvoprirode.com\/wp-content\/uploads\/2022\/05\/06.Reishi_gljiva-kina_1.jpg 1024w, https:\/\/an-carstvoprirode.com\/wp-content\/uploads\/2022\/05\/06.Reishi_gljiva-kina_1-300x225.jpg 300w, https:\/\/an-carstvoprirode.com\/wp-content\/uploads\/2022\/05\/06.Reishi_gljiva-kina_1-768x576.jpg 768w, https:\/\/an-carstvoprirode.com\/wp-content\/uploads\/2022\/05\/06.Reishi_gljiva-kina_1-892x669.jpg 892w\" sizes=\"(max-width: 1024px) 100vw, 1024px\" \/><\/figure><div class=\"elementor-image-box-content\"><h4 class=\"elementor-image-box-title\">6.\tReishi mushroom (Ganoderma lucidum) <\/h4><p class=\"elementor-image-box-description\">is a bitter-tasting fungus  that has some mayor health effects on the immune system.Reishi mushroom is used for Alzheimer disease, cancer, diabetes, cold sores, and many other conditions. More recently, they have also been used in the treatment of pulmonary diseases and cancer. Medicinal mushrooms have been approved adjuncts to standard cancer treatments in Japan and China for more than 30 years and have an extensive clinical history of safe use as single agents or combined with chemotherapy.<\/p><\/div><\/div>\t\t<\/div>\n\t\t\t\t<\/div>\n\t\t\t\t\t<\/div>\n\t\t<\/div>\n\t\t\t\t\t<\/div>\n\t\t<\/section>\n\t\t\t\t<section class=\"elementor-section elementor-top-section elementor-element elementor-element-b042f85 elementor-section-boxed elementor-section-height-default elementor-section-height-default\" data-id=\"b042f85\" data-element_type=\"section\">\n\t\t\t\t\t\t<div class=\"elementor-container elementor-column-gap-default\">\n\t\t\t\t\t<div class=\"elementor-column elementor-col-100 elementor-top-column elementor-element elementor-element-ef337fe\" data-id=\"ef337fe\" data-element_type=\"column\">\n\t\t\t<div class=\"elementor-widget-wrap elementor-element-populated\">\n\t\t\t\t\t\t<div class=\"elementor-element elementor-element-f293722 elementor-position-top elementor-widget elementor-widget-image-box\" data-id=\"f293722\" data-element_type=\"widget\" data-widget_type=\"image-box.default\">\n\t\t\t\t<div class=\"elementor-widget-container\">\n\t\t\t<div class=\"elementor-image-box-wrapper\"><figure class=\"elementor-image-box-img\"><img loading=\"lazy\" decoding=\"async\" width=\"1024\" height=\"768\" src=\"https:\/\/an-carstvoprirode.com\/wp-content\/uploads\/2022\/05\/07.Schisandra-plant.jpg\" class=\"attachment-full size-full wp-image-2626\" alt=\"\" srcset=\"https:\/\/an-carstvoprirode.com\/wp-content\/uploads\/2022\/05\/07.Schisandra-plant.jpg 1024w, https:\/\/an-carstvoprirode.com\/wp-content\/uploads\/2022\/05\/07.Schisandra-plant-300x225.jpg 300w, https:\/\/an-carstvoprirode.com\/wp-content\/uploads\/2022\/05\/07.Schisandra-plant-768x576.jpg 768w, https:\/\/an-carstvoprirode.com\/wp-content\/uploads\/2022\/05\/07.Schisandra-plant-892x669.jpg 892w\" sizes=\"(max-width: 1024px) 100vw, 1024px\" \/><\/figure><div class=\"elementor-image-box-content\"><h4 class=\"elementor-image-box-title\">7.\tSchisandra plant (Schisandra chinensis) <\/h4><p class=\"elementor-image-box-description\">is a climbing vine. It produces the red berries that have been one of many important traditional Chinese medicines for centuries. Schisandra supports adrenal gland health, fights stress and disease development, can protect from liver damage, provides a calming effect, promoting sleep, may reduce blood pressure and cholesterol, may help reduce tumor growth.<\/p><\/div><\/div>\t\t<\/div>\n\t\t\t\t<\/div>\n\t\t\t\t\t<\/div>\n\t\t<\/div>\n\t\t\t\t\t<\/div>\n\t\t<\/section>\n\t\t\t\t<section class=\"elementor-section elementor-top-section elementor-element elementor-element-0fb0dd1 elementor-section-boxed elementor-section-height-default elementor-section-height-default\" data-id=\"0fb0dd1\" data-element_type=\"section\">\n\t\t\t\t\t\t<div class=\"elementor-container elementor-column-gap-default\">\n\t\t\t\t\t<div class=\"elementor-column elementor-col-100 elementor-top-column elementor-element elementor-element-4c63764\" data-id=\"4c63764\" data-element_type=\"column\">\n\t\t\t<div class=\"elementor-widget-wrap elementor-element-populated\">\n\t\t\t\t\t\t<div class=\"elementor-element elementor-element-582ff75 elementor-position-top elementor-widget elementor-widget-image-box\" data-id=\"582ff75\" data-element_type=\"widget\" data-widget_type=\"image-box.default\">\n\t\t\t\t<div class=\"elementor-widget-container\">\n\t\t\t<div class=\"elementor-image-box-wrapper\"><figure class=\"elementor-image-box-img\"><img loading=\"lazy\" decoding=\"async\" width=\"1024\" height=\"768\" src=\"https:\/\/an-carstvoprirode.com\/wp-content\/uploads\/2022\/05\/8.Ashwagandha.jpg\" class=\"attachment-full size-full wp-image-2627\" alt=\"\" srcset=\"https:\/\/an-carstvoprirode.com\/wp-content\/uploads\/2022\/05\/8.Ashwagandha.jpg 1024w, https:\/\/an-carstvoprirode.com\/wp-content\/uploads\/2022\/05\/8.Ashwagandha-300x225.jpg 300w, https:\/\/an-carstvoprirode.com\/wp-content\/uploads\/2022\/05\/8.Ashwagandha-768x576.jpg 768w, https:\/\/an-carstvoprirode.com\/wp-content\/uploads\/2022\/05\/8.Ashwagandha-892x669.jpg 892w\" sizes=\"(max-width: 1024px) 100vw, 1024px\" \/><\/figure><div class=\"elementor-image-box-content\"><h4 class=\"elementor-image-box-title\">8.\tAshwagandha (Withania somnifera)<\/h4><p class=\"elementor-image-box-description\">It has been used for more than 2,500 years. It\u2019s actually the most commonly used and extensively researched adaptogen herb. Ashwagandha is valued for its thyroid-modulating, neuroprotective, anti-anxiety, antidepressant and anti-inflammatory properties, which are just some of its many benefits.<\/p><\/div><\/div>\t\t<\/div>\n\t\t\t\t<\/div>\n\t\t\t\t\t<\/div>\n\t\t<\/div>\n\t\t\t\t\t<\/div>\n\t\t<\/section>\n\t\t\t\t<\/div>","protected":false},"excerpt":{"rendered":"<p>Clean unpolluted air, clean and healthy spring water, a huge amount of organic fruits and vegetables from our own plantations, production according to recipes hundreds of years old, are the basis and excellent prerequisite for obtaining medicinal products of incredible quality and effect. In the products of \u201cAN Carstvo prirode\u201d, in addition to own chokeberry [&hellip;]<\/p>","protected":false},"author":1,"featured_media":3344,"parent":0,"menu_order":0,"comment_status":"closed","ping_status":"closed","template":"","meta":{"footnotes":""},"class_list":["post-2726","page","type-page","status-publish","has-post-thumbnail","hentry"],"_links":{"self":[{"href":"https:\/\/an-carstvoprirode.com\/da\/wp-json\/wp\/v2\/pages\/2726","targetHints":{"allow":["GET"]}}],"collection":[{"href":"https:\/\/an-carstvoprirode.com\/da\/wp-json\/wp\/v2\/pages"}],"about":[{"href":"https:\/\/an-carstvoprirode.com\/da\/wp-json\/wp\/v2\/types\/page"}],"author":[{"embeddable":true,"href":"https:\/\/an-carstvoprirode.com\/da\/wp-json\/wp\/v2\/users\/1"}],"replies":[{"embeddable":true,"href":"https:\/\/an-carstvoprirode.com\/da\/wp-json\/wp\/v2\/comments?post=2726"}],"version-history":[{"count":58,"href":"https:\/\/an-carstvoprirode.com\/da\/wp-json\/wp\/v2\/pages\/2726\/revisions"}],"predecessor-version":[{"id":3345,"href":"https:\/\/an-carstvoprirode.com\/da\/wp-json\/wp\/v2\/pages\/2726\/revisions\/3345"}],"wp:featuredmedia":[{"embeddable":true,"href":"https:\/\/an-carstvoprirode.com\/da\/wp-json\/wp\/v2\/media\/3344"}],"wp:attachment":[{"href":"https:\/\/an-carstvoprirode.com\/da\/wp-json\/wp\/v2\/media?parent=2726"}],"curies":[{"name":"wp","href":"https:\/\/api.w.org\/{rel}","templated":true}]}}