{"id":2634,"date":"2022-05-08T21:34:56","date_gmt":"2022-05-08T19:34:56","guid":{"rendered":"https:\/\/an-carstvoprirode.com\/welcome-to-palmeria-hotel\/your-personal-paradise\/"},"modified":"2025-01-19T16:19:37","modified_gmt":"2025-01-19T15:19:37","slug":"your-personal-paradise","status":"publish","type":"page","link":"https:\/\/an-carstvoprirode.com\/da\/welcome-to-carstvo-prirode\/your-personal-paradise\/","title":{"rendered":"Paradis p\u00e5 jorden"},"content":{"rendered":"<div data-elementor-type=\"wp-page\" data-elementor-id=\"2634\" class=\"elementor elementor-2634\">\n\t\t\t\t\t\t<section class=\"elementor-section elementor-top-section elementor-element elementor-element-2aa612ef elementor-section-boxed elementor-section-height-default elementor-section-height-default\" data-id=\"2aa612ef\" data-element_type=\"section\">\n\t\t\t\t\t\t<div class=\"elementor-container elementor-column-gap-default\">\n\t\t\t\t\t<div class=\"elementor-column elementor-col-100 elementor-top-column elementor-element elementor-element-4f3ed4a3\" data-id=\"4f3ed4a3\" data-element_type=\"column\">\n\t\t\t<div class=\"elementor-widget-wrap elementor-element-populated\">\n\t\t\t\t\t\t<div class=\"elementor-element elementor-element-5e7b5a01 elementor-widget elementor-widget-text-editor\" data-id=\"5e7b5a01\" data-element_type=\"widget\" data-widget_type=\"text-editor.default\">\n\t\t\t\t<div class=\"elementor-widget-container\">\n\t\t\t<style>\/*! elementor - v3.21.0 - 08-05-2024 *\/\n.elementor-widget-text-editor.elementor-drop-cap-view-stacked .elementor-drop-cap{background-color:#69727d;color:#fff}.elementor-widget-text-editor.elementor-drop-cap-view-framed .elementor-drop-cap{color:#69727d;border:3px solid;background-color:transparent}.elementor-widget-text-editor:not(.elementor-drop-cap-view-default) .elementor-drop-cap{margin-top:8px}.elementor-widget-text-editor:not(.elementor-drop-cap-view-default) .elementor-drop-cap-letter{width:1em;height:1em}.elementor-widget-text-editor .elementor-drop-cap{float:left;text-align:center;line-height:1;font-size:50px}.elementor-widget-text-editor .elementor-drop-cap-letter{display:inline-block}<\/style>\t\t\t\t<!-- wp:paragraph -->\n<p>Vores ejendom, hvor vores pr\u00e6parater produceres, er et lille stykke paradis p\u00e5 Jorden.<\/p>\n<!-- \/wp:paragraph --><!-- wp:paragraph -->\n<p>Floden Lim, syv kilder til vand, Middelhavet og kontinentale prydplanter og tr\u00e6er, titusindvis af frugttr\u00e6er, gr\u00f8ntsager, gr\u00f8nne omr\u00e5der ... alt dette skaber ideelle betingelser for fremstilling af pr\u00e6parater, der er meget effektive til behandling af de mest alvorlige sygdomme.<\/p>\n<!-- \/wp:paragraph --><!-- wp:paragraph -->\n<p>Se nogle af scenerne i vores videogalleri nedenfor.<\/p>\n<!-- \/wp:paragraph --><!-- wp:paragraph --><!-- \/wp:paragraph --><!-- wp:gallery {\"columns\":2,\"linkTo\":\"none\"} -->\n<figure class=\"wp-block-gallery has-nested-images columns-2 is-cropped\"><!-- wp:image {\"id\":2653,\"sizeSlug\":\"large\",\"linkDestination\":\"media\"} --><!-- \/wp:image --><!-- wp:image {\"id\":2654,\"sizeSlug\":\"large\",\"linkDestination\":\"media\"} -->\n<figure class=\"wp-block-image size-large\"><\/figure>\n<!-- \/wp:image --><!-- wp:image {\"id\":2655,\"sizeSlug\":\"large\",\"linkDestination\":\"media\"} --><!-- \/wp:image --><!-- wp:image {\"id\":2656,\"sizeSlug\":\"large\",\"linkDestination\":\"media\"} --><!-- \/wp:image --><!-- wp:image {\"id\":2657,\"sizeSlug\":\"large\",\"linkDestination\":\"media\"} --><!-- \/wp:image --><!-- wp:image {\"id\":2657,\"sizeSlug\":\"large\",\"linkDestination\":\"none\"} -->\n<figure class=\"wp-block-image size-large\"><\/figure>\n<\/figure>\n<figure class=\"wp-block-gallery has-nested-images columns-default is-cropped\"><!-- \/wp:image --><!-- wp:image {\"id\":2661,\"sizeSlug\":\"large\",\"linkDestination\":\"media\"} --><!-- \/wp:image --><\/figure>\n<!-- \/wp:gallery -->\t\t\t\t\t\t<\/div>\n\t\t\t\t<\/div>\n\t\t\t\t\t<\/div>\n\t\t<\/div>\n\t\t\t\t\t<\/div>\n\t\t<\/section>\n\t\t\t\t<section class=\"elementor-section elementor-top-section elementor-element elementor-element-a2e6f1c elementor-section-boxed elementor-section-height-default elementor-section-height-default\" data-id=\"a2e6f1c\" data-element_type=\"section\">\n\t\t\t\t\t\t<div class=\"elementor-container elementor-column-gap-default\">\n\t\t\t\t\t<div class=\"elementor-column elementor-col-50 elementor-top-column elementor-element elementor-element-bcca97c\" data-id=\"bcca97c\" data-element_type=\"column\">\n\t\t\t<div class=\"elementor-widget-wrap elementor-element-populated\">\n\t\t\t\t\t\t<div class=\"elementor-element elementor-element-ea42323 elementor-widget elementor-widget-image\" data-id=\"ea42323\" data-element_type=\"widget\" data-widget_type=\"image.default\">\n\t\t\t\t<div class=\"elementor-widget-container\">\n\t\t\t<style>\/*! elementor - v3.21.0 - 08-05-2024 *\/\n.elementor-widget-image{text-align:center}.elementor-widget-image a{display:inline-block}.elementor-widget-image a img[src$=\".svg\"]{width:48px}.elementor-widget-image img{vertical-align:middle;display:inline-block}<\/style>\t\t\t\t\t\t\t\t\t\t<img fetchpriority=\"high\" decoding=\"async\" width=\"672\" height=\"426\" src=\"https:\/\/an-carstvoprirode.com\/wp-content\/uploads\/2025\/01\/004-1024x649.jpg\" class=\"attachment-large size-large wp-image-4394\" alt=\"\" srcset=\"https:\/\/an-carstvoprirode.com\/wp-content\/uploads\/2025\/01\/004-1024x649.jpg 1024w, https:\/\/an-carstvoprirode.com\/wp-content\/uploads\/2025\/01\/004-300x190.jpg 300w, https:\/\/an-carstvoprirode.com\/wp-content\/uploads\/2025\/01\/004-768x487.jpg 768w, https:\/\/an-carstvoprirode.com\/wp-content\/uploads\/2025\/01\/004-18x12.jpg 18w, https:\/\/an-carstvoprirode.com\/wp-content\/uploads\/2025\/01\/004-892x566.jpg 892w, https:\/\/an-carstvoprirode.com\/wp-content\/uploads\/2025\/01\/004.jpg 1536w\" sizes=\"(max-width: 672px) 100vw, 672px\" \/>\t\t\t\t\t\t\t\t\t\t\t\t\t<\/div>\n\t\t\t\t<\/div>\n\t\t\t\t\t<\/div>\n\t\t<\/div>\n\t\t\t\t<div class=\"elementor-column elementor-col-50 elementor-top-column elementor-element elementor-element-476c8fa\" data-id=\"476c8fa\" data-element_type=\"column\">\n\t\t\t<div class=\"elementor-widget-wrap elementor-element-populated\">\n\t\t\t\t\t\t<div class=\"elementor-element elementor-element-af19bd5 elementor-widget elementor-widget-image\" data-id=\"af19bd5\" data-element_type=\"widget\" data-widget_type=\"image.default\">\n\t\t\t\t<div class=\"elementor-widget-container\">\n\t\t\t\t\t\t\t\t\t\t\t\t\t<img decoding=\"async\" width=\"672\" height=\"426\" src=\"https:\/\/an-carstvoprirode.com\/wp-content\/uploads\/2025\/01\/003-1024x649.jpg\" class=\"attachment-large size-large wp-image-4393\" alt=\"\" srcset=\"https:\/\/an-carstvoprirode.com\/wp-content\/uploads\/2025\/01\/003-1024x649.jpg 1024w, https:\/\/an-carstvoprirode.com\/wp-content\/uploads\/2025\/01\/003-300x190.jpg 300w, https:\/\/an-carstvoprirode.com\/wp-content\/uploads\/2025\/01\/003-768x487.jpg 768w, https:\/\/an-carstvoprirode.com\/wp-content\/uploads\/2025\/01\/003-18x12.jpg 18w, https:\/\/an-carstvoprirode.com\/wp-content\/uploads\/2025\/01\/003-892x566.jpg 892w, https:\/\/an-carstvoprirode.com\/wp-content\/uploads\/2025\/01\/003.jpg 1536w\" sizes=\"(max-width: 672px) 100vw, 672px\" \/>\t\t\t\t\t\t\t\t\t\t\t\t\t<\/div>\n\t\t\t\t<\/div>\n\t\t\t\t\t<\/div>\n\t\t<\/div>\n\t\t\t\t\t<\/div>\n\t\t<\/section>\n\t\t\t\t<section class=\"elementor-section elementor-top-section elementor-element elementor-element-f4c95ce elementor-section-boxed elementor-section-height-default elementor-section-height-default\" data-id=\"f4c95ce\" data-element_type=\"section\">\n\t\t\t\t\t\t<div class=\"elementor-container elementor-column-gap-default\">\n\t\t\t\t\t<div class=\"elementor-column elementor-col-50 elementor-top-column elementor-element elementor-element-a8a4fa8\" data-id=\"a8a4fa8\" data-element_type=\"column\">\n\t\t\t<div class=\"elementor-widget-wrap elementor-element-populated\">\n\t\t\t\t\t\t<div class=\"elementor-element elementor-element-284e6b2 elementor-widget elementor-widget-image\" data-id=\"284e6b2\" data-element_type=\"widget\" data-widget_type=\"image.default\">\n\t\t\t\t<div class=\"elementor-widget-container\">\n\t\t\t\t\t\t\t\t\t\t\t\t\t<img decoding=\"async\" width=\"672\" height=\"426\" src=\"https:\/\/an-carstvoprirode.com\/wp-content\/uploads\/2025\/01\/002-1024x649.jpg\" class=\"attachment-large size-large wp-image-4392\" alt=\"\" srcset=\"https:\/\/an-carstvoprirode.com\/wp-content\/uploads\/2025\/01\/002-1024x649.jpg 1024w, https:\/\/an-carstvoprirode.com\/wp-content\/uploads\/2025\/01\/002-300x190.jpg 300w, https:\/\/an-carstvoprirode.com\/wp-content\/uploads\/2025\/01\/002-768x487.jpg 768w, https:\/\/an-carstvoprirode.com\/wp-content\/uploads\/2025\/01\/002-18x12.jpg 18w, https:\/\/an-carstvoprirode.com\/wp-content\/uploads\/2025\/01\/002-892x566.jpg 892w, https:\/\/an-carstvoprirode.com\/wp-content\/uploads\/2025\/01\/002.jpg 1536w\" sizes=\"(max-width: 672px) 100vw, 672px\" \/>\t\t\t\t\t\t\t\t\t\t\t\t\t<\/div>\n\t\t\t\t<\/div>\n\t\t\t\t\t<\/div>\n\t\t<\/div>\n\t\t\t\t<div class=\"elementor-column elementor-col-50 elementor-top-column elementor-element elementor-element-4a8a48c\" data-id=\"4a8a48c\" data-element_type=\"column\">\n\t\t\t<div class=\"elementor-widget-wrap elementor-element-populated\">\n\t\t\t\t\t\t<div class=\"elementor-element elementor-element-57cc51b elementor-widget elementor-widget-image\" data-id=\"57cc51b\" data-element_type=\"widget\" data-widget_type=\"image.default\">\n\t\t\t\t<div class=\"elementor-widget-container\">\n\t\t\t\t\t\t\t\t\t\t\t\t\t<img loading=\"lazy\" decoding=\"async\" width=\"672\" height=\"426\" src=\"https:\/\/an-carstvoprirode.com\/wp-content\/uploads\/2025\/01\/001-1024x649.jpg\" class=\"attachment-large size-large wp-image-4391\" alt=\"\" srcset=\"https:\/\/an-carstvoprirode.com\/wp-content\/uploads\/2025\/01\/001-1024x649.jpg 1024w, https:\/\/an-carstvoprirode.com\/wp-content\/uploads\/2025\/01\/001-300x190.jpg 300w, https:\/\/an-carstvoprirode.com\/wp-content\/uploads\/2025\/01\/001-768x487.jpg 768w, https:\/\/an-carstvoprirode.com\/wp-content\/uploads\/2025\/01\/001-18x12.jpg 18w, https:\/\/an-carstvoprirode.com\/wp-content\/uploads\/2025\/01\/001-892x566.jpg 892w, https:\/\/an-carstvoprirode.com\/wp-content\/uploads\/2025\/01\/001.jpg 1536w\" sizes=\"(max-width: 672px) 100vw, 672px\" \/>\t\t\t\t\t\t\t\t\t\t\t\t\t<\/div>\n\t\t\t\t<\/div>\n\t\t\t\t\t<\/div>\n\t\t<\/div>\n\t\t\t\t\t<\/div>\n\t\t<\/section>\n\t\t\t\t<\/div>","protected":false},"excerpt":{"rendered":"<p>Our property, where our preparations are produced, is a small piece of paradise on Earth. The river Lim, seven sources of water, Mediterranean and continental ornamental plants and trees, tens of thousands of fruit trees, vegetables, green areas&#8230;all this creates ideal conditions for the production of preparations that are very effective in the treatment of [&hellip;]<\/p>","protected":false},"author":1,"featured_media":0,"parent":42,"menu_order":3,"comment_status":"closed","ping_status":"closed","template":"elementor_header_footer","meta":{"footnotes":""},"class_list":["post-2634","page","type-page","status-publish","hentry"],"_links":{"self":[{"href":"https:\/\/an-carstvoprirode.com\/da\/wp-json\/wp\/v2\/pages\/2634","targetHints":{"allow":["GET"]}}],"collection":[{"href":"https:\/\/an-carstvoprirode.com\/da\/wp-json\/wp\/v2\/pages"}],"about":[{"href":"https:\/\/an-carstvoprirode.com\/da\/wp-json\/wp\/v2\/types\/page"}],"author":[{"embeddable":true,"href":"https:\/\/an-carstvoprirode.com\/da\/wp-json\/wp\/v2\/users\/1"}],"replies":[{"embeddable":true,"href":"https:\/\/an-carstvoprirode.com\/da\/wp-json\/wp\/v2\/comments?post=2634"}],"version-history":[{"count":13,"href":"https:\/\/an-carstvoprirode.com\/da\/wp-json\/wp\/v2\/pages\/2634\/revisions"}],"predecessor-version":[{"id":4400,"href":"https:\/\/an-carstvoprirode.com\/da\/wp-json\/wp\/v2\/pages\/2634\/revisions\/4400"}],"up":[{"embeddable":true,"href":"https:\/\/an-carstvoprirode.com\/da\/wp-json\/wp\/v2\/pages\/42"}],"wp:attachment":[{"href":"https:\/\/an-carstvoprirode.com\/da\/wp-json\/wp\/v2\/media?parent=2634"}],"curies":[{"name":"wp","href":"https:\/\/api.w.org\/{rel}","templated":true}]}}