{"id":3134,"date":"2022-05-18T15:47:14","date_gmt":"2022-05-18T13:47:14","guid":{"rendered":"https:\/\/an-carstvoprirode.com\/?page_id=3134"},"modified":"2022-05-18T15:54:30","modified_gmt":"2022-05-18T13:54:30","slug":"location","status":"publish","type":"page","link":"https:\/\/an-carstvoprirode.com\/bs\/resort-100-villas\/location\/","title":{"rendered":"Lokacija"},"content":{"rendered":"<p>Odmarali\u0161te bi se gradilo u isto\u010dnoj BiH, Republici Srpskoj, u blizini granice sa Srbijom:<\/p>\n\n\n\n<figure class=\"wp-block-image size-full\"><a href=\"https:\/\/an-carstvoprirode.com\/wp-content\/uploads\/2022\/05\/00099.jpg\"><img fetchpriority=\"high\" decoding=\"async\" width=\"977\" height=\"558\" src=\"https:\/\/an-carstvoprirode.com\/wp-content\/uploads\/2022\/05\/00099.jpg\" alt=\"\" class=\"wp-image-3135\" srcset=\"https:\/\/an-carstvoprirode.com\/wp-content\/uploads\/2022\/05\/00099.jpg 977w, https:\/\/an-carstvoprirode.com\/wp-content\/uploads\/2022\/05\/00099-300x171.jpg 300w, https:\/\/an-carstvoprirode.com\/wp-content\/uploads\/2022\/05\/00099-768x439.jpg 768w, https:\/\/an-carstvoprirode.com\/wp-content\/uploads\/2022\/05\/00099-18x10.jpg 18w, https:\/\/an-carstvoprirode.com\/wp-content\/uploads\/2022\/05\/00099-892x509.jpg 892w\" sizes=\"(max-width: 977px) 100vw, 977px\" \/><\/a><\/figure>\n\n\n\n<p>Imanje se nalazi na obali rijeke Lim, a zemlji\u0161te je kombinacija ravnice i pitomog brda, sve prekriveno zasadima vo\u0107a, cvije\u0107a i pro\u0161arano parkovima i malim potocima.<\/p>\n\n\n\n<figure class=\"wp-block-image size-large\"><a href=\"https:\/\/an-carstvoprirode.com\/wp-content\/uploads\/2022\/05\/000991.jpg\"><img decoding=\"async\" width=\"1024\" height=\"585\" src=\"https:\/\/an-carstvoprirode.com\/wp-content\/uploads\/2022\/05\/000991-1024x585.jpg\" alt=\"\" class=\"wp-image-3137\" srcset=\"https:\/\/an-carstvoprirode.com\/wp-content\/uploads\/2022\/05\/000991-1024x585.jpg 1024w, https:\/\/an-carstvoprirode.com\/wp-content\/uploads\/2022\/05\/000991-300x171.jpg 300w, https:\/\/an-carstvoprirode.com\/wp-content\/uploads\/2022\/05\/000991-768x438.jpg 768w, https:\/\/an-carstvoprirode.com\/wp-content\/uploads\/2022\/05\/000991-18x10.jpg 18w, https:\/\/an-carstvoprirode.com\/wp-content\/uploads\/2022\/05\/000991-892x509.jpg 892w, https:\/\/an-carstvoprirode.com\/wp-content\/uploads\/2022\/05\/000991.jpg 1044w\" sizes=\"(max-width: 1024px) 100vw, 1024px\" \/><\/a><\/figure>\n\n\n\n<p>Na lokaciji sa gornje slike gradilo bi se naselje kao na slici ispod:<\/p>\n\n\n\n<figure class=\"wp-block-image size-large\"><img decoding=\"async\" width=\"1024\" height=\"585\" src=\"https:\/\/an-carstvoprirode.com\/wp-content\/uploads\/2022\/05\/IMG-79e8868281a557c6c9221863c9e4daa1-V-1024x585.jpg\" alt=\"\" class=\"wp-image-3129\" srcset=\"https:\/\/an-carstvoprirode.com\/wp-content\/uploads\/2022\/05\/IMG-79e8868281a557c6c9221863c9e4daa1-V-1024x585.jpg 1024w, https:\/\/an-carstvoprirode.com\/wp-content\/uploads\/2022\/05\/IMG-79e8868281a557c6c9221863c9e4daa1-V-300x171.jpg 300w, https:\/\/an-carstvoprirode.com\/wp-content\/uploads\/2022\/05\/IMG-79e8868281a557c6c9221863c9e4daa1-V-768x439.jpg 768w, https:\/\/an-carstvoprirode.com\/wp-content\/uploads\/2022\/05\/IMG-79e8868281a557c6c9221863c9e4daa1-V-18x10.jpg 18w, https:\/\/an-carstvoprirode.com\/wp-content\/uploads\/2022\/05\/IMG-79e8868281a557c6c9221863c9e4daa1-V-892x509.jpg 892w, https:\/\/an-carstvoprirode.com\/wp-content\/uploads\/2022\/05\/IMG-79e8868281a557c6c9221863c9e4daa1-V.jpg 1180w\" sizes=\"(max-width: 1024px) 100vw, 1024px\" \/><\/figure>","protected":false},"excerpt":{"rendered":"<p>The resort would be built in eastern BiH, Republika Srpska, near the border with Serbia: The property is located on the banks of the river Lim, and the land is a combination of plain and gentle hill, all covered with fruit plantations, flowers and dotted with parks and small streams On the location from the [&hellip;]<\/p>","protected":false},"author":1,"featured_media":3135,"parent":3126,"menu_order":0,"comment_status":"closed","ping_status":"closed","template":"","meta":{"footnotes":""},"class_list":["post-3134","page","type-page","status-publish","has-post-thumbnail","hentry"],"_links":{"self":[{"href":"https:\/\/an-carstvoprirode.com\/bs\/wp-json\/wp\/v2\/pages\/3134","targetHints":{"allow":["GET"]}}],"collection":[{"href":"https:\/\/an-carstvoprirode.com\/bs\/wp-json\/wp\/v2\/pages"}],"about":[{"href":"https:\/\/an-carstvoprirode.com\/bs\/wp-json\/wp\/v2\/types\/page"}],"author":[{"embeddable":true,"href":"https:\/\/an-carstvoprirode.com\/bs\/wp-json\/wp\/v2\/users\/1"}],"replies":[{"embeddable":true,"href":"https:\/\/an-carstvoprirode.com\/bs\/wp-json\/wp\/v2\/comments?post=3134"}],"version-history":[{"count":3,"href":"https:\/\/an-carstvoprirode.com\/bs\/wp-json\/wp\/v2\/pages\/3134\/revisions"}],"predecessor-version":[{"id":3139,"href":"https:\/\/an-carstvoprirode.com\/bs\/wp-json\/wp\/v2\/pages\/3134\/revisions\/3139"}],"up":[{"embeddable":true,"href":"https:\/\/an-carstvoprirode.com\/bs\/wp-json\/wp\/v2\/pages\/3126"}],"wp:featuredmedia":[{"embeddable":true,"href":"https:\/\/an-carstvoprirode.com\/bs\/wp-json\/wp\/v2\/media\/3135"}],"wp:attachment":[{"href":"https:\/\/an-carstvoprirode.com\/bs\/wp-json\/wp\/v2\/media?parent=3134"}],"curies":[{"name":"wp","href":"https:\/\/api.w.org\/{rel}","templated":true}]}}