{"id":3046,"date":"2022-05-12T00:07:17","date_gmt":"2022-05-11T22:07:17","guid":{"rendered":"https:\/\/an-carstvoprirode.com\/?page_id=3046"},"modified":"2022-05-17T21:21:27","modified_gmt":"2022-05-17T19:21:27","slug":"swot-analyze","status":"publish","type":"page","link":"https:\/\/an-carstvoprirode.com\/bs\/description-of-business-idea\/swot-analyze\/","title":{"rendered":"SWOT Analize"},"content":{"rendered":"<p>Temeljem istra\u017eivanja tr\u017ei\u0161ta promotivnih usluga i trenutnog stanja u ovom podru\u010dju utvr\u0111uju se klju\u010dne zna\u010dajke sektora za pru\u017eanje usluga iz opisa djelatnosti i njegov daljnji razvoj u budu\u0107nosti. U skladu s ovim istra\u017eivanjem koncipirana je SWOT analiza:<\/p>\n\n\n\n<figure class=\"wp-block-image size-full\"><img fetchpriority=\"high\" decoding=\"async\" width=\"403\" height=\"393\" src=\"https:\/\/an-carstvoprirode.com\/wp-content\/uploads\/2022\/05\/slika.png\" alt=\"\" class=\"wp-image-3047\" srcset=\"https:\/\/an-carstvoprirode.com\/wp-content\/uploads\/2022\/05\/slika.png 403w, https:\/\/an-carstvoprirode.com\/wp-content\/uploads\/2022\/05\/slika-300x293.png 300w\" sizes=\"(max-width: 403px) 100vw, 403px\" \/><\/figure>\n\n\n\n<p><strong>Strenghts (jake strane)<\/strong><\/p>\n\n\n\n<ul class=\"wp-block-list\"><li><em>mladi i poduzetni zaooslenici<\/em><\/li><li><em>\u0161irok spektar znanja i poduzetni\u010dkih sposobnosti<\/em><\/li><li><em>ekolo\u0161ka o\u010duvanost<\/em><\/li><li><em>dostupnost, kvalitet i tradicija kori\u0161tenja prirodnih ljekovitih faktora<\/em><\/li><li><em>kvalitetno medicinsko osoblje<\/em><\/li><\/ul>\n\n\n\n<p><strong>Weaknesses (Slabosti)<\/strong><\/p>\n\n\n\n<ul class=\"wp-block-list\"><li><em>nedostatak kapitala<\/em><\/li><\/ul>\n\n\n\n<p><strong>Opportunities (Prilike)<em><\/em><\/strong><\/p>\n\n\n\n<ul class=\"wp-block-list\"><li><em>slaba, odnosno nepostoje\u0107a doma\u0107a konkurencija<\/em><\/li><li><em>stvaranje populacije<\/em><\/li><li><em>svijest o potrebi o\u010duvanja zdravlja<\/em><\/li><\/ul>\n\n\n\n<p><strong>Threats (Prijetnje)<\/strong><\/p>\n\n\n\n<ul class=\"wp-block-list\"><li><em>nelikvidnost kupaca<\/em><\/li><li><em>sna\u017eni konkurenti na inostranom tr\u017ei\u0161tu<\/em><\/li><li><em>sve ve\u0107i zahtjevi\/o\u010dekivanja (inostranih)potro\u0161a\u010da<\/em><\/li><\/ul>","protected":false},"excerpt":{"rendered":"<p>Based on the research of the market for promotional services and the current situation in this area, the key features of the sector for providing services from the description of the activity and its further development in the future are determined. In line with this research, SWOT analysis was conceived: Strenghts young and enterprising employees [&hellip;]<\/p>","protected":false},"author":1,"featured_media":2978,"parent":2966,"menu_order":0,"comment_status":"closed","ping_status":"closed","template":"","meta":{"footnotes":""},"class_list":["post-3046","page","type-page","status-publish","has-post-thumbnail","hentry"],"_links":{"self":[{"href":"https:\/\/an-carstvoprirode.com\/bs\/wp-json\/wp\/v2\/pages\/3046","targetHints":{"allow":["GET"]}}],"collection":[{"href":"https:\/\/an-carstvoprirode.com\/bs\/wp-json\/wp\/v2\/pages"}],"about":[{"href":"https:\/\/an-carstvoprirode.com\/bs\/wp-json\/wp\/v2\/types\/page"}],"author":[{"embeddable":true,"href":"https:\/\/an-carstvoprirode.com\/bs\/wp-json\/wp\/v2\/users\/1"}],"replies":[{"embeddable":true,"href":"https:\/\/an-carstvoprirode.com\/bs\/wp-json\/wp\/v2\/comments?post=3046"}],"version-history":[{"count":3,"href":"https:\/\/an-carstvoprirode.com\/bs\/wp-json\/wp\/v2\/pages\/3046\/revisions"}],"predecessor-version":[{"id":3118,"href":"https:\/\/an-carstvoprirode.com\/bs\/wp-json\/wp\/v2\/pages\/3046\/revisions\/3118"}],"up":[{"embeddable":true,"href":"https:\/\/an-carstvoprirode.com\/bs\/wp-json\/wp\/v2\/pages\/2966"}],"wp:featuredmedia":[{"embeddable":true,"href":"https:\/\/an-carstvoprirode.com\/bs\/wp-json\/wp\/v2\/media\/2978"}],"wp:attachment":[{"href":"https:\/\/an-carstvoprirode.com\/bs\/wp-json\/wp\/v2\/media?parent=3046"}],"curies":[{"name":"wp","href":"https:\/\/api.w.org\/{rel}","templated":true}]}}