{"id":3007,"date":"2022-05-11T22:26:03","date_gmt":"2022-05-11T20:26:03","guid":{"rendered":"https:\/\/an-carstvoprirode.com\/?page_id=3007"},"modified":"2022-05-28T17:37:34","modified_gmt":"2022-05-28T15:37:34","slug":"procurement-of-transport-equipment-and-inventories","status":"publish","type":"page","link":"https:\/\/an-carstvoprirode.com\/bs\/description-of-business-idea\/procurement-of-transport-equipment-and-inventories\/","title":{"rendered":"Nabavka transportne opreme i inventara:"},"content":{"rendered":"<ul class=\"wp-block-list\"><li>Dostavna vozila za prijevoz sirovina i drugog materijala kao i vozila za prijevoz gostiju.<\/li><li>Kategorija inventara predstavlja specifi\u010dna sredstva poslovanja koja su karakteristi\u010dna za hotel. Namje\u0161taj uklju\u010duje namje\u0161taj u sobama hotela namijenjenim gostima \u2013 smje\u0161tajnim jedinicama.<\/li><li>Inventar se sastoji od kuhinjskog i restoranskog posu\u0111a i pribora za jelo od uobi\u010dajenih materijala, priru\u010dne kuhinjske i ugostiteljske opreme i alata, za\u0161titne i radne odje\u0107e i obu\u0107e.<\/li><li>Dio sredstava bit \u0107e potreban za podmirenje potrebnih naknada i naknada na ime izdavanja dozvola za pokretanje poslovanja.<\/li><\/ul>","protected":false},"excerpt":{"rendered":"<p>Delivery vehicles for the transport of raw materials and other materials as well as vehicles transport of guests. The inventory category represents specific means of operation that are characteristic of the hotel. The furniture includes furniture in the rooms of the hotel intended for guests &#8211; accommodation units. The inventory consists of kitchen and restaurant [&hellip;]<\/p>","protected":false},"author":1,"featured_media":3336,"parent":2966,"menu_order":0,"comment_status":"closed","ping_status":"closed","template":"","meta":{"footnotes":""},"class_list":["post-3007","page","type-page","status-publish","has-post-thumbnail","hentry"],"_links":{"self":[{"href":"https:\/\/an-carstvoprirode.com\/bs\/wp-json\/wp\/v2\/pages\/3007","targetHints":{"allow":["GET"]}}],"collection":[{"href":"https:\/\/an-carstvoprirode.com\/bs\/wp-json\/wp\/v2\/pages"}],"about":[{"href":"https:\/\/an-carstvoprirode.com\/bs\/wp-json\/wp\/v2\/types\/page"}],"author":[{"embeddable":true,"href":"https:\/\/an-carstvoprirode.com\/bs\/wp-json\/wp\/v2\/users\/1"}],"replies":[{"embeddable":true,"href":"https:\/\/an-carstvoprirode.com\/bs\/wp-json\/wp\/v2\/comments?post=3007"}],"version-history":[{"count":1,"href":"https:\/\/an-carstvoprirode.com\/bs\/wp-json\/wp\/v2\/pages\/3007\/revisions"}],"predecessor-version":[{"id":3008,"href":"https:\/\/an-carstvoprirode.com\/bs\/wp-json\/wp\/v2\/pages\/3007\/revisions\/3008"}],"up":[{"embeddable":true,"href":"https:\/\/an-carstvoprirode.com\/bs\/wp-json\/wp\/v2\/pages\/2966"}],"wp:featuredmedia":[{"embeddable":true,"href":"https:\/\/an-carstvoprirode.com\/bs\/wp-json\/wp\/v2\/media\/3336"}],"wp:attachment":[{"href":"https:\/\/an-carstvoprirode.com\/bs\/wp-json\/wp\/v2\/media?parent=3007"}],"curies":[{"name":"wp","href":"https:\/\/api.w.org\/{rel}","templated":true}]}}