{"id":2726,"date":"2022-05-09T11:29:39","date_gmt":"2022-05-09T09:29:39","guid":{"rendered":"https:\/\/an-carstvoprirode.com\/?page_id=2726"},"modified":"2022-05-28T17:54:23","modified_gmt":"2022-05-28T15:54:23","slug":"our-products","status":"publish","type":"page","link":"https:\/\/an-carstvoprirode.com\/bs\/our-products\/","title":{"rendered":"NA\u0160I PROIZVODI"},"content":{"rendered":"<div data-elementor-type=\"wp-page\" data-elementor-id=\"2726\" class=\"elementor elementor-2726\">\n\t\t\t\t\t\t<section class=\"elementor-section elementor-top-section elementor-element elementor-element-d19c718 elementor-section-boxed elementor-section-height-default elementor-section-height-default\" data-id=\"d19c718\" data-element_type=\"section\">\n\t\t\t\t\t\t<div class=\"elementor-container elementor-column-gap-default\">\n\t\t\t\t\t<div class=\"elementor-column elementor-col-100 elementor-top-column elementor-element elementor-element-230121e\" data-id=\"230121e\" data-element_type=\"column\">\n\t\t\t<div class=\"elementor-widget-wrap elementor-element-populated\">\n\t\t\t\t\t\t<div class=\"elementor-element elementor-element-c90e678 elementor-widget elementor-widget-text-editor\" data-id=\"c90e678\" data-element_type=\"widget\" data-widget_type=\"text-editor.default\">\n\t\t\t\t<div class=\"elementor-widget-container\">\n\t\t\t<style>\/*! elementor - v3.21.0 - 08-05-2024 *\/\n.elementor-widget-text-editor.elementor-drop-cap-view-stacked .elementor-drop-cap{background-color:#69727d;color:#fff}.elementor-widget-text-editor.elementor-drop-cap-view-framed .elementor-drop-cap{color:#69727d;border:3px solid;background-color:transparent}.elementor-widget-text-editor:not(.elementor-drop-cap-view-default) .elementor-drop-cap{margin-top:8px}.elementor-widget-text-editor:not(.elementor-drop-cap-view-default) .elementor-drop-cap-letter{width:1em;height:1em}.elementor-widget-text-editor .elementor-drop-cap{float:left;text-align:center;line-height:1;font-size:50px}.elementor-widget-text-editor .elementor-drop-cap-letter{display:inline-block}<\/style>\t\t\t\t<p>\u010cisti <strong>nezaga\u0111eni zrak<\/strong>,\u010disti i <strong>zdravi izvori vode<\/strong>, ogromne koli\u010dine<strong> organskog<\/strong> vo\u0107a i povr\u0107a sa vlastitih planta\u017ea, proizvodnja prema <strong>receptima starim stotinama godina<\/strong>, su osnova i odli\u010dan preduslov za dobijanje <strong>medicinskih proizvoda nevjerovatnog kvaliteta i u\u010dinka.<\/strong>.<\/p><p>U proizvodima \u201cAN Carstvo prirode\u201d, pored <strong>vlastite<\/strong> <strong>aronije i meda<\/strong>, kao glavnih sastojaka na\u0161ih proizvoda, koriste se tako\u0111er <strong>adaptogene biljke koje su najmo\u0107nije biljke za stimulaciju prirodne odbrane organizma<\/strong>.<\/p><p><span class=\"VIiyi\" lang=\"en\"><span class=\"JLqJ4b ChMk0b\" data-language-for-alternatives=\"en\" data-language-to-translate-into=\"hr\" data-phrase-index=\"0\" data-number-of-phrases=\"1\"><span class=\"Q4iAWc\">Mo\u017eete pogledati nekoliko fotografija na\u0161ih proizvoda <strong><a href=\"https:\/\/an-carstvoprirode.com\/bs\/welcome-to-carstvo-prirode\/improving-your-health\/\" target=\"_blank\" rel=\"noopener\">ovdje<\/a><\/strong>, i kratki video <span style=\"text-decoration: underline;\"><strong><a href=\"https:\/\/an-carstvoprirode.com\/bs\/our-products-short-video\/\" target=\"_blank\" rel=\"noopener\">ovdje<\/a><\/strong><\/span>.<\/span><\/span><\/span><\/p><p>Osam takvih biljaka je sa podru\u010dja Sibira, Altaja, Irana i Indije...<\/p>\t\t\t\t\t\t<\/div>\n\t\t\t\t<\/div>\n\t\t\t\t\t<\/div>\n\t\t<\/div>\n\t\t\t\t\t<\/div>\n\t\t<\/section>\n\t\t\t\t<section class=\"elementor-section elementor-top-section elementor-element elementor-element-e35e3e8 elementor-section-boxed elementor-section-height-default elementor-section-height-default\" data-id=\"e35e3e8\" data-element_type=\"section\">\n\t\t\t\t\t\t<div class=\"elementor-container elementor-column-gap-default\">\n\t\t\t\t\t<div class=\"elementor-column elementor-col-100 elementor-top-column elementor-element elementor-element-8fcfcad\" data-id=\"8fcfcad\" data-element_type=\"column\">\n\t\t\t<div class=\"elementor-widget-wrap elementor-element-populated\">\n\t\t\t\t\t\t<div class=\"elementor-element elementor-element-6f523ca elementor-position-top elementor-widget elementor-widget-image-box\" data-id=\"6f523ca\" data-element_type=\"widget\" data-widget_type=\"image-box.default\">\n\t\t\t\t<div class=\"elementor-widget-container\">\n\t\t\t<style>\/*! elementor - v3.21.0 - 08-05-2024 *\/\n.elementor-widget-image-box .elementor-image-box-content{width:100%}@media (min-width:768px){.elementor-widget-image-box.elementor-position-left .elementor-image-box-wrapper,.elementor-widget-image-box.elementor-position-right .elementor-image-box-wrapper{display:flex}.elementor-widget-image-box.elementor-position-right .elementor-image-box-wrapper{text-align:end;flex-direction:row-reverse}.elementor-widget-image-box.elementor-position-left .elementor-image-box-wrapper{text-align:start;flex-direction:row}.elementor-widget-image-box.elementor-position-top .elementor-image-box-img{margin:auto}.elementor-widget-image-box.elementor-vertical-align-top .elementor-image-box-wrapper{align-items:flex-start}.elementor-widget-image-box.elementor-vertical-align-middle .elementor-image-box-wrapper{align-items:center}.elementor-widget-image-box.elementor-vertical-align-bottom .elementor-image-box-wrapper{align-items:flex-end}}@media (max-width:767px){.elementor-widget-image-box .elementor-image-box-img{margin-left:auto!important;margin-right:auto!important;margin-bottom:15px}}.elementor-widget-image-box .elementor-image-box-img{display:inline-block}.elementor-widget-image-box .elementor-image-box-title a{color:inherit}.elementor-widget-image-box .elementor-image-box-wrapper{text-align:center}.elementor-widget-image-box .elementor-image-box-description{margin:0}<\/style><div class=\"elementor-image-box-wrapper\"><figure class=\"elementor-image-box-img\"><img fetchpriority=\"high\" decoding=\"async\" width=\"1024\" height=\"768\" src=\"https:\/\/an-carstvoprirode.com\/wp-content\/uploads\/2022\/05\/01.Caga-Sibir.jpg\" class=\"attachment-full size-full wp-image-2620\" alt=\"\" srcset=\"https:\/\/an-carstvoprirode.com\/wp-content\/uploads\/2022\/05\/01.Caga-Sibir.jpg 1024w, https:\/\/an-carstvoprirode.com\/wp-content\/uploads\/2022\/05\/01.Caga-Sibir-300x225.jpg 300w, https:\/\/an-carstvoprirode.com\/wp-content\/uploads\/2022\/05\/01.Caga-Sibir-768x576.jpg 768w, https:\/\/an-carstvoprirode.com\/wp-content\/uploads\/2022\/05\/01.Caga-Sibir-892x669.jpg 892w\" sizes=\"(max-width: 1024px) 100vw, 1024px\" \/><\/figure><div class=\"elementor-image-box-content\"><h4 class=\"elementor-image-box-title\">1.\t\u010caga pe\u010durke ( Inonotus obliquus)<\/h4><p class=\"elementor-image-box-description\">je vrsta gljive koja raste uglavnom na kori breza u hladnim klimatskim uslovima, kao \u0161to su sjeverna Evropa, Sibir. Utvr\u0111eno je da \u010caga pe\u010durke s visokim sadr\u017eajem antioksidansa poma\u017eu u borbi protiv upala. Mnoge studije pokazuju potencijal da \u010caga gljive uspore rast \u0107elija raka. Za one sa inzulinskom rezistencijom, sindromom policisti\u010dnih jajnika ili dijabetesom tipa 2, upotreba \u010caga gljive mo\u017ee pomo\u0107i u smanjenju razine \u0161e\u0107era u krvi i pobolj\u0161anju otpornosti na inzulin. Sa svojim visokim koli\u010dinama antioksidansa, \u010caga pe\u010durke tako\u0111e mogu pomo\u0107i u sni\u017eavanju holesterola, \u0161to mo\u017ee smanjiti rizik od sr\u010danih bolesti.<\/p><\/div><\/div>\t\t<\/div>\n\t\t\t\t<\/div>\n\t\t\t\t\t<\/div>\n\t\t<\/div>\n\t\t\t\t\t<\/div>\n\t\t<\/section>\n\t\t\t\t<section class=\"elementor-section elementor-top-section elementor-element elementor-element-962f4ba elementor-section-boxed elementor-section-height-default elementor-section-height-default\" data-id=\"962f4ba\" data-element_type=\"section\">\n\t\t\t\t\t\t<div class=\"elementor-container elementor-column-gap-default\">\n\t\t\t\t\t<div class=\"elementor-column elementor-col-100 elementor-top-column elementor-element elementor-element-b81f8d1\" data-id=\"b81f8d1\" data-element_type=\"column\">\n\t\t\t<div class=\"elementor-widget-wrap elementor-element-populated\">\n\t\t\t\t\t\t<div class=\"elementor-element elementor-element-bab8437 elementor-position-top elementor-widget elementor-widget-image-box\" data-id=\"bab8437\" data-element_type=\"widget\" data-widget_type=\"image-box.default\">\n\t\t\t\t<div class=\"elementor-widget-container\">\n\t\t\t<div class=\"elementor-image-box-wrapper\"><figure class=\"elementor-image-box-img\"><img decoding=\"async\" width=\"1024\" height=\"768\" src=\"https:\/\/an-carstvoprirode.com\/wp-content\/uploads\/2022\/05\/02.Shiitake-gljiva-Japan.jpg\" class=\"attachment-full size-full wp-image-2624\" alt=\"\" srcset=\"https:\/\/an-carstvoprirode.com\/wp-content\/uploads\/2022\/05\/02.Shiitake-gljiva-Japan.jpg 1024w, https:\/\/an-carstvoprirode.com\/wp-content\/uploads\/2022\/05\/02.Shiitake-gljiva-Japan-300x225.jpg 300w, https:\/\/an-carstvoprirode.com\/wp-content\/uploads\/2022\/05\/02.Shiitake-gljiva-Japan-768x576.jpg 768w, https:\/\/an-carstvoprirode.com\/wp-content\/uploads\/2022\/05\/02.Shiitake-gljiva-Japan-892x669.jpg 892w\" sizes=\"(max-width: 1024px) 100vw, 1024px\" \/><\/figure><div class=\"elementor-image-box-content\"><h4 class=\"elementor-image-box-title\">2.\t\u0160itake pe\u010durke (Lentinus edodes)<\/h4><p class=\"elementor-image-box-description\">je vrsta jestive gljive. Porijeklom je iz Japana i Kine, a sadr\u017ei hemikaliju zvanu lentinan. Shiitake pe\u010durke su druge naj\u010de\u0161\u0107e jedene gljive na svijetu. Lentinan i druge hemikalije u \u0161itake pe\u010durkama mogu stimulisati imuni sistem. Ljudi koriste \u0161itake pe\u010durku za pobolj\u0161anje imuniteta, HIV\/AIDS-a, prehlade, gripa i mnogih drugih stanja.<\/p><\/div><\/div>\t\t<\/div>\n\t\t\t\t<\/div>\n\t\t\t\t\t<\/div>\n\t\t<\/div>\n\t\t\t\t\t<\/div>\n\t\t<\/section>\n\t\t\t\t<section class=\"elementor-section elementor-top-section elementor-element elementor-element-6e3af32 elementor-section-boxed elementor-section-height-default elementor-section-height-default\" data-id=\"6e3af32\" data-element_type=\"section\">\n\t\t\t\t\t\t<div class=\"elementor-container elementor-column-gap-default\">\n\t\t\t\t\t<div class=\"elementor-column elementor-col-100 elementor-top-column elementor-element elementor-element-a5c1f9f\" data-id=\"a5c1f9f\" data-element_type=\"column\">\n\t\t\t<div class=\"elementor-widget-wrap elementor-element-populated\">\n\t\t\t\t\t\t<div class=\"elementor-element elementor-element-057d819 elementor-position-top elementor-widget elementor-widget-image-box\" data-id=\"057d819\" data-element_type=\"widget\" data-widget_type=\"image-box.default\">\n\t\t\t\t<div class=\"elementor-widget-container\">\n\t\t\t<div class=\"elementor-image-box-wrapper\"><figure class=\"elementor-image-box-img\"><img decoding=\"async\" width=\"1024\" height=\"768\" src=\"https:\/\/an-carstvoprirode.com\/wp-content\/uploads\/2022\/05\/03.Zlatni-korijen-iz-Sibira.jpg\" class=\"attachment-full size-full wp-image-2623\" alt=\"\" srcset=\"https:\/\/an-carstvoprirode.com\/wp-content\/uploads\/2022\/05\/03.Zlatni-korijen-iz-Sibira.jpg 1024w, https:\/\/an-carstvoprirode.com\/wp-content\/uploads\/2022\/05\/03.Zlatni-korijen-iz-Sibira-300x225.jpg 300w, https:\/\/an-carstvoprirode.com\/wp-content\/uploads\/2022\/05\/03.Zlatni-korijen-iz-Sibira-768x576.jpg 768w, https:\/\/an-carstvoprirode.com\/wp-content\/uploads\/2022\/05\/03.Zlatni-korijen-iz-Sibira-892x669.jpg 892w\" sizes=\"(max-width: 1024px) 100vw, 1024px\" \/><\/figure><div class=\"elementor-image-box-content\"><h4 class=\"elementor-image-box-title\">3.\tZlatni korijen (Rhodiola rosea)<\/h4><p class=\"elementor-image-box-description\">je cvjetnica za podizanje raspolo\u017eenja koja se ve\u0107 dugi niz godina koristi u tradicionalnoj medicini. Rusi, Skandinavci i druga hladna, planinska mjesta generacijama su koristili ovu biljku kako bi se izborili sa ekstremnim hladnim vremenom. Prema nau\u010dnim dokazima, zlatni korijen je adaptogen koji poma\u017ee u smanjenju stresa kod ljudi. Sadr\u017ei nekoliko aktivnih komponenti koje imaju potencijal da uti\u010du na nivoe i aktivnosti neurotransmitera, kao i na hormone koji reguli\u0161u ose\u0107anja i emocije osobe. Anksioznost, tuga, iscrpljenost, anemija i glavobolje spadaju me\u0111u bolesti za koje neki ljudi veruju da biljka mo\u017ee pomozi.<\/p><\/div><\/div>\t\t<\/div>\n\t\t\t\t<\/div>\n\t\t\t\t\t<\/div>\n\t\t<\/div>\n\t\t\t\t\t<\/div>\n\t\t<\/section>\n\t\t\t\t<section class=\"elementor-section elementor-top-section elementor-element elementor-element-b50f970 elementor-section-boxed elementor-section-height-default elementor-section-height-default\" data-id=\"b50f970\" data-element_type=\"section\">\n\t\t\t\t\t\t<div class=\"elementor-container elementor-column-gap-default\">\n\t\t\t\t\t<div class=\"elementor-column elementor-col-100 elementor-top-column elementor-element elementor-element-8aece1c\" data-id=\"8aece1c\" data-element_type=\"column\">\n\t\t\t<div class=\"elementor-widget-wrap elementor-element-populated\">\n\t\t\t\t\t\t<div class=\"elementor-element elementor-element-6990f3f elementor-position-top elementor-widget elementor-widget-image-box\" data-id=\"6990f3f\" data-element_type=\"widget\" data-widget_type=\"image-box.default\">\n\t\t\t\t<div class=\"elementor-widget-container\">\n\t\t\t<div class=\"elementor-image-box-wrapper\"><figure class=\"elementor-image-box-img\"><img loading=\"lazy\" decoding=\"async\" width=\"1024\" height=\"768\" src=\"https:\/\/an-carstvoprirode.com\/wp-content\/uploads\/2022\/05\/04.Cordyceps-gljiva-iz-Tibeta.jpg\" class=\"attachment-full size-full wp-image-2621\" alt=\"\" srcset=\"https:\/\/an-carstvoprirode.com\/wp-content\/uploads\/2022\/05\/04.Cordyceps-gljiva-iz-Tibeta.jpg 1024w, https:\/\/an-carstvoprirode.com\/wp-content\/uploads\/2022\/05\/04.Cordyceps-gljiva-iz-Tibeta-300x225.jpg 300w, https:\/\/an-carstvoprirode.com\/wp-content\/uploads\/2022\/05\/04.Cordyceps-gljiva-iz-Tibeta-768x576.jpg 768w, https:\/\/an-carstvoprirode.com\/wp-content\/uploads\/2022\/05\/04.Cordyceps-gljiva-iz-Tibeta-892x669.jpg 892w\" sizes=\"(max-width: 1024px) 100vw, 1024px\" \/><\/figure><div class=\"elementor-image-box-content\"><h4 class=\"elementor-image-box-title\">4.\tKordiceps (Cordyceps militaris) <\/h4><p class=\"elementor-image-box-description\">koristi se u alternativnoj medicini, kao prirodni poja\u010diva\u010d energije. Zagovornici tako\u0111er tvrde da kordiceps mo\u017ee za\u0161tititi od zdravstvenih problema poput astme, depresije, dijabetesa, umora, visokog holesterola i infekcija gornjih di\u0161nih puteva. Kordiceps tako\u0111er  pove\u0107ava atletske performanse.<\/p><\/div><\/div>\t\t<\/div>\n\t\t\t\t<\/div>\n\t\t\t\t\t<\/div>\n\t\t<\/div>\n\t\t\t\t\t<\/div>\n\t\t<\/section>\n\t\t\t\t<section class=\"elementor-section elementor-top-section elementor-element elementor-element-5a50fc8 elementor-section-boxed elementor-section-height-default elementor-section-height-default\" data-id=\"5a50fc8\" data-element_type=\"section\">\n\t\t\t\t\t\t<div class=\"elementor-container elementor-column-gap-default\">\n\t\t\t\t\t<div class=\"elementor-column elementor-col-100 elementor-top-column elementor-element elementor-element-48d71f1\" data-id=\"48d71f1\" data-element_type=\"column\">\n\t\t\t<div class=\"elementor-widget-wrap elementor-element-populated\">\n\t\t\t\t\t\t<div class=\"elementor-element elementor-element-2b7be15 elementor-position-top elementor-widget elementor-widget-image-box\" data-id=\"2b7be15\" data-element_type=\"widget\" data-widget_type=\"image-box.default\">\n\t\t\t\t<div class=\"elementor-widget-container\">\n\t\t\t<div class=\"elementor-image-box-wrapper\"><figure class=\"elementor-image-box-img\"><img loading=\"lazy\" decoding=\"async\" width=\"1024\" height=\"768\" src=\"https:\/\/an-carstvoprirode.com\/wp-content\/uploads\/2022\/05\/05.Mumio-iz-Sibira-Altajska-suza.jpg\" class=\"attachment-full size-full wp-image-2625\" alt=\"\" srcset=\"https:\/\/an-carstvoprirode.com\/wp-content\/uploads\/2022\/05\/05.Mumio-iz-Sibira-Altajska-suza.jpg 1024w, https:\/\/an-carstvoprirode.com\/wp-content\/uploads\/2022\/05\/05.Mumio-iz-Sibira-Altajska-suza-300x225.jpg 300w, https:\/\/an-carstvoprirode.com\/wp-content\/uploads\/2022\/05\/05.Mumio-iz-Sibira-Altajska-suza-768x576.jpg 768w, https:\/\/an-carstvoprirode.com\/wp-content\/uploads\/2022\/05\/05.Mumio-iz-Sibira-Altajska-suza-892x669.jpg 892w\" sizes=\"(max-width: 1024px) 100vw, 1024px\" \/><\/figure><div class=\"elementor-image-box-content\"><h4 class=\"elementor-image-box-title\">5.\tMumio (Altajska suza) <\/h4><p class=\"elementor-image-box-description\">je najbolja adaptogena materija koju priroda nudi. Ova adaptogena svojstva poma\u017eu tijelu da se br\u017ee oporavi od psihi\u010dkih (emocionalnih) i fizi\u010dkih stresova i umora.<\/p><\/div><\/div>\t\t<\/div>\n\t\t\t\t<\/div>\n\t\t\t\t\t<\/div>\n\t\t<\/div>\n\t\t\t\t\t<\/div>\n\t\t<\/section>\n\t\t\t\t<section class=\"elementor-section elementor-top-section elementor-element elementor-element-d48a6b0 elementor-section-boxed elementor-section-height-default elementor-section-height-default\" data-id=\"d48a6b0\" data-element_type=\"section\">\n\t\t\t\t\t\t<div class=\"elementor-container elementor-column-gap-default\">\n\t\t\t\t\t<div class=\"elementor-column elementor-col-100 elementor-top-column elementor-element elementor-element-f525da0\" data-id=\"f525da0\" data-element_type=\"column\">\n\t\t\t<div class=\"elementor-widget-wrap elementor-element-populated\">\n\t\t\t\t\t\t<div class=\"elementor-element elementor-element-9f2bb0b elementor-position-top elementor-widget elementor-widget-image-box\" data-id=\"9f2bb0b\" data-element_type=\"widget\" data-widget_type=\"image-box.default\">\n\t\t\t\t<div class=\"elementor-widget-container\">\n\t\t\t<div class=\"elementor-image-box-wrapper\"><figure class=\"elementor-image-box-img\"><img loading=\"lazy\" decoding=\"async\" width=\"1024\" height=\"768\" src=\"https:\/\/an-carstvoprirode.com\/wp-content\/uploads\/2022\/05\/06.Reishi_gljiva-kina_1.jpg\" class=\"attachment-full size-full wp-image-2622\" alt=\"\" srcset=\"https:\/\/an-carstvoprirode.com\/wp-content\/uploads\/2022\/05\/06.Reishi_gljiva-kina_1.jpg 1024w, https:\/\/an-carstvoprirode.com\/wp-content\/uploads\/2022\/05\/06.Reishi_gljiva-kina_1-300x225.jpg 300w, https:\/\/an-carstvoprirode.com\/wp-content\/uploads\/2022\/05\/06.Reishi_gljiva-kina_1-768x576.jpg 768w, https:\/\/an-carstvoprirode.com\/wp-content\/uploads\/2022\/05\/06.Reishi_gljiva-kina_1-892x669.jpg 892w\" sizes=\"(max-width: 1024px) 100vw, 1024px\" \/><\/figure><div class=\"elementor-image-box-content\"><h4 class=\"elementor-image-box-title\">6.\tRei\u0161i gljiva (Ganoderma lucidum) <\/h4><p class=\"elementor-image-box-description\">je gljiva gorkog okusa koja ima neke velike zdravstvene u\u010dinke na imunolo\u0161ki sustav. Reishi gljiva se koristi za Alzheimerovu bolest, rak, dijabetes, \u010direve i mnoga druga stanja. U novije vrijeme tako\u0111er se koriste u lije\u010denju plu\u0107nih bolesti i raka. Ljekovite gljive su odobrene kao dodatak standardnim lije\u010denjima raka u Japanu i Kini ve\u0107 vi\u0161e od 30 godina i imaju opse\u017enu klini\u010dku povijest sigurne upotrebe kao pojedina\u010dni agensi ili u kombinaciji s hemoterapijom.<\/p><\/div><\/div>\t\t<\/div>\n\t\t\t\t<\/div>\n\t\t\t\t\t<\/div>\n\t\t<\/div>\n\t\t\t\t\t<\/div>\n\t\t<\/section>\n\t\t\t\t<section class=\"elementor-section elementor-top-section elementor-element elementor-element-b042f85 elementor-section-boxed elementor-section-height-default elementor-section-height-default\" data-id=\"b042f85\" data-element_type=\"section\">\n\t\t\t\t\t\t<div class=\"elementor-container elementor-column-gap-default\">\n\t\t\t\t\t<div class=\"elementor-column elementor-col-100 elementor-top-column elementor-element elementor-element-ef337fe\" data-id=\"ef337fe\" data-element_type=\"column\">\n\t\t\t<div class=\"elementor-widget-wrap elementor-element-populated\">\n\t\t\t\t\t\t<div class=\"elementor-element elementor-element-f293722 elementor-position-top elementor-widget elementor-widget-image-box\" data-id=\"f293722\" data-element_type=\"widget\" data-widget_type=\"image-box.default\">\n\t\t\t\t<div class=\"elementor-widget-container\">\n\t\t\t<div class=\"elementor-image-box-wrapper\"><figure class=\"elementor-image-box-img\"><img loading=\"lazy\" decoding=\"async\" width=\"1024\" height=\"768\" src=\"https:\/\/an-carstvoprirode.com\/wp-content\/uploads\/2022\/05\/07.Schisandra-plant.jpg\" class=\"attachment-full size-full wp-image-2626\" alt=\"\" srcset=\"https:\/\/an-carstvoprirode.com\/wp-content\/uploads\/2022\/05\/07.Schisandra-plant.jpg 1024w, https:\/\/an-carstvoprirode.com\/wp-content\/uploads\/2022\/05\/07.Schisandra-plant-300x225.jpg 300w, https:\/\/an-carstvoprirode.com\/wp-content\/uploads\/2022\/05\/07.Schisandra-plant-768x576.jpg 768w, https:\/\/an-carstvoprirode.com\/wp-content\/uploads\/2022\/05\/07.Schisandra-plant-892x669.jpg 892w\" sizes=\"(max-width: 1024px) 100vw, 1024px\" \/><\/figure><div class=\"elementor-image-box-content\"><h4 class=\"elementor-image-box-title\">7.\t\u0160isandra biljka (Schisandra chinensis) <\/h4><p class=\"elementor-image-box-description\">je loza penja\u010dica. Proizvodi crvene bobice koje su stolje\u0107ima bile jedan od mnogih va\u017enih tradicionalnih kineskih lijekova. Schisandra podr\u017eava zdravlje nadbubre\u017ene \u017elijezde, bori se protiv stresa i razvoja bolesti, mo\u017ee za\u0161tititi od o\u0161te\u0107enja jetre, pru\u017ea umiruju\u0107e djelovanje, poti\u010de san, mo\u017ee smanjiti krvni tlak i holesterol, mo\u017ee pomo\u0107i u smanjenju rasta tumora.<\/p><\/div><\/div>\t\t<\/div>\n\t\t\t\t<\/div>\n\t\t\t\t\t<\/div>\n\t\t<\/div>\n\t\t\t\t\t<\/div>\n\t\t<\/section>\n\t\t\t\t<section class=\"elementor-section elementor-top-section elementor-element elementor-element-0fb0dd1 elementor-section-boxed elementor-section-height-default elementor-section-height-default\" data-id=\"0fb0dd1\" data-element_type=\"section\">\n\t\t\t\t\t\t<div class=\"elementor-container elementor-column-gap-default\">\n\t\t\t\t\t<div class=\"elementor-column elementor-col-100 elementor-top-column elementor-element elementor-element-4c63764\" data-id=\"4c63764\" data-element_type=\"column\">\n\t\t\t<div class=\"elementor-widget-wrap elementor-element-populated\">\n\t\t\t\t\t\t<div class=\"elementor-element elementor-element-582ff75 elementor-position-top elementor-widget elementor-widget-image-box\" data-id=\"582ff75\" data-element_type=\"widget\" data-widget_type=\"image-box.default\">\n\t\t\t\t<div class=\"elementor-widget-container\">\n\t\t\t<div class=\"elementor-image-box-wrapper\"><figure class=\"elementor-image-box-img\"><img loading=\"lazy\" decoding=\"async\" width=\"1024\" height=\"768\" src=\"https:\/\/an-carstvoprirode.com\/wp-content\/uploads\/2022\/05\/8.Ashwagandha.jpg\" class=\"attachment-full size-full wp-image-2627\" alt=\"\" srcset=\"https:\/\/an-carstvoprirode.com\/wp-content\/uploads\/2022\/05\/8.Ashwagandha.jpg 1024w, https:\/\/an-carstvoprirode.com\/wp-content\/uploads\/2022\/05\/8.Ashwagandha-300x225.jpg 300w, https:\/\/an-carstvoprirode.com\/wp-content\/uploads\/2022\/05\/8.Ashwagandha-768x576.jpg 768w, https:\/\/an-carstvoprirode.com\/wp-content\/uploads\/2022\/05\/8.Ashwagandha-892x669.jpg 892w\" sizes=\"(max-width: 1024px) 100vw, 1024px\" \/><\/figure><div class=\"elementor-image-box-content\"><h4 class=\"elementor-image-box-title\">8.\tAshwagandha (Withania somnifera)<\/h4><p class=\"elementor-image-box-description\">Koristi se vi\u0161e od 2500 godina. To je zapravo naj\u010de\u0161\u0107e kori\u0161tena i opse\u017eno istra\u017eena biljka adaptogena. Ashwagandha je cijenjena zbog svojih svojstava modulacije \u0161titnja\u010de, neuroprotektivnih, anti-anksioznih, antidepresivnih i protuupalnih svojstava, \u0161to su samo neke od njezinih brojnih prednosti.<\/p><\/div><\/div>\t\t<\/div>\n\t\t\t\t<\/div>\n\t\t\t\t\t<\/div>\n\t\t<\/div>\n\t\t\t\t\t<\/div>\n\t\t<\/section>\n\t\t\t\t<\/div>","protected":false},"excerpt":{"rendered":"<p>Clean unpolluted air, clean and healthy spring water, a huge amount of organic fruits and vegetables from our own plantations, production according to recipes hundreds of years old, are the basis and excellent prerequisite for obtaining medicinal products of incredible quality and effect. In the products of \u201cAN Carstvo prirode\u201d, in addition to own chokeberry [&hellip;]<\/p>","protected":false},"author":1,"featured_media":3344,"parent":0,"menu_order":0,"comment_status":"closed","ping_status":"closed","template":"","meta":{"footnotes":""},"class_list":["post-2726","page","type-page","status-publish","has-post-thumbnail","hentry"],"_links":{"self":[{"href":"https:\/\/an-carstvoprirode.com\/bs\/wp-json\/wp\/v2\/pages\/2726","targetHints":{"allow":["GET"]}}],"collection":[{"href":"https:\/\/an-carstvoprirode.com\/bs\/wp-json\/wp\/v2\/pages"}],"about":[{"href":"https:\/\/an-carstvoprirode.com\/bs\/wp-json\/wp\/v2\/types\/page"}],"author":[{"embeddable":true,"href":"https:\/\/an-carstvoprirode.com\/bs\/wp-json\/wp\/v2\/users\/1"}],"replies":[{"embeddable":true,"href":"https:\/\/an-carstvoprirode.com\/bs\/wp-json\/wp\/v2\/comments?post=2726"}],"version-history":[{"count":58,"href":"https:\/\/an-carstvoprirode.com\/bs\/wp-json\/wp\/v2\/pages\/2726\/revisions"}],"predecessor-version":[{"id":3345,"href":"https:\/\/an-carstvoprirode.com\/bs\/wp-json\/wp\/v2\/pages\/2726\/revisions\/3345"}],"wp:featuredmedia":[{"embeddable":true,"href":"https:\/\/an-carstvoprirode.com\/bs\/wp-json\/wp\/v2\/media\/3344"}],"wp:attachment":[{"href":"https:\/\/an-carstvoprirode.com\/bs\/wp-json\/wp\/v2\/media?parent=2726"}],"curies":[{"name":"wp","href":"https:\/\/api.w.org\/{rel}","templated":true}]}}